{"id":532,"date":"2023-05-19T07:12:35","date_gmt":"2023-05-19T07:12:35","guid":{"rendered":"https:\/\/gblexpress.com\/?post_type=product&#038;p=532"},"modified":"2026-02-28T09:35:26","modified_gmt":"2026-02-28T09:35:26","slug":"comprar-valocordin-diazepam-drops-10-mg-200-ml","status":"publish","type":"product","link":"https:\/\/gblexpress.com\/pt\/produto-2\/comprar-valocordin-diazepam-drops-10-mg-200-ml\/","title":{"rendered":"valocordin diazepam gotas"},"content":{"rendered":"<h2><strong>valocordin-diazepam-tropfen online kaufen<\/strong><\/h2>\n<p><a href=\"https:\/\/de.wikipedia.org\/wiki\/Diazepam\">valocordin diazepam gotas<\/a>, Unsere Expertise hat uns zu einem der Top-Lieferanten von Gamma-Butyrolacton GBL in Europa gemacht, bei dem Sie sicher und zuverl\u00e4ssig GBL in Deutschland erwerben oder kaufen k\u00f6nnen<a href=\"https:\/\/gblexpress.com\/pt\/\">.<\/a><\/p>\n<h3><strong>comprar Valocordin-Diazepam sem receita m\u00e9dica<\/strong><\/h3>\n<p>N\u00e3o exigimos receita para <a href=\"https:\/\/gblexpress.com\/pt\/produto-2\/comprar-valocordin-diazepam-drops-10-mg-200-ml\/\">Compradores de Valocordin-Diazepam<\/a>. Ent\u00e3o pode comprar Valocordin-Diazepam connosco sem receita m\u00e9dica.<\/p>\n<h3><strong>Informa\u00e7\u00f5es sobre o fabricante<\/strong><\/h3>\n<p>A empresa Krewel Meuselbach, na Alemanha, produz o artigo que pode obter aqui. Sob o nome Valocordin, esta empresa vende uma variedade de ingredientes activos, incluindo as gotas de diazepam que lhe apresentamos aqui. Portanto, n\u00e3o h\u00e1 d\u00favida sobre a alta qualidade do produto.<\/p>\n<h3><strong>Comprar Diazepam Substitutos de Valocordin<\/strong><\/h3>\n<p>Pode escolher entre uma variedade de medicamentos que cont\u00eam este ingrediente activo, clicando numa das liga\u00e7\u00f5es abaixo. Tamb\u00e9m pode comprar Faustan, Valium ou Psychopax sem receita m\u00e9dica. Pode descobrir outros ingredientes activos atrav\u00e9s do menu<\/p>","protected":false},"excerpt":{"rendered":"<p>valocordin-diazepam-tropfen online kaufen valocordin-diazepam-tropfen, Unsere Expertise hat uns zu einem der Top-Lieferanten von Gamma-Butyrolacton GBL in Europa gemacht, bei dem Sie sicher und zuverl\u00e4ssig GBL in Deutschland erwerben oder kaufen k\u00f6nnen. rezeptfrei Valocordin-Diazepam kaufen Wir ben\u00f6tigen kein Rezept f\u00fcr Valocordin-Diazepam-K\u00e4ufer. Sie k\u00f6nnen also ohne Rezept Valocordin-Diazepam bei uns kaufen. Informationen \u00fcber den Hersteller Die Firma [&hellip;]<\/p>","protected":false},"featured_media":1641,"comment_status":"open","ping_status":"closed","template":"","meta":{"_joinchat":[]},"product_brand":[],"product_cat":[36],"product_tag":[],"class_list":{"0":"post-532","1":"product","2":"type-product","3":"status-publish","4":"has-post-thumbnail","6":"product_cat-ko-drops","8":"first","9":"instock","10":"shipping-taxable","11":"purchasable","12":"product-type-variable","13":"has-default-attributes"},"yoast_head":"<!-- This site is optimized with the Yoast SEO plugin v25.4 - https:\/\/yoast.com\/wordpress\/plugins\/seo\/ -->\n<title>Alocordin Diazepam Tropfen 10 mg online kaufen | Gblexpress<\/title>\n<meta name=\"description\" content=\"Wenn Sie Alocordin Diazepam Tropfen 10 mg noch nicht aus unserem Shop kennen, verpassen Sie viel. Wir helfen Ihnen, Alocordin Diazepam Tropfen 10 mg g\u00fcnstig online zu kaufen. Sichern Sie sich Alocordin Diazepam Tropfen 10 mg noch heute!\" \/>\n<meta name=\"robots\" content=\"index, follow, max-snippet:-1, max-image-preview:large, max-video-preview:-1\" \/>\n<link rel=\"canonical\" href=\"https:\/\/gblexpress.com\/pt\/produto-2\/comprar-valocordin-diazepam-drops-10-mg-200-ml\/\" \/>\n<meta property=\"og:locale\" content=\"pt_PT\" \/>\n<meta property=\"og:type\" content=\"article\" \/>\n<meta property=\"og:title\" content=\"Alocordin Diazepam Tropfen 10 mg online kaufen | Gblexpress\" \/>\n<meta property=\"og:description\" content=\"Wenn Sie Alocordin Diazepam Tropfen 10 mg noch nicht aus unserem Shop kennen, verpassen Sie viel. Wir helfen Ihnen, Alocordin Diazepam Tropfen 10 mg g\u00fcnstig online zu kaufen. Sichern Sie sich Alocordin Diazepam Tropfen 10 mg noch heute!\" \/>\n<meta property=\"og:url\" content=\"https:\/\/gblexpress.com\/pt\/produto-2\/comprar-valocordin-diazepam-drops-10-mg-200-ml\/\" \/>\n<meta property=\"og:site_name\" content=\"GBL Express\" \/>\n<meta property=\"article:modified_time\" content=\"2026-02-28T09:35:26+00:00\" \/>\n<meta property=\"og:image\" content=\"https:\/\/gblexpress.com\/wp-content\/uploads\/2023\/05\/Valocordin-Diazepam-Tropfen-10-mg.jpg\" \/>\n\t<meta property=\"og:image:width\" content=\"600\" \/>\n\t<meta property=\"og:image:height\" content=\"600\" \/>\n\t<meta property=\"og:image:type\" content=\"image\/jpeg\" \/>\n<meta name=\"twitter:card\" content=\"summary_large_image\" \/>\n<meta name=\"twitter:label1\" content=\"Tempo estimado de leitura\" \/>\n\t<meta name=\"twitter:data1\" content=\"1 minuto\" \/>\n<!-- \/ Yoast SEO plugin. -->","yoast_head_json":{"title":"Comprar Alocordin Diazepam Drops 10 mg online | Gblexpress","description":"Se ainda n\u00e3o conhece o Alocordin Diazepam Drops 10 mg da nossa loja, est\u00e1 a perder muito. Ajudamos a comprar Alocordin Diazepam Drops 10 mg barato online. Compre Alocordina Diazepam Gotas 10 mg hoje mesmo!","robots":{"index":"index","follow":"follow","max-snippet":"max-snippet:-1","max-image-preview":"max-image-preview:large","max-video-preview":"max-video-preview:-1"},"canonical":"https:\/\/gblexpress.com\/pt\/produto-2\/comprar-valocordin-diazepam-drops-10-mg-200-ml\/","og_locale":"pt_PT","og_type":"article","og_title":"Alocordin Diazepam Tropfen 10 mg online kaufen | Gblexpress","og_description":"Wenn Sie Alocordin Diazepam Tropfen 10 mg noch nicht aus unserem Shop kennen, verpassen Sie viel. Wir helfen Ihnen, Alocordin Diazepam Tropfen 10 mg g\u00fcnstig online zu kaufen. Sichern Sie sich Alocordin Diazepam Tropfen 10 mg noch heute!","og_url":"https:\/\/gblexpress.com\/pt\/produto-2\/comprar-valocordin-diazepam-drops-10-mg-200-ml\/","og_site_name":"GBL Express","article_modified_time":"2026-02-28T09:35:26+00:00","og_image":[{"width":600,"height":600,"url":"https:\/\/gblexpress.com\/wp-content\/uploads\/2023\/05\/Valocordin-Diazepam-Tropfen-10-mg.jpg","type":"image\/jpeg"}],"twitter_card":"summary_large_image","twitter_misc":{"Tempo estimado de leitura":"1 minuto"},"schema":{"@context":"https:\/\/schema.org","@graph":[{"@type":"WebPage","@id":"https:\/\/gblexpress.com\/product\/valocordin-diazepam-tropfen-10-mg\/","url":"https:\/\/gblexpress.com\/product\/valocordin-diazepam-tropfen-10-mg\/","name":"Comprar Alocordin Diazepam Drops 10 mg online | Gblexpress","isPartOf":{"@id":"https:\/\/gblexpress.com\/#website"},"primaryImageOfPage":{"@id":"https:\/\/gblexpress.com\/product\/valocordin-diazepam-tropfen-10-mg\/#primaryimage"},"image":{"@id":"https:\/\/gblexpress.com\/product\/valocordin-diazepam-tropfen-10-mg\/#primaryimage"},"thumbnailUrl":"https:\/\/gblexpress.com\/wp-content\/uploads\/2023\/05\/Valocordin-Diazepam-Tropfen-10-mg.jpg","datePublished":"2023-05-19T07:12:35+00:00","dateModified":"2026-02-28T09:35:26+00:00","description":"Se ainda n\u00e3o conhece o Alocordin Diazepam Drops 10 mg da nossa loja, est\u00e1 a perder muito. Ajudamos a comprar Alocordin Diazepam Drops 10 mg barato online. Compre Alocordina Diazepam Gotas 10 mg hoje mesmo!","breadcrumb":{"@id":"https:\/\/gblexpress.com\/product\/valocordin-diazepam-tropfen-10-mg\/#breadcrumb"},"inLanguage":"pt-PT","potentialAction":[{"@type":"ReadAction","target":["https:\/\/gblexpress.com\/product\/valocordin-diazepam-tropfen-10-mg\/"]}]},{"@type":"ImageObject","inLanguage":"pt-PT","@id":"https:\/\/gblexpress.com\/product\/valocordin-diazepam-tropfen-10-mg\/#primaryimage","url":"https:\/\/gblexpress.com\/wp-content\/uploads\/2023\/05\/Valocordin-Diazepam-Tropfen-10-mg.jpg","contentUrl":"https:\/\/gblexpress.com\/wp-content\/uploads\/2023\/05\/Valocordin-Diazepam-Tropfen-10-mg.jpg","width":600,"height":600,"caption":"Valocordin-Diazepam-Tropfen-10-mg online kaufen"},{"@type":"BreadcrumbList","@id":"https:\/\/gblexpress.com\/product\/valocordin-diazepam-tropfen-10-mg\/#breadcrumb","itemListElement":[{"@type":"ListItem","position":1,"name":"Home","item":"https:\/\/gblexpress.com\/"},{"@type":"ListItem","position":2,"name":"Shop","item":"https:\/\/gblexpress.com\/shop\/"},{"@type":"ListItem","position":3,"name":"Valocordin Diazepam Tropfen 10 mg"}]},{"@type":"WebSite","@id":"https:\/\/gblexpress.com\/#website","url":"https:\/\/gblexpress.com\/","name":"GBL Express","description":"","publisher":{"@id":"https:\/\/gblexpress.com\/#organization"},"potentialAction":[{"@type":"SearchAction","target":{"@type":"EntryPoint","urlTemplate":"https:\/\/gblexpress.com\/?s={search_term_string}"},"query-input":{"@type":"PropertyValueSpecification","valueRequired":true,"valueName":"search_term_string"}}],"inLanguage":"pt-PT"},{"@type":"Organization","@id":"https:\/\/gblexpress.com\/#organization","name":"GBL Express","url":"https:\/\/gblexpress.com\/","logo":{"@type":"ImageObject","inLanguage":"pt-PT","@id":"https:\/\/gblexpress.com\/#\/schema\/logo\/image\/","url":"https:\/\/gblexpress.com\/wp-content\/uploads\/2023\/01\/logo.png","contentUrl":"https:\/\/gblexpress.com\/wp-content\/uploads\/2023\/01\/logo.png","width":250,"height":52,"caption":"GBL Express"},"image":{"@id":"https:\/\/gblexpress.com\/#\/schema\/logo\/image\/"}}]}},"jetpack-related-posts":[],"jetpack_sharing_enabled":true,"_links":{"self":[{"href":"https:\/\/gblexpress.com\/pt\/wp-json\/wp\/v2\/product\/532","targetHints":{"allow":["GET"]}}],"collection":[{"href":"https:\/\/gblexpress.com\/pt\/wp-json\/wp\/v2\/product"}],"about":[{"href":"https:\/\/gblexpress.com\/pt\/wp-json\/wp\/v2\/types\/product"}],"replies":[{"embeddable":true,"href":"https:\/\/gblexpress.com\/pt\/wp-json\/wp\/v2\/comments?post=532"}],"wp:featuredmedia":[{"embeddable":true,"href":"https:\/\/gblexpress.com\/pt\/wp-json\/wp\/v2\/media\/1641"}],"wp:attachment":[{"href":"https:\/\/gblexpress.com\/pt\/wp-json\/wp\/v2\/media?parent=532"}],"wp:term":[{"taxonomy":"product_brand","embeddable":true,"href":"https:\/\/gblexpress.com\/pt\/wp-json\/wp\/v2\/product_brand?post=532"},{"taxonomy":"product_cat","embeddable":true,"href":"https:\/\/gblexpress.com\/pt\/wp-json\/wp\/v2\/product_cat?post=532"},{"taxonomy":"product_tag","embeddable":true,"href":"https:\/\/gblexpress.com\/pt\/wp-json\/wp\/v2\/product_tag?post=532"}],"curies":[{"name":"wp","href":"https:\/\/api.w.org\/{rel}","templated":true}]}}