{"id":556,"date":"2024-11-28T05:12:56","date_gmt":"2024-11-28T05:12:56","guid":{"rendered":"https:\/\/gblexpress.com\/?post_type=product&#038;p=556"},"modified":"2026-02-26T07:27:27","modified_gmt":"2026-02-26T07:27:27","slug":"cetamina-inresa-20-x-2-ml-100-mg-ml-cetamina","status":"publish","type":"product","link":"https:\/\/gblexpress.com\/pt\/produto-2\/cetamina-inresa-20-x-2-ml-100-mg-ml-cetamina\/","title":{"rendered":"Cetamina Inresa 20 \u00d7 2 ml 100 mg\/ml Cetamina"},"content":{"rendered":"<h2><strong>Ketamine Inresa 100mg\/ml - Qualidade comprovada para aplica\u00e7\u00f5es m\u00e9dicas<\/strong><\/h2>\n<p>As unidades do produto denominado <a href=\"https:\/\/gblexpress.com\/pt\/produto-2\/cetamina-inresa-20-x-2-ml-100-mg-ml-cetamina\/\">Entrada de cetamina<\/a> s\u00e3o, sem exce\u00e7\u00e3o, novos artigos em qualidade de farm\u00e1cia. Se receber acidentalmente uma entrega que n\u00e3o cumpra estas especifica\u00e7\u00f5es, receber\u00e1 o seu dinheiro de volta ou uma nova entrega. Ap\u00f3s o termo do prazo de validade, o medicamento deve ser eliminado de acordo com as instru\u00e7\u00f5es do fabricante (ver folheto informativo) Ketamina Inresa 100mg\/ml<a href=\"https:\/\/factoryson.com\/product\/20l-caluanie-muelear-oxidize\/\">.<\/a><\/p>\n<h3><strong>Informa\u00e7\u00f5es sobre a disponibilidade:<\/strong><\/h3>\n<p>Das Produkt mit der <a href=\"https:\/\/en.wikipedia.org\/wiki\/Deschloroketamine\">Nome Ketamina Inresa<\/a> est\u00e1 dispon\u00edvel para entrega imediata.<\/p>\n<p><strong>Restri\u00e7\u00f5es espec\u00edficas de cada pa\u00eds em mat\u00e9ria de capacidade de entrega:<\/strong><\/p>\n<p>Atualmente, n\u00e3o existem restri\u00e7\u00f5es de fornecimento espec\u00edficas por pa\u00eds para o produto denominado Ketamine Inresa.<\/p>\n<h3><strong>Armazenamento:<\/strong><\/h3>\n<p>Por favor, mantenha o produto com o r\u00f3tulo Ketamine Inresa na sua embalagem original, fora do alcance das crian\u00e7as. Consulte o folheto informativo para obter informa\u00e7\u00f5es adicionais sobre a armazenagem e elimina\u00e7\u00e3o corretas.<\/p>\n<p>&nbsp;<\/p>","protected":false},"excerpt":{"rendered":"<p><strong>Cetamina Inresa 20 \u00d7 2 ml 100 mg\/ml<\/strong> \u00e9 um anest\u00e9sico e analg\u00e9sico altamente eficaz, especialmente desenvolvido para fins m\u00e9dicos e terap\u00eauticos. Proporciona resultados fi\u00e1veis no al\u00edvio da dor e na anestesia em ambientes cl\u00ednicos.<\/p>\n<h3><strong>Propriedades e modo de a\u00e7\u00e3o<\/strong><\/h3>\n<p>A cetamina \u00e9 conhecida pela sua a\u00e7\u00e3o como antagonista dos receptores NMDA, que:<\/p>\n<ul>\n<li><strong>Al\u00edvio r\u00e1pido da dor<\/strong> sem afetar a fun\u00e7\u00e3o respirat\u00f3ria.<\/li>\n<li><strong>Efeitos anest\u00e9sicos<\/strong> ideal para interven\u00e7\u00f5es cir\u00fargicas ou situa\u00e7\u00f5es de emerg\u00eancia.<\/li>\n<li><strong>Potencial terap\u00eautico<\/strong> nomeadamente no tratamento da depress\u00e3o ou da PTSD (perturba\u00e7\u00e3o de stress p\u00f3s-traum\u00e1tico).<\/li>\n<\/ul>\n<h3><strong>Composi\u00e7\u00e3o e dosagem<\/strong><\/h3>\n<ul>\n<li><strong>Formula\u00e7\u00e3o<\/strong>100 mg\/ml em ampolas de 2 ml (20 ampolas por embalagem).<\/li>\n<li><strong>Ingrediente ativo principal<\/strong>Cloridrato de cetamina<\/li>\n<li><strong>Dom\u00ednios de aplica\u00e7\u00e3o<\/strong>Anestesia, controlo da dor, terapia psiqui\u00e1trica.<\/li>\n<\/ul>","protected":false},"featured_media":1609,"comment_status":"open","ping_status":"closed","template":"","meta":{"_joinchat":[]},"product_brand":[],"product_cat":[35],"product_tag":[765,766,763,764,767],"class_list":{"0":"post-556","1":"product","2":"type-product","3":"status-publish","4":"has-post-thumbnail","6":"product_cat-ritalin","7":"product_tag-ketamin-ampullen-kaufenm","8":"product_tag-ketamin-anaesthesie","9":"product_tag-ketamin-inresa-kaufen-ketamin-100-mg-ml-bestellen","10":"product_tag-ketaminhydrochlorid","11":"product_tag-schmerztherapie","13":"first","14":"instock","15":"shipping-taxable","16":"purchasable","17":"product-type-variable"},"yoast_head":"<!-- This site is optimized with the Yoast SEO plugin v25.4 - https:\/\/yoast.com\/wordpress\/plugins\/seo\/ -->\n<title>Ketamin Inresa online kaufen \u2013 Ketamin Inresa zu verkaufen<\/title>\n<meta name=\"description\" content=\"Wenn Sie Ketamin Inresa online kaufen m\u00f6chten und einen zuverl\u00e4ssigen Online-Shop suchen, sind Sie hier genau richtig. Wir bieten ausschlie\u00dflich hochwertiges Ketamin Inresa zu einem erschwinglichen Preis an. Bestellen Sie Ketamin Inresa jetzt!\" \/>\n<meta name=\"robots\" content=\"index, follow, max-snippet:-1, max-image-preview:large, max-video-preview:-1\" \/>\n<link rel=\"canonical\" href=\"https:\/\/gblexpress.com\/pt\/produto-2\/cetamina-inresa-20-x-2-ml-100-mg-ml-cetamina\/\" \/>\n<meta property=\"og:locale\" content=\"pt_PT\" \/>\n<meta property=\"og:type\" content=\"article\" \/>\n<meta property=\"og:title\" content=\"Ketamin Inresa online kaufen \u2013 Ketamin Inresa zu verkaufen\" \/>\n<meta property=\"og:description\" content=\"Wenn Sie Ketamin Inresa online kaufen m\u00f6chten und einen zuverl\u00e4ssigen Online-Shop suchen, sind Sie hier genau richtig. Wir bieten ausschlie\u00dflich hochwertiges Ketamin Inresa zu einem erschwinglichen Preis an. Bestellen Sie Ketamin Inresa jetzt!\" \/>\n<meta property=\"og:url\" content=\"https:\/\/gblexpress.com\/pt\/produto-2\/cetamina-inresa-20-x-2-ml-100-mg-ml-cetamina\/\" \/>\n<meta property=\"og:site_name\" content=\"GBL Express\" \/>\n<meta property=\"article:modified_time\" content=\"2026-02-26T07:27:27+00:00\" \/>\n<meta property=\"og:image\" content=\"https:\/\/gblexpress.com\/wp-content\/uploads\/2024\/11\/Ketamine-Inresa-1.jpg\" \/>\n\t<meta property=\"og:image:width\" content=\"600\" \/>\n\t<meta property=\"og:image:height\" content=\"600\" \/>\n\t<meta property=\"og:image:type\" content=\"image\/jpeg\" \/>\n<meta name=\"twitter:card\" content=\"summary_large_image\" \/>\n<meta name=\"twitter:label1\" content=\"Tempo estimado de leitura\" \/>\n\t<meta name=\"twitter:data1\" content=\"1 minuto\" \/>\n<!-- \/ Yoast SEO plugin. -->","yoast_head_json":{"title":"Comprar Ketamina Inresa online \u2013 Ketamina Inresa em promo\u00e7\u00e3o","description":"Se pretende comprar Ketamina Inresa online e est\u00e1 \u00e0 procura de uma loja virtual de confian\u00e7a, veio ao lugar certo. Oferecemos apenas Ketamina Inresa de alta qualidade a um pre\u00e7o acess\u00edvel. Encomende j\u00e1 Ketamina Inresa!","robots":{"index":"index","follow":"follow","max-snippet":"max-snippet:-1","max-image-preview":"max-image-preview:large","max-video-preview":"max-video-preview:-1"},"canonical":"https:\/\/gblexpress.com\/pt\/produto-2\/cetamina-inresa-20-x-2-ml-100-mg-ml-cetamina\/","og_locale":"pt_PT","og_type":"article","og_title":"Ketamin Inresa online kaufen \u2013 Ketamin Inresa zu verkaufen","og_description":"Wenn Sie Ketamin Inresa online kaufen m\u00f6chten und einen zuverl\u00e4ssigen Online-Shop suchen, sind Sie hier genau richtig. Wir bieten ausschlie\u00dflich hochwertiges Ketamin Inresa zu einem erschwinglichen Preis an. Bestellen Sie Ketamin Inresa jetzt!","og_url":"https:\/\/gblexpress.com\/pt\/produto-2\/cetamina-inresa-20-x-2-ml-100-mg-ml-cetamina\/","og_site_name":"GBL Express","article_modified_time":"2026-02-26T07:27:27+00:00","og_image":[{"width":600,"height":600,"url":"https:\/\/gblexpress.com\/wp-content\/uploads\/2024\/11\/Ketamine-Inresa-1.jpg","type":"image\/jpeg"}],"twitter_card":"summary_large_image","twitter_misc":{"Tempo estimado de leitura":"1 minuto"},"schema":{"@context":"https:\/\/schema.org","@graph":[{"@type":"WebPage","@id":"https:\/\/gblexpress.com\/product\/ketamin-inresa-20-x-2-ml-100-mg-ml-ketamin\/","url":"https:\/\/gblexpress.com\/product\/ketamin-inresa-20-x-2-ml-100-mg-ml-ketamin\/","name":"Comprar Ketamina Inresa online \u2013 Ketamina Inresa em promo\u00e7\u00e3o","isPartOf":{"@id":"https:\/\/gblexpress.com\/#website"},"primaryImageOfPage":{"@id":"https:\/\/gblexpress.com\/product\/ketamin-inresa-20-x-2-ml-100-mg-ml-ketamin\/#primaryimage"},"image":{"@id":"https:\/\/gblexpress.com\/product\/ketamin-inresa-20-x-2-ml-100-mg-ml-ketamin\/#primaryimage"},"thumbnailUrl":"https:\/\/gblexpress.com\/wp-content\/uploads\/2024\/11\/Ketamine-Inresa-1.jpg","datePublished":"2024-11-28T05:12:56+00:00","dateModified":"2026-02-26T07:27:27+00:00","description":"Se pretende comprar Ketamina Inresa online e est\u00e1 \u00e0 procura de uma loja virtual de confian\u00e7a, veio ao lugar certo. Oferecemos apenas Ketamina Inresa de alta qualidade a um pre\u00e7o acess\u00edvel. Encomende j\u00e1 Ketamina Inresa!","breadcrumb":{"@id":"https:\/\/gblexpress.com\/product\/ketamin-inresa-20-x-2-ml-100-mg-ml-ketamin\/#breadcrumb"},"inLanguage":"pt-PT","potentialAction":[{"@type":"ReadAction","target":["https:\/\/gblexpress.com\/product\/ketamin-inresa-20-x-2-ml-100-mg-ml-ketamin\/"]}]},{"@type":"ImageObject","inLanguage":"pt-PT","@id":"https:\/\/gblexpress.com\/product\/ketamin-inresa-20-x-2-ml-100-mg-ml-ketamin\/#primaryimage","url":"https:\/\/gblexpress.com\/wp-content\/uploads\/2024\/11\/Ketamine-Inresa-1.jpg","contentUrl":"https:\/\/gblexpress.com\/wp-content\/uploads\/2024\/11\/Ketamine-Inresa-1.jpg","width":600,"height":600,"caption":"Ketamine-Inresa online kaufen"},{"@type":"BreadcrumbList","@id":"https:\/\/gblexpress.com\/product\/ketamin-inresa-20-x-2-ml-100-mg-ml-ketamin\/#breadcrumb","itemListElement":[{"@type":"ListItem","position":1,"name":"Home","item":"https:\/\/gblexpress.com\/"},{"@type":"ListItem","position":2,"name":"Shop","item":"https:\/\/gblexpress.com\/shop\/"},{"@type":"ListItem","position":3,"name":"Ketamin Inresa 20 \u00d7 2 ml 100 mg\/ml Ketamin"}]},{"@type":"WebSite","@id":"https:\/\/gblexpress.com\/#website","url":"https:\/\/gblexpress.com\/","name":"GBL Express","description":"","publisher":{"@id":"https:\/\/gblexpress.com\/#organization"},"potentialAction":[{"@type":"SearchAction","target":{"@type":"EntryPoint","urlTemplate":"https:\/\/gblexpress.com\/?s={search_term_string}"},"query-input":{"@type":"PropertyValueSpecification","valueRequired":true,"valueName":"search_term_string"}}],"inLanguage":"pt-PT"},{"@type":"Organization","@id":"https:\/\/gblexpress.com\/#organization","name":"GBL Express","url":"https:\/\/gblexpress.com\/","logo":{"@type":"ImageObject","inLanguage":"pt-PT","@id":"https:\/\/gblexpress.com\/#\/schema\/logo\/image\/","url":"https:\/\/gblexpress.com\/wp-content\/uploads\/2023\/01\/logo.png","contentUrl":"https:\/\/gblexpress.com\/wp-content\/uploads\/2023\/01\/logo.png","width":250,"height":52,"caption":"GBL Express"},"image":{"@id":"https:\/\/gblexpress.com\/#\/schema\/logo\/image\/"}}]}},"jetpack-related-posts":[],"jetpack_sharing_enabled":true,"_links":{"self":[{"href":"https:\/\/gblexpress.com\/pt\/wp-json\/wp\/v2\/product\/556","targetHints":{"allow":["GET"]}}],"collection":[{"href":"https:\/\/gblexpress.com\/pt\/wp-json\/wp\/v2\/product"}],"about":[{"href":"https:\/\/gblexpress.com\/pt\/wp-json\/wp\/v2\/types\/product"}],"replies":[{"embeddable":true,"href":"https:\/\/gblexpress.com\/pt\/wp-json\/wp\/v2\/comments?post=556"}],"wp:featuredmedia":[{"embeddable":true,"href":"https:\/\/gblexpress.com\/pt\/wp-json\/wp\/v2\/media\/1609"}],"wp:attachment":[{"href":"https:\/\/gblexpress.com\/pt\/wp-json\/wp\/v2\/media?parent=556"}],"wp:term":[{"taxonomy":"product_brand","embeddable":true,"href":"https:\/\/gblexpress.com\/pt\/wp-json\/wp\/v2\/product_brand?post=556"},{"taxonomy":"product_cat","embeddable":true,"href":"https:\/\/gblexpress.com\/pt\/wp-json\/wp\/v2\/product_cat?post=556"},{"taxonomy":"product_tag","embeddable":true,"href":"https:\/\/gblexpress.com\/pt\/wp-json\/wp\/v2\/product_tag?post=556"}],"curies":[{"name":"wp","href":"https:\/\/api.w.org\/{rel}","templated":true}]}}