{"id":559,"date":"2023-05-24T06:32:08","date_gmt":"2023-05-24T06:32:08","guid":{"rendered":"https:\/\/gblexpress.com\/?post_type=product&#038;p=559"},"modified":"2026-02-28T09:33:34","modified_gmt":"2026-02-28T09:33:34","slug":"tilidin-ratiopharm-plus-50-4-mg-tilidin-naloxon","status":"publish","type":"product","link":"https:\/\/gblexpress.com\/pt\/produto-2\/tilidin-ratiopharm-plus-50-4-mg-tilidin-naloxon\/","title":{"rendered":"Tilidina-ratiopharm mais 50\/4 mg de tilidina\/naloxona"},"content":{"rendered":"<div class=\"woocommerce-tabs wc-tabs-wrapper\">\n<div id=\"tab-description\" class=\"woocommerce-Tabs-panel woocommerce-Tabs-panel--description panel entry-content wc-tab\" role=\"tabpanel\" aria-labelledby=\"tab-title-description\">\n<h2><strong>Comprar Tilidin-ratiopharm plus 50\/4 mg: Tudo sobre o efeito, a aplica\u00e7\u00e3o e a compra online segura<\/strong><\/h2>\n<p><a href=\"https:\/\/en.wikipedia.org\/wiki\/Tilidine\">Comprar Tilidine drops online<\/a>, Die von uns zur Verf\u00fcgung gestellten Einheiten des Produkts mit der Bezeichnung Tilidin Tropfen sind ausnahmslos neuwertige Artikel in Apothekenqualit\u00e4t. Sollten Sie aus Versehen eine Lieferung erhalten, die dieser Spezifikation nicht entspricht, erhalten Sie Ihr Geld zur\u00fcck oder eine neue Lieferung. Nach Ablauf der Haltbarkeit ist das Medikament lt. Herstellerangaben zu entsorgen (siehe Packungsbeilage Tilidin Tropfen online kaufen)<a href=\"https:\/\/gblexprimer.com\/product\/kokaina\/\">.<\/a><\/p>\n<h3><strong>O que \u00e9 o Tilidin-ratiopharm plus 50\/4 mg?<\/strong><\/h3>\n<p>A tilidina \u00e9 um analg\u00e9sico forte do grupo dos opi\u00f3ides, utilizado no tratamento da dor cr\u00f3nica ou aguda. Em combina\u00e7\u00e3o com a naloxona, que bloqueia o efeito da tilidina quando utilizada indevidamente (por exemplo, injectada), proporciona <a href=\"https:\/\/gblexpress.com\/pt\/produto-2\/tilidin-ratiopharm-plus-50-4-mg-tilidin-naloxon\/\"><strong>Tilidina-ratiopharm plus 50\/4 mg<\/strong><\/a> uma solu\u00e7\u00e3o segura e eficaz para o tratamento da dor<a href=\"https:\/\/gblexpress.com\/pt\/loja\/amfetamina\/\">.<\/a><\/p>\n<h3><strong>Efeito de Tilidin-ratiopharm plus 50\/4 mg<\/strong><\/h3>\n<p>O <strong>Efeito de Tilidin-ratiopharm plus<\/strong> instala-se rapidamente e dura v\u00e1rias horas. Alivia eficazmente a dor sem interferir com a vida quotidiana. Vantagens da combina\u00e7\u00e3o:<\/p>\n<ul>\n<li><strong>Al\u00edvio das dores:<\/strong> Redu\u00e7\u00e3o das dores fortes.<\/li>\n<li><strong>Prote\u00e7\u00e3o contra abusos:<\/strong> A naloxona minimiza o risco de depend\u00eancia.<\/li>\n<li><strong>Melhoria da qualidade de vida:<\/strong> Ideal para pacientes com dores cr\u00f3nicas.<\/li>\n<\/ul>\n<h3><strong>Dosagem e aplica\u00e7\u00e3o<\/strong><\/h3>\n<p>O direito <strong>Dosagem de Tilidin-ratiopharm plus 50\/4 mg<\/strong> depende da gravidade da dor e das necessidades individuais do doente. As diretrizes t\u00edpicas s\u00e3o<\/p>\n<ul>\n<li><strong>Adultos:<\/strong> 1 comprimido 2 a 4 vezes por dia.<\/li>\n<li><strong>Dose m\u00e1xima:<\/strong> N\u00e3o tomar mais de 8 comprimidos por dia.<\/li>\n<\/ul>\n<p><strong>Nota:<\/strong> Tomar o medicamento inteiro com bastante l\u00edquido e seguir as instru\u00e7\u00f5es do m\u00e9dico.<\/p>\n<h3><strong>Riscos e efeitos colaterais<\/strong><\/h3>\n<p>Como qualquer medicamento, a tilidina pode causar efeitos secund\u00e1rios. Os efeitos secund\u00e1rios mais comuns s\u00e3o<\/p>\n<ul>\n<li><strong>N\u00e1useas e v\u00f3mitos<\/strong><\/li>\n<li><strong>Cansa\u00e7o ou tonturas<\/strong><\/li>\n<li><strong>Pris\u00e3o de ventre<\/strong><\/li>\n<\/ul>\n<p>Em caso de utiliza\u00e7\u00e3o prolongada, a ingest\u00e3o deve ser controlada regularmente por um m\u00e9dico, a fim de evitar a depend\u00eancia.<\/p>\n<h3><strong>Comprar Tilidin-ratiopharm plus 50\/4 mg com seguran\u00e7a online<\/strong><\/h3>\n<p>No <strong>Comprar Tilidine online<\/strong> deve prestar aten\u00e7\u00e3o \u00e0 qualidade e \u00e0 discri\u00e7\u00e3o. A nossa plataforma oferece:<\/p>\n<ul>\n<li><strong>Qualidade testada:<\/strong> Produtos originais diretamente do fabricante.<\/li>\n<li><strong>Entrega discreta:<\/strong> Embalado de forma an\u00f3nima e segura.<\/li>\n<li><strong>Encomenda simples:<\/strong> Comprar Tilidin-ratiopharm plus 50\/4 mg comodamente online.<\/li>\n<\/ul>\n<h3><strong>Comprar Tilidin-ratiopharm plus 50\/4 mg j\u00e1<\/strong><\/h3>\n<p>Alivie a sua dor de forma eficaz com <strong>Tilidin-<\/strong><strong>ratiopharm <\/strong><strong>plus 50\/4 mg<\/strong>. Quer se trate de queixas cr\u00f3nicas ou de dores agudas - pode encomendar o medicamento de forma segura e discreta online connosco. Beneficie de uma qualidade comprovada e de uma entrega fi\u00e1vel. <strong>Encomende hoje e experimente uma melhor qualidade de vida.<\/strong><\/p>\n<\/div>\n<\/div>","protected":false},"excerpt":{"rendered":"<p><strong>Tilidina-ratiopharm Plus 50\/4 mg<\/strong> \u00e9 um analg\u00e9sico moderno que foi especialmente desenvolvido para o tratamento de dores graves a muito graves. A combina\u00e7\u00e3o de <strong>Tilidina<\/strong> e <strong>Naloxona<\/strong> oferece um al\u00edvio eficaz da dor com prote\u00e7\u00e3o simult\u00e2nea contra os abusos.<\/p>\n<p><strong>Como funciona o Tilidin-ratiopharm Plus?<\/strong><br \/>\nTilidine-ratiopharm Plus associa dois princ\u00edpios activos que, em conjunto, garantem um tratamento seguro e eficaz da dor:<\/p>\n<ul>\n<li><strong>Tilidina:<\/strong> Como analg\u00e9sico opi\u00f3ide, a tilidina liga-se aos receptores opi\u00f3ides no sistema nervoso central, bloqueia a perce\u00e7\u00e3o da dor e alivia eficazmente a dor.<\/li>\n<li><strong>Naloxona:<\/strong> Antagonista dos opi\u00e1ceos que permanece inativo quando tomado regularmente. Quando utilizada indevidamente (por exemplo, por inje\u00e7\u00e3o), a naloxona bloqueia o efeito da tilidina, impedindo assim os efeitos euf\u00f3ricos.<\/li>\n<\/ul>\n<p>Os comprimidos de liberta\u00e7\u00e3o prolongada asseguram uma liberta\u00e7\u00e3o uniforme do ingrediente ativo e proporcionam um al\u00edvio duradouro da dor durante v\u00e1rias horas.<\/p>\n<ul>\n<li><strong>In\u00edcio do efeito:<\/strong> 30-60 minutos ap\u00f3s a ingest\u00e3o.<\/li>\n<li><strong>Dura\u00e7\u00e3o do efeito:<\/strong> 8-12 horas atrav\u00e9s de liberta\u00e7\u00e3o prolongada.<\/li>\n<\/ul>\n<p><strong>F\u00f3rmula e propriedades do produto<\/strong><\/p>\n<ul>\n<li><strong>Cloridrato de tilidina:<\/strong> 50 mg por comprimido - o ingrediente ativo que alivia a dor.<\/li>\n<li><strong>Cloridrato de naloxona:<\/strong> 4 mg por comprimido - prote\u00e7\u00e3o contra abusos.<\/li>\n<li><strong>Excipientes:<\/strong> Inclui lactose mono-hidratada e celulose para garantir o retardamento.<\/li>\n<\/ul>","protected":false},"featured_media":1635,"comment_status":"open","ping_status":"closed","template":"","meta":{"_joinchat":[]},"product_brand":[],"product_cat":[36],"product_tag":[53,54,728,717,716,733,721,722,713,730,708,723,732,731,725,715,712,724,720,714,48,49,50,51,52,55,718,707,709,727,726,719,706,711,710,734,729],"class_list":{"0":"post-559","1":"product","2":"type-product","3":"status-publish","4":"has-post-thumbnail","6":"product_cat-ko-drops","7":"product_tag-bestellen-tilidin-tropfen-online","8":"product_tag-kaufen-tilidin-tropfen-rezeptfre","9":"product_tag-tilidin-50-mg-kaufen","10":"product_tag-tilidin-anwendung","11":"product_tag-tilidin-dosierung","12":"product_tag-tilidin-fuer-forschung","13":"product_tag-tilidin-fuer-mittelstarke-schmerzen","14":"product_tag-tilidin-fuer-starke-schmerzen","15":"product_tag-tilidin-gegen-schmerzen","16":"product_tag-tilidin-in-deutschland-kaufen","17":"product_tag-tilidin-kaufen","18":"product_tag-tilidin-lagerung","19":"product_tag-tilidin-legal-kaufen","20":"product_tag-tilidin-mit-naloxon","21":"product_tag-tilidin-nebenwirkungen","22":"product_tag-tilidin-retardtabletten","23":"product_tag-tilidin-rezeptpflichtig","24":"product_tag-tilidin-risiken","25":"product_tag-tilidin-sicher-kaufen","26":"product_tag-tilidin-tabletten-50-4-mg","27":"product_tag-tilidin-tropfen","28":"product_tag-tilidin-tropfen-bestellen","29":"product_tag-tilidin-tropfen-kaufen","30":"product_tag-tilidin-tropfen-ohne-rezept","31":"product_tag-tilidin-tropfen-online","32":"product_tag-tilidin-tropfen-shop","33":"product_tag-tilidin-wirkung","34":"product_tag-tilidin-naloxon","35":"product_tag-tilidin-ratiopharm-bestellen","36":"product_tag-tilidin-ratiopharm-fuer-apotheken","37":"product_tag-tilidin-ratiopharm-grosshandel","38":"product_tag-tilidin-ratiopharm-packung","39":"product_tag-tilidin-ratiopharm-plus-50-4-mg","40":"product_tag-tilidin-ratiopharm-plus-online-kaufen","41":"product_tag-tilidin-ratiopharm-preis","42":"product_tag-tilidin-ratiopharm-weltweit-bestellen","43":"product_tag-wo-tilidin-kaufen","45":"first","46":"instock","47":"shipping-taxable","48":"purchasable","49":"product-type-variable","50":"has-default-attributes"},"yoast_head":"<!-- This site is optimized with the Yoast SEO plugin v25.4 - https:\/\/yoast.com\/wordpress\/plugins\/seo\/ -->\n<title>Tilidin-ratiopharm plus 50\/4 mg Tilidin\/Naloxon online kaufen<\/title>\n<meta name=\"description\" content=\"Wo kaufen Sie Tilidin-ratiopharm plus 50\/4 mg Tilidin\/Naloxon online zum besten Preis? Finden Sie hochwertiges Tilidin-ratiopharm plus 50\/4 mg Tilidin\/Naloxon in unserem sicheren Online-Shop \u2013 genau das Richtige f\u00fcr Ihre Forschungsbed\u00fcrfnisse. Jetzt bestellen!\" \/>\n<meta name=\"robots\" content=\"index, follow, max-snippet:-1, max-image-preview:large, max-video-preview:-1\" \/>\n<link rel=\"canonical\" href=\"https:\/\/gblexpress.com\/pt\/produto-2\/tilidin-ratiopharm-plus-50-4-mg-tilidin-naloxon\/\" \/>\n<meta property=\"og:locale\" content=\"pt_PT\" \/>\n<meta property=\"og:type\" content=\"article\" \/>\n<meta property=\"og:title\" content=\"Tilidin-ratiopharm plus 50\/4 mg Tilidin\/Naloxon online kaufen\" \/>\n<meta property=\"og:description\" content=\"Wo kaufen Sie Tilidin-ratiopharm plus 50\/4 mg Tilidin\/Naloxon online zum besten Preis? Finden Sie hochwertiges Tilidin-ratiopharm plus 50\/4 mg Tilidin\/Naloxon in unserem sicheren Online-Shop \u2013 genau das Richtige f\u00fcr Ihre Forschungsbed\u00fcrfnisse. Jetzt bestellen!\" \/>\n<meta property=\"og:url\" content=\"https:\/\/gblexpress.com\/pt\/produto-2\/tilidin-ratiopharm-plus-50-4-mg-tilidin-naloxon\/\" \/>\n<meta property=\"og:site_name\" content=\"GBL Express\" \/>\n<meta property=\"article:modified_time\" content=\"2026-02-28T09:33:34+00:00\" \/>\n<meta property=\"og:image\" content=\"https:\/\/gblexpress.com\/wp-content\/uploads\/2023\/05\/Tramadol-Ratiopharm-1.jpg\" \/>\n\t<meta property=\"og:image:width\" content=\"600\" \/>\n\t<meta property=\"og:image:height\" content=\"600\" \/>\n\t<meta property=\"og:image:type\" content=\"image\/jpeg\" \/>\n<meta name=\"twitter:card\" content=\"summary_large_image\" \/>\n<meta name=\"twitter:label1\" content=\"Tempo estimado de leitura\" \/>\n\t<meta name=\"twitter:data1\" content=\"2 minutos\" \/>\n<!-- \/ Yoast SEO plugin. -->","yoast_head_json":{"title":"Comprar Tilidin-ratiopharm plus 50\/4 mg Tilidina\/Naloxona online","description":"Onde pode comprar Tilidin-ratiopharm mais 50\/4 mg Tilidina\/Naloxona online ao melhor pre\u00e7o? Encontre Tilidin-ratiopharm mais 50\/4 mg de Tilidina\/Naloxona de alta qualidade na nossa loja online segura \u2013 ideal para as suas necessidades de pesquisa. Pe\u00e7a j\u00e1!","robots":{"index":"index","follow":"follow","max-snippet":"max-snippet:-1","max-image-preview":"max-image-preview:large","max-video-preview":"max-video-preview:-1"},"canonical":"https:\/\/gblexpress.com\/pt\/produto-2\/tilidin-ratiopharm-plus-50-4-mg-tilidin-naloxon\/","og_locale":"pt_PT","og_type":"article","og_title":"Tilidin-ratiopharm plus 50\/4 mg Tilidin\/Naloxon online kaufen","og_description":"Wo kaufen Sie Tilidin-ratiopharm plus 50\/4 mg Tilidin\/Naloxon online zum besten Preis? Finden Sie hochwertiges Tilidin-ratiopharm plus 50\/4 mg Tilidin\/Naloxon in unserem sicheren Online-Shop \u2013 genau das Richtige f\u00fcr Ihre Forschungsbed\u00fcrfnisse. Jetzt bestellen!","og_url":"https:\/\/gblexpress.com\/pt\/produto-2\/tilidin-ratiopharm-plus-50-4-mg-tilidin-naloxon\/","og_site_name":"GBL Express","article_modified_time":"2026-02-28T09:33:34+00:00","og_image":[{"width":600,"height":600,"url":"https:\/\/gblexpress.com\/wp-content\/uploads\/2023\/05\/Tramadol-Ratiopharm-1.jpg","type":"image\/jpeg"}],"twitter_card":"summary_large_image","twitter_misc":{"Tempo estimado de leitura":"2 minutos"},"schema":{"@context":"https:\/\/schema.org","@graph":[{"@type":"WebPage","@id":"https:\/\/gblexpress.com\/product\/tilidin-ratiopharm-plus-50-4-mg-tilidin-naloxon\/","url":"https:\/\/gblexpress.com\/product\/tilidin-ratiopharm-plus-50-4-mg-tilidin-naloxon\/","name":"Comprar Tilidin-ratiopharm plus 50\/4 mg Tilidina\/Naloxona online","isPartOf":{"@id":"https:\/\/gblexpress.com\/#website"},"primaryImageOfPage":{"@id":"https:\/\/gblexpress.com\/product\/tilidin-ratiopharm-plus-50-4-mg-tilidin-naloxon\/#primaryimage"},"image":{"@id":"https:\/\/gblexpress.com\/product\/tilidin-ratiopharm-plus-50-4-mg-tilidin-naloxon\/#primaryimage"},"thumbnailUrl":"https:\/\/gblexpress.com\/wp-content\/uploads\/2023\/05\/Tramadol-Ratiopharm-1.jpg","datePublished":"2023-05-24T06:32:08+00:00","dateModified":"2026-02-28T09:33:34+00:00","description":"Onde pode comprar Tilidin-ratiopharm mais 50\/4 mg Tilidina\/Naloxona online ao melhor pre\u00e7o? Encontre Tilidin-ratiopharm mais 50\/4 mg de Tilidina\/Naloxona de alta qualidade na nossa loja online segura \u2013 ideal para as suas necessidades de pesquisa. Pe\u00e7a j\u00e1!","breadcrumb":{"@id":"https:\/\/gblexpress.com\/product\/tilidin-ratiopharm-plus-50-4-mg-tilidin-naloxon\/#breadcrumb"},"inLanguage":"pt-PT","potentialAction":[{"@type":"ReadAction","target":["https:\/\/gblexpress.com\/product\/tilidin-ratiopharm-plus-50-4-mg-tilidin-naloxon\/"]}]},{"@type":"ImageObject","inLanguage":"pt-PT","@id":"https:\/\/gblexpress.com\/product\/tilidin-ratiopharm-plus-50-4-mg-tilidin-naloxon\/#primaryimage","url":"https:\/\/gblexpress.com\/wp-content\/uploads\/2023\/05\/Tramadol-Ratiopharm-1.jpg","contentUrl":"https:\/\/gblexpress.com\/wp-content\/uploads\/2023\/05\/Tramadol-Ratiopharm-1.jpg","width":600,"height":600,"caption":"Tramadol-Ratiopharm online kaufen"},{"@type":"BreadcrumbList","@id":"https:\/\/gblexpress.com\/product\/tilidin-ratiopharm-plus-50-4-mg-tilidin-naloxon\/#breadcrumb","itemListElement":[{"@type":"ListItem","position":1,"name":"Home","item":"https:\/\/gblexpress.com\/"},{"@type":"ListItem","position":2,"name":"Shop","item":"https:\/\/gblexpress.com\/shop\/"},{"@type":"ListItem","position":3,"name":"Tilidin-ratiopharm plus 50\/4 mg Tilidin\/Naloxon"}]},{"@type":"WebSite","@id":"https:\/\/gblexpress.com\/#website","url":"https:\/\/gblexpress.com\/","name":"GBL Express","description":"","publisher":{"@id":"https:\/\/gblexpress.com\/#organization"},"potentialAction":[{"@type":"SearchAction","target":{"@type":"EntryPoint","urlTemplate":"https:\/\/gblexpress.com\/?s={search_term_string}"},"query-input":{"@type":"PropertyValueSpecification","valueRequired":true,"valueName":"search_term_string"}}],"inLanguage":"pt-PT"},{"@type":"Organization","@id":"https:\/\/gblexpress.com\/#organization","name":"GBL Express","url":"https:\/\/gblexpress.com\/","logo":{"@type":"ImageObject","inLanguage":"pt-PT","@id":"https:\/\/gblexpress.com\/#\/schema\/logo\/image\/","url":"https:\/\/gblexpress.com\/wp-content\/uploads\/2023\/01\/logo.png","contentUrl":"https:\/\/gblexpress.com\/wp-content\/uploads\/2023\/01\/logo.png","width":250,"height":52,"caption":"GBL Express"},"image":{"@id":"https:\/\/gblexpress.com\/#\/schema\/logo\/image\/"}}]}},"jetpack-related-posts":[],"jetpack_sharing_enabled":true,"_links":{"self":[{"href":"https:\/\/gblexpress.com\/pt\/wp-json\/wp\/v2\/product\/559","targetHints":{"allow":["GET"]}}],"collection":[{"href":"https:\/\/gblexpress.com\/pt\/wp-json\/wp\/v2\/product"}],"about":[{"href":"https:\/\/gblexpress.com\/pt\/wp-json\/wp\/v2\/types\/product"}],"replies":[{"embeddable":true,"href":"https:\/\/gblexpress.com\/pt\/wp-json\/wp\/v2\/comments?post=559"}],"wp:featuredmedia":[{"embeddable":true,"href":"https:\/\/gblexpress.com\/pt\/wp-json\/wp\/v2\/media\/1635"}],"wp:attachment":[{"href":"https:\/\/gblexpress.com\/pt\/wp-json\/wp\/v2\/media?parent=559"}],"wp:term":[{"taxonomy":"product_brand","embeddable":true,"href":"https:\/\/gblexpress.com\/pt\/wp-json\/wp\/v2\/product_brand?post=559"},{"taxonomy":"product_cat","embeddable":true,"href":"https:\/\/gblexpress.com\/pt\/wp-json\/wp\/v2\/product_cat?post=559"},{"taxonomy":"product_tag","embeddable":true,"href":"https:\/\/gblexpress.com\/pt\/wp-json\/wp\/v2\/product_tag?post=559"}],"curies":[{"name":"wp","href":"https:\/\/api.w.org\/{rel}","templated":true}]}}