{"id":613,"date":"2023-05-29T11:28:22","date_gmt":"2023-05-29T11:28:22","guid":{"rendered":"https:\/\/gblexpress.com\/?post_type=product&#038;p=613"},"modified":"2026-02-27T10:31:39","modified_gmt":"2026-02-27T10:31:39","slug":"ketamin-s-isomer-99-rein-50-g","status":"publish","type":"product","link":"https:\/\/gblexpress.com\/pt\/produto-2\/ketamin-s-isomer-99-rein-50-g\/","title":{"rendered":"Cetamina S+ Is\u00f3mero 99% pura | 500g"},"content":{"rendered":"<h2><strong>50 g Ketamin S+ Isomer, 99% rein online kaufen<\/strong><\/h2>\n<p><a href=\"https:\/\/gblexpress.com\/pt\/produto-2\/ketamin-s-isomer-99-rein-50-g\/\">Comprar S-Isomer Ketamine online<\/a>, mehr als 25 Mal, Ketamin S+ Isomer. S(+)-Ketamin online kaufen, ein reines rechtsdrehendes Enantiomer von Ketamin, ist eine weitere Option. f\u00fcr den therapeutischen Einsatz in der An\u00e4sthesie und Analgesie zug\u00e4nglich ist. Dar\u00fcber hinaus vermittelt die nicht-kompetitive Hemmung des N-Methyl-D-Aspartat-Rezeptors (NMDA) die wichtigsten Verbindungen. interagiert jedoch mit Adenosin-, Monoamin-, Opioid- und anderen purinergen Rezeptoren.<\/p>\n<h3><strong>Comprar Ketamine S isomer para ajudar na depress\u00e3o<\/strong><\/h3>\n<p>Artigos que visam o canal de c\u00e1lcio do tipo L. Receptores de glutamato metabotr\u00f3pico (mGluR). S\u00e3o tamb\u00e9m descritos os receptores do \u00e1cido amino-3-hidroxi-5-metil-4-isoxazolepropi\u00f3nico (AMPA). O sistema simp\u00e1tico Whim-Whams \u00e9 estimulado. A S(+)-cetamina \u00e9 um excelente f\u00e1rmaco para analgesia ou indu\u00e7\u00e3o da anestesia quando o estado do doente \u00e9 inst\u00e1vel. Os produtos neuroprotectores, broncodilatadores, anti-hiperalg\u00e9sicos ou antiepil\u00e9pticos oferecem tamb\u00e9m alternativas terap\u00eauticas interessantes. Neste artigo, as v\u00e1rias utiliza\u00e7\u00f5es poss\u00edveis da S(+)-cetamina s\u00e3o apresentadas de um ponto de vista farmacol\u00f3gico e terap\u00eautico, com destaque para as prescri\u00e7\u00f5es t\u00edpicas de medicamentos de emerg\u00eancia e de cuidados intensivos.<\/p>\n<h3><strong>Comprar Ketamine HCl Crystal online | Ketamine HCl Crystal para venda<\/strong><\/h3>\n<p>Tamb\u00e9m fornecemos eficazmente aos fabricantes e retalhistas produtos de qualidade. Os nossos envios e entregas s\u00e3o tamb\u00e9m 100% seguros e relaxantes. Temos todo o gosto em vender os nossos produtos em pequenas e grandes quantidades em todo o mundo. Comprar S-Isomer Ketamine Online,<\/p>\n<p>Al\u00e9m disso, temos enviado e distribu\u00eddo medicamentos em todo o mundo h\u00e1 mais de 5 anos para garantir sempre que permanecemos 100% seguros e entregas especiais. Tamb\u00e9m oferecemos um desconto de 10-15 por cento em grandes encomendas e pode variar de acordo com a sua encomenda. Comprar Cristais de Cetamina Online<\/p>\n<p>Para al\u00e9m disso, todos os nossos pre\u00e7os s\u00e3o muito baixos e moderados, os pre\u00e7os s\u00e3o bons, \u00e9 feito atrav\u00e9s da redu\u00e7\u00e3o dos custos. Consideramos que os servi\u00e7os dos nossos clientes s\u00e3o uma garantia de que todas as encomendas ser\u00e3o entregues dentro do tipo de envio que escolher. No entanto, depois de confirmar a sua factura, normalmente enviamos todas as encomendas.<\/p>\n<p>Por fim, garantimos uma distribui\u00e7\u00e3o r\u00e1pida e segura a n\u00edvel mundial, de forma discreta<a href=\"https:\/\/en.wikipedia.org\/wiki\/Ketamine\">.<\/a><\/p>\n<h3><\/h3>","protected":false},"excerpt":{"rendered":"<p>O <strong>Is\u00f3mero S+ da cetamina<\/strong> \u00e9 um composto de elevada pureza que se caracteriza pela sua excelente composi\u00e7\u00e3o qu\u00edmica. \u00c9 o <strong>Is\u00f3mero S+ da cetamina<\/strong>que se distingue da forma rac\u00e9mica devido \u00e0 sua maior pot\u00eancia e efeito espec\u00edfico.<\/p>\n<h3><strong>F\u00f3rmula qu\u00edmica e propriedades<\/strong><\/h3>\n<ul>\n<li><strong>F\u00f3rmula qu\u00edmica<\/strong>C13H16ClNO<\/li>\n<li><strong>Peso molecular<\/strong>: 237,73 g\/mol<\/li>\n<li><strong>Pureza<\/strong>99% - garante a mais elevada qualidade para aplica\u00e7\u00f5es de precis\u00e3o.<\/li>\n<li><strong>Composi\u00e7\u00e3o isom\u00e9rica<\/strong>Estereoselectivo, com liga\u00e7\u00e3o preferencial aos receptores NMDA para um efeito mais forte.<\/li>\n<li><strong>Apar\u00eancia<\/strong>P\u00f3 branco, cristalino, com elevada estabilidade.<\/li>\n<\/ul>\n<h3><strong>Detalhes funcionais<\/strong><\/h3>\n<p>O is\u00f3mero S+ da cetamina \u00e9 caracterizado por:<\/p>\n<ul>\n<li><strong>Aumento da efic\u00e1cia analg\u00e9sica<\/strong>At\u00e9 duas vezes mais forte do que a forma rac\u00e9mica.<\/li>\n<li><strong>In\u00edcio de a\u00e7\u00e3o mais r\u00e1pido<\/strong>Ideal para aplica\u00e7\u00f5es terap\u00eauticas ou experimentais de tempo cr\u00edtico.<\/li>\n<li><strong>Menos efeitos secund\u00e1rios<\/strong>Redu\u00e7\u00e3o das alucina\u00e7\u00f5es e dos efeitos adversos em compara\u00e7\u00e3o com a mistura rac\u00e9mica.<\/li>\n<\/ul>","protected":false},"featured_media":1630,"comment_status":"open","ping_status":"closed","template":"","meta":{"_joinchat":[]},"product_brand":[],"product_cat":[32,35],"product_tag":[787,769,790,778,775,773,788,782,776,780,795,771,789,792,791,770,446,452,783,772,785,784,774,794,781,768,777,779,793,786],"class_list":{"0":"post-613","1":"product","2":"type-product","3":"status-publish","4":"has-post-thumbnail","6":"product_cat-uncategorized","7":"product_cat-ritalin","8":"product_tag-99-reines-ketamin-fuer-laborzwecke","9":"product_tag-99-reinheit","10":"product_tag-beste-ketamin-anbieter-deutschland","11":"product_tag-beste-qualitaet-ketamin","12":"product_tag-chemisches-reagenz","13":"product_tag-diskreter-versand-ketamin","14":"product_tag-diskreter-versand-von-chemischen-produkten","15":"product_tag-forschung-isomer-kaufen","16":"product_tag-forschungsketamin","17":"product_tag-gblexpress-ketamin","18":"product_tag-gblexpress-ketamin-schweiz","19":"product_tag-hochreines-ketamin","20":"product_tag-hochreines-ketamin-online-bestellen","21":"product_tag-ketamin-bestellen-deutschland","22":"product_tag-ketamin-fuer-forschungszwecke-kaufen","23":"product_tag-ketamin-isomer-bestellen","24":"product_tag-ketamin-kaufen","25":"product_tag-ketamin-online-kaufen","26":"product_tag-ketamin-reinheit-99","27":"product_tag-ketamin-versand","28":"product_tag-laborketamin-bestellen","29":"product_tag-premium-ketamin","30":"product_tag-qualitatives-ketamin","31":"product_tag-reines-ketamin-kaufen-oesterreich","32":"product_tag-reines-s-isomer","33":"product_tag-s-isomer","34":"product_tag-s-isomer-hochrein","35":"product_tag-schneller-ketamin-versand","36":"product_tag-schneller-ketamin-versand-europa","37":"product_tag-wo-kann-ich-ketamin-s-isomer-kaufen","39":"first","40":"instock","41":"shipping-taxable","42":"purchasable","43":"product-type-variable"},"yoast_head":"<!-- This site is optimized with the Yoast SEO plugin v25.4 - https:\/\/yoast.com\/wordpress\/plugins\/seo\/ -->\n<title>Ketamin S+ Isomer 99% rein 500g online kaufen | Gbi Express<\/title>\n<meta name=\"description\" content=\"Entdecken Sie unseren Online-Shop f\u00fcr Ketamin S+ Isomer 99% rein | 500 g. Wir bieten hochwertiges Ketamin S+ Isomer 99% rein | 500 g an. Kaufen Sie Ketamin S+ Isomer 99% rein | 500 g online. Jetzt bestellen\" \/>\n<meta name=\"robots\" content=\"index, follow, max-snippet:-1, max-image-preview:large, max-video-preview:-1\" \/>\n<link rel=\"canonical\" href=\"https:\/\/gblexpress.com\/pt\/produto-2\/ketamin-s-isomer-99-rein-50-g\/\" \/>\n<meta property=\"og:locale\" content=\"pt_PT\" \/>\n<meta property=\"og:type\" content=\"article\" \/>\n<meta property=\"og:title\" content=\"Ketamin S+ Isomer 99% rein 500g online kaufen | Gbi Express\" \/>\n<meta property=\"og:description\" content=\"Entdecken Sie unseren Online-Shop f\u00fcr Ketamin S+ Isomer 99% rein | 500 g. Wir bieten hochwertiges Ketamin S+ Isomer 99% rein | 500 g an. Kaufen Sie Ketamin S+ Isomer 99% rein | 500 g online. Jetzt bestellen\" \/>\n<meta property=\"og:url\" content=\"https:\/\/gblexpress.com\/pt\/produto-2\/ketamin-s-isomer-99-rein-50-g\/\" \/>\n<meta property=\"og:site_name\" content=\"GBL Express\" \/>\n<meta property=\"article:modified_time\" content=\"2026-02-27T10:31:39+00:00\" \/>\n<meta property=\"og:image\" content=\"https:\/\/gblexpress.com\/wp-content\/uploads\/2023\/05\/Ketamin-s.jpg\" \/>\n\t<meta property=\"og:image:width\" content=\"600\" \/>\n\t<meta property=\"og:image:height\" content=\"600\" \/>\n\t<meta property=\"og:image:type\" content=\"image\/jpeg\" \/>\n<meta name=\"twitter:card\" content=\"summary_large_image\" \/>\n<meta name=\"twitter:label1\" content=\"Tempo estimado de leitura\" \/>\n\t<meta name=\"twitter:data1\" content=\"2 minutos\" \/>\n<!-- \/ Yoast SEO plugin. -->","yoast_head_json":{"title":"Comprar Ketamina S+ Is\u00f3mero 99% puro 500g online | Gbi Express","description":"Descubra a nossa loja online de Ketamina S+ Is\u00f3mero 99% puro | 500g Oferecemos Is\u00f3mero S+ de Cetamina de alta qualidade 99% puro | 500 g. Comprar Ketamina S+ Is\u00f3mero 99% Puro | 500g on-line. Pe\u00e7a agora","robots":{"index":"index","follow":"follow","max-snippet":"max-snippet:-1","max-image-preview":"max-image-preview:large","max-video-preview":"max-video-preview:-1"},"canonical":"https:\/\/gblexpress.com\/pt\/produto-2\/ketamin-s-isomer-99-rein-50-g\/","og_locale":"pt_PT","og_type":"article","og_title":"Ketamin S+ Isomer 99% rein 500g online kaufen | Gbi Express","og_description":"Entdecken Sie unseren Online-Shop f\u00fcr Ketamin S+ Isomer 99% rein | 500 g. Wir bieten hochwertiges Ketamin S+ Isomer 99% rein | 500 g an. Kaufen Sie Ketamin S+ Isomer 99% rein | 500 g online. Jetzt bestellen","og_url":"https:\/\/gblexpress.com\/pt\/produto-2\/ketamin-s-isomer-99-rein-50-g\/","og_site_name":"GBL Express","article_modified_time":"2026-02-27T10:31:39+00:00","og_image":[{"width":600,"height":600,"url":"https:\/\/gblexpress.com\/wp-content\/uploads\/2023\/05\/Ketamin-s.jpg","type":"image\/jpeg"}],"twitter_card":"summary_large_image","twitter_misc":{"Tempo estimado de leitura":"2 minutos"},"schema":{"@context":"https:\/\/schema.org","@graph":[{"@type":"WebPage","@id":"https:\/\/gblexpress.com\/product\/ketamin-s-isomer-99-rein-50-g\/","url":"https:\/\/gblexpress.com\/product\/ketamin-s-isomer-99-rein-50-g\/","name":"Comprar Ketamina S+ Is\u00f3mero 99% puro 500g online | Gbi Express","isPartOf":{"@id":"https:\/\/gblexpress.com\/#website"},"primaryImageOfPage":{"@id":"https:\/\/gblexpress.com\/product\/ketamin-s-isomer-99-rein-50-g\/#primaryimage"},"image":{"@id":"https:\/\/gblexpress.com\/product\/ketamin-s-isomer-99-rein-50-g\/#primaryimage"},"thumbnailUrl":"https:\/\/gblexpress.com\/wp-content\/uploads\/2023\/05\/Ketamin-s.jpg","datePublished":"2023-05-29T11:28:22+00:00","dateModified":"2026-02-27T10:31:39+00:00","description":"Descubra a nossa loja online de Ketamina S+ Is\u00f3mero 99% puro | 500g Oferecemos Is\u00f3mero S+ de Cetamina de alta qualidade 99% puro | 500 g. Comprar Ketamina S+ Is\u00f3mero 99% Puro | 500g on-line. Pe\u00e7a agora","breadcrumb":{"@id":"https:\/\/gblexpress.com\/product\/ketamin-s-isomer-99-rein-50-g\/#breadcrumb"},"inLanguage":"pt-PT","potentialAction":[{"@type":"ReadAction","target":["https:\/\/gblexpress.com\/product\/ketamin-s-isomer-99-rein-50-g\/"]}]},{"@type":"ImageObject","inLanguage":"pt-PT","@id":"https:\/\/gblexpress.com\/product\/ketamin-s-isomer-99-rein-50-g\/#primaryimage","url":"https:\/\/gblexpress.com\/wp-content\/uploads\/2023\/05\/Ketamin-s.jpg","contentUrl":"https:\/\/gblexpress.com\/wp-content\/uploads\/2023\/05\/Ketamin-s.jpg","width":600,"height":600,"caption":"Ketamin-s online kaufen"},{"@type":"BreadcrumbList","@id":"https:\/\/gblexpress.com\/product\/ketamin-s-isomer-99-rein-50-g\/#breadcrumb","itemListElement":[{"@type":"ListItem","position":1,"name":"Home","item":"https:\/\/gblexpress.com\/"},{"@type":"ListItem","position":2,"name":"Shop","item":"https:\/\/gblexpress.com\/shop\/"},{"@type":"ListItem","position":3,"name":"Ketamin S+ Isomer 99% rein | 500g"}]},{"@type":"WebSite","@id":"https:\/\/gblexpress.com\/#website","url":"https:\/\/gblexpress.com\/","name":"GBL Express","description":"","publisher":{"@id":"https:\/\/gblexpress.com\/#organization"},"potentialAction":[{"@type":"SearchAction","target":{"@type":"EntryPoint","urlTemplate":"https:\/\/gblexpress.com\/?s={search_term_string}"},"query-input":{"@type":"PropertyValueSpecification","valueRequired":true,"valueName":"search_term_string"}}],"inLanguage":"pt-PT"},{"@type":"Organization","@id":"https:\/\/gblexpress.com\/#organization","name":"GBL Express","url":"https:\/\/gblexpress.com\/","logo":{"@type":"ImageObject","inLanguage":"pt-PT","@id":"https:\/\/gblexpress.com\/#\/schema\/logo\/image\/","url":"https:\/\/gblexpress.com\/wp-content\/uploads\/2023\/01\/logo.png","contentUrl":"https:\/\/gblexpress.com\/wp-content\/uploads\/2023\/01\/logo.png","width":250,"height":52,"caption":"GBL Express"},"image":{"@id":"https:\/\/gblexpress.com\/#\/schema\/logo\/image\/"}}]}},"jetpack-related-posts":[],"jetpack_sharing_enabled":true,"_links":{"self":[{"href":"https:\/\/gblexpress.com\/pt\/wp-json\/wp\/v2\/product\/613","targetHints":{"allow":["GET"]}}],"collection":[{"href":"https:\/\/gblexpress.com\/pt\/wp-json\/wp\/v2\/product"}],"about":[{"href":"https:\/\/gblexpress.com\/pt\/wp-json\/wp\/v2\/types\/product"}],"replies":[{"embeddable":true,"href":"https:\/\/gblexpress.com\/pt\/wp-json\/wp\/v2\/comments?post=613"}],"wp:featuredmedia":[{"embeddable":true,"href":"https:\/\/gblexpress.com\/pt\/wp-json\/wp\/v2\/media\/1630"}],"wp:attachment":[{"href":"https:\/\/gblexpress.com\/pt\/wp-json\/wp\/v2\/media?parent=613"}],"wp:term":[{"taxonomy":"product_brand","embeddable":true,"href":"https:\/\/gblexpress.com\/pt\/wp-json\/wp\/v2\/product_brand?post=613"},{"taxonomy":"product_cat","embeddable":true,"href":"https:\/\/gblexpress.com\/pt\/wp-json\/wp\/v2\/product_cat?post=613"},{"taxonomy":"product_tag","embeddable":true,"href":"https:\/\/gblexpress.com\/pt\/wp-json\/wp\/v2\/product_tag?post=613"}],"curies":[{"name":"wp","href":"https:\/\/api.w.org\/{rel}","templated":true}]}}