{"id":616,"date":"2023-05-29T12:11:36","date_gmt":"2023-05-29T12:11:36","guid":{"rendered":"https:\/\/gblexpress.com\/?post_type=product&#038;p=616"},"modified":"2026-02-27T10:29:41","modified_gmt":"2026-02-27T10:29:41","slug":"lorazepam-2-5mg-em-embalagem-blister","status":"publish","type":"product","link":"https:\/\/gblexpress.com\/pt\/produto-2\/lorazepam-2-5mg-em-embalagem-blister\/","title":{"rendered":"Lorazepam 2.5mg Em embalagem blister"},"content":{"rendered":"<h1>Indica\u00e7\u00f5es e aplica\u00e7\u00e3o<a href=\"https:\/\/en.wikipedia.org\/wiki\/Special:Search?go=Go&amp;search=Lorazepam+2.5mg+Im+Blister&amp;ns0=1\">:<\/a><\/h1>\n<p><a href=\"https:\/\/simple.wikipedia.org\/wiki\/Lorazepam\">Lorazepam 2,5 mg<\/a> Im Blister, Lorazepam (Ativan) ist ein Benzodiazepin, das f\u00fcr die Behandlung von<a href=\"https:\/\/gblexpress.com\/pt\/loja\/\">:<\/a><\/p>\n<ul>\n<li>1) Ansiedade<br \/>\n2) Kr\u00f3tkotrwa\u0142e z\u0142agodzenie objaw\u00f3w l\u0119ku lub l\u0119ku zwi\u0105zanego z objawami depresji (takich jak zaburzenia snu, nerwowo\u015b\u0107, napi\u0119cie).<br \/>\n3) excita\u00e7\u00e3o psicomotora<br \/>\n4) Excita\u00e7\u00e3o na unidade de cuidados intensivos<br \/>\n5) Perturba\u00e7\u00e3o de p\u00e2nico<br \/>\n6) Abstin\u00eancia alco\u00f3lica<br \/>\n7) Transtorno de personalidade lim\u00edtrofe<br \/>\n8) Distonia cervical<br \/>\n9) Disautonomia<br \/>\n10)Catatonia<br \/>\n11)N\u00e1useas e v\u00f3mitos induzidos pela quimioterapia<br \/>\n12)certos tipos de perturba\u00e7\u00f5es convulsivas (convuls\u00f5es activas, status epilepticus).<br \/>\n13)Ins\u00f3nias (para favorecer o sono).<br \/>\n14)Enxaqueca, dor de cabe\u00e7a<br \/>\n15) na s\u00edndrome coron\u00e1ria aguda devido ao consumo de coca\u00edna.<br \/>\n16)para fins recreativos<br \/>\n17)durante procedimentos cir\u00fargicos para anestesia ligeira, seda\u00e7\u00e3o e para prejudicar a forma\u00e7\u00e3o da mem\u00f3ria<\/li>\n<li><a href=\"https:\/\/gblexpress.com\/pt\/produto-2\/lorazepam-2-5mg-em-embalagem-blister\/\">Lorazepam 2,5 mg<\/a> comprar em blister<\/li>\n<\/ul>","protected":false},"excerpt":{"rendered":"<p>Lorazepam 2,5mg em blister. 10 comprimidos por blister. Pre\u00e7o para 25 blisters (250 comprimidos).<br \/>\nO fabricante pode variar consoante o lote. Mas o conte\u00fado do ingrediente activo \u00e9 sempre de 2 mg!<\/p>","protected":false},"featured_media":1629,"comment_status":"open","ping_status":"closed","template":"","meta":{"_joinchat":[]},"product_brand":[],"product_cat":[36],"product_tag":[],"class_list":{"0":"post-616","1":"product","2":"type-product","3":"status-publish","4":"has-post-thumbnail","6":"product_cat-ko-drops","8":"first","9":"instock","10":"shipping-taxable","11":"purchasable","12":"product-type-variable"},"yoast_head":"<!-- This site is optimized with the Yoast SEO plugin v25.4 - https:\/\/yoast.com\/wordpress\/plugins\/seo\/ -->\n<title>Lorazepam 2,5 mg im Blister zu verkaufen - Lorazepam 2,5 mg<\/title>\n<meta name=\"description\" content=\"Entdecken Sie unseren Online-Shop f\u00fcr hochwertige Lorazepam 2,5 mg Blisterpackungen. Kaufen Sie Lorazepam 2,5 mg Blisterpackungen online. Jetzt bestellen\" \/>\n<meta name=\"robots\" content=\"index, follow, max-snippet:-1, max-image-preview:large, max-video-preview:-1\" \/>\n<link rel=\"canonical\" href=\"https:\/\/gblexpress.com\/pt\/produto-2\/lorazepam-2-5mg-em-embalagem-blister\/\" \/>\n<meta property=\"og:locale\" content=\"pt_PT\" \/>\n<meta property=\"og:type\" content=\"article\" \/>\n<meta property=\"og:title\" content=\"Lorazepam 2,5 mg im Blister zu verkaufen - Lorazepam 2,5 mg\" \/>\n<meta property=\"og:description\" content=\"Entdecken Sie unseren Online-Shop f\u00fcr hochwertige Lorazepam 2,5 mg Blisterpackungen. Kaufen Sie Lorazepam 2,5 mg Blisterpackungen online. Jetzt bestellen\" \/>\n<meta property=\"og:url\" content=\"https:\/\/gblexpress.com\/pt\/produto-2\/lorazepam-2-5mg-em-embalagem-blister\/\" \/>\n<meta property=\"og:site_name\" content=\"GBL Express\" \/>\n<meta property=\"article:modified_time\" content=\"2026-02-27T10:29:41+00:00\" \/>\n<meta property=\"og:image\" content=\"https:\/\/gblexpress.com\/wp-content\/uploads\/2023\/05\/Lorazepam-2.5mg.jpg\" \/>\n\t<meta property=\"og:image:width\" content=\"600\" \/>\n\t<meta property=\"og:image:height\" content=\"600\" \/>\n\t<meta property=\"og:image:type\" content=\"image\/jpeg\" \/>\n<meta name=\"twitter:card\" content=\"summary_large_image\" \/>\n<meta name=\"twitter:label1\" content=\"Tempo estimado de leitura\" \/>\n\t<meta name=\"twitter:data1\" content=\"1 minuto\" \/>\n<!-- \/ Yoast SEO plugin. -->","yoast_head_json":{"title":"Lorazepam 2,5 mg em blister para venda - Lorazepam 2,5 mg","description":"Descubra a nossa loja online de embalagens blister de Lorazepam 2,5 mg de alta qualidade. Compre online embalagens blister de Lorazepam 2,5 mg. Pe\u00e7a agora","robots":{"index":"index","follow":"follow","max-snippet":"max-snippet:-1","max-image-preview":"max-image-preview:large","max-video-preview":"max-video-preview:-1"},"canonical":"https:\/\/gblexpress.com\/pt\/produto-2\/lorazepam-2-5mg-em-embalagem-blister\/","og_locale":"pt_PT","og_type":"article","og_title":"Lorazepam 2,5 mg im Blister zu verkaufen - Lorazepam 2,5 mg","og_description":"Entdecken Sie unseren Online-Shop f\u00fcr hochwertige Lorazepam 2,5 mg Blisterpackungen. Kaufen Sie Lorazepam 2,5 mg Blisterpackungen online. Jetzt bestellen","og_url":"https:\/\/gblexpress.com\/pt\/produto-2\/lorazepam-2-5mg-em-embalagem-blister\/","og_site_name":"GBL Express","article_modified_time":"2026-02-27T10:29:41+00:00","og_image":[{"width":600,"height":600,"url":"https:\/\/gblexpress.com\/wp-content\/uploads\/2023\/05\/Lorazepam-2.5mg.jpg","type":"image\/jpeg"}],"twitter_card":"summary_large_image","twitter_misc":{"Tempo estimado de leitura":"1 minuto"},"schema":{"@context":"https:\/\/schema.org","@graph":[{"@type":"WebPage","@id":"https:\/\/gblexpress.com\/product\/lorazepam-2-5mg-im-blister\/","url":"https:\/\/gblexpress.com\/product\/lorazepam-2-5mg-im-blister\/","name":"Lorazepam 2,5 mg em blister para venda - Lorazepam 2,5 mg","isPartOf":{"@id":"https:\/\/gblexpress.com\/#website"},"primaryImageOfPage":{"@id":"https:\/\/gblexpress.com\/product\/lorazepam-2-5mg-im-blister\/#primaryimage"},"image":{"@id":"https:\/\/gblexpress.com\/product\/lorazepam-2-5mg-im-blister\/#primaryimage"},"thumbnailUrl":"https:\/\/gblexpress.com\/wp-content\/uploads\/2023\/05\/Lorazepam-2.5mg.jpg","datePublished":"2023-05-29T12:11:36+00:00","dateModified":"2026-02-27T10:29:41+00:00","description":"Descubra a nossa loja online de embalagens blister de Lorazepam 2,5 mg de alta qualidade. Compre online embalagens blister de Lorazepam 2,5 mg. Pe\u00e7a agora","breadcrumb":{"@id":"https:\/\/gblexpress.com\/product\/lorazepam-2-5mg-im-blister\/#breadcrumb"},"inLanguage":"pt-PT","potentialAction":[{"@type":"ReadAction","target":["https:\/\/gblexpress.com\/product\/lorazepam-2-5mg-im-blister\/"]}]},{"@type":"ImageObject","inLanguage":"pt-PT","@id":"https:\/\/gblexpress.com\/product\/lorazepam-2-5mg-im-blister\/#primaryimage","url":"https:\/\/gblexpress.com\/wp-content\/uploads\/2023\/05\/Lorazepam-2.5mg.jpg","contentUrl":"https:\/\/gblexpress.com\/wp-content\/uploads\/2023\/05\/Lorazepam-2.5mg.jpg","width":600,"height":600,"caption":"Lorazepam-2.5mg online kaufen"},{"@type":"BreadcrumbList","@id":"https:\/\/gblexpress.com\/product\/lorazepam-2-5mg-im-blister\/#breadcrumb","itemListElement":[{"@type":"ListItem","position":1,"name":"Home","item":"https:\/\/gblexpress.com\/"},{"@type":"ListItem","position":2,"name":"Shop","item":"https:\/\/gblexpress.com\/shop\/"},{"@type":"ListItem","position":3,"name":"Lorazepam 2.5mg Im Blister"}]},{"@type":"WebSite","@id":"https:\/\/gblexpress.com\/#website","url":"https:\/\/gblexpress.com\/","name":"GBL Express","description":"","publisher":{"@id":"https:\/\/gblexpress.com\/#organization"},"potentialAction":[{"@type":"SearchAction","target":{"@type":"EntryPoint","urlTemplate":"https:\/\/gblexpress.com\/?s={search_term_string}"},"query-input":{"@type":"PropertyValueSpecification","valueRequired":true,"valueName":"search_term_string"}}],"inLanguage":"pt-PT"},{"@type":"Organization","@id":"https:\/\/gblexpress.com\/#organization","name":"GBL Express","url":"https:\/\/gblexpress.com\/","logo":{"@type":"ImageObject","inLanguage":"pt-PT","@id":"https:\/\/gblexpress.com\/#\/schema\/logo\/image\/","url":"https:\/\/gblexpress.com\/wp-content\/uploads\/2023\/01\/logo.png","contentUrl":"https:\/\/gblexpress.com\/wp-content\/uploads\/2023\/01\/logo.png","width":250,"height":52,"caption":"GBL Express"},"image":{"@id":"https:\/\/gblexpress.com\/#\/schema\/logo\/image\/"}}]}},"jetpack-related-posts":[],"jetpack_sharing_enabled":true,"_links":{"self":[{"href":"https:\/\/gblexpress.com\/pt\/wp-json\/wp\/v2\/product\/616","targetHints":{"allow":["GET"]}}],"collection":[{"href":"https:\/\/gblexpress.com\/pt\/wp-json\/wp\/v2\/product"}],"about":[{"href":"https:\/\/gblexpress.com\/pt\/wp-json\/wp\/v2\/types\/product"}],"replies":[{"embeddable":true,"href":"https:\/\/gblexpress.com\/pt\/wp-json\/wp\/v2\/comments?post=616"}],"wp:featuredmedia":[{"embeddable":true,"href":"https:\/\/gblexpress.com\/pt\/wp-json\/wp\/v2\/media\/1629"}],"wp:attachment":[{"href":"https:\/\/gblexpress.com\/pt\/wp-json\/wp\/v2\/media?parent=616"}],"wp:term":[{"taxonomy":"product_brand","embeddable":true,"href":"https:\/\/gblexpress.com\/pt\/wp-json\/wp\/v2\/product_brand?post=616"},{"taxonomy":"product_cat","embeddable":true,"href":"https:\/\/gblexpress.com\/pt\/wp-json\/wp\/v2\/product_cat?post=616"},{"taxonomy":"product_tag","embeddable":true,"href":"https:\/\/gblexpress.com\/pt\/wp-json\/wp\/v2\/product_tag?post=616"}],"curies":[{"name":"wp","href":"https:\/\/api.w.org\/{rel}","templated":true}]}}