{"id":422,"date":"2023-01-31T08:56:25","date_gmt":"2023-01-31T08:56:25","guid":{"rendered":"https:\/\/chemswell.com\/gbl\/?page_id=422"},"modified":"2024-06-07T10:20:31","modified_gmt":"2024-06-07T10:20:31","slug":"ko-picaturi","status":"publish","type":"page","link":"https:\/\/gblexpress.com\/ro\/ko-picaturi\/","title":{"rendered":"Cump\u0103ra\u021bi KO Drops online"},"content":{"rendered":"<section class=\"wpb_row vc_row-fluid vc_custom_1675150671160\"><div class=\"container\"><div class=\"row\"><div class=\"wpb_column vc_column_container vc_col-sm-12\"><div class=\"vc_column-inner\"><div class=\"wpb_wrapper\"  >\n\t<div class=\"wpb_text_column wpb_content_element\" >\n\t\t<div class=\"wpb_wrapper\">\n\t\t\t<h2 style=\"text-align: center; font-size: 30px;\">CUMP\u0102R\u0102 KO POTS ONLINE<\/h2>\n<h3 style=\"text-align: center;\">Cump\u0103ra\u021bi pic\u0103turi KO 100% pure online la GBLExpress<\/h3>\n<p style=\"text-align: center; font-size: 19px;\">KO Drops este o modalitate puternic\u0103 \u0219i accesibil\u0103 de a v\u0103 \u00eembun\u0103t\u0103\u021bi s\u0103n\u0103tatea. Se numesc picaturi KO pentru ca actioneaza prin dizolvarea calciului care iti blocheaza arterele. Folosind pic\u0103turi knockout pentru a dormi, v\u0103 pute\u021bi \u00eembun\u0103t\u0103\u021bi circula\u021bia \u0219i s\u0103n\u0103tatea general\u0103. Exist\u0103 multe beneficii ale utiliz\u0103rii KO Drops, a\u0219a c\u0103 este important s\u0103 le cump\u0103ra\u021bi dintr-o surs\u0103 de \u00eencredere precum GBL Express. Magazinul nostru online v\u0103 va ajuta s\u0103 comanda\u021bi online knockout drops la cele mai bune pre\u021buri. Cu sprijinul magazinului nostru, nu trebuie s\u0103 v\u0103 face\u021bi griji \u00een leg\u0103tur\u0103 cu locul \u00een care v\u0103 afla\u021bi <a href=\"https:\/\/gblexpress.com\/ro\/ko-picaturi\/\"><strong>Cump\u0103ra\u021bi Knockout Drops<\/strong><\/a> poate sa.<\/p>\n\n\t\t<\/div>\n\t<\/div>\n<div class=\"vc_btn3-container vc_btn3-center\" ><a class=\"vc_general vc_btn3 vc_btn3-size-md vc_btn3-shape-square vc_btn3-style-modern vc_btn3-color-black\" href=\"https:\/\/gblexpress.com\/ro\/magazin\/cumpara-ko-drops-online\/\" title=\"\">Cump\u0103ra\u021bi acum<\/a><\/div><\/div><\/div><\/div><\/div><\/div><\/section><section class=\"wpb_row vc_row-fluid vc_custom_1675104750211\"><div class=\"container\"><div class=\"row\"><div class=\"wpb_column vc_column_container vc_col-sm-6\"><div class=\"vc_column-inner\"><div class=\"wpb_wrapper\"  >\n\t<div class=\"wpb_text_column wpb_content_element\" >\n\t\t<div class=\"wpb_wrapper\">\n\t\t\t<h2 style=\"text-align: justify;\">Cump\u0103ra\u021bi pic\u0103turi KO online f\u0103r\u0103 prescrip\u021bie medical\u0103<\/h2>\n<p style=\"text-align: justify;\">Knockout Drops sunt un produs din ce \u00een ce mai popular care poate fi folosit \u00eentr-o varietate de scopuri. Aceste pic\u0103turi puternice v\u0103 pot ajuta s\u0103 v\u0103 relaxa\u021bi, s\u0103 dormi\u021bi mai bine \u0219i chiar s\u0103 reduce\u021bi stresul \u0219i anxietatea. Dar de unde s\u0103 cump\u0103ra\u021bi pic\u0103turi KO online f\u0103r\u0103 prescrip\u021bie medical\u0103? R\u0103spunsul este GBL Express. La GBL Express pute\u021bi cump\u0103ra online Knockout Drops rapid \u0219i \u00een siguran\u021b\u0103.<\/p>\n<h2 style=\"text-align: justify;\">Utilizarea \u0219i eficacitatea pic\u0103turilor knockout<\/h2>\n<p style=\"text-align: justify;\">Somnul este esen\u021bial pentru bun\u0103starea general\u0103 \u0219i poate fi greu de ob\u021binut uneori. Din fericire, exist\u0103 o varietate de op\u021biuni pentru a v\u0103 ajuta s\u0103 ob\u021bine\u021bi somnul de care ave\u021bi nevoie. Knockout Drops sunt o astfel de op\u021biune - promoveaz\u0103 somnul prin blocarea anumitor hormoni despre care se \u0219tie c\u0103 provoac\u0103 insomnie. Knockout Drops pot fi achizi\u021bionate online \u00een mai multe moduri. Pute\u021bi cump\u0103ra pic\u0103turi KO online ca pic\u0103turi unice sau \u00een pachete de \u0219ase sau mai multe pic\u0103turi. \u00cen plus, pute\u021bi g\u0103si Knockout Drops \u00een multe magazine \u0219i farmacii.<\/p>\n\n\t\t<\/div>\n\t<\/div>\n\t\t\t\n\t<!-- Element: OT Button --> \n\t\t\t<a href=\"https:\/\/gblexpress.com\/ro\/magazin\/cumpara-ko-drops-online\/\" target=\"_self\" class=\"btn btn-line-black btn-big\">Cump\u0103ra\u021bi acum<\/a>\n\t    \n<\/div><\/div><\/div><div class=\"wpb_column vc_column_container vc_col-sm-6\"><div class=\"vc_column-inner\"><div class=\"wpb_wrapper\"  >\n\t<div  class=\"wpb_single_image wpb_content_element vc_align_left\">\n\t\t\n\t\t<figure class=\"wpb_wrapper vc_figure\">\n\t\t\t<div class=\"vc_single_image-wrapper vc_box_rounded  vc_box_border_grey\"><img loading=\"lazy\" decoding=\"async\" width=\"615\" height=\"615\" src=\"https:\/\/gblexpress.com\/wp-content\/uploads\/2023\/01\/buy-knockout-drops-online.jpg\" class=\"vc_single_image-img attachment-full\" alt=\"Cump\u0103ra\u021bi Knockout Drops Online\" srcset=\"https:\/\/gblexpress.com\/wp-content\/uploads\/2023\/01\/buy-knockout-drops-online.jpg 615w, https:\/\/gblexpress.com\/wp-content\/uploads\/2023\/01\/buy-knockout-drops-online-300x300.jpg 300w, https:\/\/gblexpress.com\/wp-content\/uploads\/2023\/01\/buy-knockout-drops-online-150x150.jpg 150w\" sizes=\"auto, (max-width: 615px) 100vw, 615px\" title=\"Cump\u0103ra\u021bi Knockout Drops Online\" \/><\/div>\n\t\t<\/figure>\n\t<\/div>\n<\/div><\/div><\/div><\/div><\/div><\/section><section class=\"wpb_row vc_row-fluid\"><div class=\"container\"><div class=\"row\"><div class=\"wpb_column vc_column_container vc_col-sm-6\"><div class=\"vc_column-inner\"><div class=\"wpb_wrapper\"  >\n\t<div  class=\"wpb_single_image wpb_content_element vc_align_left\">\n\t\t\n\t\t<figure class=\"wpb_wrapper vc_figure\">\n\t\t\t<div class=\"vc_single_image-wrapper vc_box_rounded  vc_box_border_grey\"><img loading=\"lazy\" decoding=\"async\" width=\"615\" height=\"350\" src=\"https:\/\/gblexpress.com\/wp-content\/uploads\/2023\/01\/ko-drops.jpg\" class=\"vc_single_image-img attachment-full\" alt=\"Cump\u0103ra\u021bi KO Drops online\" srcset=\"https:\/\/gblexpress.com\/wp-content\/uploads\/2023\/01\/ko-drops.jpg 615w, https:\/\/gblexpress.com\/wp-content\/uploads\/2023\/01\/ko-drops-300x171.jpg 300w\" sizes=\"auto, (max-width: 615px) 100vw, 615px\" title=\"Cump\u0103ra\u021bi KO Drops online\" \/><\/div>\n\t\t<\/figure>\n\t<\/div>\n<\/div><\/div><\/div><div class=\"wpb_column vc_column_container vc_col-sm-6\"><div class=\"vc_column-inner vc_custom_1675105084996\"><div class=\"wpb_wrapper\"  >\n\t<div class=\"wpb_text_column wpb_content_element\" >\n\t\t<div class=\"wpb_wrapper\">\n\t\t\t<h2>De ce s\u0103 cump\u0103ra\u021bi online knockout drops de la noi?<\/h2>\n<p style=\"text-align: justify;\">C\u00e2nd vine vorba de asisten\u021b\u0103 medical\u0103, trebuie s\u0103 ai \u00eencredere \u00een cei mai buni. De aceea oferim ingrediente de calitate asigurat\u0103 \u00een fiecare lot de Knockout Drops. Avem, de asemenea, o gam\u0103 complet\u0103 de produse perfect adaptate nevoilor dumneavoastr\u0103, oricare ar fi acestea. \u00cen plus, livrarea noastr\u0103 rapid\u0103 \u00eenseamn\u0103 c\u0103 \u00ee\u021bi vei primi pic\u0103turile rapid - f\u0103r\u0103 a\u0219teptare!<\/p>\n<p style=\"text-align: justify;\">Dac\u0103 din orice motiv nu sunte\u021bi mul\u021bumit de produsele noastre, v\u0103 oferim o garan\u021bie de satisfac\u021bie 100%. \u00cen plus, op\u021biunile noastre de plat\u0103 sigure v\u0103 ajut\u0103 s\u0103 cump\u0103ra\u021bi Knockout Drops f\u0103r\u0103 griji. \u00cen cele din urm\u0103, ambalajul nostru discret \u00eenseamn\u0103 c\u0103 pute\u021bi lua Knockout Drops oriunde f\u0103r\u0103 ca nimeni s\u0103 afle. Cump\u0103ra\u021bi pic\u0103turi KO f\u0103r\u0103 prescrip\u021bie de la GBL Express acum!<\/p>\n\n\t\t<\/div>\n\t<\/div>\n\t\t\t\n\t<!-- Element: OT Button --> \n\t\t\t<a href=\"https:\/\/gblexpress.com\/ro\/magazin\/cumpara-ko-drops-online\/\" target=\"_self\" class=\"btn btn-line-black btn-big\">Cump\u0103ra\u021bi acum<\/a>\n\t    \n<\/div><\/div><\/div><\/div><\/div><\/section><section class=\"wpb_row vc_row-fluid\"><div class=\"container\"><div class=\"row\"><div class=\"wpb_column vc_column_container vc_col-sm-12\"><div class=\"vc_column-inner\"><div class=\"wpb_wrapper\"  >\n\t<div class=\"wpb_text_column wpb_content_element\" >\n\t\t<div class=\"wpb_wrapper\">\n\t\t\t<h2 style=\"text-align: center;\">Ce fac pic\u0103turile knockout?<\/h2>\n<p style=\"text-align: center;\">Dac\u0103 sunte\u021bi \u00een c\u0103utarea unei modalit\u0103\u021bi de a v\u0103 cre\u0219te energia \u0219i concentrarea, trebuie s\u0103 comanda\u021bi pic\u0103turi KO. Aceste pic\u0103turi sunt f\u0103cute din ingrediente naturale \u0219i s-au dovedit a fi eficiente \u00een cre\u0219terea energiei \u0219i a concentr\u0103rii. De asemenea, sunt disponibile \u00een \u00eentreaga lume, ceea ce le face o alegere excelent\u0103 pentru oricine caut\u0103 un impuls de energie din mers. Exist\u0103 o varietate de alternative la utilizarea pic\u0103turilor knockout, inclusiv consumul de b\u0103uturi cu cofein\u0103 sau consumul de alimente cu cofein\u0103, cum ar fi ciocolata sau batoanele de bomboane.<\/p>\n\n\t\t<\/div>\n\t<\/div>\n<\/div><\/div><\/div><\/div><\/div><\/section><section class=\"wpb_row vc_row-fluid\"><div class=\"container\"><div class=\"row\"><div class=\"wpb_column vc_column_container vc_col-sm-12\"><div class=\"vc_column-inner\"><div class=\"wpb_wrapper\"  >\n\t<div class=\"wpb_text_column wpb_content_element\" >\n\t\t<div class=\"wpb_wrapper\">\n\t\t\t<h3 style=\"text-align: justify;\">Substan\u021be comune \u00een pic\u0103turile KO<\/h3>\n<p style=\"text-align: justify;\">Pic\u0103turile KO de v\u00e2nzare pot con\u021bine diverse sedative, unele dintre cele mai comune sunt:<\/p>\n<p style=\"text-align: justify;\">1. GHB (gamma-hidroxibutirat): denumit adesea \u201epic\u0103turi knockout\u201d, GHB este un deprimant al sistemului nervos central care poate provoca somnolen\u021b\u0103, incon\u0219tien\u021b\u0103 \u0219i pierderi de memorie.<\/p>\n<p style=\"text-align: justify;\">2. Rohypnol (flunitrazepam): Un alt medicament knockout notoriu, Rohypnol este o benzodiazepin\u0103 care provoac\u0103 sedare profund\u0103, relaxare muscular\u0103 \u0219i amnezie.<\/p>\n<p style=\"text-align: justify;\">3. Hidrat de cloral: un sedativ \u0219i hipnotic folosit c\u00e2ndva pentru a trata insomnia, dar acum este mai cunoscut pentru abuzul s\u0103u pentru a anestezia indivizi.<\/p>\n<p style=\"text-align: justify;\">Nu ezita\u021bi s\u0103 contacta\u021bi magazinul nostru online pentru a cump\u0103ra pic\u0103turi KO online!<\/p>\n<h3 style=\"text-align: justify;\">Efecte \u0219i riscuri<\/h3>\n<p style=\"text-align: justify;\">C\u00e2nd cump\u0103ra\u021bi pic\u0103turi de KO online, efectele variaz\u0103 \u00een func\u021bie de substan\u021ba folosit\u0103, de doz\u0103 \u0219i de fiziologia persoanei. Efectele comune sunt:<\/p>\n<p style=\"text-align: justify;\">\u25cf Sedare \u0219i somnolen\u021b\u0103: Pic\u0103turile KO sunt sedative puternice care pot face oamenii extrem de somno\u0219i sau incon\u0219tien\u021bi.<\/p>\n<p style=\"text-align: justify;\">\u25cf Pierderea memoriei: multe dintre aceste substan\u021be pot provoca amnezie par\u021bial\u0103 sau complet\u0103, ceea ce face dificil\u0103 amintirea evenimentelor care au avut loc \u00een timp ce se aflau sub influen\u021ba substan\u021bei.<\/p>\n<p style=\"text-align: justify;\">\u25cf Pierderea controlului motor: Aceste medicamente pot afecta coordonarea \u0219i func\u021biile motorii, f\u0103c\u00e2nd dificil\u0103 mi\u0219carea sau rezisten\u021ba persoanei.<\/p>\n<p style=\"text-align: justify;\">Riscurile asociate cu KO Drops online sunt semnificative. O supradozaj cu aceste substan\u021be poate duce la depresie respiratorie sever\u0103, com\u0103 \u0219i chiar moarte. \u00cen plus, utilizarea lor \u00een activit\u0103\u021bi criminale, cum ar fi atacurile sexuale sau jafurile, reprezint\u0103 o amenin\u021bare grav\u0103 la adresa siguran\u021bei publice.<\/p>\n<h3 style=\"text-align: justify;\">M\u0103suri de prevenire \u0219i siguran\u021b\u0103<\/h3>\n<p style=\"text-align: justify;\">Pentru a v\u0103 proteja de pericolele KO Drops, este important s\u0103:<\/p>\n<p style=\"text-align: justify;\">\u25cf R\u0103m\u00e2i atent: fii con\u0219tient de \u00eemprejurimile tale, \u00een special \u00een mediile sociale precum baruri \u0219i cluburi.<\/p>\n<p style=\"text-align: justify;\">\u25cf Urm\u0103ri\u021bi-v\u0103 b\u0103utura: nu l\u0103sa\u021bi niciodat\u0103 b\u0103utura nesupravegheat\u0103 \u0219i ave\u021bi grij\u0103 c\u00e2nd accepta\u021bi b\u0103uturi de la str\u0103ini.<br \/>\n\u25cf C\u0103uta\u021bi imediat ajutor: Dac\u0103 b\u0103nui\u021bi c\u0103 dumneavoastr\u0103 sau altcineva a\u021bi fost drogat, solicita\u021bi imediat asisten\u021b\u0103 medical\u0103 \u0219i spune\u021bi poli\u021biei.<\/p>\n\n\t\t<\/div>\n\t<\/div>\n<\/div><\/div><\/div><\/div><\/div><\/section><section class=\"wpb_row vc_row-fluid vc_custom_1675105544557\"><div class=\"container\"><div class=\"row\"><div class=\"wpb_column vc_column_container vc_col-sm-4\"><div class=\"vc_column-inner\"><div class=\"wpb_wrapper\"  >\n\t<div  class=\"wpb_single_image wpb_content_element vc_align_center\">\n\t\t\n\t\t<figure class=\"wpb_wrapper vc_figure\">\n\t\t\t<a href=\"https:\/\/gblexpress.com\/ro\/gbl\/\" target=\"_self\" class=\"vc_single_image-wrapper vc_box_rounded  vc_box_border_grey\"><img loading=\"lazy\" decoding=\"async\" width=\"615\" height=\"350\" src=\"https:\/\/gblexpress.com\/wp-content\/uploads\/2023\/01\/gbl-liquid.jpg\" class=\"vc_single_image-img attachment-full\" alt=\"Gamma-Butyrolactone GBL Cump\u0103ra\u021bi online\" srcset=\"https:\/\/gblexpress.com\/wp-content\/uploads\/2023\/01\/gbl-liquid.jpg 615w, https:\/\/gblexpress.com\/wp-content\/uploads\/2023\/01\/gbl-liquid-300x171.jpg 300w\" sizes=\"auto, (max-width: 615px) 100vw, 615px\" title=\"Gamma-Butyrolactone GBL Cump\u0103ra\u021bi online\" \/><\/a>\n\t\t<\/figure>\n\t<\/div>\n<h3 style=\"text-align: left\" class=\"vc_custom_heading\" ><a href=\"https:\/\/gblexpress.com\/ro\/gbl\/\">Cump\u0103ra\u021bi GBL online<\/a><\/h3>\n\t<div class=\"wpb_text_column wpb_content_element\" >\n\t\t<div class=\"wpb_wrapper\">\n\t\t\t<p style=\"text-align: justify;\">GBL Express are de-a face cu medicamentele GBL de zeci de ani \u0219i \u00een\u021belege nevoile clien\u021bilor din \u00eentreaga lume. Pute\u021bi cump\u0103ra cu u\u0219urin\u021b\u0103 GBL f\u0103r\u0103 prescrip\u021bie medical\u0103 aici.<\/p>\n\n\t\t<\/div>\n\t<\/div>\n<\/div><\/div><\/div><div class=\"wpb_column vc_column_container vc_col-sm-4\"><div class=\"vc_column-inner\"><div class=\"wpb_wrapper\"  >\n\t<div  class=\"wpb_single_image wpb_content_element vc_align_center\">\n\t\t\n\t\t<figure class=\"wpb_wrapper vc_figure\">\n\t\t\t<a href=\"https:\/\/gblexpress.com\/ro\/ritalin\/\" target=\"_self\" class=\"vc_single_image-wrapper vc_box_rounded  vc_box_border_grey\"><img loading=\"lazy\" decoding=\"async\" width=\"615\" height=\"350\" src=\"https:\/\/gblexpress.com\/wp-content\/uploads\/2023\/01\/ritalin-tablets.jpg\" class=\"vc_single_image-img attachment-full\" alt=\"Cumpara Ritalin Tablete online\" srcset=\"https:\/\/gblexpress.com\/wp-content\/uploads\/2023\/01\/ritalin-tablets.jpg 615w, https:\/\/gblexpress.com\/wp-content\/uploads\/2023\/01\/ritalin-tablets-300x171.jpg 300w\" sizes=\"auto, (max-width: 615px) 100vw, 615px\" title=\"Cumpara Ritalin Tablete online\" \/><\/a>\n\t\t<\/figure>\n\t<\/div>\n<h3 style=\"text-align: left\" class=\"vc_custom_heading\" ><a href=\"https:\/\/gblexpress.com\/ro\/ritalin\/\">Cump\u0103ra\u021bi Ritalin online<\/a><\/h3>\n\t<div class=\"wpb_text_column wpb_content_element\" >\n\t\t<div class=\"wpb_wrapper\">\n\t\t\t<p style=\"text-align: justify;\">C\u00e2nd cump\u0103ra\u021bi Ritalin online de la GBLExpress pute\u021bi beneficia de livrare sigur\u0103 \u0219i pre\u021buri competitive. \u00cen calitate de farmacie \u00eenregistrat\u0103, garant\u0103m c\u0103 toate produsele noastre sunt aprobate pentru pacien\u021bii cu ADHD.<\/p>\n\n\t\t<\/div>\n\t<\/div>\n<\/div><\/div><\/div><div class=\"wpb_column vc_column_container vc_col-sm-4\"><div class=\"vc_column-inner\"><div class=\"wpb_wrapper\"  >\n\t<div  class=\"wpb_single_image wpb_content_element vc_align_center\">\n\t\t\n\t\t<figure class=\"wpb_wrapper vc_figure\">\n\t\t\t<a href=\"https:\/\/gblexpress.com\/ro\/ghb\/\" target=\"_self\" class=\"vc_single_image-wrapper vc_box_rounded  vc_box_border_grey\"><img loading=\"lazy\" decoding=\"async\" width=\"615\" height=\"350\" src=\"https:\/\/gblexpress.com\/wp-content\/uploads\/2023\/01\/ghb-liquid.jpg\" class=\"vc_single_image-img attachment-full\" alt=\"Gamma hidroxibutirat (GHB) Cump\u0103ra\u021bi online\" srcset=\"https:\/\/gblexpress.com\/wp-content\/uploads\/2023\/01\/ghb-liquid.jpg 615w, https:\/\/gblexpress.com\/wp-content\/uploads\/2023\/01\/ghb-liquid-300x171.jpg 300w\" sizes=\"auto, (max-width: 615px) 100vw, 615px\" title=\"Gamma hidroxibutirat (GHB) Cump\u0103ra\u021bi online\" \/><\/a>\n\t\t<\/figure>\n\t<\/div>\n<h3 style=\"text-align: left\" class=\"vc_custom_heading\" ><a href=\"https:\/\/gblexpress.com\/ro\/ghb\/\">GHB Cump\u0103ra\u021bi online<\/a><\/h3>\n\t<div class=\"wpb_text_column wpb_content_element\" >\n\t\t<div class=\"wpb_wrapper\">\n\t\t\t<p style=\"text-align: justify;\">Cu disponibilitatea magazinului nostru, nu trebuie s\u0103 v\u0103 face\u021bi griji de unde s\u0103 cump\u0103ra\u021bi GHB. \u00cen magazinul nostru online pute\u021bi cump\u0103ra cu u\u0219urin\u021b\u0103 GHB f\u0103r\u0103 prescrip\u021bie medical\u0103.<\/p>\n\n\t\t<\/div>\n\t<\/div>\n<\/div><\/div><\/div><\/div><\/div><\/section><section class=\"wpb_row vc_row-fluid call-to-action text-light bg-color vc_custom_1675107688125\"><div class=\"container\"><div class=\"row\"><div class=\"wpb_column vc_column_container vc_col-sm-8\"><div class=\"vc_column-inner\"><div class=\"wpb_wrapper\"  ><h3 style=\"text-align: left\" class=\"vc_custom_heading mt20\" >Solicita\u021bi o ofert\u0103 gratuit\u0103 pentru produsele noastre!<\/h3><\/div><\/div><\/div><div class=\"wpb_column vc_column_container vc_col-sm-4\"><div class=\"vc_column-inner\"><div class=\"wpb_wrapper\"  >\t\t\t\n\t<!-- Element: OT Button 2 --> \n\t<a href=\"http:\/\/gblexpress.com\/ro\/contactati-ne\/\" title=\"Solicita\u021bi acum\" target=\" _blank\" class=\"btn btn-line btn-big mt10\">Solicita\u021bi acum<\/a>\t\n<\/div><\/div><\/div><\/div><\/div><\/section>","protected":false},"excerpt":{"rendered":"Cump\u0103ra\u021bi pic\u0103turi KO online Cump\u0103ra\u021bi 100 pic\u0103turi KO pure % online la GBLExpress Pic\u0103turile KO sunt o modalitate puternic\u0103 \u0219i accesibil\u0103 de a v\u0103 \u00eembun\u0103t\u0103\u021bi s\u0103n\u0103tatea. Sunt numite pic\u0103turi KO deoarece ac\u021bioneaz\u0103 prin dizolvarea calciului care blocheaz\u0103 arterele. Prin utilizarea pic\u0103turilor KO pentru a dormi, v\u0103 pute\u021bi \u00eembun\u0103t\u0103\u021bi circula\u021bia \u0219i [...]","protected":false},"author":1,"featured_media":0,"parent":0,"menu_order":0,"comment_status":"closed","ping_status":"closed","template":"page-templates\/template-fullwidth.php","meta":{"_joinchat":[],"footnotes":""},"class_list":["post-422","page","type-page","status-publish","hentry"],"yoast_head":"<!-- This site is optimized with the Yoast SEO plugin v25.4 - https:\/\/yoast.com\/wordpress\/plugins\/seo\/ -->\n<title>KO Tropfen Online Kaufen - Knockout Tropfen Bestellen - KO Tropfen<\/title>\n<meta name=\"description\" content=\"Auf der Suche nach den besten Knockout-Tropfen zum Schlafen? Hier kannst du KO Tropfen kaufen, KO Tropfen kaufen, KO Tropfen online bestellen, KO Tropfen zum Verkauf.\" \/>\n<meta name=\"robots\" content=\"index, follow, max-snippet:-1, max-image-preview:large, max-video-preview:-1\" \/>\n<link rel=\"canonical\" href=\"https:\/\/gblexpress.com\/ro\/ko-picaturi\/\" \/>\n<meta property=\"og:locale\" content=\"ro_RO\" \/>\n<meta property=\"og:type\" content=\"article\" \/>\n<meta property=\"og:title\" content=\"KO Tropfen Online Kaufen - Knockout Tropfen Bestellen - KO Tropfen\" \/>\n<meta property=\"og:description\" content=\"Auf der Suche nach den besten Knockout-Tropfen zum Schlafen? Hier kannst du KO Tropfen kaufen, KO Tropfen kaufen, KO Tropfen online bestellen, KO Tropfen zum Verkauf.\" \/>\n<meta property=\"og:url\" content=\"https:\/\/gblexpress.com\/ro\/ko-picaturi\/\" \/>\n<meta property=\"og:site_name\" content=\"GBL Express\" \/>\n<meta property=\"article:modified_time\" content=\"2024-06-07T10:20:31+00:00\" \/>\n<meta name=\"twitter:card\" content=\"summary_large_image\" \/>\n<meta name=\"twitter:label1\" content=\"Timp estimat pentru citire\" \/>\n\t<meta name=\"twitter:data1\" content=\"5 minute\" \/>\n<!-- \/ Yoast SEO plugin. -->","yoast_head_json":{"title":"Cump\u0103ra\u021bi KO Drops Online - Knockout Drops Order - KO Drops","description":"C\u0103uta\u021bi cele mai bune pic\u0103turi de knockout pentru somn? Aici pute\u021bi cump\u0103ra pic\u0103turi KO, cump\u0103ra\u021bi pic\u0103turi KO, comanda\u021bi pic\u0103turi KO online, pic\u0103turi KO de v\u00e2nzare.","robots":{"index":"index","follow":"follow","max-snippet":"max-snippet:-1","max-image-preview":"max-image-preview:large","max-video-preview":"max-video-preview:-1"},"canonical":"https:\/\/gblexpress.com\/ro\/ko-picaturi\/","og_locale":"ro_RO","og_type":"article","og_title":"KO Tropfen Online Kaufen - Knockout Tropfen Bestellen - KO Tropfen","og_description":"Auf der Suche nach den besten Knockout-Tropfen zum Schlafen? Hier kannst du KO Tropfen kaufen, KO Tropfen kaufen, KO Tropfen online bestellen, KO Tropfen zum Verkauf.","og_url":"https:\/\/gblexpress.com\/ro\/ko-picaturi\/","og_site_name":"GBL Express","article_modified_time":"2024-06-07T10:20:31+00:00","twitter_card":"summary_large_image","twitter_misc":{"Timp estimat pentru citire":"5 minute"},"schema":{"@context":"https:\/\/schema.org","@graph":[{"@type":"WebPage","@id":"https:\/\/gblexpress.com\/ko-tropfen\/","url":"https:\/\/gblexpress.com\/ko-tropfen\/","name":"Cump\u0103ra\u021bi KO Drops Online - Knockout Drops Order - KO Drops","isPartOf":{"@id":"https:\/\/gblexpress.com\/#website"},"datePublished":"2023-01-31T08:56:25+00:00","dateModified":"2024-06-07T10:20:31+00:00","description":"C\u0103uta\u021bi cele mai bune pic\u0103turi de knockout pentru somn? Aici pute\u021bi cump\u0103ra pic\u0103turi KO, cump\u0103ra\u021bi pic\u0103turi KO, comanda\u021bi pic\u0103turi KO online, pic\u0103turi KO de v\u00e2nzare.","breadcrumb":{"@id":"https:\/\/gblexpress.com\/ko-tropfen\/#breadcrumb"},"inLanguage":"ro-RO","potentialAction":[{"@type":"ReadAction","target":["https:\/\/gblexpress.com\/ko-tropfen\/"]}]},{"@type":"BreadcrumbList","@id":"https:\/\/gblexpress.com\/ko-tropfen\/#breadcrumb","itemListElement":[{"@type":"ListItem","position":1,"name":"Home","item":"https:\/\/gblexpress.com\/"},{"@type":"ListItem","position":2,"name":"KO Tropfen Kaufen Online"}]},{"@type":"WebSite","@id":"https:\/\/gblexpress.com\/#website","url":"https:\/\/gblexpress.com\/","name":"GBL Express","description":"","publisher":{"@id":"https:\/\/gblexpress.com\/#organization"},"potentialAction":[{"@type":"SearchAction","target":{"@type":"EntryPoint","urlTemplate":"https:\/\/gblexpress.com\/?s={search_term_string}"},"query-input":{"@type":"PropertyValueSpecification","valueRequired":true,"valueName":"search_term_string"}}],"inLanguage":"ro-RO"},{"@type":"Organization","@id":"https:\/\/gblexpress.com\/#organization","name":"GBL Express","url":"https:\/\/gblexpress.com\/","logo":{"@type":"ImageObject","inLanguage":"ro-RO","@id":"https:\/\/gblexpress.com\/#\/schema\/logo\/image\/","url":"https:\/\/gblexpress.com\/wp-content\/uploads\/2023\/01\/logo.png","contentUrl":"https:\/\/gblexpress.com\/wp-content\/uploads\/2023\/01\/logo.png","width":250,"height":52,"caption":"GBL Express"},"image":{"@id":"https:\/\/gblexpress.com\/#\/schema\/logo\/image\/"}}]}},"jetpack-related-posts":[],"jetpack_sharing_enabled":true,"_links":{"self":[{"href":"https:\/\/gblexpress.com\/ro\/wp-json\/wp\/v2\/pages\/422","targetHints":{"allow":["GET"]}}],"collection":[{"href":"https:\/\/gblexpress.com\/ro\/wp-json\/wp\/v2\/pages"}],"about":[{"href":"https:\/\/gblexpress.com\/ro\/wp-json\/wp\/v2\/types\/page"}],"author":[{"embeddable":true,"href":"https:\/\/gblexpress.com\/ro\/wp-json\/wp\/v2\/users\/1"}],"replies":[{"embeddable":true,"href":"https:\/\/gblexpress.com\/ro\/wp-json\/wp\/v2\/comments?post=422"}],"version-history":[{"count":6,"href":"https:\/\/gblexpress.com\/ro\/wp-json\/wp\/v2\/pages\/422\/revisions"}],"predecessor-version":[{"id":1056,"href":"https:\/\/gblexpress.com\/ro\/wp-json\/wp\/v2\/pages\/422\/revisions\/1056"}],"wp:attachment":[{"href":"https:\/\/gblexpress.com\/ro\/wp-json\/wp\/v2\/media?parent=422"}],"curies":[{"name":"wp","href":"https:\/\/api.w.org\/{rel}","templated":true}]}}