{"id":424,"date":"2023-01-31T09:04:08","date_gmt":"2023-01-31T09:04:08","guid":{"rendered":"https:\/\/chemswell.com\/gbl\/?page_id=424"},"modified":"2024-06-07T10:17:46","modified_gmt":"2024-06-07T10:17:46","slug":"ritalin","status":"publish","type":"page","link":"https:\/\/gblexpress.com\/ro\/ritalin\/","title":{"rendered":"Cump\u0103ra\u021bi Ritalin online"},"content":{"rendered":"<section class=\"wpb_row vc_row-fluid vc_custom_1675150671160\"><div class=\"container\"><div class=\"row\"><div class=\"wpb_column vc_column_container vc_col-sm-12\"><div class=\"vc_column-inner\"><div class=\"wpb_wrapper\"  >\n\t<div class=\"wpb_text_column wpb_content_element\" >\n\t\t<div class=\"wpb_wrapper\">\n\t\t\t<h2 style=\"text-align: center; font-size: 30px;\">CUMP\u0102R\u0102 RITALIN ONLINE<\/h2>\n<h3 style=\"text-align: center;\">Cump\u0103ra\u021bi 100% GHB pur online la GBLExpress<\/h3>\n<p style=\"text-align: center; font-size: 19px;\">Vrei s\u0103 <a href=\"https:\/\/gblexpress.com\/ro\/ritalin\/\"><strong>Cump\u0103ra\u021bi Ritalin online<\/strong><\/a> \u00eentr-un mod sigur \u0219i securizat? GBL Express este solu\u021bia perfect\u0103 pentru tine. Ritalinul este un medicament eficient \u0219i esen\u021bial pentru mul\u021bi bolnavi de ADHD, dar poate fi dificil de g\u0103sit \u0219i costisitor. C\u00e2nd cumperi Ritalin<br \/>\nLa GBLExpress pute\u021bi beneficia de livrare sigur\u0103 \u0219i pre\u021buri competitive. \u00cen calitate de farmacie \u00eenregistrat\u0103, garant\u0103m c\u0103 toate produsele noastre sunt aprobate pentru pacien\u021bii cu ADHD. Deci, dac\u0103 v\u0103 \u00eentreba\u021bi de unde s\u0103 cump\u0103ra\u021bi Ritalin online, nu c\u0103uta\u021bi mai departe dec\u00e2t GBLExpress la pre\u021buri competitive! Utiliza\u021bi serviciul nostru ast\u0103zi \u0219i comanda\u021bi Ritalinul dumneavoastr\u0103 \u00een siguran\u021b\u0103 de la noi.<\/p>\n\n\t\t<\/div>\n\t<\/div>\n<div class=\"vc_btn3-container vc_btn3-center\" ><a class=\"vc_general vc_btn3 vc_btn3-size-md vc_btn3-shape-square vc_btn3-style-modern vc_btn3-color-black\" href=\"https:\/\/gblexpress.com\/ro\/magazin\/cumparati-ritalin\/\" title=\"\">Cump\u0103ra\u021bi acum<\/a><\/div><\/div><\/div><\/div><\/div><\/div><\/section><section class=\"wpb_row vc_row-fluid vc_custom_1675104750211\"><div class=\"container\"><div class=\"row\"><div class=\"wpb_column vc_column_container vc_col-sm-6\"><div class=\"vc_column-inner\"><div class=\"wpb_wrapper\"  >\n\t<div class=\"wpb_text_column wpb_content_element\" >\n\t\t<div class=\"wpb_wrapper\">\n\t\t\t<h2 style=\"text-align: justify;\">Ce este Ritalin \u0219i cum s\u0103 cump\u0103r Ritalin?<\/h2>\n<p style=\"text-align: justify;\">Dac\u0103 sunte\u021bi ca majoritatea oamenilor, cunoa\u0219te\u021bi cel pu\u021bin o persoan\u0103 care are tulburare de hiperactivitate cu deficit de aten\u021bie (ADHD). ADHD este o tulburare mental\u0103 care afecteaz\u0103 modul \u00een care o persoan\u0103 \u00ee\u0219i regleaz\u0103 aten\u021bia \u0219i comportamentul. Persoanele cu ADHD au adesea probleme \u00een a se concentra, a-\u0219i controla impulsurile. De\u0219i nu exist\u0103 un remediu unic pentru ADHD, tratamentul implic\u0103 de obicei medicamente precum Ritalin. Pute\u021bi <a href=\"https:\/\/en.wikipedia.org\/wiki\/Methylphenidate\" target=\"_blank\" rel=\"noopener\">Ritalin<\/a> pur \u0219i simplu comanda\u021bi online la GBLExpress \u0219i a\u0219tepta\u021bi livrarea \u00een scurt timp!<\/p>\n<h2 style=\"text-align: justify;\">Utilizarea \u0219i eficacitatea Ritalinului<\/h2>\n<p style=\"text-align: justify;\">Un medicament cunoscut sub numele de amfetamine, care include Ritalin, este numit un stimulent din clasa amfetaminelor. Utilizarea acestuia cre\u0219te nivelul de dopamin\u0103 din creier, rezult\u00e2nd o concentrare \u00eembun\u0103t\u0103\u021bit\u0103 \u0219i capacitatea de a acorda aten\u021bie mai mult timp. Persoanele care sufer\u0103 de ADHD apeleaz\u0103 adesea la acest medicament pentru un control mai bun al simptomelor.<\/p>\n\n\t\t<\/div>\n\t<\/div>\n\t\t\t\n\t<!-- Element: OT Button --> \n\t\t\t<a href=\"https:\/\/gblexpress.com\/ro\/magazin\/cumparati-ritalin\/\" target=\"_self\" class=\"btn btn-line-black btn-big\">Cump\u0103ra\u021bi acum<\/a>\n\t    \n<\/div><\/div><\/div><div class=\"wpb_column vc_column_container vc_col-sm-6\"><div class=\"vc_column-inner\"><div class=\"wpb_wrapper\"  >\n\t<div  class=\"wpb_single_image wpb_content_element vc_align_left\">\n\t\t\n\t\t<figure class=\"wpb_wrapper vc_figure\">\n\t\t\t<div class=\"vc_single_image-wrapper vc_box_rounded  vc_box_border_grey\"><img loading=\"lazy\" decoding=\"async\" width=\"615\" height=\"615\" src=\"https:\/\/gblexpress.com\/wp-content\/uploads\/2023\/01\/buy-ritalin-online.jpg\" class=\"vc_single_image-img attachment-full\" alt=\"Cump\u0103ra\u021bi Ritalin online\" srcset=\"https:\/\/gblexpress.com\/wp-content\/uploads\/2023\/01\/buy-ritalin-online.jpg 615w, https:\/\/gblexpress.com\/wp-content\/uploads\/2023\/01\/buy-ritalin-online-300x300.jpg 300w, https:\/\/gblexpress.com\/wp-content\/uploads\/2023\/01\/buy-ritalin-online-150x150.jpg 150w\" sizes=\"auto, (max-width: 615px) 100vw, 615px\" title=\"Cump\u0103ra\u021bi Ritalin online\" \/><\/div>\n\t\t<\/figure>\n\t<\/div>\n<\/div><\/div><\/div><\/div><\/div><\/section><section class=\"wpb_row vc_row-fluid\"><div class=\"container\"><div class=\"row\"><div class=\"wpb_column vc_column_container vc_col-sm-6\"><div class=\"vc_column-inner\"><div class=\"wpb_wrapper\"  >\n\t<div  class=\"wpb_single_image wpb_content_element vc_align_left\">\n\t\t\n\t\t<figure class=\"wpb_wrapper vc_figure\">\n\t\t\t<div class=\"vc_single_image-wrapper vc_box_rounded  vc_box_border_grey\"><img loading=\"lazy\" decoding=\"async\" width=\"615\" height=\"350\" src=\"https:\/\/gblexpress.com\/wp-content\/uploads\/2023\/01\/ritalin-tablets.jpg\" class=\"vc_single_image-img attachment-full\" alt=\"Cumpara Ritalin Tablete online\" srcset=\"https:\/\/gblexpress.com\/wp-content\/uploads\/2023\/01\/ritalin-tablets.jpg 615w, https:\/\/gblexpress.com\/wp-content\/uploads\/2023\/01\/ritalin-tablets-300x171.jpg 300w\" sizes=\"auto, (max-width: 615px) 100vw, 615px\" title=\"Cumpara Ritalin Tablete online\" \/><\/div>\n\t\t<\/figure>\n\t<\/div>\n<\/div><\/div><\/div><div class=\"wpb_column vc_column_container vc_col-sm-6\"><div class=\"vc_column-inner vc_custom_1675105084996\"><div class=\"wpb_wrapper\"  >\n\t<div class=\"wpb_text_column wpb_content_element\" >\n\t\t<div class=\"wpb_wrapper\">\n\t\t\t<h2>De ce s\u0103 cump\u0103ra\u021bi Ritalin online de la noi?<\/h2>\n<p style=\"text-align: justify;\">La GBLExpress \u00een\u021belegem importan\u021ba de a cump\u0103ra Ritalin 10mg, 20mg \u00een siguran\u021b\u0103 \u0219i \u00een siguran\u021b\u0103. De aceea oferim pre\u021buri mai mici dec\u00e2t farmaciile tradi\u021bionale, iar sistemul nostru de plat\u0103 este sigur \u0219i rapid. Personalul nostru de asisten\u021b\u0103 pentru clien\u021bi are experien\u021b\u0103 \u0219i este gata s\u0103 r\u0103spund\u0103 la orice \u00eentrebare despre acest medicament sau orice alt produs pe care \u00eel vindem.<\/p>\n<p style=\"text-align: justify;\">Indiferent dac\u0103 sunte\u021bi \u00een c\u0103utarea unui Ritalin de marc\u0103 sau generic, v\u0103 oferim acoperire - \u00een siguran\u021b\u0103 \u0219i \u00een siguran\u021b\u0103. Cump\u0103ra\u021bi Ritalin acum f\u0103r\u0103 prescrip\u021bie medical\u0103 de la GBLExpress!<\/p>\n\n\t\t<\/div>\n\t<\/div>\n\t\t\t\n\t<!-- Element: OT Button --> \n\t\t\t<a href=\"https:\/\/gblexpress.com\/ro\/magazin\/cumparati-ritalin\/\" target=\"_self\" class=\"btn btn-line-black btn-big\">Cump\u0103ra\u021bi acum<\/a>\n\t    \n<\/div><\/div><\/div><\/div><\/div><\/section><section class=\"wpb_row vc_row-fluid\"><div class=\"container\"><div class=\"row\"><div class=\"wpb_column vc_column_container vc_col-sm-12\"><div class=\"vc_column-inner\"><div class=\"wpb_wrapper\"  >\n\t<div class=\"wpb_text_column wpb_content_element\" >\n\t\t<div class=\"wpb_wrapper\">\n\t\t\t<h2 style=\"text-align: center;\">Ce face Ritalin?<\/h2>\n<p style=\"text-align: center;\">Ritalin \u00een special cre\u0219te cantitatea de dopamin\u0103 din creier \u00een dou\u0103 moduri diferite: \u00een primul r\u00e2nd, inhib\u0103 recaptarea dopaminei \u0219i, \u00een al doilea r\u00e2nd, stimuleaz\u0103 eliberarea dopaminei din celule. Aceasta \u00eenseamn\u0103 c\u0103 este disponibil\u0103 mai mult\u0103 dopamin\u0103 pentru a interac\u021biona cu receptorii din creier, ceea ce ajut\u0103 la cre\u0219terea capacit\u0103\u021bii de a se concentra \u0219i de a men\u021bine aten\u021bia pentru perioade mai lungi de timp.<\/p>\n\n\t\t<\/div>\n\t<\/div>\n<\/div><\/div><\/div><\/div><\/div><\/section><section class=\"wpb_row vc_row-fluid\"><div class=\"container\"><div class=\"row\"><div class=\"wpb_column vc_column_container vc_col-sm-12\"><div class=\"vc_column-inner\"><div class=\"wpb_wrapper\"  >\n\t<div class=\"wpb_text_column wpb_content_element\" >\n\t\t<div class=\"wpb_wrapper\">\n\t\t\t<h3 style=\"text-align: justify;\">A\u0219a func\u021bioneaz\u0103 Ritalin<\/h3>\n<p style=\"text-align: justify;\">Ritalin ac\u021bioneaz\u0103 afect\u00e2nd nivelurile anumitor substan\u021be chimice din creier, \u00een special dopamin\u0103 \u0219i norepinefrin\u0103. Ace\u0219ti neurotransmi\u021b\u0103tori joac\u0103 un rol cheie \u00een reglarea aten\u021biei, comportamentului \u0219i somnului. Ritalinul de v\u00e2nzare cre\u0219te concentra\u021bia acestor substan\u021be chimice \u00een fanta sinaptic\u0103 prin inhibarea reabsorb\u021biei lor \u00een neuroni \u0219i cre\u0219terea eliber\u0103rii lor, \u00eembun\u0103t\u0103\u021bind astfel comunicarea \u00eentre neuroni. Aceast\u0103 activitate crescut\u0103 a neurotransmi\u021b\u0103torilor ajut\u0103 la \u00eembun\u0103t\u0103\u021birea concentra\u021biei, a aten\u021biei \u0219i a controlului impulsurilor la persoanele cu ADHD \u0219i sus\u021bine vigilen\u021ba la persoanele cu narcolepsie. La GBL Express te ajut\u0103m s\u0103 cumperi Ritalin online la pre\u021buri accesibile.<\/p>\n<h3 style=\"text-align: justify;\">Dozaj si administrare<\/h3>\n<p style=\"text-align: justify;\">Ritalin este disponibil \u00een magazinul nostru Ritan \u00een diferite forme, inclusiv tablete cu eliberare imediat\u0103 \u0219i prelungit\u0103, iar doza este adaptat\u0103 nevoilor individuale ale pacientului. Forma cu eliberare imediat\u0103 este de obicei luat\u0103 de dou\u0103 p\u00e2n\u0103 la trei ori pe zi, cu 30 p\u00e2n\u0103 la 45 de minute \u00eenainte de mese. Forma cu eliberare prelungit\u0103, pe de alt\u0103 parte, este de obicei luat\u0103 o dat\u0103 pe zi diminea\u021ba. Este important s\u0103 urma\u021bi instruc\u021biunile medicului cu privire la dozare \u0219i administrare pentru a maximiza eficacitatea medicamentului \u0219i a minimiza posibilele efecte secundare.<\/p>\n<h3 style=\"text-align: justify;\">Efecte secundare \u0219i precau\u021bii<\/h3>\n<p style=\"text-align: justify;\">Efectele secundare frecvente ale Ritalin includ nervozitate, probleme cu somnul, pierderea poftei de m\u00e2ncare, sc\u0103dere \u00een greutate, ame\u021beli, grea\u021b\u0103, v\u0103rs\u0103turi \u0219i dureri de cap. Reac\u021bii adverse mai grave, de\u0219i rare, pot include palpita\u021bii ale inimii, cre\u0219terea tensiunii arteriale \u0219i modific\u0103ri mentale\/dispozi\u021biei, cum ar fi agita\u021bia, agresivitatea sau depresia. Este important ca pacien\u021bii s\u0103 discute istoricul lor medical cu medicul lor \u00eenainte de a \u00eencepe Ritalin, mai ales dac\u0103 au antecedente de probleme cardiace, boli mintale sau abuz de substan\u021be.<\/p>\n<h3 style=\"text-align: justify;\">Interac\u021biuni \u00eentre Ritalin \u0219i alte medicamente<\/h3>\n<p style=\"text-align: justify;\">Ritalinul poate interac\u021biona cu alte medicamente, f\u0103c\u00e2ndu-l mai pu\u021bin eficient sau cresc\u00e2nd riscul de reac\u021bii adverse grave. Pacien\u021bii trebuie s\u0103 spun\u0103 medicului lor despre toate medicamentele pe baz\u0103 de re\u021bet\u0103 \u0219i f\u0103r\u0103 prescrip\u021bie medical\u0103 pe care le iau, inclusiv vitamine \u0219i suplimente pe baz\u0103 de plante. Interac\u021biunile notabile includ anumite antidepresive, medicamente pentru tensiunea arterial\u0103 \u0219i anticoagulante. Alcoolul \u0219i alte stimulente ale SNC trebuie evitate \u00een timp ce lua\u021bi Ritalin pentru a preveni agravarea efectelor secundare.<\/p>\n<p style=\"text-align: justify;\"><em><strong>Comand\u0103 Ritalin online de la GBL Express \u0219i a\u0219teapt\u0103 livrarea produselor dorite \u00eentr-un timp scurt!<\/strong><\/em><\/p>\n\n\t\t<\/div>\n\t<\/div>\n<\/div><\/div><\/div><\/div><\/div><\/section><section class=\"wpb_row vc_row-fluid vc_custom_1675105544557\"><div class=\"container\"><div class=\"row\"><div class=\"wpb_column vc_column_container vc_col-sm-4\"><div class=\"vc_column-inner\"><div class=\"wpb_wrapper\"  >\n\t<div  class=\"wpb_single_image wpb_content_element vc_align_center\">\n\t\t\n\t\t<figure class=\"wpb_wrapper vc_figure\">\n\t\t\t<a href=\"https:\/\/gblexpress.com\/ro\/gbl\/\" target=\"_self\" class=\"vc_single_image-wrapper vc_box_rounded  vc_box_border_grey\"><img loading=\"lazy\" decoding=\"async\" width=\"615\" height=\"350\" src=\"https:\/\/gblexpress.com\/wp-content\/uploads\/2023\/01\/gbl-liquid.jpg\" class=\"vc_single_image-img attachment-full\" alt=\"Gamma-Butyrolactone GBL Cump\u0103ra\u021bi online\" srcset=\"https:\/\/gblexpress.com\/wp-content\/uploads\/2023\/01\/gbl-liquid.jpg 615w, https:\/\/gblexpress.com\/wp-content\/uploads\/2023\/01\/gbl-liquid-300x171.jpg 300w\" sizes=\"auto, (max-width: 615px) 100vw, 615px\" title=\"Gamma-Butyrolactone GBL Cump\u0103ra\u021bi online\" \/><\/a>\n\t\t<\/figure>\n\t<\/div>\n<h3 style=\"text-align: left\" class=\"vc_custom_heading\" ><a href=\"https:\/\/gblexpress.com\/ro\/gbl\/\">Cump\u0103ra\u021bi GBL online<\/a><\/h3>\n\t<div class=\"wpb_text_column wpb_content_element\" >\n\t\t<div class=\"wpb_wrapper\">\n\t\t\t<p style=\"text-align: justify;\">GBL Express are de-a face cu medicamentele GBL de zeci de ani \u0219i \u00een\u021belege nevoile clien\u021bilor din \u00eentreaga lume. Pute\u021bi cump\u0103ra cu u\u0219urin\u021b\u0103 GBL f\u0103r\u0103 prescrip\u021bie medical\u0103 aici.<\/p>\n\n\t\t<\/div>\n\t<\/div>\n<\/div><\/div><\/div><div class=\"wpb_column vc_column_container vc_col-sm-4\"><div class=\"vc_column-inner\"><div class=\"wpb_wrapper\"  >\n\t<div  class=\"wpb_single_image wpb_content_element vc_align_center\">\n\t\t\n\t\t<figure class=\"wpb_wrapper vc_figure\">\n\t\t\t<a href=\"https:\/\/gblexpress.com\/ro\/ghb\/\" target=\"_self\" class=\"vc_single_image-wrapper vc_box_rounded  vc_box_border_grey\"><img loading=\"lazy\" decoding=\"async\" width=\"615\" height=\"350\" src=\"https:\/\/gblexpress.com\/wp-content\/uploads\/2023\/01\/ghb-liquid.jpg\" class=\"vc_single_image-img attachment-full\" alt=\"Gamma hidroxibutirat (GHB) Cump\u0103ra\u021bi online\" srcset=\"https:\/\/gblexpress.com\/wp-content\/uploads\/2023\/01\/ghb-liquid.jpg 615w, https:\/\/gblexpress.com\/wp-content\/uploads\/2023\/01\/ghb-liquid-300x171.jpg 300w\" sizes=\"auto, (max-width: 615px) 100vw, 615px\" title=\"Gamma hidroxibutirat (GHB) Cump\u0103ra\u021bi online\" \/><\/a>\n\t\t<\/figure>\n\t<\/div>\n<h3 style=\"text-align: left\" class=\"vc_custom_heading\" ><a href=\"https:\/\/gblexpress.com\/ro\/ghb\/\">Cump\u0103ra\u021bi GBL online<\/a><\/h3>\n\t<div class=\"wpb_text_column wpb_content_element\" >\n\t\t<div class=\"wpb_wrapper\">\n\t\t\t<p style=\"text-align: justify;\">Cu disponibilitatea magazinului nostru, nu trebuie s\u0103 v\u0103 face\u021bi griji de unde s\u0103 cump\u0103ra\u021bi GHB. \u00cen magazinul nostru online pute\u021bi cump\u0103ra cu u\u0219urin\u021b\u0103 GHB f\u0103r\u0103 prescrip\u021bie medical\u0103.<\/p>\n\n\t\t<\/div>\n\t<\/div>\n<\/div><\/div><\/div><div class=\"wpb_column vc_column_container vc_col-sm-4\"><div class=\"vc_column-inner\"><div class=\"wpb_wrapper\"  >\n\t<div  class=\"wpb_single_image wpb_content_element vc_align_center\">\n\t\t\n\t\t<figure class=\"wpb_wrapper vc_figure\">\n\t\t\t<a href=\"https:\/\/gblexpress.com\/ro\/ko-picaturi\/\" target=\"_self\" class=\"vc_single_image-wrapper vc_box_rounded  vc_box_border_grey\"><img loading=\"lazy\" decoding=\"async\" width=\"615\" height=\"350\" src=\"https:\/\/gblexpress.com\/wp-content\/uploads\/2023\/01\/ko-drops.jpg\" class=\"vc_single_image-img attachment-full\" alt=\"Cump\u0103ra\u021bi KO Drops online\" srcset=\"https:\/\/gblexpress.com\/wp-content\/uploads\/2023\/01\/ko-drops.jpg 615w, https:\/\/gblexpress.com\/wp-content\/uploads\/2023\/01\/ko-drops-300x171.jpg 300w\" sizes=\"auto, (max-width: 615px) 100vw, 615px\" title=\"Cump\u0103ra\u021bi KO Drops online\" \/><\/a>\n\t\t<\/figure>\n\t<\/div>\n<h3 style=\"text-align: left\" class=\"vc_custom_heading\" ><a href=\"https:\/\/gblexpress.com\/ro\/ko-picaturi\/\">Cump\u0103ra\u021bi KO Drops online<\/a><\/h3>\n\t<div class=\"wpb_text_column wpb_content_element\" >\n\t\t<div class=\"wpb_wrapper\">\n\t\t\t<p style=\"text-align: justify;\">Magazinul nostru online v\u0103 va ajuta s\u0103 comanda\u021bi online knockout drops la cele mai bune pre\u021buri. Cu sprijinul magazinului nostru, nu trebuie s\u0103 v\u0103 face\u021bi griji de unde s\u0103 cump\u0103ra\u021bi pic\u0103turi knockout.<\/p>\n\n\t\t<\/div>\n\t<\/div>\n<\/div><\/div><\/div><\/div><\/div><\/section><section class=\"wpb_row vc_row-fluid call-to-action text-light bg-color vc_custom_1675107688125\"><div class=\"container\"><div class=\"row\"><div class=\"wpb_column vc_column_container vc_col-sm-8\"><div class=\"vc_column-inner\"><div class=\"wpb_wrapper\"  ><h3 style=\"text-align: left\" class=\"vc_custom_heading mt20\" >Solicita\u021bi o ofert\u0103 gratuit\u0103 pentru produsele noastre!<\/h3><\/div><\/div><\/div><div class=\"wpb_column vc_column_container vc_col-sm-4\"><div class=\"vc_column-inner\"><div class=\"wpb_wrapper\"  >\t\t\t\n\t<!-- Element: OT Button 2 --> \n\t<a href=\"http:\/\/gblexpress.com\/ro\/contactati-ne\/\" title=\"Solicita\u021bi acum\" target=\" _blank\" class=\"btn btn-line btn-big mt10\">Solicita\u021bi acum<\/a>\t\n<\/div><\/div><\/div><\/div><\/div><\/section>","protected":false},"excerpt":{"rendered":"CUMP\u0102R\u0102 RITALIN ONLINE Cump\u0103r\u0103 100 % Ritalin pur online la GBLExpress Vrei s\u0103 cumperi Ritalin online \u00eentr-un mod sigur \u0219i securizat? GBL Express este solu\u021bia perfect\u0103 pentru dumneavoastr\u0103. Ritalin este un medicament eficient \u0219i esen\u021bial pentru mul\u021bi pacien\u021bi cu ADHD, dar poate fi dificil de ob\u021binut \u0219i scump. Atunci c\u00e2nd cump\u0103ra\u021bi Ritalin de la GBLExpress [...]","protected":false},"author":1,"featured_media":0,"parent":0,"menu_order":0,"comment_status":"closed","ping_status":"closed","template":"page-templates\/template-fullwidth.php","meta":{"_joinchat":[],"footnotes":""},"class_list":["post-424","page","type-page","status-publish","hentry"],"yoast_head":"<!-- This site is optimized with the Yoast SEO plugin v25.4 - https:\/\/yoast.com\/wordpress\/plugins\/seo\/ -->\n<title>Ritalin Online Kaufen - Ritalin online bestellen - Ritalin tabletten<\/title>\n<meta name=\"description\" content=\"Auf der Suche nach Ritalin-Tabletten in bester Qualit\u00e4t online 10 mg, 20 mg, 30 mg? Wir sind der beste Lieferant von Ritalin. Sie k\u00f6nnen Ritalin online kaufen, Ritalin legal bestellen.\" \/>\n<meta name=\"robots\" content=\"index, follow, max-snippet:-1, max-image-preview:large, max-video-preview:-1\" \/>\n<link rel=\"canonical\" href=\"https:\/\/gblexpress.com\/ro\/ritalin\/\" \/>\n<meta property=\"og:locale\" content=\"ro_RO\" \/>\n<meta property=\"og:type\" content=\"article\" \/>\n<meta property=\"og:title\" content=\"Ritalin Online Kaufen - Ritalin online bestellen - Ritalin tabletten\" \/>\n<meta property=\"og:description\" content=\"Auf der Suche nach Ritalin-Tabletten in bester Qualit\u00e4t online 10 mg, 20 mg, 30 mg? Wir sind der beste Lieferant von Ritalin. Sie k\u00f6nnen Ritalin online kaufen, Ritalin legal bestellen.\" \/>\n<meta property=\"og:url\" content=\"https:\/\/gblexpress.com\/ro\/ritalin\/\" \/>\n<meta property=\"og:site_name\" content=\"GBL Express\" \/>\n<meta property=\"article:modified_time\" content=\"2024-06-07T10:17:46+00:00\" \/>\n<meta name=\"twitter:card\" content=\"summary_large_image\" \/>\n<meta name=\"twitter:label1\" content=\"Timp estimat pentru citire\" \/>\n\t<meta name=\"twitter:data1\" content=\"5 minute\" \/>\n<!-- \/ Yoast SEO plugin. -->","yoast_head_json":{"title":"Cumpara Ritalin Online - Comanda Ritalin Online - Ritalin comprimate","description":"C\u0103uta\u021bi cele mai bune comprimate de calitate Ritalin online 10 mg, 20 mg, 30 mg? Suntem cel mai bun furnizor de Ritalin. Pute\u021bi cump\u0103ra Ritalin online, comanda\u021bi Ritalin \u00een mod legal.","robots":{"index":"index","follow":"follow","max-snippet":"max-snippet:-1","max-image-preview":"max-image-preview:large","max-video-preview":"max-video-preview:-1"},"canonical":"https:\/\/gblexpress.com\/ro\/ritalin\/","og_locale":"ro_RO","og_type":"article","og_title":"Ritalin Online Kaufen - Ritalin online bestellen - Ritalin tabletten","og_description":"Auf der Suche nach Ritalin-Tabletten in bester Qualit\u00e4t online 10 mg, 20 mg, 30 mg? Wir sind der beste Lieferant von Ritalin. Sie k\u00f6nnen Ritalin online kaufen, Ritalin legal bestellen.","og_url":"https:\/\/gblexpress.com\/ro\/ritalin\/","og_site_name":"GBL Express","article_modified_time":"2024-06-07T10:17:46+00:00","twitter_card":"summary_large_image","twitter_misc":{"Timp estimat pentru citire":"5 minute"},"schema":{"@context":"https:\/\/schema.org","@graph":[{"@type":"WebPage","@id":"https:\/\/gblexpress.com\/ritalin\/","url":"https:\/\/gblexpress.com\/ritalin\/","name":"Cumpara Ritalin Online - Comanda Ritalin Online - Ritalin comprimate","isPartOf":{"@id":"https:\/\/gblexpress.com\/#website"},"datePublished":"2023-01-31T09:04:08+00:00","dateModified":"2024-06-07T10:17:46+00:00","description":"C\u0103uta\u021bi cele mai bune comprimate de calitate Ritalin online 10 mg, 20 mg, 30 mg? Suntem cel mai bun furnizor de Ritalin. Pute\u021bi cump\u0103ra Ritalin online, comanda\u021bi Ritalin \u00een mod legal.","breadcrumb":{"@id":"https:\/\/gblexpress.com\/ritalin\/#breadcrumb"},"inLanguage":"ro-RO","potentialAction":[{"@type":"ReadAction","target":["https:\/\/gblexpress.com\/ritalin\/"]}]},{"@type":"BreadcrumbList","@id":"https:\/\/gblexpress.com\/ritalin\/#breadcrumb","itemListElement":[{"@type":"ListItem","position":1,"name":"Home","item":"https:\/\/gblexpress.com\/"},{"@type":"ListItem","position":2,"name":"Ritalin Online Kaufen"}]},{"@type":"WebSite","@id":"https:\/\/gblexpress.com\/#website","url":"https:\/\/gblexpress.com\/","name":"GBL Express","description":"","publisher":{"@id":"https:\/\/gblexpress.com\/#organization"},"potentialAction":[{"@type":"SearchAction","target":{"@type":"EntryPoint","urlTemplate":"https:\/\/gblexpress.com\/?s={search_term_string}"},"query-input":{"@type":"PropertyValueSpecification","valueRequired":true,"valueName":"search_term_string"}}],"inLanguage":"ro-RO"},{"@type":"Organization","@id":"https:\/\/gblexpress.com\/#organization","name":"GBL Express","url":"https:\/\/gblexpress.com\/","logo":{"@type":"ImageObject","inLanguage":"ro-RO","@id":"https:\/\/gblexpress.com\/#\/schema\/logo\/image\/","url":"https:\/\/gblexpress.com\/wp-content\/uploads\/2023\/01\/logo.png","contentUrl":"https:\/\/gblexpress.com\/wp-content\/uploads\/2023\/01\/logo.png","width":250,"height":52,"caption":"GBL Express"},"image":{"@id":"https:\/\/gblexpress.com\/#\/schema\/logo\/image\/"}}]}},"jetpack-related-posts":[],"jetpack_sharing_enabled":true,"_links":{"self":[{"href":"https:\/\/gblexpress.com\/ro\/wp-json\/wp\/v2\/pages\/424","targetHints":{"allow":["GET"]}}],"collection":[{"href":"https:\/\/gblexpress.com\/ro\/wp-json\/wp\/v2\/pages"}],"about":[{"href":"https:\/\/gblexpress.com\/ro\/wp-json\/wp\/v2\/types\/page"}],"author":[{"embeddable":true,"href":"https:\/\/gblexpress.com\/ro\/wp-json\/wp\/v2\/users\/1"}],"replies":[{"embeddable":true,"href":"https:\/\/gblexpress.com\/ro\/wp-json\/wp\/v2\/comments?post=424"}],"version-history":[{"count":9,"href":"https:\/\/gblexpress.com\/ro\/wp-json\/wp\/v2\/pages\/424\/revisions"}],"predecessor-version":[{"id":1055,"href":"https:\/\/gblexpress.com\/ro\/wp-json\/wp\/v2\/pages\/424\/revisions\/1055"}],"wp:attachment":[{"href":"https:\/\/gblexpress.com\/ro\/wp-json\/wp\/v2\/media?parent=424"}],"curies":[{"name":"wp","href":"https:\/\/api.w.org\/{rel}","templated":true}]}}