{"id":1238,"date":"2024-11-26T05:39:48","date_gmt":"2024-11-26T05:39:48","guid":{"rendered":"https:\/\/gblexpress.com\/?post_type=product&#038;p=1238"},"modified":"2026-02-27T10:34:49","modified_gmt":"2026-02-27T10:34:49","slug":"mefedron","status":"publish","type":"product","link":"https:\/\/gblexpress.com\/ro\/produs-2\/mefedron\/","title":{"rendered":"MefeDron"},"content":{"rendered":"<h2><strong>Cump\u0103ra\u021bi Mefedron: Totul despre efect, dozare \u0219i cump\u0103rare online \u00een siguran\u021b\u0103<\/strong><\/h2>\n<p><strong>Mefedron<\/strong>cunoscut\u0103 \u0219i ca 4-MMC, este o substan\u021b\u0103 sintetic\u0103 popular\u0103 cunoscut\u0103 pentru efectele sale stimulante \u0219i euforice. Mul\u021bi utilizatori caut\u0103 \u00een special <a href=\"https:\/\/en.wikipedia.org\/wiki\/Mephedrone\"><strong>Cristale Mefedron<\/strong><\/a> sau <strong>Pulbere Mefedron<\/strong>pentru a experimenta energie, concentrare \u0219i experien\u021be intense. Dac\u0103 <a href=\"https:\/\/gblexpress.com\/ro\/produs-2\/mefedron\/\"><strong>Cump\u0103r\u0103 Mefedron<\/strong><\/a>este important s\u0103 se cunoasc\u0103 doza corect\u0103, efectul \u0219i sursele sigure de aprovizionare<a href=\"https:\/\/gblexpress.com\/ro\/magazin\/uscat-cooked-ghb-500-grame\/\">.<\/a><\/p>\n<h3><strong>Ce este Mefedron?<\/strong><\/h3>\n<p>Mefedrona apar\u021bine clasei chimice a catinonelor \u0219i este adesea utilizat\u0103 ca drog de petrecere. Este cunoscut pentru capacitatea sa de a promova euforia, vigilen\u021ba \u0219i percep\u021bia senzorial\u0103 crescut\u0103. Mefedrona este adesea oferit\u0103 \u00een urm\u0103toarele forme:<\/p>\n<ul>\n<li><strong>Cristale Mefedron:<\/strong> Pur \u0219i ideal pentru dozare flexibil\u0103.<\/li>\n<li><strong>Pulbere Mefedron:<\/strong> U\u0219or de utilizat \u0219i dozare versatil\u0103<a href=\"https:\/\/cokebricks.com\/product\/alprazolam\/\">.<\/a><\/li>\n<\/ul>\n<h3><strong>Efectul de Mefedron<\/strong><\/h3>\n<p>The <strong>Efectul Mefedron<\/strong> apare de obicei \u00eentre 15 \u0219i 45 de minute dup\u0103 ingestie \u0219i poate dura p\u00e2n\u0103 la 3 ore. Efectele tipice sunt<\/p>\n<ul>\n<li><strong>Euforie:<\/strong> Un sentiment puternic de fericire \u0219i o cre\u0219tere a \u00eencrederii \u00een sine.<\/li>\n<li><strong>Cre\u0219tere a energiei:<\/strong> Mai mult\u0103 activitate fizic\u0103 \u0219i mental\u0103.<\/li>\n<li><strong>\u00cembun\u0103t\u0103\u021birea interac\u021biunii sociale:<\/strong> Sentimentul de apropiere \u0219i deschidere fa\u021b\u0103 de ceilal\u021bi.<\/li>\n<li><strong>Percep\u021bie mai intens\u0103:<\/strong> Reac\u021bii mai puternice la lumin\u0103, muzic\u0103 \u0219i atingere.<\/li>\n<\/ul>\n<h3><strong>Dozajul de Mefedron<\/strong><\/h3>\n<p>Dreptul <strong>Doza Mefedron<\/strong> este esen\u021bial\u0103 pentru o experien\u021b\u0103 pozitiv\u0103:<\/p>\n<ul>\n<li><strong>\u00cencep\u0103tori:<\/strong> 100-150 mg<\/li>\n<li><strong>Utilizatori experimenta\u021bi:<\/strong> 150-250 mg<\/li>\n<li><strong>Post-dosare:<\/strong> 50-100 mg dup\u0103 cel pu\u021bin 2 ore.<\/li>\n<\/ul>\n<p>Este important s\u0103 consuma\u021bi Mefedron \u00eentr-un mediu sigur \u0219i s\u0103 asigura\u021bi o hidratare adecvat\u0103.<\/p>\n<h3><strong>Riscuri \u0219i securitate<\/strong><\/h3>\n<p>De\u0219i Mefedron este adesea perceput ca fiind sigur, pot ap\u0103rea efecte secundare, \u00een special la doze mai mari sau utilizare frecvent\u0103:<\/p>\n<ul>\n<li><strong>Efecte secundare pe termen scurt:<\/strong> Transpira\u021bie, cre\u0219terea ritmului cardiac, grea\u021b\u0103.<\/li>\n<li><strong>Riscuri pe termen lung:<\/strong> Tulbur\u0103ri de somn, anxietate sau dependen\u021b\u0103.<\/li>\n<\/ul>\n<p>Evita\u021bi utilizarea \u00een amestec cu alte substan\u021be pentru a minimiza efectele secundare nedorite.<\/p>\n<h3><strong>Cump\u0103ra\u021bi Mefedron \u00een siguran\u021b\u0103 online<\/strong><\/h3>\n<p>daca tu <strong>Cump\u0103ra\u021bi Mefedron online<\/strong>s\u0103 acorde aten\u021bie:<\/p>\n<ul>\n<li><strong>Livrare discret\u0103:<\/strong> Ambalare securizat\u0103 \u0219i anonim\u0103.<\/li>\n<li><strong>Calitate testat\u0103:<\/strong> Puritate garantat\u0103 \u0219i informa\u021bii clare privind dozajul.<\/li>\n<li><strong>Comand\u0103 simpl\u0103:<\/strong> Comanda\u021bi rapid \u0219i u\u0219or.<\/li>\n<\/ul>\n<p>Platforma noastr\u0103 v\u0103 ofer\u0103 aceast\u0103 oportunitate, <strong>Cristale sau pulbere Mefedron<\/strong> \u00een siguran\u021b\u0103 online. Ave\u021bi \u00eencredere \u00een produsele de \u00eenalt\u0103 calitate \u0219i \u00een livrarea fiabil\u0103.<\/p>\n<h3><strong>Cump\u0103ra\u021bi Mefedron acum<\/strong><\/h3>\n<p>Experimenta\u021bi efectele unice ale <strong>Mefedron<\/strong>. Fie c\u0103 prefera\u021bi cristale sau pulbere - pute\u021bi comanda \u00een siguran\u021b\u0103 \u0219i discret de la noi. Descoperi\u021bi beneficiile unui produs care ofer\u0103 energie, euforie \u0219i experien\u021be intense. <strong>Comanda\u021bi Mefedron online ast\u0103zi.<\/strong><\/p>","protected":false},"excerpt":{"rendered":"<p><strong>Mefedron\u0103<\/strong>cunoscut \u0219i ca <strong>MefeDron<\/strong> sau <strong>4-Metilmetcatinon\u0103 (4-MMC)<\/strong>este o substan\u021b\u0103 sintetic\u0103 din clasa cathinone. Cunoscut\u0103 pentru propriet\u0103\u021bile sale stimulante \u0219i empatice, este <strong>Mefedron\u0103<\/strong> este adesea utilizat \u00een cercetare pentru a studia efectul s\u0103u asupra sistemului nervos central \u0219i a neurotransmi\u021b\u0103torilor precum dopamina \u0219i serotonina.<\/p>\n<p><strong>Cum func\u021bioneaz\u0103 mefedrona?<\/strong><br \/>\nMefedrona cre\u0219te eliberarea de <strong>Dopamina<\/strong> \u0219i <strong>Serotonina<\/strong> \u0219i, \u00een acela\u0219i timp, inhib\u0103 recaptarea acestora. Acest lucru duce la cre\u0219terea activit\u0103\u021bii neuronale, care se manifest\u0103 prin euforie, energie sporit\u0103 \u0219i percep\u021bie senzorial\u0103 intens\u0103.<\/p>\n<ul>\n<li><strong>Efecte:<\/strong> Energie crescut\u0103, euforie, interac\u021biune social\u0103 sporit\u0103 \u0219i percep\u021bii senzoriale \u00eembun\u0103t\u0103\u021bite.<\/li>\n<li><strong>Debutul efectului:<\/strong> 15-45 de minute dup\u0103 ingestie.<\/li>\n<li><strong>Durata efectului:<\/strong> 2-4 ore, \u00een func\u021bie de doz\u0103.<\/li>\n<\/ul>\n<p><strong>Formul\u0103 \u0219i propriet\u0103\u021bi<\/strong><\/p>\n<ul>\n<li><strong>Denumire chimic\u0103:<\/strong> 4-Metilmetcatinon\u0103<\/li>\n<li><strong>Formul\u0103 molecular\u0103:<\/strong> C11H15NO<\/li>\n<li><strong>Greutate molecular\u0103:<\/strong> 177,25 g\/mol<\/li>\n<\/ul>","protected":false},"featured_media":1254,"comment_status":"open","ping_status":"closed","template":"","meta":{"_joinchat":[]},"product_brand":[],"product_cat":[246],"product_tag":[592,593,615,591,595,590,602,610,604,609,600,608,616,601,618,594,607,599,597,598,596,611,606,605,617,612,613,603,614],"class_list":{"0":"post-1238","1":"product","2":"type-product","3":"status-publish","4":"has-post-thumbnail","6":"product_cat-sex-meth","7":"product_tag-4-methylmethcathinon","8":"product_tag-4-mmc","9":"product_tag-4-mmc-kaufen","10":"product_tag-mefedron","11":"product_tag-mefedron-bestellen","12":"product_tag-mephedron","13":"product_tag-mephedron-anwendung","14":"product_tag-mephedron-chemikalien","15":"product_tag-mephedron-dosierung","16":"product_tag-mephedron-fuer-apotheken","17":"product_tag-mephedron-fuer-forschung","18":"product_tag-mephedron-fuer-labore","19":"product_tag-mephedron-fuer-wissenschaftliche-studien","20":"product_tag-mephedron-grosshandel","21":"product_tag-mephedron-in-deutschland-kaufen","22":"product_tag-mephedron-kaufen","23":"product_tag-mephedron-lagerung","24":"product_tag-mephedron-legal-kaufen","25":"product_tag-mephedron-lieferant","26":"product_tag-mephedron-online-kaufen","27":"product_tag-mephedron-preis","28":"product_tag-mephedron-reinheit","29":"product_tag-mephedron-risiken","30":"product_tag-mephedron-sicherheitsrichtlinien","31":"product_tag-mephedron-testsubstanzen","32":"product_tag-mephedron-vertrieb","33":"product_tag-mephedron-weltweit-bestellen","34":"product_tag-mephedron-wirkung","35":"product_tag-wo-mephedron-kaufen","37":"first","38":"instock","39":"shipping-taxable","40":"purchasable","41":"product-type-variable"},"yoast_head":"<!-- This site is optimized with the Yoast SEO plugin v25.4 - https:\/\/yoast.com\/wordpress\/plugins\/seo\/ -->\n<title>MepheDrone online kaufen - MepheDrone zum Verkauf<\/title>\n<meta name=\"description\" content=\"In unserem Gblexpress Online-Shop bieten wir Mefedron an. Sie k\u00f6nnen Mefedron in Top-Qualit\u00e4t bequem online zu besten Preisen kaufen. Jetzt bestellen!\" \/>\n<meta name=\"robots\" content=\"index, follow, max-snippet:-1, max-image-preview:large, max-video-preview:-1\" \/>\n<link rel=\"canonical\" href=\"https:\/\/gblexpress.com\/ro\/produs-2\/mefedron\/\" \/>\n<meta property=\"og:locale\" content=\"ro_RO\" \/>\n<meta property=\"og:type\" content=\"article\" \/>\n<meta property=\"og:title\" content=\"MepheDrone online kaufen - MepheDrone zum Verkauf\" \/>\n<meta property=\"og:description\" content=\"In unserem Gblexpress Online-Shop bieten wir Mefedron an. Sie k\u00f6nnen Mefedron in Top-Qualit\u00e4t bequem online zu besten Preisen kaufen. Jetzt bestellen!\" \/>\n<meta property=\"og:url\" content=\"https:\/\/gblexpress.com\/ro\/produs-2\/mefedron\/\" \/>\n<meta property=\"og:site_name\" content=\"GBL Express\" \/>\n<meta property=\"article:modified_time\" content=\"2026-02-27T10:34:49+00:00\" \/>\n<meta property=\"og:image\" content=\"https:\/\/gblexpress.com\/wp-content\/uploads\/2024\/11\/mefedron-2.gif\" \/>\n\t<meta property=\"og:image:width\" content=\"600\" \/>\n\t<meta property=\"og:image:height\" content=\"600\" \/>\n\t<meta property=\"og:image:type\" content=\"image\/gif\" \/>\n<meta name=\"twitter:card\" content=\"summary_large_image\" \/>\n<meta name=\"twitter:label1\" content=\"Timp estimat pentru citire\" \/>\n\t<meta name=\"twitter:data1\" content=\"2 minute\" \/>\n<!-- \/ Yoast SEO plugin. -->","yoast_head_json":{"title":"Cump\u0103ra\u021bi MepheDrone online - MepheDrone de v\u00e2nzare","description":"\u00cen magazinul nostru online Gblexpress oferim Mefedron. Pute\u021bi cump\u0103ra online Mefedron de cea mai bun\u0103 calitate, la cele mai bune pre\u021buri. Comanda acum!","robots":{"index":"index","follow":"follow","max-snippet":"max-snippet:-1","max-image-preview":"max-image-preview:large","max-video-preview":"max-video-preview:-1"},"canonical":"https:\/\/gblexpress.com\/ro\/produs-2\/mefedron\/","og_locale":"ro_RO","og_type":"article","og_title":"MepheDrone online kaufen - MepheDrone zum Verkauf","og_description":"In unserem Gblexpress Online-Shop bieten wir Mefedron an. Sie k\u00f6nnen Mefedron in Top-Qualit\u00e4t bequem online zu besten Preisen kaufen. Jetzt bestellen!","og_url":"https:\/\/gblexpress.com\/ro\/produs-2\/mefedron\/","og_site_name":"GBL Express","article_modified_time":"2026-02-27T10:34:49+00:00","og_image":[{"width":600,"height":600,"url":"https:\/\/gblexpress.com\/wp-content\/uploads\/2024\/11\/mefedron-2.gif","type":"image\/gif"}],"twitter_card":"summary_large_image","twitter_misc":{"Timp estimat pentru citire":"2 minute"},"schema":{"@context":"https:\/\/schema.org","@graph":[{"@type":"WebPage","@id":"https:\/\/gblexpress.com\/product\/mefedron\/","url":"https:\/\/gblexpress.com\/product\/mefedron\/","name":"Cump\u0103ra\u021bi MepheDrone online - MepheDrone de v\u00e2nzare","isPartOf":{"@id":"https:\/\/gblexpress.com\/#website"},"primaryImageOfPage":{"@id":"https:\/\/gblexpress.com\/product\/mefedron\/#primaryimage"},"image":{"@id":"https:\/\/gblexpress.com\/product\/mefedron\/#primaryimage"},"thumbnailUrl":"https:\/\/gblexpress.com\/wp-content\/uploads\/2024\/11\/mefedron-2.gif","datePublished":"2024-11-26T05:39:48+00:00","dateModified":"2026-02-27T10:34:49+00:00","description":"\u00cen magazinul nostru online Gblexpress oferim Mefedron. Pute\u021bi cump\u0103ra online Mefedron de cea mai bun\u0103 calitate, la cele mai bune pre\u021buri. Comanda acum!","breadcrumb":{"@id":"https:\/\/gblexpress.com\/product\/mefedron\/#breadcrumb"},"inLanguage":"ro-RO","potentialAction":[{"@type":"ReadAction","target":["https:\/\/gblexpress.com\/product\/mefedron\/"]}]},{"@type":"ImageObject","inLanguage":"ro-RO","@id":"https:\/\/gblexpress.com\/product\/mefedron\/#primaryimage","url":"https:\/\/gblexpress.com\/wp-content\/uploads\/2024\/11\/mefedron-2.gif","contentUrl":"https:\/\/gblexpress.com\/wp-content\/uploads\/2024\/11\/mefedron-2.gif","width":600,"height":600,"caption":"mefedron online kaufen"},{"@type":"BreadcrumbList","@id":"https:\/\/gblexpress.com\/product\/mefedron\/#breadcrumb","itemListElement":[{"@type":"ListItem","position":1,"name":"Home","item":"https:\/\/gblexpress.com\/"},{"@type":"ListItem","position":2,"name":"Shop","item":"https:\/\/gblexpress.com\/shop\/"},{"@type":"ListItem","position":3,"name":"MefeDron"}]},{"@type":"WebSite","@id":"https:\/\/gblexpress.com\/#website","url":"https:\/\/gblexpress.com\/","name":"GBL Express","description":"","publisher":{"@id":"https:\/\/gblexpress.com\/#organization"},"potentialAction":[{"@type":"SearchAction","target":{"@type":"EntryPoint","urlTemplate":"https:\/\/gblexpress.com\/?s={search_term_string}"},"query-input":{"@type":"PropertyValueSpecification","valueRequired":true,"valueName":"search_term_string"}}],"inLanguage":"ro-RO"},{"@type":"Organization","@id":"https:\/\/gblexpress.com\/#organization","name":"GBL Express","url":"https:\/\/gblexpress.com\/","logo":{"@type":"ImageObject","inLanguage":"ro-RO","@id":"https:\/\/gblexpress.com\/#\/schema\/logo\/image\/","url":"https:\/\/gblexpress.com\/wp-content\/uploads\/2023\/01\/logo.png","contentUrl":"https:\/\/gblexpress.com\/wp-content\/uploads\/2023\/01\/logo.png","width":250,"height":52,"caption":"GBL Express"},"image":{"@id":"https:\/\/gblexpress.com\/#\/schema\/logo\/image\/"}}]}},"jetpack-related-posts":[],"jetpack_sharing_enabled":true,"_links":{"self":[{"href":"https:\/\/gblexpress.com\/ro\/wp-json\/wp\/v2\/product\/1238","targetHints":{"allow":["GET"]}}],"collection":[{"href":"https:\/\/gblexpress.com\/ro\/wp-json\/wp\/v2\/product"}],"about":[{"href":"https:\/\/gblexpress.com\/ro\/wp-json\/wp\/v2\/types\/product"}],"replies":[{"embeddable":true,"href":"https:\/\/gblexpress.com\/ro\/wp-json\/wp\/v2\/comments?post=1238"}],"wp:featuredmedia":[{"embeddable":true,"href":"https:\/\/gblexpress.com\/ro\/wp-json\/wp\/v2\/media\/1254"}],"wp:attachment":[{"href":"https:\/\/gblexpress.com\/ro\/wp-json\/wp\/v2\/media?parent=1238"}],"wp:term":[{"taxonomy":"product_brand","embeddable":true,"href":"https:\/\/gblexpress.com\/ro\/wp-json\/wp\/v2\/product_brand?post=1238"},{"taxonomy":"product_cat","embeddable":true,"href":"https:\/\/gblexpress.com\/ro\/wp-json\/wp\/v2\/product_cat?post=1238"},{"taxonomy":"product_tag","embeddable":true,"href":"https:\/\/gblexpress.com\/ro\/wp-json\/wp\/v2\/product_tag?post=1238"}],"curies":[{"name":"wp","href":"https:\/\/api.w.org\/{rel}","templated":true}]}}