{"id":1239,"date":"2024-11-26T05:39:52","date_gmt":"2024-11-26T05:39:52","guid":{"rendered":"https:\/\/gblexpress.com\/?post_type=product&#038;p=1239"},"modified":"2026-02-28T09:26:03","modified_gmt":"2026-02-28T09:26:03","slug":"metamfetamina","status":"publish","type":"product","link":"https:\/\/gblexpress.com\/ro\/produs-2\/metamfetamina\/","title":{"rendered":"Metamfetamina"},"content":{"rendered":"<h2><strong>Metamfetamin Online kaufen: Alles \u00fcber Wirkung, Dosierung und sicheren\u00a0<\/strong><\/h2>\n<p><a href=\"https:\/\/gblexpress.com\/ro\/produs-2\/metamfetamina\/\"><strong>Metamfetamina<\/strong><\/a>cunoscut\u0103 \u0219i sub numele de crystal meth, este un stimulent puternic cunoscut pentru efectele sale energizante \u0219i euforice intense. Multe persoane caut\u0103 \u00een mod special <a href=\"https:\/\/en.wikipedia.org\/wiki\/Esketamine\"><strong>Cristale de metamfetamin\u0103<\/strong><\/a> sau <strong>Metamfetamin\u0103 pulbere<\/strong>pentru a experimenta energie de lung\u0103 durat\u0103 \u0219i vigilen\u021b\u0103 sporit\u0103. Dac\u0103 <strong>Cumpara Metamfetamine<\/strong>este esen\u021bial s\u0103 se cunoasc\u0103 efectul, dozajul \u0219i m\u0103surile de siguran\u021b\u0103<a href=\"https:\/\/gblexprimer.com\/product\/lsd-kwas\/\">.<\/a><\/p>\n<h3><strong>Ce este metamfetamina?<\/strong><\/h3>\n<p>Metamfetamina este un compus chimic care ac\u021bioneaz\u0103 asupra sistemului nervos central. Acesta este adesea oferit \u00een urm\u0103toarele forme:<\/p>\n<ul>\n<li><strong>Cristale de metamfetamin\u0103:<\/strong> Form\u0103 de \u00eenalt\u0103 puritate cunoscut\u0103 pentru un efect puternic \u0219i de lung\u0103 durat\u0103<a href=\"https:\/\/gblexpress.com\/ro\/magazin\/gbl-cumparare-online-butirolactona-cumparare\/\">.<\/a><\/li>\n<li><strong>Pulbere de metamfetamin\u0103:<\/strong> Dozare flexibil\u0103 \u0219i u\u0219or de utilizat.<\/li>\n<\/ul>\n<p>Substan\u021ba este adesea apreciat\u0103 pentru propriet\u0103\u021bile sale stimulatoare, dar \u0219i pentru capacitatea sa de a cre\u0219te vigilen\u021ba \u0219i performan\u021ba fizic\u0103.<\/p>\n<h3><strong>Efectul metamfetaminei<\/strong><\/h3>\n<p>The <strong>Efectul metamfetaminei<\/strong> apare de obicei \u00een c\u00e2teva minute de la ingestie (mai rapid dac\u0103 este inhalat sau injectat) \u0219i poate dura p\u00e2n\u0103 la 12 ore. Cele mai frecvente efecte includ:<\/p>\n<ul>\n<li><strong>Energie extrem\u0103:<\/strong> Senza\u021bie de performan\u021b\u0103 fizic\u0103 \u0219i mental\u0103 crescut\u0103.<\/li>\n<li><strong>Euforie:<\/strong> Un high intens care dureaz\u0103 mult timp.<\/li>\n<li><strong>Concentrare \u0219i vigilen\u021b\u0103:<\/strong> \u00cembun\u0103t\u0103\u021birea concentr\u0103rii \u0219i a aten\u021biei.<\/li>\n<li><strong>Suprimarea oboselii:<\/strong> Ideal pentru perioade mai lungi de veghe sau activit\u0103\u021bi.<\/li>\n<\/ul>\n<h3><strong>Dozajul de metamfetamin\u0103<\/strong><\/h3>\n<p>Dreptul <strong>Doza de metamfetamin\u0103<\/strong> variaz\u0103 \u00een func\u021bie de experien\u021b\u0103 \u0219i de metoda de aplicare:<\/p>\n<ul>\n<li><strong>\u00cencep\u0103tori:<\/strong> 5-10 mg<\/li>\n<li><strong>Utilizatori experimenta\u021bi:<\/strong> 10-25 mg<\/li>\n<li><strong>Doz\u0103 mare:<\/strong> De la 25 mg (numai pentru utilizatorii foarte experimenta\u021bi, deoarece riscul de efecte secundare cre\u0219te).<\/li>\n<\/ul>\n<p>Este important s\u0103 o lua\u021bi \u00eentr-un mod controlat \u0219i s\u0103 nu supradoza\u021bi pentru a evita efectele secundare nedorite.<\/p>\n<h3><strong>Riscuri \u0219i securitate<\/strong><\/h3>\n<p>Metamfetamina este o substan\u021b\u0103 puternic\u0103 \u0219i trebuie utilizat\u0103 cu precau\u021bie. Reac\u021biile adverse posibile sunt:<\/p>\n<ul>\n<li><strong>Efecte secundare pe termen scurt:<\/strong> Palpita\u021bii, cre\u0219terea tensiunii arteriale, pierderea apetitului.<\/li>\n<li><strong>Riscuri pe termen lung:<\/strong> Dependen\u021b\u0103, tulbur\u0103ri de somn, nervozitate sau stres psihologic.<\/li>\n<\/ul>\n<p>Un loc sigur de consum \u0219i un aport suficient de lichide sunt esen\u021biale pentru a minimiza efectele negative.<\/p>\n<h3><strong>Cump\u0103ra\u021bi metamfetamin\u0103 \u00een siguran\u021b\u0103 online<\/strong><\/h3>\n<p>La <strong>Cumpara metamfetamina online<\/strong> ar trebui s\u0103 c\u0103uta\u021bi o surs\u0103 de \u00eencredere care garanteaz\u0103 calitatea \u0219i discre\u021bia. Platforma noastr\u0103 ofer\u0103:<\/p>\n<ul>\n<li><strong>Livrare discret\u0103:<\/strong> Ambalate anonim \u0219i \u00een siguran\u021b\u0103.<\/li>\n<li><strong>Puritate testat\u0103:<\/strong> Produse de cea mai \u00eenalt\u0103 calitate, cu informa\u021bii clare privind dozajul.<\/li>\n<li><strong>Comand\u0103 simpl\u0103:<\/strong> Cump\u0103ra\u021bi cristale sau pulbere de metamfetamin\u0103 rapid \u0219i u\u0219or.<\/li>\n<\/ul>\n<h3><strong>Cump\u0103ra\u021bi Metamfetamine acum<\/strong><\/h3>\n<p>Experimenta\u021bi efectele intense ale <strong>Metamfetamina<\/strong>. Fie c\u0103 prefera\u021bi cristale sau pudr\u0103, pute\u021bi comanda \u00een siguran\u021b\u0103 \u0219i discret online cu noi. Descoperi\u021bi un produs cunoscut pentru energia sa extrem\u0103, euforie \u0219i vigilen\u021b\u0103. <strong>Comanda\u021bi Metamfetamina online ast\u0103zi \u0219i bucura\u021bi-v\u0103 de o experien\u021b\u0103 unic\u0103.<\/strong><\/p>","protected":false},"excerpt":{"rendered":"<p><strong>Metamfetamina<\/strong>cunoscut \u0219i ca <strong>Metamfetamin\u0103<\/strong>este un stimulent puternic al sistemului nervos central (SNC) din clasa fenetilaminelor. Cunoscut pentru capacitatea sa de a cre\u0219te energia \u0219i concentrarea, este <strong>Metamfetamina<\/strong> este un subiect important de cercetare \u00een neuro\u0219tiin\u021be \u0219i farmacologie, \u00een special pentru investigarea neurotransmi\u021b\u0103torilor dopamin\u0103 \u0219i noradrenalin\u0103.<\/p>\n<p><strong>Cum func\u021bioneaz\u0103 Metamfetamina?<\/strong><br \/>\n<strong>Metamfetamina<\/strong> cre\u0219te eliberarea de <strong>Dopamina<\/strong>, <strong>Noradrenalin\u0103<\/strong> \u0219i <strong>Serotonina<\/strong> \u00een creier, inhib\u00e2nd \u00een acela\u0219i timp recaptarea acestora. Acest lucru duce la o activitate neuronal\u0103 intens\u0103, o vigilen\u021b\u0103 crescut\u0103 \u0219i euforie.<\/p>\n<ul>\n<li><strong>Efecte:<\/strong> Energie crescut\u0103, concentrare crescut\u0103, euforie \u0219i vigilen\u021b\u0103.<\/li>\n<li><strong>Debutul efectului:<\/strong> 10-30 de minute dup\u0103 ingestie.<\/li>\n<li><strong>Durata efectului:<\/strong> 6-12 ore, \u00een func\u021bie de doz\u0103 \u0219i de factorii individuali.<\/li>\n<\/ul>\n<p><strong>Formul\u0103 \u0219i propriet\u0103\u021bi<\/strong><\/p>\n<ul>\n<li><strong>Denumire chimic\u0103:<\/strong> N-metil-1-fenilpropan-2-amin\u0103<\/li>\n<li><strong>Formul\u0103 molecular\u0103:<\/strong> C10H15N<\/li>\n<li><strong>Greutate molecular\u0103:<\/strong> 149,24 g\/mol<\/li>\n<\/ul>","protected":false},"featured_media":1625,"comment_status":"open","ping_status":"closed","template":"","meta":{"_joinchat":[]},"product_brand":[],"product_cat":[246],"product_tag":[621,619,631,623,633,646,628,630,641,629,645,636,625,626,624,637,635,634,638,639,640,632,620,642,622,627,643,644],"class_list":{"0":"post-1239","1":"product","2":"type-product","3":"status-publish","4":"has-post-thumbnail","6":"product_cat-sex-meth","7":"product_tag-metamfetamina","8":"product_tag-metamphetamin","9":"product_tag-metamphetamin-anwendung","10":"product_tag-metamphetamin-bestellen","11":"product_tag-metamphetamin-dosierung","12":"product_tag-metamphetamin-fuer-apotheken","13":"product_tag-metamphetamin-fuer-forschung","14":"product_tag-metamphetamin-fuer-labore","15":"product_tag-metamphetamin-fuer-wissenschaftliche-studien","16":"product_tag-metamphetamin-grosshandel","17":"product_tag-metamphetamin-in-deutschland-kaufen","18":"product_tag-metamphetamin-lagerung","19":"product_tag-metamphetamin-lieferant","20":"product_tag-metamphetamin-online-kaufen","21":"product_tag-metamphetamin-preis","22":"product_tag-metamphetamin-reinheit","23":"product_tag-metamphetamin-risiken","24":"product_tag-metamphetamin-sicherheitsrichtlinien","25":"product_tag-metamphetamin-testsubstanzen","26":"product_tag-metamphetamin-vertrieb","27":"product_tag-metamphetamin-weltweit-bestellen","28":"product_tag-metamphetamin-wirkung","29":"product_tag-methamphetamin","30":"product_tag-methamphetamin-chemikalien","31":"product_tag-methamphetamin-kaufen","32":"product_tag-methamphetamin-legal-kaufen","33":"product_tag-methamphetamin-pulver-kaufen","34":"product_tag-wo-metamphetamin-kaufen","36":"first","37":"instock","38":"shipping-taxable","39":"purchasable","40":"product-type-variable"},"yoast_head":"<!-- This site is optimized with the Yoast SEO plugin v25.4 - https:\/\/yoast.com\/wordpress\/plugins\/seo\/ -->\n<title>Methamphetamin online kaufen \u2013 Methamphetamin zu verkaufen<\/title>\n<meta name=\"description\" content=\"Wenn Sie sich f\u00fcr Metamfetamin begeistern, ist unser Shop der beste Ort, um Metamfetamin online zu kaufen. Hier erhalten Sie Metamfetamin zum besten Preis. Bestellen Sie jetzt und erhalten Sie es in K\u00fcrze!\" \/>\n<meta name=\"robots\" content=\"index, follow, max-snippet:-1, max-image-preview:large, max-video-preview:-1\" \/>\n<link rel=\"canonical\" href=\"https:\/\/gblexpress.com\/ro\/produs-2\/metamfetamina\/\" \/>\n<meta property=\"og:locale\" content=\"ro_RO\" \/>\n<meta property=\"og:type\" content=\"article\" \/>\n<meta property=\"og:title\" content=\"Methamphetamin online kaufen \u2013 Methamphetamin zu verkaufen\" \/>\n<meta property=\"og:description\" content=\"Wenn Sie sich f\u00fcr Metamfetamin begeistern, ist unser Shop der beste Ort, um Metamfetamin online zu kaufen. Hier erhalten Sie Metamfetamin zum besten Preis. Bestellen Sie jetzt und erhalten Sie es in K\u00fcrze!\" \/>\n<meta property=\"og:url\" content=\"https:\/\/gblexpress.com\/ro\/produs-2\/metamfetamina\/\" \/>\n<meta property=\"og:site_name\" content=\"GBL Express\" \/>\n<meta property=\"article:modified_time\" content=\"2026-02-28T09:26:03+00:00\" \/>\n<meta property=\"og:image\" content=\"https:\/\/gblexpress.com\/wp-content\/uploads\/2024\/11\/Metamfetamina.jpg\" \/>\n\t<meta property=\"og:image:width\" content=\"600\" \/>\n\t<meta property=\"og:image:height\" content=\"600\" \/>\n\t<meta property=\"og:image:type\" content=\"image\/jpeg\" \/>\n<meta name=\"twitter:card\" content=\"summary_large_image\" \/>\n<meta name=\"twitter:label1\" content=\"Timp estimat pentru citire\" \/>\n\t<meta name=\"twitter:data1\" content=\"2 minute\" \/>\n<!-- \/ Yoast SEO plugin. -->","yoast_head_json":{"title":"Cump\u0103ra\u021bi metamfetamina online \u2013 Metamfetamina de v\u00e2nzare","description":"Dac\u0103 sunte\u021bi pasionat de metamfetamina, magazinul nostru este cel mai bun loc pentru a cump\u0103ra metamfetamina online. Aici pute\u021bi ob\u021bine metamfetamina la cel mai bun pre\u021b. Comanda acum si primeste-l in curand!","robots":{"index":"index","follow":"follow","max-snippet":"max-snippet:-1","max-image-preview":"max-image-preview:large","max-video-preview":"max-video-preview:-1"},"canonical":"https:\/\/gblexpress.com\/ro\/produs-2\/metamfetamina\/","og_locale":"ro_RO","og_type":"article","og_title":"Methamphetamin online kaufen \u2013 Methamphetamin zu verkaufen","og_description":"Wenn Sie sich f\u00fcr Metamfetamin begeistern, ist unser Shop der beste Ort, um Metamfetamin online zu kaufen. Hier erhalten Sie Metamfetamin zum besten Preis. Bestellen Sie jetzt und erhalten Sie es in K\u00fcrze!","og_url":"https:\/\/gblexpress.com\/ro\/produs-2\/metamfetamina\/","og_site_name":"GBL Express","article_modified_time":"2026-02-28T09:26:03+00:00","og_image":[{"width":600,"height":600,"url":"https:\/\/gblexpress.com\/wp-content\/uploads\/2024\/11\/Metamfetamina.jpg","type":"image\/jpeg"}],"twitter_card":"summary_large_image","twitter_misc":{"Timp estimat pentru citire":"2 minute"},"schema":{"@context":"https:\/\/schema.org","@graph":[{"@type":"WebPage","@id":"https:\/\/gblexpress.com\/product\/metamfetamina\/","url":"https:\/\/gblexpress.com\/product\/metamfetamina\/","name":"Cump\u0103ra\u021bi metamfetamina online \u2013 Metamfetamina de v\u00e2nzare","isPartOf":{"@id":"https:\/\/gblexpress.com\/#website"},"primaryImageOfPage":{"@id":"https:\/\/gblexpress.com\/product\/metamfetamina\/#primaryimage"},"image":{"@id":"https:\/\/gblexpress.com\/product\/metamfetamina\/#primaryimage"},"thumbnailUrl":"https:\/\/gblexpress.com\/wp-content\/uploads\/2024\/11\/Metamfetamina.jpg","datePublished":"2024-11-26T05:39:52+00:00","dateModified":"2026-02-28T09:26:03+00:00","description":"Dac\u0103 sunte\u021bi pasionat de metamfetamina, magazinul nostru este cel mai bun loc pentru a cump\u0103ra metamfetamina online. Aici pute\u021bi ob\u021bine metamfetamina la cel mai bun pre\u021b. Comanda acum si primeste-l in curand!","breadcrumb":{"@id":"https:\/\/gblexpress.com\/product\/metamfetamina\/#breadcrumb"},"inLanguage":"ro-RO","potentialAction":[{"@type":"ReadAction","target":["https:\/\/gblexpress.com\/product\/metamfetamina\/"]}]},{"@type":"ImageObject","inLanguage":"ro-RO","@id":"https:\/\/gblexpress.com\/product\/metamfetamina\/#primaryimage","url":"https:\/\/gblexpress.com\/wp-content\/uploads\/2024\/11\/Metamfetamina.jpg","contentUrl":"https:\/\/gblexpress.com\/wp-content\/uploads\/2024\/11\/Metamfetamina.jpg","width":600,"height":600,"caption":"Metamfetamina online kaufen"},{"@type":"BreadcrumbList","@id":"https:\/\/gblexpress.com\/product\/metamfetamina\/#breadcrumb","itemListElement":[{"@type":"ListItem","position":1,"name":"Home","item":"https:\/\/gblexpress.com\/"},{"@type":"ListItem","position":2,"name":"Shop","item":"https:\/\/gblexpress.com\/shop\/"},{"@type":"ListItem","position":3,"name":"Metamfetamina"}]},{"@type":"WebSite","@id":"https:\/\/gblexpress.com\/#website","url":"https:\/\/gblexpress.com\/","name":"GBL Express","description":"","publisher":{"@id":"https:\/\/gblexpress.com\/#organization"},"potentialAction":[{"@type":"SearchAction","target":{"@type":"EntryPoint","urlTemplate":"https:\/\/gblexpress.com\/?s={search_term_string}"},"query-input":{"@type":"PropertyValueSpecification","valueRequired":true,"valueName":"search_term_string"}}],"inLanguage":"ro-RO"},{"@type":"Organization","@id":"https:\/\/gblexpress.com\/#organization","name":"GBL Express","url":"https:\/\/gblexpress.com\/","logo":{"@type":"ImageObject","inLanguage":"ro-RO","@id":"https:\/\/gblexpress.com\/#\/schema\/logo\/image\/","url":"https:\/\/gblexpress.com\/wp-content\/uploads\/2023\/01\/logo.png","contentUrl":"https:\/\/gblexpress.com\/wp-content\/uploads\/2023\/01\/logo.png","width":250,"height":52,"caption":"GBL Express"},"image":{"@id":"https:\/\/gblexpress.com\/#\/schema\/logo\/image\/"}}]}},"jetpack-related-posts":[],"jetpack_sharing_enabled":true,"_links":{"self":[{"href":"https:\/\/gblexpress.com\/ro\/wp-json\/wp\/v2\/product\/1239","targetHints":{"allow":["GET"]}}],"collection":[{"href":"https:\/\/gblexpress.com\/ro\/wp-json\/wp\/v2\/product"}],"about":[{"href":"https:\/\/gblexpress.com\/ro\/wp-json\/wp\/v2\/types\/product"}],"replies":[{"embeddable":true,"href":"https:\/\/gblexpress.com\/ro\/wp-json\/wp\/v2\/comments?post=1239"}],"wp:featuredmedia":[{"embeddable":true,"href":"https:\/\/gblexpress.com\/ro\/wp-json\/wp\/v2\/media\/1625"}],"wp:attachment":[{"href":"https:\/\/gblexpress.com\/ro\/wp-json\/wp\/v2\/media?parent=1239"}],"wp:term":[{"taxonomy":"product_brand","embeddable":true,"href":"https:\/\/gblexpress.com\/ro\/wp-json\/wp\/v2\/product_brand?post=1239"},{"taxonomy":"product_cat","embeddable":true,"href":"https:\/\/gblexpress.com\/ro\/wp-json\/wp\/v2\/product_cat?post=1239"},{"taxonomy":"product_tag","embeddable":true,"href":"https:\/\/gblexpress.com\/ro\/wp-json\/wp\/v2\/product_tag?post=1239"}],"curies":[{"name":"wp","href":"https:\/\/api.w.org\/{rel}","templated":true}]}}