{"id":1259,"date":"2024-11-26T07:54:51","date_gmt":"2024-11-26T07:54:51","guid":{"rendered":"https:\/\/gblexpress.com\/?post_type=product&#038;p=1259"},"modified":"2026-02-27T10:32:15","modified_gmt":"2026-02-27T10:32:15","slug":"leki-uspokajajace","status":"publish","type":"product","link":"https:\/\/gblexpress.com\/ro\/produs-2\/leki-uspokajajace\/","title":{"rendered":"Leki Uspokajajace"},"content":{"rendered":"<h2><strong>Cump\u0103ra\u021bi tranchilizante: Leki Uspokajaj\u0105ce pentru relaxare \u0219i reducerea stresului<\/strong><\/h2>\n<p><a href=\"https:\/\/de.wikipedia.org\/wiki\/Lorazepam\"><strong>Leki Uspokajaj\u0105ce<\/strong><\/a>o categorie de tranchilizante, este din ce \u00een ce mai c\u0103utat\u0103 de persoanele care caut\u0103 o solu\u021bie pentru gestionarea stresului, reducerea anxiet\u0103\u021bii sau un somn mai bun. Dac\u0103 v\u0103 <a href=\"https:\/\/gblexpress.com\/ro\/produs-2\/leki-uspokajajace\/\"><strong>Cump\u0103ra\u021bi tranchilizante<\/strong><\/a>cum ar fi Leki Uspokajaj\u0105ce, este important s\u0103 cunoa\u0219te\u021bi efectele, utilizarea \u00een siguran\u021b\u0103 \u0219i beneficiile acestor produse<a href=\"https:\/\/gblexpress.com\/ro\/magazin\/ketamina\/\">.<\/a><\/p>\n<h3><strong>Ce sunt Leki Uspokajaj\u0105ce?<\/strong><\/h3>\n<p>Leki Uspokajaj\u0105ce sunt tranchilizante care au fost special dezvoltate pentru a ameliora stresul, anxietatea \u0219i problemele de somn. Acestea ac\u021bioneaz\u0103 asupra sistemului nervos central pentru a ob\u021bine un efect calmant \u0219i pentru a relaxa mintea<a href=\"https:\/\/gblexprimer.com\/product\/ketamine-inresa-20-x-2-ml-100-mg-ml-ketamine\/\">.<\/a><\/p>\n<h3><strong>Avantajele Leki Uspokajaj\u0105ce<\/strong><\/h3>\n<p><strong>1. reducerea stresului \u0219i relaxarea<\/strong><br \/>\nLeki Uspokajaj\u0105ce ajut\u0103 la reducerea rapid\u0103 a simptomelor stresului. Efectul calmant relaxeaz\u0103 organismul \u0219i promoveaz\u0103 un sentiment general de bun\u0103stare.<\/p>\n<p><strong>2. ajut\u0103 la rezolvarea problemelor de somn<\/strong><br \/>\nMul\u021bi oameni folosesc aceste tranchilizante pentru a promova un somn odihnitor \u00een caz de insomnie sau alte tulbur\u0103ri de somn.<\/p>\n<p><strong>3. gestionarea anxiet\u0103\u021bii<\/strong><br \/>\nLeki Uspokajaj\u0105ce sunt ideale pentru ameliorarea anxiet\u0103\u021bii acute \u0219i restabilirea echilibrului emo\u021bional.<\/p>\n<p><strong>4. aplicare flexibil\u0103<\/strong><br \/>\nMedicamentul este disponibil sub diferite forme, inclusiv tablete, pic\u0103turi sau capsule, astfel \u00eenc\u00e2t s\u0103 poat\u0103 fi personalizat.<\/p>\n<h3><strong>Aplicarea Leki Uspokajaj\u0105ce<\/strong><\/h3>\n<ul>\n<li><strong>Dozaj:<\/strong> Doza corect\u0103 depinde de severitatea simptomelor \u0219i de toleran\u021ba individual\u0103. Citi\u021bi cu aten\u021bie instruc\u021biunile sau consulta\u021bi un expert.<\/li>\n<li><strong>Aport regulat:<\/strong> Consumul regulat poate fi util pentru stresul cronic sau tulbur\u0103rile de somn.<\/li>\n<li><strong>Efect:<\/strong> Efectul calmant apare adesea \u00eentr-un timp scurt \u0219i dureaz\u0103 c\u00e2teva ore.<\/li>\n<\/ul>\n<h3><strong>Cump\u0103ra\u021bi Leki Uspokajaj\u0105ce \u00een siguran\u021b\u0103 online<\/strong><\/h3>\n<p>daca tu <strong>Cump\u0103ra\u021bi tranchilizante online<\/strong>ar trebui s\u0103 acorda\u021bi aten\u021bie unei platforme de \u00eencredere. Noi v\u0103 oferim:<\/p>\n<ul>\n<li><strong>Livrare discret\u0103:<\/strong> Comanda dvs. va fi livrat\u0103 anonim \u0219i ambalat\u0103 \u00een siguran\u021b\u0103.<\/li>\n<li><strong>Calitate testat\u0103:<\/strong> Produsele noastre \u00eendeplinesc cele mai \u00eenalte standarde de calitate.<\/li>\n<li><strong>Comand\u0103 simpl\u0103:<\/strong> Cu doar c\u00e2teva clicuri pute\u021bi cump\u0103ra Leki Uspokajaj\u0105ce \u00een siguran\u021b\u0103 \u0219i u\u0219or online.<\/li>\n<\/ul>\n<h3><strong>\u00centreb\u0103ri frecvente de c\u0103utare \u0219i cuvinte-cheie<\/strong><\/h3>\n<ul>\n<li>Cump\u0103r\u0103 Leki Uspokajaj\u0105ce online<\/li>\n<li>Efect sedativ \u0219i aplicare<\/li>\n<li>Leki Uspokajaj\u0105ce pentru probleme de somn<\/li>\n<li>Sedativ \u00eempotriva stresului<\/li>\n<li>Livrarea discret\u0103 a <a href=\"https:\/\/www.bing.com\/search?q=Heroinonlinekaufen&amp;qs=n&amp;form=QBRE&amp;sp=-1&amp;lq=0&amp;pq=heroinonlinekaufen&amp;sc=0-20&amp;sk=&amp;cvid=F6823772BC774DBC94E09229BF2C64B2&amp;ghsh=0&amp;ghacc=0&amp;ghpl=\">Leki Uspokajaj\u0105ce<\/a><\/li>\n<li>Comanda\u021bi tranchilizante \u00een siguran\u021b\u0103<\/li>\n<li>Leki Uspokajaj\u0105ce Compar\u0103 pre\u021bul<\/li>\n<\/ul>\n<h3><strong>Comand\u0103 Leki Uspokajaj\u0105ce acum<\/strong><\/h3>\n<p>G\u0103si\u021bi lini\u0219te \u0219i relaxare cu <strong>Leki Uspokajaj\u0105ce<\/strong>. Comanda\u021bi online ast\u0103zi \u0219i beneficia\u021bi de un produs cunoscut pentru efectul s\u0103u calmant \u0219i pentru calitatea sa ridicat\u0103. Fie c\u0103 dori\u021bi s\u0103 reduce\u021bi stresul, s\u0103 \u00eembun\u0103t\u0103\u021bi\u021bi somnul sau s\u0103 calma\u021bi anxietatea, aceste tranchilizante ofer\u0103 o solu\u021bie fiabil\u0103. \u00cencepe\u021bi acum \u0219i experimenta\u021bi un nou echilibru \u00een via\u021ba dvs. de zi cu zi.<\/p>","protected":false},"excerpt":{"rendered":"<p><strong>Tranchilizante<\/strong>de asemenea, ca <strong>Sedative<\/strong> sau <strong>Anxiolitice<\/strong> sunt medicamente utilizate pentru a atenua stresul, anxietatea \u0219i tulbur\u0103rile de somn. Acestea ac\u021bioneaz\u0103 direct asupra sistemului nervos central (SNC) pentru a reduce activitatea neuronal\u0103, a promova calmul \u0219i a permite relaxarea odihnitoare. Ace\u0219ti agen\u021bi sunt utiliza\u021bi at\u00e2t \u00een medicin\u0103, c\u00e2t \u0219i \u00een cercetare pentru a \u00een\u021belege mai bine mecanismele neurotransmi\u021b\u0103torilor.<\/p>\n<p><strong>Cum ac\u021bioneaz\u0103 tranchilizantele?<\/strong><br \/>\nTranchilizantele cresc efectul acidului gamma-aminobutiric (<strong>GABA<\/strong>), un neurotransmi\u021b\u0103tor inhibitor \u00een creier. Aceasta duce la o reducere a activit\u0103\u021bii neuronale \u0219i promoveaz\u0103 o stare de relaxare.<\/p>\n<ul>\n<li><strong>Efecte:<\/strong> Reducerea anxiet\u0103\u021bii, relaxarea muscular\u0103, promovarea somnului.<\/li>\n<li><strong>Debutul efectului:<\/strong> 20 de minute p\u00e2n\u0103 la 1 or\u0103 dup\u0103 ingestie.<\/li>\n<li><strong>Durata efectului:<\/strong> \u00cen func\u021bie de preparat \u0219i doz\u0103, c\u00e2teva ore.<\/li>\n<\/ul>\n<p><strong>Formul\u0103 \u0219i exemple<\/strong><\/p>\n<ul>\n<li><strong>Benzodiazepine:<\/strong> Diazepam (C16H13ClN2O), Lorazepam (C15H10Cl2N2O2) - tranchilizare rapid\u0103 \u0219i eficient\u0103.<\/li>\n<li><strong>Barbiturice:<\/strong> Fenobarbital - utilizat frecvent \u00een neurologie \u0219i pentru cercetare.<\/li>\n<\/ul>","protected":false},"featured_media":1620,"comment_status":"open","ping_status":"closed","template":"","meta":{"_joinchat":[]},"product_brand":[],"product_cat":[246],"product_tag":[512,509,499,519,506,520,517,523,524,518,521,522,532,526,515,508,516,507,531,525,529,528,530,505,503,513,514,510,500,511,504,501,502,527],"class_list":{"0":"post-1259","1":"product","2":"type-product","3":"status-publish","4":"has-post-thumbnail","6":"product_cat-sex-meth","7":"product_tag-alprazolam","8":"product_tag-benzodiazepine-kaufen","9":"product_tag-beruhigungsmittel","10":"product_tag-beruhigungsmittel-anwendung","11":"product_tag-beruhigungsmittel-bestellen","12":"product_tag-beruhigungsmittel-dosierung","13":"product_tag-beruhigungsmittel-fuer-angst","14":"product_tag-beruhigungsmittel-fuer-apotheken","15":"product_tag-beruhigungsmittel-fuer-labore","16":"product_tag-beruhigungsmittel-fuer-schlaflosigkeit","17":"product_tag-beruhigungsmittel-fuer-stressabbau","18":"product_tag-beruhigungsmittel-grosshandel","19":"product_tag-beruhigungsmittel-in-deutschland-kaufen","20":"product_tag-beruhigungsmittel-lagerung","21":"product_tag-beruhigungsmittel-legal-kaufen","22":"product_tag-beruhigungsmittel-lieferant","23":"product_tag-beruhigungsmittel-ohne-rezept","24":"product_tag-beruhigungsmittel-preis","25":"product_tag-beruhigungsmittel-risiken","26":"product_tag-beruhigungsmittel-sicherheit","27":"product_tag-beruhigungsmittel-vertrieb","28":"product_tag-beruhigungsmittel-weltweit-bestellen","29":"product_tag-beruhigungsmittel-wirkung","30":"product_tag-beruhigungsprodukte-kaufen","31":"product_tag-beruhigungstabletten","32":"product_tag-bromazepam","33":"product_tag-clonazepam","34":"product_tag-diazepam","35":"product_tag-leki-uspokajajace","36":"product_tag-lorazepam","37":"product_tag-schlafmittel","38":"product_tag-sedativa","39":"product_tag-tranquilizer","40":"product_tag-wo-beruhigungsmittel-kaufen","42":"first","43":"instock","44":"shipping-taxable","45":"product-type-simple"},"yoast_head":"<!-- This site is optimized with the Yoast SEO plugin v25.4 - https:\/\/yoast.com\/wordpress\/plugins\/seo\/ -->\n<title>Beruhigungsmittel online kaufen \u2013 Beruhigungsmittel zu verkaufen<\/title>\n<meta name=\"description\" content=\"Bei Gblexpress erhalten Sie Leki Uspokajajace g\u00fcnstig. Hier k\u00f6nnen Sie hochwertige Leki Uspokajajace jetzt online in unserem Shop mit schnellem und sicherem Versand kaufen. Jetzt bestellen!\" \/>\n<meta name=\"robots\" content=\"index, follow, max-snippet:-1, max-image-preview:large, max-video-preview:-1\" \/>\n<link rel=\"canonical\" href=\"https:\/\/gblexpress.com\/ro\/produs-2\/leki-uspokajajace\/\" \/>\n<meta property=\"og:locale\" content=\"ro_RO\" \/>\n<meta property=\"og:type\" content=\"article\" \/>\n<meta property=\"og:title\" content=\"Beruhigungsmittel online kaufen \u2013 Beruhigungsmittel zu verkaufen\" \/>\n<meta property=\"og:description\" content=\"Bei Gblexpress erhalten Sie Leki Uspokajajace g\u00fcnstig. Hier k\u00f6nnen Sie hochwertige Leki Uspokajajace jetzt online in unserem Shop mit schnellem und sicherem Versand kaufen. Jetzt bestellen!\" \/>\n<meta property=\"og:url\" content=\"https:\/\/gblexpress.com\/ro\/produs-2\/leki-uspokajajace\/\" \/>\n<meta property=\"og:site_name\" content=\"GBL Express\" \/>\n<meta property=\"article:modified_time\" content=\"2026-02-27T10:32:15+00:00\" \/>\n<meta property=\"og:image\" content=\"https:\/\/gblexpress.com\/wp-content\/uploads\/2024\/11\/Leki-Uspokajajace.jpg\" \/>\n\t<meta property=\"og:image:width\" content=\"600\" \/>\n\t<meta property=\"og:image:height\" content=\"600\" \/>\n\t<meta property=\"og:image:type\" content=\"image\/jpeg\" \/>\n<meta name=\"twitter:card\" content=\"summary_large_image\" \/>\n<meta name=\"twitter:label1\" content=\"Timp estimat pentru citire\" \/>\n\t<meta name=\"twitter:data1\" content=\"2 minute\" \/>\n<!-- \/ Yoast SEO plugin. -->","yoast_head_json":{"title":"Cump\u0103ra\u021bi tranchilizante online \u2013 tranchilizante de v\u00e2nzare","description":"La Gblexpress pute\u021bi ob\u021bine Leki Uspokajajace la un pre\u021b mic. Aici pute\u021bi cump\u0103ra Leki Uspokajajace de \u00eenalt\u0103 calitate online din magazinul nostru, cu livrare rapid\u0103 \u0219i sigur\u0103. Comanda acum!","robots":{"index":"index","follow":"follow","max-snippet":"max-snippet:-1","max-image-preview":"max-image-preview:large","max-video-preview":"max-video-preview:-1"},"canonical":"https:\/\/gblexpress.com\/ro\/produs-2\/leki-uspokajajace\/","og_locale":"ro_RO","og_type":"article","og_title":"Beruhigungsmittel online kaufen \u2013 Beruhigungsmittel zu verkaufen","og_description":"Bei Gblexpress erhalten Sie Leki Uspokajajace g\u00fcnstig. Hier k\u00f6nnen Sie hochwertige Leki Uspokajajace jetzt online in unserem Shop mit schnellem und sicherem Versand kaufen. Jetzt bestellen!","og_url":"https:\/\/gblexpress.com\/ro\/produs-2\/leki-uspokajajace\/","og_site_name":"GBL Express","article_modified_time":"2026-02-27T10:32:15+00:00","og_image":[{"width":600,"height":600,"url":"https:\/\/gblexpress.com\/wp-content\/uploads\/2024\/11\/Leki-Uspokajajace.jpg","type":"image\/jpeg"}],"twitter_card":"summary_large_image","twitter_misc":{"Timp estimat pentru citire":"2 minute"},"schema":{"@context":"https:\/\/schema.org","@graph":[{"@type":"WebPage","@id":"https:\/\/gblexpress.com\/product\/leki-uspokajajace\/","url":"https:\/\/gblexpress.com\/product\/leki-uspokajajace\/","name":"Cump\u0103ra\u021bi tranchilizante online \u2013 tranchilizante de v\u00e2nzare","isPartOf":{"@id":"https:\/\/gblexpress.com\/#website"},"primaryImageOfPage":{"@id":"https:\/\/gblexpress.com\/product\/leki-uspokajajace\/#primaryimage"},"image":{"@id":"https:\/\/gblexpress.com\/product\/leki-uspokajajace\/#primaryimage"},"thumbnailUrl":"https:\/\/gblexpress.com\/wp-content\/uploads\/2024\/11\/Leki-Uspokajajace.jpg","datePublished":"2024-11-26T07:54:51+00:00","dateModified":"2026-02-27T10:32:15+00:00","description":"La Gblexpress pute\u021bi ob\u021bine Leki Uspokajajace la un pre\u021b mic. Aici pute\u021bi cump\u0103ra Leki Uspokajajace de \u00eenalt\u0103 calitate online din magazinul nostru, cu livrare rapid\u0103 \u0219i sigur\u0103. Comanda acum!","breadcrumb":{"@id":"https:\/\/gblexpress.com\/product\/leki-uspokajajace\/#breadcrumb"},"inLanguage":"ro-RO","potentialAction":[{"@type":"ReadAction","target":["https:\/\/gblexpress.com\/product\/leki-uspokajajace\/"]}]},{"@type":"ImageObject","inLanguage":"ro-RO","@id":"https:\/\/gblexpress.com\/product\/leki-uspokajajace\/#primaryimage","url":"https:\/\/gblexpress.com\/wp-content\/uploads\/2024\/11\/Leki-Uspokajajace.jpg","contentUrl":"https:\/\/gblexpress.com\/wp-content\/uploads\/2024\/11\/Leki-Uspokajajace.jpg","width":600,"height":600,"caption":"Leki-Uspokajajace online kaufen"},{"@type":"BreadcrumbList","@id":"https:\/\/gblexpress.com\/product\/leki-uspokajajace\/#breadcrumb","itemListElement":[{"@type":"ListItem","position":1,"name":"Home","item":"https:\/\/gblexpress.com\/"},{"@type":"ListItem","position":2,"name":"Shop","item":"https:\/\/gblexpress.com\/shop\/"},{"@type":"ListItem","position":3,"name":"Leki Uspokajajace"}]},{"@type":"WebSite","@id":"https:\/\/gblexpress.com\/#website","url":"https:\/\/gblexpress.com\/","name":"GBL Express","description":"","publisher":{"@id":"https:\/\/gblexpress.com\/#organization"},"potentialAction":[{"@type":"SearchAction","target":{"@type":"EntryPoint","urlTemplate":"https:\/\/gblexpress.com\/?s={search_term_string}"},"query-input":{"@type":"PropertyValueSpecification","valueRequired":true,"valueName":"search_term_string"}}],"inLanguage":"ro-RO"},{"@type":"Organization","@id":"https:\/\/gblexpress.com\/#organization","name":"GBL Express","url":"https:\/\/gblexpress.com\/","logo":{"@type":"ImageObject","inLanguage":"ro-RO","@id":"https:\/\/gblexpress.com\/#\/schema\/logo\/image\/","url":"https:\/\/gblexpress.com\/wp-content\/uploads\/2023\/01\/logo.png","contentUrl":"https:\/\/gblexpress.com\/wp-content\/uploads\/2023\/01\/logo.png","width":250,"height":52,"caption":"GBL Express"},"image":{"@id":"https:\/\/gblexpress.com\/#\/schema\/logo\/image\/"}}]}},"jetpack-related-posts":[],"jetpack_sharing_enabled":true,"_links":{"self":[{"href":"https:\/\/gblexpress.com\/ro\/wp-json\/wp\/v2\/product\/1259","targetHints":{"allow":["GET"]}}],"collection":[{"href":"https:\/\/gblexpress.com\/ro\/wp-json\/wp\/v2\/product"}],"about":[{"href":"https:\/\/gblexpress.com\/ro\/wp-json\/wp\/v2\/types\/product"}],"replies":[{"embeddable":true,"href":"https:\/\/gblexpress.com\/ro\/wp-json\/wp\/v2\/comments?post=1259"}],"wp:featuredmedia":[{"embeddable":true,"href":"https:\/\/gblexpress.com\/ro\/wp-json\/wp\/v2\/media\/1620"}],"wp:attachment":[{"href":"https:\/\/gblexpress.com\/ro\/wp-json\/wp\/v2\/media?parent=1259"}],"wp:term":[{"taxonomy":"product_brand","embeddable":true,"href":"https:\/\/gblexpress.com\/ro\/wp-json\/wp\/v2\/product_brand?post=1259"},{"taxonomy":"product_cat","embeddable":true,"href":"https:\/\/gblexpress.com\/ro\/wp-json\/wp\/v2\/product_cat?post=1259"},{"taxonomy":"product_tag","embeddable":true,"href":"https:\/\/gblexpress.com\/ro\/wp-json\/wp\/v2\/product_tag?post=1259"}],"curies":[{"name":"wp","href":"https:\/\/api.w.org\/{rel}","templated":true}]}}