{"id":1262,"date":"2024-11-26T08:00:50","date_gmt":"2024-11-26T08:00:50","guid":{"rendered":"https:\/\/gblexpress.com\/?post_type=product&#038;p=1262"},"modified":"2026-02-24T11:30:35","modified_gmt":"2026-02-24T11:30:35","slug":"amfetamina","status":"publish","type":"product","link":"https:\/\/gblexpress.com\/ro\/produs-2\/amfetamina\/","title":{"rendered":"Amfetamina"},"content":{"rendered":"<h2><strong>Amfetamina online Kaufen: Maximieren Sie Ihre Konzentration und Produktivit\u00e4t<\/strong><\/h2>\n<p>Amfetamina ist ein bekanntes Mittel, das h\u00e4ufig verwendet wird, um die Konzentration zu steigern, den Fokus zu verbessern und die Symptome von ADHS zu behandeln. Wenn Sie auf der Suche nach einer effektiven L\u00f6sung sind, um Ihre kognitiven F\u00e4higkeiten zu verbessern oder Ihre Produktivit\u00e4t zu steigern, ist Amfetamina die ideale Wahl <a href=\"https:\/\/gblexpress.com\/ro\/produs-2\/amfetamina\/\">Cump\u0103ra\u021bi Amfetamina online<\/a><a href=\"https:\/\/gblexpress.com\/ro\/magazin\/gbl-cumparare-online-butirolactona-cumparare\/\">.<\/a><\/p>\n<h3><strong>De ce s\u0103 alege\u021bi Amfetamina?<\/strong><\/h3>\n<p><strong>1. amfetamina pentru focalizare \u0219i concentrare<\/strong><br \/>\nAmfetamina ac\u021bioneaz\u0103 direct asupra sistemului nervos central \u0219i ajut\u0103 la cre\u0219terea concentr\u0103rii \u0219i a focaliz\u0103rii mentale. Este un suport excelent \u00een special pentru studen\u021bi sau profesioni\u0219ti care doresc s\u0103 \u00ee\u0219i maximizeze eficien\u021ba<a href=\"https:\/\/cokebricks.com\/product\/fishscale-cocaine\/\">.<\/a><\/p>\n<p><strong>2. amfetamina pentru tratamentul ADHD<\/strong><br \/>\nAmfetamina este adesea utilizat\u0103 \u00een tratamentul ADHD, deoarece ajut\u0103 la reducerea simptomelor precum neaten\u021bia, impulsivitatea \u0219i hiperactivitatea. Acest lucru le permite celor afecta\u021bi s\u0103 se concentreze mai bine asupra sarcinilor \u0219i s\u0103 \u00ee\u0219i ating\u0103 obiectivele.<\/p>\n<p><strong>3. dozare eficient\u0103 \u0219i efect rapid<\/strong><br \/>\nCu o doz\u0103 corect\u0103 de Amfetamina, pute\u021bi ob\u021bine rezultate rapide. Este disponibil sub form\u0103 de tablete, ceea ce \u00eel face u\u0219or \u0219i discret de utilizat. Afla\u021bi despre doza corect\u0103 pentru a ob\u021bine cele mai bune rezultate.<\/p>\n<p><strong>4. amfetamina pentru studiu \u0219i productivitate<\/strong><br \/>\nAmfetamina este adesea c\u0103utat\u0103 de persoanele care doresc s\u0103 \u00ee\u0219i \u00eembun\u0103t\u0103\u021beasc\u0103 performan\u021ba mental\u0103, \u00een special \u00een timpul perioadelor stresante, cum ar fi examenele sau perioadele intense de munc\u0103. V\u0103 ajut\u0103 s\u0103 r\u0103m\u00e2ne\u021bi concentra\u021bi pentru mai mult timp \u0219i s\u0103 lucra\u021bi mai eficient.<\/p>\n<p><strong>De unde pute\u021bi cump\u0103ra Amfetamina?<\/strong><\/p>\n<p>Mul\u021bi utilizatori caut\u0103 op\u021biuni sigure \u0219i fiabile, <a href=\"https:\/\/en.wikipedia.org\/wiki\/Amphetamine\"><strong>Cump\u0103ra\u021bi Amfetamina online<\/strong><\/a>. \u00cen farmacia noastr\u0103 online pute\u021bi comanda Amfetamina f\u0103r\u0103 prescrip\u021bie medical\u0103 \u0219i beneficia\u021bi de livrare rapid\u0103. Serviciul nostru v\u0103 ofer\u0103 op\u021biuni simple de comand\u0103 \u0219i ambalare discret\u0103 pentru a v\u0103 proteja intimitatea.<\/p>\n<p><strong>Cereri frecvente de c\u0103utare din partea utilizatorilor no\u0219tri<\/strong><\/p>\n<ol>\n<li><strong>Cump\u0103ra\u021bi Amfetamina online<\/strong><\/li>\n<li><strong>Compara\u021bi pre\u021bul Amfetamina<\/strong><\/li>\n<li><strong>Doza Amfetamina pentru ADHD<\/strong><\/li>\n<li><strong>Amfetamina pentru focalizare \u0219i concentrare<\/strong><\/li>\n<li><strong>Comanda ieftin Amfetamina<\/strong><\/li>\n<li><strong>Cump\u0103ra\u021bi Amfetamina f\u0103r\u0103 prescrip\u021bie medical\u0103<\/strong><\/li>\n<li><strong>Amfetamina pentru studiu \u0219i productivitate<\/strong><\/li>\n<\/ol>\n<h3><strong>C\u00e2t de sigur\u0103 este Amfetamina?<\/strong><\/h3>\n<p>Utilizarea corect\u0103 a Amfetaminei este crucial\u0103 pentru a ob\u021bine beneficii maxime \u0219i a minimiza efectele secundare. Afla\u021bi despre posibilele <strong>Amfetamina efecte secundare<\/strong> \u0219i respecta\u021bi doza recomandat\u0103. Cu o utilizare responsabil\u0103, v\u0103 pute\u021bi atinge obiectivele \u00een siguran\u021b\u0103.<\/p>\n<h3><strong>Comanda\u021bi Amfetamina acum<\/strong><\/h3>\n<p>Face\u021bi primul pas c\u0103tre mai mult\u0103 concentrare \u0219i productivitate. <strong>Comanda Amfetamina online<\/strong> \u0219i beneficia\u021bi de livrare rapid\u0103 \u0219i de \u00eencredere. Descoperi\u021bi c\u00e2t de u\u0219or este s\u0103 v\u0103 cre\u0219te\u021bi performan\u021ba mental\u0103 \u0219i s\u0103 v\u0103 st\u0103p\u00e2ni\u021bi provoc\u0103rile zilnice cu mai mult\u0103 energie \u0219i claritate.<\/p>","protected":false},"excerpt":{"rendered":"<p><strong>Amfetamina<\/strong>un stimulent puternic al <strong>Clasa fenetilamin\u0103<\/strong>este adesea utilizat pentru a trata tulburarea de deficit de aten\u021bie\/hiperactivitate (ADHD) \u0219i narcolepsia. Este, de asemenea, un subiect important de cercetare \u00een neuro\u0219tiin\u021be \u0219i farmacologie pentru a \u00een\u021belege efectul stimulentelor asupra func\u021biilor cognitive, motiva\u021biei \u0219i mecanismelor neurologice.<\/p>\n<p><strong>Cum func\u021bioneaz\u0103 Amfetamina?<\/strong><br \/>\nAmfetamina cre\u0219te eliberarea de <strong>Dopamina<\/strong> \u0219i <strong>Noradrenalin\u0103<\/strong> \u00een creier \u0219i, \u00een acela\u0219i timp, inhib\u0103 recaptarea acestora. Acest lucru duce la cre\u0219terea concentr\u0103rii, cre\u0219terea energiei \u0219i \u00eembun\u0103t\u0103\u021birea abilit\u0103\u021bilor cognitive.<\/p>\n<ul>\n<li><strong>Efecte:<\/strong> \u00cembun\u0103t\u0103\u021birea vigilen\u021bei, cre\u0219terea motiva\u021biei \u0219i a aten\u021biei.<\/li>\n<li><strong>Debutul efectului:<\/strong> 20-60 de minute dup\u0103 ingestie.<\/li>\n<li><strong>Durata efectului:<\/strong> 4-8 ore, \u00een func\u021bie de doz\u0103 \u0219i de reac\u021bia individual\u0103.<\/li>\n<\/ul>\n<p><strong>Formul\u0103 \u0219i propriet\u0103\u021bi<\/strong><\/p>\n<ul>\n<li><strong>Denumire chimic\u0103:<\/strong> Alfa-metilfeniletilamin\u0103<\/li>\n<li><strong>Formul\u0103 molecular\u0103:<\/strong> C9H13N<\/li>\n<li><strong>Greutate molecular\u0103:<\/strong> 135,21 g\/mol<\/li>\n<\/ul>","protected":false},"featured_media":1610,"comment_status":"open","ping_status":"closed","template":"","meta":{"_joinchat":[]},"product_brand":[],"product_cat":[33,34,36,35,246],"product_tag":[358,366,361,385,367,383,369,379,378,370,371,368,384,360,372,365,363,364,362,377,386,374,373,376,381,380,359,375,382],"class_list":{"0":"post-1262","1":"product","2":"type-product","3":"status-publish","4":"has-post-thumbnail","6":"product_cat-gbl-gamma-butyrolactone-25l","7":"product_cat-ghb","8":"product_cat-ko-drops","9":"product_cat-ritalin","10":"product_cat-sex-meth","11":"product_tag-amfetamina","12":"product_tag-amfetamina-anwendung","13":"product_tag-amfetamina-bestellen","14":"product_tag-amfetamina-chemikalien","15":"product_tag-amfetamina-dosierung","16":"product_tag-amfetamina-fuer-apotheken","17":"product_tag-amfetamina-fuer-forschung","18":"product_tag-amfetamina-fuer-industrielle-zwecke","19":"product_tag-amfetamina-fuer-konzentration","20":"product_tag-amfetamina-fuer-labore","21":"product_tag-amfetamina-fuer-medizinische-zwecke","22":"product_tag-amfetamina-grosshandel","23":"product_tag-amfetamina-in-deutschland-kaufen","24":"product_tag-amfetamina-kaufen","25":"product_tag-amfetamina-lagerung","26":"product_tag-amfetamina-legal-kaufen","27":"product_tag-amfetamina-lieferant","28":"product_tag-amfetamina-online-kaufen","29":"product_tag-amfetamina-preis","30":"product_tag-amfetamina-pulver","31":"product_tag-amfetamina-reinheit","32":"product_tag-amfetamina-risiken","33":"product_tag-amfetamina-sicherheitsrichtlinien","34":"product_tag-amfetamina-tabletten","35":"product_tag-amfetamina-vertrieb","36":"product_tag-amfetamina-weltweit-bestellen","37":"product_tag-amphetamin","38":"product_tag-amphetamin-kaufen","39":"product_tag-wo-amfetamina-kaufen","41":"first","42":"instock","43":"shipping-taxable","44":"purchasable","45":"product-type-variable"},"yoast_head":"<!-- This site is optimized with the Yoast SEO plugin v25.4 - https:\/\/yoast.com\/wordpress\/plugins\/seo\/ -->\n<title>Amfetamina online kaufen \u2013 Amfetamina zum Verkauf<\/title>\n<meta name=\"description\" content=\"M\u00f6chten Sie Amfetamin online kaufen? Entdecken Sie die nahtlose Plattform unseres Online-Shops, auf der Sie Amfetamin in h\u00f6chster Qualit\u00e4t f\u00fcr Ihre Forschungsanforderungen erwerben k\u00f6nnen.\" \/>\n<meta name=\"robots\" content=\"index, follow, max-snippet:-1, max-image-preview:large, max-video-preview:-1\" \/>\n<link rel=\"canonical\" href=\"https:\/\/gblexpress.com\/ro\/produs-2\/amfetamina\/\" \/>\n<meta property=\"og:locale\" content=\"ro_RO\" \/>\n<meta property=\"og:type\" content=\"article\" \/>\n<meta property=\"og:title\" content=\"Amfetamina online kaufen \u2013 Amfetamina zum Verkauf\" \/>\n<meta property=\"og:description\" content=\"M\u00f6chten Sie Amfetamin online kaufen? Entdecken Sie die nahtlose Plattform unseres Online-Shops, auf der Sie Amfetamin in h\u00f6chster Qualit\u00e4t f\u00fcr Ihre Forschungsanforderungen erwerben k\u00f6nnen.\" \/>\n<meta property=\"og:url\" content=\"https:\/\/gblexpress.com\/ro\/produs-2\/amfetamina\/\" \/>\n<meta property=\"og:site_name\" content=\"GBL Express\" \/>\n<meta property=\"article:modified_time\" content=\"2026-02-24T11:30:35+00:00\" \/>\n<meta property=\"og:image\" content=\"https:\/\/gblexpress.com\/wp-content\/uploads\/2024\/11\/Amfetamina.jpg\" \/>\n\t<meta property=\"og:image:width\" content=\"600\" \/>\n\t<meta property=\"og:image:height\" content=\"600\" \/>\n\t<meta property=\"og:image:type\" content=\"image\/jpeg\" \/>\n<meta name=\"twitter:card\" content=\"summary_large_image\" \/>\n<meta name=\"twitter:label1\" content=\"Timp estimat pentru citire\" \/>\n\t<meta name=\"twitter:data1\" content=\"2 minute\" \/>\n<!-- \/ Yoast SEO plugin. -->","yoast_head_json":{"title":"Cump\u0103ra\u021bi amfetamina online \u2013 Amfetamina de v\u00e2nzare","description":"Vrei s\u0103 cumperi amfetamina online? Descoperi\u021bi platforma noastr\u0103 perfect\u0103 de magazin online de unde pute\u021bi achizi\u021biona amfetamina de cea mai \u00eenalt\u0103 calitate pentru nevoile dvs. de cercetare.","robots":{"index":"index","follow":"follow","max-snippet":"max-snippet:-1","max-image-preview":"max-image-preview:large","max-video-preview":"max-video-preview:-1"},"canonical":"https:\/\/gblexpress.com\/ro\/produs-2\/amfetamina\/","og_locale":"ro_RO","og_type":"article","og_title":"Amfetamina online kaufen \u2013 Amfetamina zum Verkauf","og_description":"M\u00f6chten Sie Amfetamin online kaufen? Entdecken Sie die nahtlose Plattform unseres Online-Shops, auf der Sie Amfetamin in h\u00f6chster Qualit\u00e4t f\u00fcr Ihre Forschungsanforderungen erwerben k\u00f6nnen.","og_url":"https:\/\/gblexpress.com\/ro\/produs-2\/amfetamina\/","og_site_name":"GBL Express","article_modified_time":"2026-02-24T11:30:35+00:00","og_image":[{"width":600,"height":600,"url":"https:\/\/gblexpress.com\/wp-content\/uploads\/2024\/11\/Amfetamina.jpg","type":"image\/jpeg"}],"twitter_card":"summary_large_image","twitter_misc":{"Timp estimat pentru citire":"2 minute"},"schema":{"@context":"https:\/\/schema.org","@graph":[{"@type":"WebPage","@id":"https:\/\/gblexpress.com\/product\/amfetamina\/","url":"https:\/\/gblexpress.com\/product\/amfetamina\/","name":"Cump\u0103ra\u021bi amfetamina online \u2013 Amfetamina de v\u00e2nzare","isPartOf":{"@id":"https:\/\/gblexpress.com\/#website"},"primaryImageOfPage":{"@id":"https:\/\/gblexpress.com\/product\/amfetamina\/#primaryimage"},"image":{"@id":"https:\/\/gblexpress.com\/product\/amfetamina\/#primaryimage"},"thumbnailUrl":"https:\/\/gblexpress.com\/wp-content\/uploads\/2024\/11\/Amfetamina.jpg","datePublished":"2024-11-26T08:00:50+00:00","dateModified":"2026-02-24T11:30:35+00:00","description":"Vrei s\u0103 cumperi amfetamina online? Descoperi\u021bi platforma noastr\u0103 perfect\u0103 de magazin online de unde pute\u021bi achizi\u021biona amfetamina de cea mai \u00eenalt\u0103 calitate pentru nevoile dvs. de cercetare.","breadcrumb":{"@id":"https:\/\/gblexpress.com\/product\/amfetamina\/#breadcrumb"},"inLanguage":"ro-RO","potentialAction":[{"@type":"ReadAction","target":["https:\/\/gblexpress.com\/product\/amfetamina\/"]}]},{"@type":"ImageObject","inLanguage":"ro-RO","@id":"https:\/\/gblexpress.com\/product\/amfetamina\/#primaryimage","url":"https:\/\/gblexpress.com\/wp-content\/uploads\/2024\/11\/Amfetamina.jpg","contentUrl":"https:\/\/gblexpress.com\/wp-content\/uploads\/2024\/11\/Amfetamina.jpg","width":600,"height":600,"caption":"Amfetamina online kaufen"},{"@type":"BreadcrumbList","@id":"https:\/\/gblexpress.com\/product\/amfetamina\/#breadcrumb","itemListElement":[{"@type":"ListItem","position":1,"name":"Home","item":"https:\/\/gblexpress.com\/"},{"@type":"ListItem","position":2,"name":"Shop","item":"https:\/\/gblexpress.com\/shop\/"},{"@type":"ListItem","position":3,"name":"Amfetamina"}]},{"@type":"WebSite","@id":"https:\/\/gblexpress.com\/#website","url":"https:\/\/gblexpress.com\/","name":"GBL Express","description":"","publisher":{"@id":"https:\/\/gblexpress.com\/#organization"},"potentialAction":[{"@type":"SearchAction","target":{"@type":"EntryPoint","urlTemplate":"https:\/\/gblexpress.com\/?s={search_term_string}"},"query-input":{"@type":"PropertyValueSpecification","valueRequired":true,"valueName":"search_term_string"}}],"inLanguage":"ro-RO"},{"@type":"Organization","@id":"https:\/\/gblexpress.com\/#organization","name":"GBL Express","url":"https:\/\/gblexpress.com\/","logo":{"@type":"ImageObject","inLanguage":"ro-RO","@id":"https:\/\/gblexpress.com\/#\/schema\/logo\/image\/","url":"https:\/\/gblexpress.com\/wp-content\/uploads\/2023\/01\/logo.png","contentUrl":"https:\/\/gblexpress.com\/wp-content\/uploads\/2023\/01\/logo.png","width":250,"height":52,"caption":"GBL Express"},"image":{"@id":"https:\/\/gblexpress.com\/#\/schema\/logo\/image\/"}}]}},"jetpack-related-posts":[],"jetpack_sharing_enabled":true,"_links":{"self":[{"href":"https:\/\/gblexpress.com\/ro\/wp-json\/wp\/v2\/product\/1262","targetHints":{"allow":["GET"]}}],"collection":[{"href":"https:\/\/gblexpress.com\/ro\/wp-json\/wp\/v2\/product"}],"about":[{"href":"https:\/\/gblexpress.com\/ro\/wp-json\/wp\/v2\/types\/product"}],"replies":[{"embeddable":true,"href":"https:\/\/gblexpress.com\/ro\/wp-json\/wp\/v2\/comments?post=1262"}],"wp:featuredmedia":[{"embeddable":true,"href":"https:\/\/gblexpress.com\/ro\/wp-json\/wp\/v2\/media\/1610"}],"wp:attachment":[{"href":"https:\/\/gblexpress.com\/ro\/wp-json\/wp\/v2\/media?parent=1262"}],"wp:term":[{"taxonomy":"product_brand","embeddable":true,"href":"https:\/\/gblexpress.com\/ro\/wp-json\/wp\/v2\/product_brand?post=1262"},{"taxonomy":"product_cat","embeddable":true,"href":"https:\/\/gblexpress.com\/ro\/wp-json\/wp\/v2\/product_cat?post=1262"},{"taxonomy":"product_tag","embeddable":true,"href":"https:\/\/gblexpress.com\/ro\/wp-json\/wp\/v2\/product_tag?post=1262"}],"curies":[{"name":"wp","href":"https:\/\/api.w.org\/{rel}","templated":true}]}}