{"id":1264,"date":"2024-11-26T08:00:45","date_gmt":"2024-11-26T08:00:45","guid":{"rendered":"https:\/\/gblexpress.com\/?post_type=product&#038;p=1264"},"modified":"2026-02-26T07:24:54","modified_gmt":"2026-02-26T07:24:54","slug":"heroina","status":"publish","type":"product","link":"https:\/\/gblexpress.com\/ro\/produs-2\/heroina\/","title":{"rendered":"Heroina"},"content":{"rendered":"<h2><strong>Heroina Online kaufen: Wichtige Informationen zu Typen und Verwendung<\/strong><\/h2>\n<p><a href=\"https:\/\/en.wikipedia.org\/wiki\/Heroin\"><strong>Heroina<\/strong><\/a> este o substan\u021b\u0103 care este disponibil\u0103 \u00een diferite forme \u0219i tipuri. Datorit\u0103 propriet\u0103\u021bilor sale, este adesea c\u0103utat\u0103 de utilizatorii care caut\u0103 efecte \u0219i aplica\u021bii specifice. Dac\u0103 <a href=\"https:\/\/gblexpress.com\/ro\/produs-2\/heroina\/\"><strong>Cump\u0103ra\u021bi Heroina<\/strong><\/a> este important s\u0103 \u00een\u021belege\u021bi diferitele tipuri, efectele lor \u0219i utiliz\u0103rile sigure<a href=\"https:\/\/gblexprimer.com\/product\/ketamine-s-isomere-99-rene-500g\/\">.<\/a><\/p>\n<h3><strong>Tipuri de heroin\u0103<\/strong><\/h3>\n<p><strong>1. pulbere alb\u0103 Heroina<\/strong><br \/>\nHeroina alb\u0103 este foarte purificat\u0103 \u0219i este utilizat\u0103 de obicei prin inhalare sau injectare. Este cunoscut\u0103 pentru efectele sale rapide \u0219i puternice \u0219i este preferat\u0103 de utilizatorii care doresc s\u0103 ob\u021bin\u0103 rezultate maxime<a href=\"https:\/\/gblexpress.com\/ro\/magazin\/uscat-cooked-ghb-500-grame\/\">.<\/a><\/p>\n<p><strong>2. Heroina maro (baz\u0103)<\/strong><br \/>\nHeroina maro are o structur\u0103 chimic\u0103 u\u0219or diferit\u0103 \u0219i este adesea fumat\u0103 sau consumat\u0103 prin alte metode alternative. Este mai pu\u021bin purificat\u0103 dec\u00e2t heroina alb\u0103 \u0219i este adesea v\u00e2ndut\u0103 \u00een pie\u021bele stradale.<\/p>\n<p><strong>3. heroin\u0103 cu gudron negru<\/strong><br \/>\nAceast\u0103 form\u0103 este lipicioas\u0103 \u0219i mai \u00eenchis\u0103 la culoare, fiind cunoscut\u0103 pentru puritatea sa mai sc\u0103zut\u0103. De obicei, este preferat\u0103 \u00een anumite regiuni \u0219i necesit\u0103 o metod\u0103 diferit\u0103 de preparare.<\/p>\n<h3><strong>De ce s\u0103 alege\u021bi Heroina?<\/strong><\/h3>\n<p><strong>1. efect puternic \u0219i rapid<\/strong><br \/>\nHeroina este cunoscut\u0103 pentru capacitatea sa de a produce rapid un efect puternic, ceea ce o face o substan\u021b\u0103 care este adesea solicitat\u0103.<\/p>\n<p><strong>2. op\u021biuni diferite pentru nevoi diferite<\/strong><br \/>\nFie c\u0103 prefera\u021bi pudra alb\u0103 pentru un efect mai rapid sau Heroina maro pentru un efect mai bl\u00e2nd - tipurile ofer\u0103 o alegere \u00een func\u021bie de preferin\u021bele utilizatorului.<\/p>\n<p><strong>3. aplicare discret\u0103 \u0219i simpl\u0103<\/strong><br \/>\nSubstan\u021ba poate fi consumat\u0103 \u00een moduri diferite, permi\u021b\u00e2nd utilizatorilor s\u0103 aleag\u0103 metoda potrivit\u0103 \u00een func\u021bie de nivelul lor de confort \u0219i de obiective.<\/p>\n<h3><strong>Termeni de c\u0103utare \u0219i cuvinte-cheie populare<\/strong><\/h3>\n<ul>\n<li><strong>Cump\u0103ra\u021bi Heroina online<\/strong><\/li>\n<li><strong>Heroina Compara\u021bi pre\u021bul<\/strong><\/li>\n<li><strong>Heroina pulbere alb\u0103<\/strong><\/li>\n<li><strong>Efectul Heroina maro<\/strong><\/li>\n<li><strong>Cumpara Black Tar Heroina<\/strong><\/li>\n<li><strong>Dozaj Heroina<\/strong><\/li>\n<li><strong>Efectele secundare ale Heroina<\/strong><\/li>\n<li><strong>Cump\u0103ra\u021bi Heroina \u00een siguran\u021b\u0103<\/strong><\/li>\n<\/ul>\n<h3>Achizi\u021bionarea \u00een siguran\u021b\u0103 a Heroina<\/h3>\n<p>Noi oferim o platform\u0103 pe care pute\u021bi <strong>Cump\u0103ra\u021bi Heroina online<\/strong> cu ambalare discret\u0103 \u0219i livrare rapid\u0103. Scopul nostru este s\u0103 v\u0103 oferim acces u\u0219or \u0219i sigur la produsele de care ave\u021bi nevoie.<\/p>\n<h3>Instruc\u021biuni de utilizare<\/h3>\n<p>Utilizarea <a href=\"https:\/\/duckduckgo.com\/?q=Heroin+online+kaufen&amp;t=h_&amp;ia=web\">Heroina<\/a> Heroina trebuie utilizat\u0103 \u00eentotdeauna cu pruden\u021b\u0103. Consulta\u021bi un specialist dac\u0103 ave\u021bi \u00eentreb\u0103ri cu privire la dozare \u0219i aplicare. Este important s\u0103 fi\u021bi con\u0219tien\u021bi de posibilele efecte secundare \u0219i riscuri \u00eenainte de a utiliza substan\u021ba.<\/p>\n<h3><strong>Cump\u0103ra\u021bi Heroina acum<\/strong><\/h3>\n<p>G\u0103si\u021bi tipul potrivit pentru nevoile dvs. \u0219i comanda\u021bi <a href=\"https:\/\/www.google.de\/search?q=Anavar+50+mg+online+kaufen&amp;sca_esv=7d1b82273738a5db&amp;hl=en&amp;ei=foLiZ_nZK6qMm9cPv4Xd6AQ&amp;ved=0ahUKEwj5kMidgKWMAxUqxuYEHb9CF00Q4dUDCBA&amp;uact=5&amp;oq=Anavar+50+mg+online+kaufen&amp;gs_lp=Egxnd3Mtd2l6LXNlcnAiGkFuYXZhciA1MCBtZyBvbmxpbmUga2F1ZmVuSJsGUABYAHAAeACQAQCYAQCgAQCqAQC4AQPIAQD4AQL4AQGYAgCgAgCYAwCSBwCgBwCyBwC4BwA&amp;sclient=gws-wiz-serp\"><strong>Heroina<\/strong><\/a> online ast\u0103zi. Alege\u021bi dintre heroin\u0103 alb\u0103, heroin\u0103 maro sau gudron negru<a href=\"https:\/\/www.google.de\/search?q=Anavar+50+mg+online+kaufen&amp;sca_esv=7d1b82273738a5db&amp;hl=en&amp;ei=foLiZ_nZK6qMm9cPv4Xd6AQ&amp;ved=0ahUKEwj5kMidgKWMAxUqxuYEHb9CF00Q4dUDCBA&amp;uact=5&amp;oq=Anavar+50+mg+online+kaufen&amp;gs_lp=Egxnd3Mtd2l6LXNlcnAiGkFuYXZhciA1MCBtZyBvbmxpbmUga2F1ZmVuSJsGUABYAHAAeACQAQCYAQCgAQCqAQC4AQPIAQD4AQL4AQGYAgCgAgCYAwCSBwCgBwCyBwC4BwA&amp;sclient=gws-wiz-serp\">Heroina \u2013 sigur\u0103<\/a>online ast\u0103zi. Alege\u021bi \u00eentre Heroina alb\u0103, Heroina maro sau Heroina cu gudron negru - sigur\u0103, discret\u0103 \u0219i f\u0103r\u0103 complica\u021bii. \u00cencepe\u021bi acum \u0219i afla\u021bi care sunt cele mai bune op\u021biuni pentru preferin\u021bele dvs.<\/p>","protected":false},"excerpt":{"rendered":"<p><strong>Heroin\u0103<\/strong>cunoscut sub denumirea chimic\u0103 de <strong>Diacetylmorphine<\/strong>este un opioid semisintetic derivat din morfin\u0103. Este cunoscut pentru propriet\u0103\u021bile sale analgezice \u0219i sedative puternice \u0219i este studiat \u00een cercetarea medical\u0103 \u0219i pentru aplica\u021bii specializate. <strong>Heroin\u0103<\/strong> joac\u0103 un rol-cheie \u00een cercetarea privind receptorii opioizi, mecanismele de dependen\u021b\u0103 \u0219i ameliorarea durerii.<\/p>\n<p><strong>Cum func\u021bioneaz\u0103 heroina?<\/strong><br \/>\n<strong>Heroin\u0103<\/strong> are ca efect <strong>Receptorii \u00b5-opioizi<\/strong> \u00een sistemul nervos central. Aceast\u0103 leg\u0103tur\u0103 blocheaz\u0103 semnalele de durere, declan\u0219\u00e2nd \u00een acela\u0219i timp o eliberare puternic\u0103 de dopamin\u0103, care duce la euforie \u0219i relaxare.<\/p>\n<ul>\n<li><strong>Efecte:<\/strong> Ameliorarea rapid\u0103 a durerii, relaxare intensiv\u0103 \u0219i sedare.<\/li>\n<li><strong>Debutul efectului:<\/strong> 2-10 minute dup\u0103 administrare (\u00een func\u021bie de metod\u0103).<\/li>\n<li><strong>Durata efectului:<\/strong> 3-6 ore.<\/li>\n<\/ul>\n<p><strong>Formul\u0103 \u0219i propriet\u0103\u021bi<\/strong><\/p>\n<ul>\n<li><strong>Denumire chimic\u0103:<\/strong> Diacetylmorphine<\/li>\n<li><strong>Formul\u0103 molecular\u0103:<\/strong> C21H23NO5<\/li>\n<li><strong>Greutate molecular\u0103:<\/strong> 369,41 g\/mol<\/li>\n<\/ul>","protected":false},"featured_media":1612,"comment_status":"open","ping_status":"closed","template":"","meta":{"_joinchat":[]},"product_brand":[],"product_cat":[246],"product_tag":[419,429,418,426,421,436,431,422,443,435,423,430,427,444,420,428,432,441,424,425,437,434,433,439,440,438,442],"class_list":{"0":"post-1264","1":"product","2":"type-product","3":"status-publish","4":"has-post-thumbnail","6":"product_cat-sex-meth","7":"product_tag-diacetylmorphin","8":"product_tag-diacetylmorphin-kaufen","9":"product_tag-heroin","10":"product_tag-heroin-anwendung","11":"product_tag-heroin-bestellen","12":"product_tag-heroin-chemie","13":"product_tag-heroin-dosierung","14":"product_tag-heroin-forschung","15":"product_tag-heroin-fuer-apotheken","16":"product_tag-heroin-fuer-forschung","17":"product_tag-heroin-fuer-medizinische-zwecke","18":"product_tag-heroin-fuer-wissenschaft","19":"product_tag-heroin-grosshandel","20":"product_tag-heroin-in-deutschland-kaufen","21":"product_tag-heroin-kaufen","22":"product_tag-heroin-laborbedarf","23":"product_tag-heroin-lagerung","24":"product_tag-heroin-legal-kaufen","25":"product_tag-heroin-lieferant","26":"product_tag-heroin-preis","27":"product_tag-heroin-reinheit","28":"product_tag-heroin-risiken","29":"product_tag-heroin-sicherheitsrichtlinien","30":"product_tag-heroin-testsubstanzen","31":"product_tag-heroin-weltweit-bestellen","32":"product_tag-heroin-wirkung","33":"product_tag-wo-heroin-kaufen","35":"first","36":"instock","37":"shipping-taxable","38":"purchasable","39":"product-type-variable"},"yoast_head":"<!-- This site is optimized with the Yoast SEO plugin v25.4 - https:\/\/yoast.com\/wordpress\/plugins\/seo\/ -->\n<title>Heroin online kaufen \u2013 Heroin zu verkaufen<\/title>\n<meta name=\"description\" content=\"Kaufen Sie Heroina online zu den besten Preisen in unserem Online-Shop. Wir bieten g\u00fcnstiges und hochwertiges Heroina an und liefern weltweit. Sie k\u00f6nnen jederzeit und \u00fcberall bestellen.\" \/>\n<meta name=\"robots\" content=\"index, follow, max-snippet:-1, max-image-preview:large, max-video-preview:-1\" \/>\n<link rel=\"canonical\" href=\"https:\/\/gblexpress.com\/ro\/produs-2\/heroina\/\" \/>\n<meta property=\"og:locale\" content=\"ro_RO\" \/>\n<meta property=\"og:type\" content=\"article\" \/>\n<meta property=\"og:title\" content=\"Heroin online kaufen \u2013 Heroin zu verkaufen\" \/>\n<meta property=\"og:description\" content=\"Kaufen Sie Heroina online zu den besten Preisen in unserem Online-Shop. Wir bieten g\u00fcnstiges und hochwertiges Heroina an und liefern weltweit. Sie k\u00f6nnen jederzeit und \u00fcberall bestellen.\" \/>\n<meta property=\"og:url\" content=\"https:\/\/gblexpress.com\/ro\/produs-2\/heroina\/\" \/>\n<meta property=\"og:site_name\" content=\"GBL Express\" \/>\n<meta property=\"article:modified_time\" content=\"2026-02-26T07:24:54+00:00\" \/>\n<meta property=\"og:image\" content=\"https:\/\/gblexpress.com\/wp-content\/uploads\/2024\/11\/heroin.jpg\" \/>\n\t<meta property=\"og:image:width\" content=\"600\" \/>\n\t<meta property=\"og:image:height\" content=\"600\" \/>\n\t<meta property=\"og:image:type\" content=\"image\/jpeg\" \/>\n<meta name=\"twitter:card\" content=\"summary_large_image\" \/>\n<meta name=\"twitter:label1\" content=\"Timp estimat pentru citire\" \/>\n\t<meta name=\"twitter:data1\" content=\"2 minute\" \/>\n<!-- \/ Yoast SEO plugin. -->","yoast_head_json":{"title":"Cump\u0103ra\u021bi heroin\u0103 online \u2013 vinde\u021bi heroin\u0103","description":"Cump\u0103ra\u021bi Heroina online la cele mai bune pre\u021buri din magazinul nostru online. Oferim heroin\u0103 la pre\u021buri accesibile, de \u00eenalt\u0103 calitate \u0219i livr\u0103m \u00een toat\u0103 lumea. Pute\u021bi comanda oric\u00e2nd, oriunde.","robots":{"index":"index","follow":"follow","max-snippet":"max-snippet:-1","max-image-preview":"max-image-preview:large","max-video-preview":"max-video-preview:-1"},"canonical":"https:\/\/gblexpress.com\/ro\/produs-2\/heroina\/","og_locale":"ro_RO","og_type":"article","og_title":"Heroin online kaufen \u2013 Heroin zu verkaufen","og_description":"Kaufen Sie Heroina online zu den besten Preisen in unserem Online-Shop. Wir bieten g\u00fcnstiges und hochwertiges Heroina an und liefern weltweit. Sie k\u00f6nnen jederzeit und \u00fcberall bestellen.","og_url":"https:\/\/gblexpress.com\/ro\/produs-2\/heroina\/","og_site_name":"GBL Express","article_modified_time":"2026-02-26T07:24:54+00:00","og_image":[{"width":600,"height":600,"url":"https:\/\/gblexpress.com\/wp-content\/uploads\/2024\/11\/heroin.jpg","type":"image\/jpeg"}],"twitter_card":"summary_large_image","twitter_misc":{"Timp estimat pentru citire":"2 minute"},"schema":{"@context":"https:\/\/schema.org","@graph":[{"@type":"WebPage","@id":"https:\/\/gblexpress.com\/product\/heroina\/","url":"https:\/\/gblexpress.com\/product\/heroina\/","name":"Cump\u0103ra\u021bi heroin\u0103 online \u2013 vinde\u021bi heroin\u0103","isPartOf":{"@id":"https:\/\/gblexpress.com\/#website"},"primaryImageOfPage":{"@id":"https:\/\/gblexpress.com\/product\/heroina\/#primaryimage"},"image":{"@id":"https:\/\/gblexpress.com\/product\/heroina\/#primaryimage"},"thumbnailUrl":"https:\/\/gblexpress.com\/wp-content\/uploads\/2024\/11\/heroin.jpg","datePublished":"2024-11-26T08:00:45+00:00","dateModified":"2026-02-26T07:24:54+00:00","description":"Cump\u0103ra\u021bi Heroina online la cele mai bune pre\u021buri din magazinul nostru online. Oferim heroin\u0103 la pre\u021buri accesibile, de \u00eenalt\u0103 calitate \u0219i livr\u0103m \u00een toat\u0103 lumea. Pute\u021bi comanda oric\u00e2nd, oriunde.","breadcrumb":{"@id":"https:\/\/gblexpress.com\/product\/heroina\/#breadcrumb"},"inLanguage":"ro-RO","potentialAction":[{"@type":"ReadAction","target":["https:\/\/gblexpress.com\/product\/heroina\/"]}]},{"@type":"ImageObject","inLanguage":"ro-RO","@id":"https:\/\/gblexpress.com\/product\/heroina\/#primaryimage","url":"https:\/\/gblexpress.com\/wp-content\/uploads\/2024\/11\/heroin.jpg","contentUrl":"https:\/\/gblexpress.com\/wp-content\/uploads\/2024\/11\/heroin.jpg","width":600,"height":600,"caption":"heroin online kaufen"},{"@type":"BreadcrumbList","@id":"https:\/\/gblexpress.com\/product\/heroina\/#breadcrumb","itemListElement":[{"@type":"ListItem","position":1,"name":"Home","item":"https:\/\/gblexpress.com\/"},{"@type":"ListItem","position":2,"name":"Shop","item":"https:\/\/gblexpress.com\/shop\/"},{"@type":"ListItem","position":3,"name":"Heroina"}]},{"@type":"WebSite","@id":"https:\/\/gblexpress.com\/#website","url":"https:\/\/gblexpress.com\/","name":"GBL Express","description":"","publisher":{"@id":"https:\/\/gblexpress.com\/#organization"},"potentialAction":[{"@type":"SearchAction","target":{"@type":"EntryPoint","urlTemplate":"https:\/\/gblexpress.com\/?s={search_term_string}"},"query-input":{"@type":"PropertyValueSpecification","valueRequired":true,"valueName":"search_term_string"}}],"inLanguage":"ro-RO"},{"@type":"Organization","@id":"https:\/\/gblexpress.com\/#organization","name":"GBL Express","url":"https:\/\/gblexpress.com\/","logo":{"@type":"ImageObject","inLanguage":"ro-RO","@id":"https:\/\/gblexpress.com\/#\/schema\/logo\/image\/","url":"https:\/\/gblexpress.com\/wp-content\/uploads\/2023\/01\/logo.png","contentUrl":"https:\/\/gblexpress.com\/wp-content\/uploads\/2023\/01\/logo.png","width":250,"height":52,"caption":"GBL Express"},"image":{"@id":"https:\/\/gblexpress.com\/#\/schema\/logo\/image\/"}}]}},"jetpack-related-posts":[],"jetpack_sharing_enabled":true,"_links":{"self":[{"href":"https:\/\/gblexpress.com\/ro\/wp-json\/wp\/v2\/product\/1264","targetHints":{"allow":["GET"]}}],"collection":[{"href":"https:\/\/gblexpress.com\/ro\/wp-json\/wp\/v2\/product"}],"about":[{"href":"https:\/\/gblexpress.com\/ro\/wp-json\/wp\/v2\/types\/product"}],"replies":[{"embeddable":true,"href":"https:\/\/gblexpress.com\/ro\/wp-json\/wp\/v2\/comments?post=1264"}],"wp:featuredmedia":[{"embeddable":true,"href":"https:\/\/gblexpress.com\/ro\/wp-json\/wp\/v2\/media\/1612"}],"wp:attachment":[{"href":"https:\/\/gblexpress.com\/ro\/wp-json\/wp\/v2\/media?parent=1264"}],"wp:term":[{"taxonomy":"product_brand","embeddable":true,"href":"https:\/\/gblexpress.com\/ro\/wp-json\/wp\/v2\/product_brand?post=1264"},{"taxonomy":"product_cat","embeddable":true,"href":"https:\/\/gblexpress.com\/ro\/wp-json\/wp\/v2\/product_cat?post=1264"},{"taxonomy":"product_tag","embeddable":true,"href":"https:\/\/gblexpress.com\/ro\/wp-json\/wp\/v2\/product_tag?post=1264"}],"curies":[{"name":"wp","href":"https:\/\/api.w.org\/{rel}","templated":true}]}}