{"id":1802,"date":"2025-06-24T06:15:37","date_gmt":"2025-06-24T06:15:37","guid":{"rendered":"https:\/\/gblexpress.com\/?post_type=product&#038;p=1802"},"modified":"2026-02-25T05:20:14","modified_gmt":"2026-02-25T05:20:14","slug":"cumparati-comprimate-ghb-online","status":"publish","type":"product","link":"https:\/\/gblexpress.com\/ro\/produs-2\/cumparati-comprimate-ghb-online\/","title":{"rendered":"Cump\u0103ra\u021bi comprimate GHB online"},"content":{"rendered":"<h2><strong>Cump\u0103ra\u021bi comprimate gamma-hidroxibutirat online - Asigura\u021bi-v\u0103 aprovizionarea din surse de \u00eencredere<\/strong><\/h2>\n<p><a href=\"https:\/\/gblexpress.com\/ro\/produs-2\/cumparati-comprimate-ghb-online\/\">Tabletele de gama-hidroxibutirat (GHB) pot fi achizi\u021bionate online.<\/a> poate fi ob\u021binut. GHB, un deprimant central cu efect relaxant, este utilizat \u00een diverse domenii, inclusiv \u00een sectoarele fitness \u0219i s\u0103n\u0103tate. Achizi\u021bionarea GHB de la un furnizor de \u00eencredere este esen\u021bial\u0103 pentru controlul calit\u0103\u021bii. Comanda\u021bi GHB online de la noi acum \u0219i beneficia\u021bi de transport rapid \u0219i discret.<\/p>\n<h3><strong>Cum func\u021bioneaz\u0103 tableta GHB \u0219i ce este aceasta?<\/strong><\/h3>\n<p>Creierul produce spontan <a href=\"https:\/\/en.wikipedia.org\/wiki\/%CE%93-Hydroxybutyric_acid\">Gamma-hidroxibutirat<\/a> (C4H8O3) ca metabolit al importantului neurotransmi\u021b\u0103tor inhibitor acid gama-aminobutiric (GABA). De\u0219i se g\u0103se\u0219te \u00een mod natural, concentra\u021biile din creier sunt semnificativ mai mici dec\u00e2t cele observate \u00een mod obi\u0219nuit \u00een cazul consumului de droguri. Datorit\u0103 efectelor sale sedative \u0219i relaxante, v\u00e2nzarea comercial\u0103 de GHB a determinat multe persoane s\u0103 o cumpere online. Se abuzeaz\u0103 frecvent de GHB \u00een cluburi, petreceri \u0219i rave, de\u0219i este utilizat \u00een medicin\u0103 pentru a trata afec\u021biuni precum narcolepsia. GHB este adesea promovat ca drog recrea\u021bional atunci c\u00e2nd este v\u00e2ndut sub form\u0103 de lichid sau pulbere.<\/p>\n<h3><strong>De ce cump\u0103r\u0103 oamenii tablete GHB online?<\/strong><\/h3>\n<p>Exist\u0103 diverse motive pentru care oamenii cump\u0103r\u0103 comprimate GHB online. De\u0219i este utilizat \u00een scopuri medicale, de exemplu ca medicament pentru narcolepsie sub denumirea comercial\u0103 Xyrem, acesta este, de asemenea, adesea abuzat ca \"drog de club\" sau la petreceri. Este important s\u0103 re\u021bine\u021bi c\u0103 exist\u0103 o linie fin\u0103 \u00eentre dozele sigure \u0219i cele d\u0103un\u0103toare, iar efectele pot fi imprevizibile. Coma, grea\u021ba, pierderea memoriei \u0219i incon\u0219tien\u021ba sunt posibile efecte secundare. \u00cen ciuda acestor \u00eengrijor\u0103ri, multe persoane continu\u0103 s\u0103 cumpere tablete de GHB online \u00een scopuri recreative, adesea f\u0103r\u0103 s\u0103 realizeze consecin\u021bele grave.<\/p>\n<h3><strong>Este sigur s\u0103 cump\u0103ra\u021bi comprimate GHB online?<\/strong><\/h3>\n<p>Atunci c\u00e2nd cump\u0103ra\u021bi GHB online, este important s\u0103 fi\u021bi con\u0219tien\u021bi de pericolele utiliz\u0103rii necorespunz\u0103toare \u0219i ale produselor inferioare. Unele site-uri ofer\u0103 GHB contaminat care a fost amestecat cu alte medicamente, ceea ce face ca efectele s\u0103 fie \u0219i mai grave. \u00cen func\u021bie de \u021bara de origine, calitatea produselor GHB poate varia foarte mult. Pentru a reduce riscul impurit\u0103\u021bilor periculoase, trebuie s\u0103 v\u0103 asigura\u021bi \u00eentotdeauna c\u0103 GHB provine de la un furnizor de \u00eencredere.<\/p>\n<h3><strong>GHB de v\u00e2nzare: Diferite forme de tablete GHB<\/strong><\/h3>\n<p>GHB este disponibil \u00een diferite forme, cum ar fi tablete, pulbere \u0219i lichid. Cea mai popular\u0103 form\u0103 de GHB este lichidul \u0219i se vinde de obicei \u00een fiole sau recipiente mici. \u00cen timp ce pulberea de GHB este adesea oferit\u0103 \u00een pachete mici, versiunile stradale sunt uneori diluate cu ap\u0103. Pentru a v\u0103 asigura c\u0103 ob\u021bine\u021bi o substan\u021b\u0103 de \u00eenalt\u0103 calitate care poate fi consumat\u0103 \u00een condi\u021bii de siguran\u021b\u0103 atunci c\u00e2nd este administrat\u0103 \u00een mod corespunz\u0103tor, comanda\u021bi GHB online de pe site-uri de renume. Este important s\u0103 re\u021bine\u021bi c\u0103 GHB are o fereastr\u0103 terapeutic\u0103 limitat\u0103, ceea ce \u00eenseamn\u0103 c\u0103 exist\u0103 o mic\u0103 diferen\u021b\u0103 \u00eentre o doz\u0103 recrea\u021bional\u0103 \u0219i o supradoz\u0103.<\/p>\n<h3><strong>Pericolele consumului de comprimate GHB: \u00een\u021belegerea toxicit\u0103\u021bii<\/strong><\/h3>\n<p>Unul dintre cele mai mari pericole ale consumului de GHB este o supradoz\u0103 accidental\u0103. Comanda\u021bi GHB online numai dac\u0103 sunte\u021bi con\u0219tient de poten\u021bialele riscuri pentru s\u0103n\u0103tate. Efectele secundare care pun via\u021ba \u00een pericol, cum ar fi depresia respiratorie, incon\u0219tien\u021ba \u0219i convulsiile, pot rezulta din administrarea unei cantit\u0103\u021bi prea mari de GHB. Deoarece diferen\u021ba dintre o doz\u0103 eficient\u0103 \u0219i una nociv\u0103 este mic\u0103, se recomand\u0103 pruden\u021b\u0103 extrem\u0103.<\/p>\n<h3><strong>Cadrul juridic pentru tabletele GHB<\/strong><\/h3>\n<p>GHB este interzis\u0103 pentru uz recreativ \u00een multe \u021b\u0103ri. Acolo unde este permis\u0103, aceasta este adesea supus\u0103 unor reglement\u0103ri stricte. \u00cen multe \u021b\u0103ri, cump\u0103rarea de GHB online f\u0103r\u0103 re\u021bet\u0103 este ilegal\u0103. Cu toate acestea, unii comercian\u021bi cu am\u0103nuntul \u0219i farmacii online \u00eel v\u00e2nd \u00een scopuri medicale, de exemplu pentru a trata narcolepsia. Asigura\u021bi-v\u0103 c\u0103 respecta\u021bi legile \u0219i reglement\u0103rile locale dac\u0103 dori\u021bi s\u0103 cump\u0103ra\u021bi GHB online.<\/p>\n<h3><strong>Asigura\u021bi-v\u0103 acum achizi\u021bia online de GHB: calitate fiabil\u0103 \u0219i expediere rapid\u0103<\/strong><\/h3>\n<p>Dori\u021bi s\u0103 comanda\u021bi GHB online? GHB pur, de \u00eenalt\u0103 calitate este disponibil pe pia\u021ba noastr\u0103, inclusiv livrare rapid\u0103 \u0219i ambalare securizat\u0103. Pute\u021bi conta pe noi pentru a livra articole fiabile \u0219i sigure, indiferent dac\u0103 achizi\u021biona\u021bi \u00een scopuri medicale, de cercetare sau \u00een alte scopuri controlate. Ne asigur\u0103m c\u0103 toate produsele noastre sunt de cea mai \u00eenalt\u0103 calitate \u0219i sunt livrate discret.<\/p>","protected":false},"excerpt":{"rendered":"<p><b>Acid gamma hidroxibutiric<\/b>, scurt\u00a0<b>GHB<\/b>este una cu\u00a0<a class=\"mw-redirect\" href=\"https:\/\/flexikon.doccheck.com\/de\/GABA\" data-dc-preview-article-id=\"64774\" data-dc-popover-trigger=\"popover-64774\" data-dc-popover-trigger-mode=\"hover\" data-dc-popover-trigger-placement=\"top,left,bottom,right\" data-dc-popover-trigger-delay=\"300\">GABA<\/a>\u00a0substan\u021b\u0103 \u00eenrudit\u0103 \u0219i prezent\u0103 \u00een mod natural \u00een corpul uman din grupul\u00a0<a class=\"new\" title=\"Oxybat (Crea\u021bi articol acum...)\" href=\"https:\/\/flexikon.doccheck.com\/de\/index.php?title=Oxybat&amp;action=edit&amp;redlink=1\">Oxybat<\/a>. Acesta este un puternic\u00a0<a href=\"https:\/\/flexikon.doccheck.com\/de\/Narkotikum\" data-dc-preview-article-id=\"18899\" data-dc-popover-trigger=\"popover-18899\" data-dc-popover-trigger-mode=\"hover\" data-dc-popover-trigger-placement=\"top,left,bottom,right\" data-dc-popover-trigger-delay=\"300\">Narcotice<\/a>\u00a0\u0219i este utilizat \u00een principal ca\u00a0<a href=\"https:\/\/flexikon.doccheck.com\/de\/Psychopharmakon\" data-dc-preview-article-id=\"8619\" data-dc-popover-trigger=\"popover-8619\" data-dc-popover-trigger-mode=\"hover\" data-dc-popover-trigger-placement=\"top,left,bottom,right\" data-dc-popover-trigger-delay=\"300\">Medicamente psihotrope<\/a>\u00a0pentru tratamentul\u00a0<a href=\"https:\/\/flexikon.doccheck.com\/de\/Narkolepsie\" data-dc-preview-article-id=\"76449\" data-dc-popover-trigger=\"popover-76449\" data-dc-popover-trigger-mode=\"hover\" data-dc-popover-trigger-placement=\"top,left,bottom,right\" data-dc-popover-trigger-delay=\"300\">Narcolepsie<\/a> Aplica\u021bie; tablete GHB.<\/p>","protected":false},"featured_media":1804,"comment_status":"open","ping_status":"closed","template":"","meta":{"_joinchat":[]},"product_brand":[],"product_cat":[34],"product_tag":[],"class_list":{"0":"post-1802","1":"product","2":"type-product","3":"status-publish","4":"has-post-thumbnail","6":"product_cat-ghb","8":"first","9":"instock","10":"shipping-taxable","11":"purchasable","12":"product-type-variable"},"yoast_head":"<!-- This site is optimized with the Yoast SEO plugin v25.4 - https:\/\/yoast.com\/wordpress\/plugins\/seo\/ -->\n<title>GHB Tabletten online kaufen - GHB Tabletten verkaufen<\/title>\n<meta name=\"description\" content=\"Verpassen nicht die gelegenheit, GHB tabletten online in unserem Shop zu kaufen. Wir bieten ausschlie\u00dflich Feilen und GHB tabletten zu g\u00fcnstigen Preisen an. Bestellen Sie jetzt!\" \/>\n<meta name=\"robots\" content=\"index, follow, max-snippet:-1, max-image-preview:large, max-video-preview:-1\" \/>\n<link rel=\"canonical\" href=\"https:\/\/gblexpress.com\/ro\/produs-2\/cumparati-comprimate-ghb-online\/\" \/>\n<meta property=\"og:locale\" content=\"ro_RO\" \/>\n<meta property=\"og:type\" content=\"article\" \/>\n<meta property=\"og:title\" content=\"GHB Tabletten online kaufen - GHB Tabletten verkaufen\" \/>\n<meta property=\"og:description\" content=\"Verpassen nicht die gelegenheit, GHB tabletten online in unserem Shop zu kaufen. Wir bieten ausschlie\u00dflich Feilen und GHB tabletten zu g\u00fcnstigen Preisen an. Bestellen Sie jetzt!\" \/>\n<meta property=\"og:url\" content=\"https:\/\/gblexpress.com\/ro\/produs-2\/cumparati-comprimate-ghb-online\/\" \/>\n<meta property=\"og:site_name\" content=\"GBL Express\" \/>\n<meta property=\"article:modified_time\" content=\"2026-02-25T05:20:14+00:00\" \/>\n<meta property=\"og:image\" content=\"https:\/\/gblexpress.com\/wp-content\/uploads\/2025\/06\/GHB-Tabletten-online-Kaufen.jpg\" \/>\n\t<meta property=\"og:image:width\" content=\"600\" \/>\n\t<meta property=\"og:image:height\" content=\"600\" \/>\n\t<meta property=\"og:image:type\" content=\"image\/jpeg\" \/>\n<meta name=\"twitter:card\" content=\"summary_large_image\" \/>\n<meta name=\"twitter:label1\" content=\"Timp estimat pentru citire\" \/>\n\t<meta name=\"twitter:data1\" content=\"3 minute\" \/>\n<!-- \/ Yoast SEO plugin. -->","yoast_head_json":{"title":"Cump\u0103ra\u021bi comprimate GHB online - comprimate GHB de v\u00e2nzare","description":"Nu rata\u021bi ocazia de a cump\u0103ra comprimate GHB online \u00een magazinul nostru. Oferim numai fi\u0219iere \u0219i tablete GHB la pre\u021buri avantajoase. Comanda\u021bi acum!","robots":{"index":"index","follow":"follow","max-snippet":"max-snippet:-1","max-image-preview":"max-image-preview:large","max-video-preview":"max-video-preview:-1"},"canonical":"https:\/\/gblexpress.com\/ro\/produs-2\/cumparati-comprimate-ghb-online\/","og_locale":"ro_RO","og_type":"article","og_title":"GHB Tabletten online kaufen - GHB Tabletten verkaufen","og_description":"Verpassen nicht die gelegenheit, GHB tabletten online in unserem Shop zu kaufen. Wir bieten ausschlie\u00dflich Feilen und GHB tabletten zu g\u00fcnstigen Preisen an. Bestellen Sie jetzt!","og_url":"https:\/\/gblexpress.com\/ro\/produs-2\/cumparati-comprimate-ghb-online\/","og_site_name":"GBL Express","article_modified_time":"2026-02-25T05:20:14+00:00","og_image":[{"width":600,"height":600,"url":"https:\/\/gblexpress.com\/wp-content\/uploads\/2025\/06\/GHB-Tabletten-online-Kaufen.jpg","type":"image\/jpeg"}],"twitter_card":"summary_large_image","twitter_misc":{"Timp estimat pentru citire":"3 minute"},"schema":{"@context":"https:\/\/schema.org","@graph":[{"@type":"WebPage","@id":"https:\/\/gblexpress.com\/product\/ghb-tabletten-online-kaufen\/","url":"https:\/\/gblexpress.com\/product\/ghb-tabletten-online-kaufen\/","name":"Cump\u0103ra\u021bi comprimate GHB online - comprimate GHB de v\u00e2nzare","isPartOf":{"@id":"https:\/\/gblexpress.com\/#website"},"primaryImageOfPage":{"@id":"https:\/\/gblexpress.com\/product\/ghb-tabletten-online-kaufen\/#primaryimage"},"image":{"@id":"https:\/\/gblexpress.com\/product\/ghb-tabletten-online-kaufen\/#primaryimage"},"thumbnailUrl":"https:\/\/gblexpress.com\/wp-content\/uploads\/2025\/06\/GHB-Tabletten-online-Kaufen.jpg","datePublished":"2025-06-24T06:15:37+00:00","dateModified":"2026-02-25T05:20:14+00:00","description":"Nu rata\u021bi ocazia de a cump\u0103ra comprimate GHB online \u00een magazinul nostru. Oferim numai fi\u0219iere \u0219i tablete GHB la pre\u021buri avantajoase. Comanda\u021bi acum!","breadcrumb":{"@id":"https:\/\/gblexpress.com\/product\/ghb-tabletten-online-kaufen\/#breadcrumb"},"inLanguage":"ro-RO","potentialAction":[{"@type":"ReadAction","target":["https:\/\/gblexpress.com\/product\/ghb-tabletten-online-kaufen\/"]}]},{"@type":"ImageObject","inLanguage":"ro-RO","@id":"https:\/\/gblexpress.com\/product\/ghb-tabletten-online-kaufen\/#primaryimage","url":"https:\/\/gblexpress.com\/wp-content\/uploads\/2025\/06\/GHB-Tabletten-online-Kaufen.jpg","contentUrl":"https:\/\/gblexpress.com\/wp-content\/uploads\/2025\/06\/GHB-Tabletten-online-Kaufen.jpg","width":600,"height":600,"caption":"GHB-Tabletten-online-Kaufen"},{"@type":"BreadcrumbList","@id":"https:\/\/gblexpress.com\/product\/ghb-tabletten-online-kaufen\/#breadcrumb","itemListElement":[{"@type":"ListItem","position":1,"name":"Home","item":"https:\/\/gblexpress.com\/"},{"@type":"ListItem","position":2,"name":"Shop","item":"https:\/\/gblexpress.com\/shop\/"},{"@type":"ListItem","position":3,"name":"GHB-Tabletten online Kaufen"}]},{"@type":"WebSite","@id":"https:\/\/gblexpress.com\/#website","url":"https:\/\/gblexpress.com\/","name":"GBL Express","description":"","publisher":{"@id":"https:\/\/gblexpress.com\/#organization"},"potentialAction":[{"@type":"SearchAction","target":{"@type":"EntryPoint","urlTemplate":"https:\/\/gblexpress.com\/?s={search_term_string}"},"query-input":{"@type":"PropertyValueSpecification","valueRequired":true,"valueName":"search_term_string"}}],"inLanguage":"ro-RO"},{"@type":"Organization","@id":"https:\/\/gblexpress.com\/#organization","name":"GBL Express","url":"https:\/\/gblexpress.com\/","logo":{"@type":"ImageObject","inLanguage":"ro-RO","@id":"https:\/\/gblexpress.com\/#\/schema\/logo\/image\/","url":"https:\/\/gblexpress.com\/wp-content\/uploads\/2023\/01\/logo.png","contentUrl":"https:\/\/gblexpress.com\/wp-content\/uploads\/2023\/01\/logo.png","width":250,"height":52,"caption":"GBL Express"},"image":{"@id":"https:\/\/gblexpress.com\/#\/schema\/logo\/image\/"}}]}},"jetpack-related-posts":[],"jetpack_sharing_enabled":true,"_links":{"self":[{"href":"https:\/\/gblexpress.com\/ro\/wp-json\/wp\/v2\/product\/1802","targetHints":{"allow":["GET"]}}],"collection":[{"href":"https:\/\/gblexpress.com\/ro\/wp-json\/wp\/v2\/product"}],"about":[{"href":"https:\/\/gblexpress.com\/ro\/wp-json\/wp\/v2\/types\/product"}],"replies":[{"embeddable":true,"href":"https:\/\/gblexpress.com\/ro\/wp-json\/wp\/v2\/comments?post=1802"}],"wp:featuredmedia":[{"embeddable":true,"href":"https:\/\/gblexpress.com\/ro\/wp-json\/wp\/v2\/media\/1804"}],"wp:attachment":[{"href":"https:\/\/gblexpress.com\/ro\/wp-json\/wp\/v2\/media?parent=1802"}],"wp:term":[{"taxonomy":"product_brand","embeddable":true,"href":"https:\/\/gblexpress.com\/ro\/wp-json\/wp\/v2\/product_brand?post=1802"},{"taxonomy":"product_cat","embeddable":true,"href":"https:\/\/gblexpress.com\/ro\/wp-json\/wp\/v2\/product_cat?post=1802"},{"taxonomy":"product_tag","embeddable":true,"href":"https:\/\/gblexpress.com\/ro\/wp-json\/wp\/v2\/product_tag?post=1802"}],"curies":[{"name":"wp","href":"https:\/\/api.w.org\/{rel}","templated":true}]}}