{"id":473,"date":"2023-05-17T10:31:35","date_gmt":"2023-05-17T10:31:35","guid":{"rendered":"https:\/\/gblexpress.com\/?post_type=product&#038;p=473"},"modified":"2026-02-25T05:20:28","modified_gmt":"2026-02-25T05:20:28","slug":"gbl-cumparare-online-butirolactona-cumparare","status":"publish","type":"product","link":"https:\/\/gblexpress.com\/ro\/produs-2\/gbl-cumparare-online-butirolactona-cumparare\/","title":{"rendered":"Cump\u0103ra\u021bi GBL online"},"content":{"rendered":"<h2><strong>Gamma-Butirolacton\u0103 GBL Rim Cleaner<\/strong><\/h2>\n<p><a href=\"https:\/\/en.wikipedia.org\/wiki\/GBL\">gbl-buying<\/a>, Gamma-Butyrolacton-Produkte sind eine hygroskopische, farblose, \u00f6lige Fl\u00fcssigkeit mit einem schwachen charakteristischen Geruch und sind wasserl\u00f6slich. GBL ist ein g\u00e4ngiges L\u00f6sungsmittel und Reagens in der Chemie und wird als Aromastoff, Fleckentferner, Sekundenkleberentferner, Abbeizmittel und L\u00f6sungsmittel in einigen Nass-Aluminium-Elektrolytkondensatoren verwendet. Beim Menschen fungiert es als Prodrug f\u00fcr GHB und wird als Freizeitrauschmittel mit alkohol\u00e4hnlichen Wirkungen verwendet.<\/p>\n<h3><strong>Ce este gama-butirolactona?<a href=\"https:\/\/gblexpress.com\/ro\/\">?<\/a><\/strong><\/h3>\n<p><a href=\"https:\/\/gblexpress.com\/ro\/produs-2\/gbl-cumparare-online-butirolactona-cumparare\/\">Gamma-butirolacton\u0103<\/a> ist ein ideales Antioxidans, Weichmacher, Dispergiermittel und L\u00f6sungsmittel. GBL wird jedoch m\u00f6glicherweise am h\u00e4ufigsten als Zwischenprodukt bei der Herstellung von abgeleiteten Chemikalien wie Methyl-2-pyrrolidon, auch bekannt als NMP, verwendet. Neben seiner Verwendung in der chemischen Produktion ist GBL als Duftstoff in einigen Haushaltsprodukten sowie als L\u00f6sungsmittel in Lotionen, Nagellackentfernern und einigen Polymeren bekannt. Sie k\u00f6nnen es auch in der Batterie- und Kondensatorproduktion verwenden, wenn Sie es mit einer kleinen Menge Ethylenglykol mischen. Kaufen Sie Gamma-Butyrolacton GBL, gbl-Kaufen.<\/p>\n<h3><strong>Utiliz\u0103ri \u0219i eficacitate.<\/strong><\/h3>\n<p>Gamma-Butirolactona GBL este un detergent magic cu o putere de cur\u0103\u021bare unic\u0103.<br \/>\nCauza relax\u0103rii.<br \/>\nCre\u0219terea clarit\u0103\u021bii mentale.<br \/>\nAmeliorarea depresiei \u0219i a stresului.<br \/>\nPrelungirea vie\u021bii.<br \/>\n\u00cembun\u0103t\u0103\u021birea performan\u021belor sexuale \u0219i a pl\u0103cerii sexuale.<br \/>\nReduce\u021bi gr\u0103simea.<br \/>\nEliberarea de hormoni de cre\u0219tere.<br \/>\n\u00cembun\u0103t\u0103\u021birea performan\u021belor atletice.<br \/>\n\u00cembun\u0103t\u0103\u021birea somnului.<br \/>\nCa un culturist sau constructor de mu\u0219chi.<a href=\"https:\/\/en.wikipedia.org\/wiki\/GBL\">r.<\/a><br \/>\nCa drog recrea\u021bional.<br \/>\nDecapant de vopsea cu gama butirolacton\u0103<\/p>\n<div class=\"elementor-element elementor-element-9d8da53 elementor-widget elementor-widget-heading\" data-id=\"9d8da53\" data-element_type=\"widget\" data-widget_type=\"heading.default\">\n<div class=\"elementor-widget-container\">\n<h3 class=\"elementor-heading-title elementor-size-default\"><strong>De unde pute\u021bi cump\u0103ra GBL?<\/strong><\/h3>\n<\/div>\n<\/div>\n<div class=\"elementor-element elementor-element-276da13 elementor-widget elementor-widget-text-editor\" data-id=\"276da13\" data-element_type=\"widget\" data-widget_type=\"text-editor.default\">\n<div class=\"elementor-widget-container\">\n<div class=\"elementor-element elementor-element-f935fcf elementor-widget elementor-widget-text-editor\" data-id=\"f935fcf\" data-element_type=\"widget\" data-widget_type=\"text-editor.default\">\n<div class=\"elementor-widget-container\">\n<p>GBL poate fi achizi\u021bionat online de pe site-ul nostru. Cu toate acestea, este important s\u0103 cump\u0103ra\u021bi GBL numai dintr-o surs\u0103 de \u00eencredere. Exist\u0103 multe escrocherii pe internet, a\u0219a c\u0103 asigura\u021bi-v\u0103 c\u0103 face\u021bi cercet\u0103ri \u00eenainte de a cump\u0103ra.<\/p>\n<\/div>\n<\/div>\n<\/div>\n<\/div>\n<div class=\"elementor-element elementor-element-d81d864 elementor-widget elementor-widget-heading\" data-id=\"d81d864\" data-element_type=\"widget\" data-widget_type=\"heading.default\">\n<div class=\"elementor-widget-container\">\n<h3 class=\"elementor-heading-title elementor-size-default\"><strong>Cum s\u0103 utiliza\u021bi GBL \u00een siguran\u021b\u0103?<\/strong><\/h3>\n<\/div>\n<\/div>\n<div class=\"elementor-element elementor-element-b3595ad elementor-widget elementor-widget-text-editor\" data-id=\"b3595ad\" data-element_type=\"widget\" data-widget_type=\"text-editor.default\">\n<div class=\"elementor-widget-container\">\n<div class=\"elementor-element elementor-element-bfa46e2 elementor-widget elementor-widget-text-editor\" data-id=\"bfa46e2\" data-element_type=\"widget\" data-widget_type=\"text-editor.default\">\n<div class=\"elementor-widget-container\">\n<p>Dup\u0103 cum s-a men\u021bionat deja, GBL este un puternic deprimant al sistemului nervos central. Din acest motiv, este important s\u0103 folosi\u021bi GBL numai conform instruc\u021biunilor \u0219i s\u0103 nu consuma\u021bi niciodat\u0103 mai mult dec\u00e2t cantitatea recomandat\u0103. De asemenea, atunci c\u00e2nd lua\u021bi GBL, ar trebui s\u0103 ave\u021bi \u00eentotdeauna al\u0103turi de dumneavoastr\u0103 un \u00eenso\u021bitor care s\u0103 v\u0103 monitorizeze starea \u0219i s\u0103 v\u0103 ofere asisten\u021b\u0103 dac\u0103 este necesar. \u00cen cele din urm\u0103, p\u0103stra\u021bi GBL \u00een afara razei de ac\u021biune a copiilor \u0219i a animalelor de companie.<\/p>\n<\/div>\n<\/div>\n<\/div>\n<\/div>\n<div class=\"elementor-element elementor-element-e2013c7 elementor-widget elementor-widget-heading\" data-id=\"e2013c7\" data-element_type=\"widget\" data-widget_type=\"heading.default\">\n<div class=\"elementor-widget-container\">\n<h3 class=\"elementor-heading-title elementor-size-default\"><strong>Concluzie privind gama-butirolactona<\/strong><\/h3>\n<\/div>\n<\/div>\n<div class=\"elementor-element elementor-element-55fe5e1 elementor-widget elementor-widget-text-editor\" data-id=\"55fe5e1\" data-element_type=\"widget\" data-widget_type=\"text-editor.default\">\n<div class=\"elementor-widget-container\">\n<section class=\"elementor-section elementor-top-section elementor-element elementor-element-54e0bcc elementor-section-boxed elementor-section-height-default elementor-section-height-default\" data-id=\"54e0bcc\" data-element_type=\"section\">\n<div class=\"elementor-container elementor-column-gap-default\">\n<div class=\"elementor-column elementor-col-100 elementor-top-column elementor-element elementor-element-308d3b4\" data-id=\"308d3b4\" data-element_type=\"column\">\n<div class=\"elementor-widget-wrap elementor-element-populated\">\n<div class=\"elementor-element elementor-element-79e378f elementor-widget elementor-widget-text-editor\" data-id=\"79e378f\" data-element_type=\"widget\" data-widget_type=\"text-editor.default\">\n<div class=\"elementor-widget-container\">\n<p>GBL poate fi un solvent industrial \u0219i un agent de cur\u0103\u021bare util atunci c\u00e2nd este utilizat conform instruc\u021biunilor. Cu toate acestea, este, de asemenea, un agent puternic al sistemului nervos central care poate provoca efecte secundare grave dac\u0103 este utilizat \u00een mod abuziv. Din acest motiv, este important s\u0103 cump\u0103ra\u021bi GBL numai dintr-o surs\u0103 de \u00eencredere \u0219i s\u0103 \u00eel utiliza\u021bi conform instruc\u021biunilor. Dac\u0103 ave\u021bi \u00eentreb\u0103ri cu privire la utilizarea \u00een siguran\u021b\u0103 a GBL, asigura\u021bi-v\u0103 c\u0103 consulta\u021bi un medic \u00eenainte de a-l lua.<\/p>\n<\/div>\n<\/div>\n<\/div>\n<\/div>\n<\/div>\n<\/section>\n<\/div>\n<\/div>","protected":false},"excerpt":{"rendered":"<p><strong>GBL<\/strong> (gamma-butirolacton\u0103) este un compus organic versatil care este utilizat pe scar\u0103 larg\u0103 \u00een industria chimic\u0103, cur\u0103\u021bare \u0219i cercetare. Cunoscut pentru propriet\u0103\u021bile sale puternice de solvent, este <strong>GBL<\/strong> este o component\u0103 indispensabil\u0103 \u00een fabricarea produselor chimice \u0219i un obiect important de cercetare \u00een procesele biologice \u0219i chimice.<\/p>\n<p><strong>Cum func\u021bioneaz\u0103 GBL?<\/strong><br \/>\n<strong>GBL<\/strong> este transformat \u00een organism \u00een acid gamma-hidroxibutiric (GHB), care afecteaz\u0103 sistemul nervos central. Aceast\u0103 conversie chimic\u0103 permite desf\u0103\u0219urarea propriet\u0103\u021bilor sale unice. \u00cen industrie, este apreciat pentru solubilitatea \u0219i reactivitatea sa ridicat\u0103.<\/p>\n<ul>\n<li><strong>Efect industrial:<\/strong> Dizolvarea eficient\u0103 a unsorilor, r\u0103\u0219inilor \u0219i polimerilor.<\/li>\n<li><strong>Efect biologic:<\/strong> Dup\u0103 ce este transformat \u00een GHB, acesta ac\u021bioneaz\u0103 ca un neurotransmi\u021b\u0103tor care poate influen\u021ba somnul, relaxarea \u0219i procesele neuronale.<\/li>\n<\/ul>\n<p><strong>Durata \u0219i efectele:<\/strong><\/p>\n<ul>\n<li><strong>Debutul efectului:<\/strong> \u00cen 10-20 de minute cu utilizare biologic\u0103.<\/li>\n<li><strong>Durata efectului:<\/strong> 1,5 p\u00e2n\u0103 la 3 ore, \u00een func\u021bie de doz\u0103 \u0219i de metoda de aplicare.<\/li>\n<li><strong>Utilizarea industrial\u0103:<\/strong> Efect imediat la cur\u0103\u021barea sau dizolvarea substan\u021belor.<\/li>\n<\/ul>\n<p><strong>Formul\u0103 \u0219i propriet\u0103\u021bi<\/strong><\/p>\n<ul>\n<li><strong>Denumire chimic\u0103:<\/strong> Gamma-butirolacton\u0103<\/li>\n<li><strong>Formul\u0103 molecular\u0103:<\/strong> C4H6O2<\/li>\n<li><strong>Greutate molecular\u0103:<\/strong> 86,09 g\/mol<\/li>\n<\/ul>","protected":false},"featured_media":1643,"comment_status":"open","ping_status":"closed","template":"","meta":{"_joinchat":[]},"product_brand":[],"product_cat":[33,34,36,246],"product_tag":[250,270,249,258,248,269,276,256,260,271,262,265,266,275,261,255,274,273,251,264,268,254,272,257,252,277,253,263,279,259,267,278],"class_list":{"0":"post-473","1":"product","2":"type-product","3":"status-publish","4":"has-post-thumbnail","6":"product_cat-gbl-gamma-butyrolactone-25l","7":"product_cat-ghb","8":"product_cat-ko-drops","9":"product_cat-sex-meth","10":"product_tag-butyrolacton-kaufen","11":"product_tag-butyrolacton-lieferant","12":"product_tag-gamma-butyrolacton","13":"product_tag-gamma-butyrolacton-bestellen","14":"product_tag-gbl","15":"product_tag-gbl-anwendungen","16":"product_tag-gbl-chemie","17":"product_tag-gbl-fluessigkeit","18":"product_tag-gbl-fuer-industrielle-anwendungen","19":"product_tag-gbl-fuer-reinigung","20":"product_tag-gbl-grosshandel","21":"product_tag-gbl-handhabung","22":"product_tag-gbl-hersteller","23":"product_tag-gbl-im-labor","24":"product_tag-gbl-in-der-forschung","25":"product_tag-gbl-in-deutschland-kaufen","26":"product_tag-gbl-in-grossen-mengen","27":"product_tag-gbl-in-kleinen-mengen","28":"product_tag-gbl-kaufen","29":"product_tag-gbl-lagerung","30":"product_tag-gbl-legal","31":"product_tag-gbl-lieferant","32":"product_tag-gbl-loesung-kaufen","33":"product_tag-gbl-loesungsmittel","34":"product_tag-gbl-online-bestellen","35":"product_tag-gbl-online-anbieter","36":"product_tag-gbl-preis","37":"product_tag-gbl-sicherheitsrichtlinien","38":"product_tag-gbl-versand-weltweit","39":"product_tag-gbl-verwendung","40":"product_tag-gbl-zum-verkauf","41":"product_tag-wo-kann-man-gbl-kaufen","43":"first","44":"instock","45":"shipping-taxable","46":"purchasable","47":"product-type-variable"},"yoast_head":"<!-- This site is optimized with the Yoast SEO plugin v25.4 - https:\/\/yoast.com\/wordpress\/plugins\/seo\/ -->\n<title>GBL online kaufen - GBL zu verkaufen<\/title>\n<meta name=\"description\" content=\"Wo kaufen Sie GBL online zum besten Preis? Finden Sie hochwertiges GBL in unserem sicheren Online-Shop \u2013 genau das Richtige f\u00fcr Ihre Recherche. Jetzt bestellen!\" \/>\n<meta name=\"robots\" content=\"index, follow, max-snippet:-1, max-image-preview:large, max-video-preview:-1\" \/>\n<link rel=\"canonical\" href=\"https:\/\/gblexpress.com\/ro\/produs-2\/gbl-cumparare-online-butirolactona-cumparare\/\" \/>\n<meta property=\"og:locale\" content=\"ro_RO\" \/>\n<meta property=\"og:type\" content=\"article\" \/>\n<meta property=\"og:title\" content=\"GBL online kaufen - GBL zu verkaufen\" \/>\n<meta property=\"og:description\" content=\"Wo kaufen Sie GBL online zum besten Preis? Finden Sie hochwertiges GBL in unserem sicheren Online-Shop \u2013 genau das Richtige f\u00fcr Ihre Recherche. Jetzt bestellen!\" \/>\n<meta property=\"og:url\" content=\"https:\/\/gblexpress.com\/ro\/produs-2\/gbl-cumparare-online-butirolactona-cumparare\/\" \/>\n<meta property=\"og:site_name\" content=\"GBL Express\" \/>\n<meta property=\"article:modified_time\" content=\"2026-02-25T05:20:28+00:00\" \/>\n<meta property=\"og:image\" content=\"https:\/\/gblexpress.com\/wp-content\/uploads\/2023\/05\/gbl-1.jpg\" \/>\n\t<meta property=\"og:image:width\" content=\"600\" \/>\n\t<meta property=\"og:image:height\" content=\"600\" \/>\n\t<meta property=\"og:image:type\" content=\"image\/jpeg\" \/>\n<meta name=\"twitter:card\" content=\"summary_large_image\" \/>\n<meta name=\"twitter:label1\" content=\"Timp estimat pentru citire\" \/>\n\t<meta name=\"twitter:data1\" content=\"2 minute\" \/>\n<!-- \/ Yoast SEO plugin. -->","yoast_head_json":{"title":"Cump\u0103ra\u021bi GBL online - GBL de v\u00e2nzare","description":"De unde s\u0103 cump\u0103ra\u021bi GBL online la cel mai bun pre\u021b? G\u0103si\u021bi GBL de \u00eenalt\u0103 calitate \u00een magazinul nostru online securizat \u2013 exact ceea ce ave\u021bi nevoie pentru cercetarea dumneavoastr\u0103. Comanda acum!","robots":{"index":"index","follow":"follow","max-snippet":"max-snippet:-1","max-image-preview":"max-image-preview:large","max-video-preview":"max-video-preview:-1"},"canonical":"https:\/\/gblexpress.com\/ro\/produs-2\/gbl-cumparare-online-butirolactona-cumparare\/","og_locale":"ro_RO","og_type":"article","og_title":"GBL online kaufen - GBL zu verkaufen","og_description":"Wo kaufen Sie GBL online zum besten Preis? Finden Sie hochwertiges GBL in unserem sicheren Online-Shop \u2013 genau das Richtige f\u00fcr Ihre Recherche. Jetzt bestellen!","og_url":"https:\/\/gblexpress.com\/ro\/produs-2\/gbl-cumparare-online-butirolactona-cumparare\/","og_site_name":"GBL Express","article_modified_time":"2026-02-25T05:20:28+00:00","og_image":[{"width":600,"height":600,"url":"https:\/\/gblexpress.com\/wp-content\/uploads\/2023\/05\/gbl-1.jpg","type":"image\/jpeg"}],"twitter_card":"summary_large_image","twitter_misc":{"Timp estimat pentru citire":"2 minute"},"schema":{"@context":"https:\/\/schema.org","@graph":[{"@type":"WebPage","@id":"https:\/\/gblexpress.com\/product\/gbl-online-kaufen-%ce%b3-butyrolacton-kaufen\/","url":"https:\/\/gblexpress.com\/product\/gbl-online-kaufen-%ce%b3-butyrolacton-kaufen\/","name":"Cump\u0103ra\u021bi GBL online - GBL de v\u00e2nzare","isPartOf":{"@id":"https:\/\/gblexpress.com\/#website"},"primaryImageOfPage":{"@id":"https:\/\/gblexpress.com\/product\/gbl-online-kaufen-%ce%b3-butyrolacton-kaufen\/#primaryimage"},"image":{"@id":"https:\/\/gblexpress.com\/product\/gbl-online-kaufen-%ce%b3-butyrolacton-kaufen\/#primaryimage"},"thumbnailUrl":"https:\/\/gblexpress.com\/wp-content\/uploads\/2023\/05\/gbl-1.jpg","datePublished":"2023-05-17T10:31:35+00:00","dateModified":"2026-02-25T05:20:28+00:00","description":"De unde s\u0103 cump\u0103ra\u021bi GBL online la cel mai bun pre\u021b? G\u0103si\u021bi GBL de \u00eenalt\u0103 calitate \u00een magazinul nostru online securizat \u2013 exact ceea ce ave\u021bi nevoie pentru cercetarea dumneavoastr\u0103. Comanda acum!","breadcrumb":{"@id":"https:\/\/gblexpress.com\/product\/gbl-online-kaufen-%ce%b3-butyrolacton-kaufen\/#breadcrumb"},"inLanguage":"ro-RO","potentialAction":[{"@type":"ReadAction","target":["https:\/\/gblexpress.com\/product\/gbl-online-kaufen-%ce%b3-butyrolacton-kaufen\/"]}]},{"@type":"ImageObject","inLanguage":"ro-RO","@id":"https:\/\/gblexpress.com\/product\/gbl-online-kaufen-%ce%b3-butyrolacton-kaufen\/#primaryimage","url":"https:\/\/gblexpress.com\/wp-content\/uploads\/2023\/05\/gbl-1.jpg","contentUrl":"https:\/\/gblexpress.com\/wp-content\/uploads\/2023\/05\/gbl-1.jpg","width":600,"height":600,"caption":"gbl online kaufen"},{"@type":"BreadcrumbList","@id":"https:\/\/gblexpress.com\/product\/gbl-online-kaufen-%ce%b3-butyrolacton-kaufen\/#breadcrumb","itemListElement":[{"@type":"ListItem","position":1,"name":"Home","item":"https:\/\/gblexpress.com\/"},{"@type":"ListItem","position":2,"name":"Shop","item":"https:\/\/gblexpress.com\/shop\/"},{"@type":"ListItem","position":3,"name":"GBL Online Kaufen"}]},{"@type":"WebSite","@id":"https:\/\/gblexpress.com\/#website","url":"https:\/\/gblexpress.com\/","name":"GBL Express","description":"","publisher":{"@id":"https:\/\/gblexpress.com\/#organization"},"potentialAction":[{"@type":"SearchAction","target":{"@type":"EntryPoint","urlTemplate":"https:\/\/gblexpress.com\/?s={search_term_string}"},"query-input":{"@type":"PropertyValueSpecification","valueRequired":true,"valueName":"search_term_string"}}],"inLanguage":"ro-RO"},{"@type":"Organization","@id":"https:\/\/gblexpress.com\/#organization","name":"GBL Express","url":"https:\/\/gblexpress.com\/","logo":{"@type":"ImageObject","inLanguage":"ro-RO","@id":"https:\/\/gblexpress.com\/#\/schema\/logo\/image\/","url":"https:\/\/gblexpress.com\/wp-content\/uploads\/2023\/01\/logo.png","contentUrl":"https:\/\/gblexpress.com\/wp-content\/uploads\/2023\/01\/logo.png","width":250,"height":52,"caption":"GBL Express"},"image":{"@id":"https:\/\/gblexpress.com\/#\/schema\/logo\/image\/"}}]}},"jetpack-related-posts":[],"jetpack_sharing_enabled":true,"_links":{"self":[{"href":"https:\/\/gblexpress.com\/ro\/wp-json\/wp\/v2\/product\/473","targetHints":{"allow":["GET"]}}],"collection":[{"href":"https:\/\/gblexpress.com\/ro\/wp-json\/wp\/v2\/product"}],"about":[{"href":"https:\/\/gblexpress.com\/ro\/wp-json\/wp\/v2\/types\/product"}],"replies":[{"embeddable":true,"href":"https:\/\/gblexpress.com\/ro\/wp-json\/wp\/v2\/comments?post=473"}],"wp:featuredmedia":[{"embeddable":true,"href":"https:\/\/gblexpress.com\/ro\/wp-json\/wp\/v2\/media\/1643"}],"wp:attachment":[{"href":"https:\/\/gblexpress.com\/ro\/wp-json\/wp\/v2\/media?parent=473"}],"wp:term":[{"taxonomy":"product_brand","embeddable":true,"href":"https:\/\/gblexpress.com\/ro\/wp-json\/wp\/v2\/product_brand?post=473"},{"taxonomy":"product_cat","embeddable":true,"href":"https:\/\/gblexpress.com\/ro\/wp-json\/wp\/v2\/product_cat?post=473"},{"taxonomy":"product_tag","embeddable":true,"href":"https:\/\/gblexpress.com\/ro\/wp-json\/wp\/v2\/product_tag?post=473"}],"curies":[{"name":"wp","href":"https:\/\/api.w.org\/{rel}","templated":true}]}}