{"id":474,"date":"2023-05-17T10:39:29","date_gmt":"2023-05-17T10:39:29","guid":{"rendered":"https:\/\/gblexpress.com\/?post_type=product&#038;p=474"},"modified":"2026-02-25T05:19:56","modified_gmt":"2026-02-25T05:19:56","slug":"gama-hidroxibutirat-buyrate-buy","status":"publish","type":"product","link":"https:\/\/gblexpress.com\/ro\/produs-2\/gama-hidroxibutirat-buyrate-buy\/","title":{"rendered":"Cump\u0103ra\u021bi GBL online"},"content":{"rendered":"<h2><strong>Gamma-Hydroxybutyrat kaufen | Gamma-Hydroxybutyrat-Pulver und -Fl\u00fcssigkeit zu verkaufen | Gamma-Hydroxybutyrat zu verkaufen<\/strong><\/h2>\n<p>Thor Pharmaceuticals bietet verschiedene pharmazeutische Produkte, darunter <strong><a href=\"https:\/\/gblexpress.com\/ro\/produs-2\/gama-hidroxibutirat-buyrate-buy\/\">GHB pulbere<\/a><\/strong> und -Fl\u00fcssigkeit, zum Verkauf an. Sie k\u00f6nnen GHB hier bei Thor Pharmaceuticals online zu g\u00fcnstigen Preisen kaufen. Verpackung und Versand erfolgen absolut diskret.<\/p>\n<p>G\u00e4ngige Bezeichnungen: Liquid X, Liquid Ecstasy, Georgia Home Boy, GHB, Gamma-oh, Grievous bodily harm, Mils, G, Liquid G, Fantasy, <strong><a href=\"https:\/\/en.wikipedia.org\/wiki\/%CE%93-Hydroxybutyric_acid\">Cump\u0103ra\u021bi GHB online<\/a><\/strong><\/p>\n<p>Suchen Sie nach einer vertrauensw\u00fcrdigen, zuverl\u00e4ssigen und diskreten Bezugsquelle f\u00fcr GHB? Dann sind Sie bei Thor Pharmaceuticals genau richtig. Wir bieten GHB-Pulver und -Fl\u00fcssigkeit zu sehr g\u00fcnstigen Preisen an.<\/p>\n<h3><strong>CE ESTE GAMA-HIDROXIBUTIRATUL (C4H8O3)?<\/strong><\/h3>\n<p>GHB, oder Gamma-Hydroxybutyrat (C4H8O3), ist ein zentralnerv\u00f6ses D\u00e4mpfungsmittel. Es wird h\u00e4ufig als \u201ePartydroge\u201c oder \u201eDate-Rape-Droge\u201c bezeichnet. Jugendliche und junge Erwachsene missbrauchen GHB in Bars, auf Partys, in Clubs und auf Raves (durchtanzten N\u00e4chten). Diese Gruppe kauft GHB oft online und mischt es in alkoholische Getr\u00e4nke. Zu den m\u00f6glichen Nebenwirkungen geh\u00f6ren Schwitzen, Bewusstlosigkeit (von 69 Prozent der Konsumenten berichtet), \u00dcbelkeit, Halluzinationen, Amnesie und Koma. Kaufen Sie GHB online bei Thor Pharmaceuticals.<\/p>\n<p>Xylem (Natriumoxid), ein Markenmedikament, wurde 2002 von der US-amerikanischen Arzneimittelbeh\u00f6rde FDA zur Behandlung von Narkolepsie zugelassen, einer Schlafst\u00f6rung, die \u00fcberm\u00e4\u00dfige Schl\u00e4frigkeit und wiederkehrende Tagesschl\u00e4frigkeit verursacht. Es handelt sich um das Natriumsalz von Gamma-Hydroxybutyrat. GHB ist online erh\u00e4ltlich. Wir bieten GHB-Pulver und -Fl\u00fcssigkeit in unserem Produktkatalog an.<\/p>\n<p>GHB ist ein nat\u00fcrlich vorkommendes Stoffwechselprodukt des hemmenden Neurotransmitters Gamma-Aminobutters\u00e4ure (GABA), der im Gehirn vorkommt. Die Konzentration des nat\u00fcrlich vorkommenden GHB-Stoffwechselprodukts im Gehirn ist deutlich geringer als die in Drogenmissbrauchsmitteln. Durch Fermentation k\u00f6nnen zudem geringe, aber unbedeutende Mengen an nat\u00fcrlichem GHB in einigen Bieren und Weinen entstehen.<\/p>\n<h3><strong>Ce este GHB?<\/strong><\/h3>\n<p>GHB ist eine synthetische Droge, die urspr\u00fcnglich als An\u00e4sthetikum verwendet wurde. Aufgrund ihrer Verbindung mit sexuellen \u00dcbergriffen ist sie auch als \u201eDate-Rape-Droge\u201c bekannt. GHB ruft in der Regel Gef\u00fchle der Euphorie und Entspannung hervor, was sie f\u00fcr manche Menschen sehr attraktiv machen kann. Wie jede psychoaktive Substanz birgt sie jedoch erhebliche Risiken.<\/p>\n<h3><strong>Die Gefahren des GHB-Kaufs<\/strong><\/h3>\n<p>Der Kauf von GHB ist mit einem hohen Risiko verbunden, da es illegal und nicht reguliert ist. Die meisten auf dem Schwarzmarkt erh\u00e4ltlichen Chemikalien sind ungetestet, daher wei\u00df man nicht genau, was man kauft. Zudem ist die Dosierung \u00e4u\u00dferst schwierig, da es nahezu unm\u00f6glich ist, die richtige Dosis zu bestimmen. Dadurch besteht die Gefahr einer \u00dcberdosierung, die sehr gef\u00e4hrlich und sogar t\u00f6dlich sein kann.<\/p>\n<div class=\"elementor-element elementor-element-5ac7237 elementor-widget elementor-widget-text-editor\" data-id=\"5ac7237\" data-element_type=\"widget\" data-widget_type=\"text-editor.default\">\n<div class=\"elementor-widget-container\">\n<p>Zus\u00e4tzlich wird GHB h\u00e4ufig mit anderen Substanzen gemischt, was das Risiko einer \u00dcberdosierung erh\u00f6ht. Manche Menschen mischen GHB auch mit Alkohol, was zu noch schwerwiegenderen Nebenwirkungen f\u00fchren kann. Schlie\u00dflich kann der Konsum von GHB zu k\u00f6rperlicher und psychischer Abh\u00e4ngigkeit f\u00fchren, die verheerende Folgen f\u00fcr den Konsumenten haben kann.<\/p>\n<h3><strong>Wie kommt man an GHB?<\/strong><\/h3>\n<p>Viele Menschen kaufen GHB online, obwohl dies in der Regel nicht empfehlenswert ist. Viele der Webseiten, die dieses Produkt anbieten, sind betr\u00fcgerisch, und es ist sehr schwierig festzustellen, ob die angebotene Substanz echt ist. Au\u00dferdem gibt es eine Vielzahl von Webseiten, die solche Produkte verkaufen, sodass es schwierig sein kann, die vertrauensw\u00fcrdigsten zu finden.<\/p>\n<p>Dar\u00fcber hinaus ist der Verkauf und Kauf von GHB in den meisten L\u00e4ndern verboten, und der Erwerb und Besitz von GHB kann schwere strafrechtliche Konsequenzen haben. Wenn Sie sich also f\u00fcr den Kauf von GHB entscheiden, sollten Sie vorsichtig sein und sicherstellen, dass Sie ein echtes und sicheres Produkt erwerben.<\/p>\n<\/div>\n<\/div>","protected":false},"excerpt":{"rendered":"<p><span style=\"vertical-align: inherit;\"><span style=\"vertical-align: inherit;\">Dozaj: <\/span><\/span><br \/>\n<span style=\"vertical-align: inherit;\"><span style=\"vertical-align: inherit;\">\u00cencep\u0103tori: Mai \u00eent\u00e2i 3,5 ml, apoi 3 ml la fiecare 2 ore <\/span><\/span><br \/>\n<span style=\"vertical-align: inherit;\"><span style=\"vertical-align: inherit;\">Avansat: 4,5 ml, apoi 4 ml la fiecare 2 ore<\/span><\/span><\/p>\n<p><span style=\"vertical-align: inherit;\"><span style=\"vertical-align: inherit;\">Fotografia nu este a\u0219a cum a fost trimis\u0103. Nu ar\u0103t\u0103m sticla real\u0103, deoarece nu este bun\u0103 din punct de vedere al LE-ului.<\/span><\/span><\/p>\n<p><span style=\"vertical-align: inherit;\"><span style=\"vertical-align: inherit;\">Echipa noastr\u0103 produce GHB de peste 6 ani. Dac\u0103 exist\u0103 o modalitate de a rafina aceast\u0103 substan\u021b\u0103, laboratorii no\u0219tri au \u00eencercat-o \u0219i testat-o! GHB-ul nostru are cea mai mare poten\u021b\u0103 posibil\u0103, f\u0103r\u0103 a se solidifica. Este c\u00e2t se poate de puternic, dar r\u0103m\u00e2ne lichid. Pur \u0219i simplu o bun\u0103tate premium, s\u0103rat\u0103 \u0219i s\u0103punoas\u0103!<\/span><\/span><\/p>\n<p><span style=\"vertical-align: inherit;\"><span style=\"vertical-align: inherit;\">Dac\u0103 e\u0219ti un utilizator experimentat de GHB, \u0219tii ce senza\u021bie ai. Nu vei fi dezam\u0103git de acest produs. Dac\u0103 vrei s\u0103 \u00eencerci ceva nou, urm\u0103toarele informa\u021bii \u021bi-ar putea fi utile:<\/span><\/span><\/p>\n<p><span style=\"vertical-align: inherit;\"><span style=\"vertical-align: inherit;\">GHB este cunoscut \u0219i sub denumirile de Fantasy, Fanta, Graveous Bodily Harm, GHB, G, G-riffic, Cherry Meth, Goop, Great Hormones at Bedtime, Liquid E, Liquid Ecstasy, Liquid X, Scoop, Soap \u0219i Vita-G. Efectele GHB sunt descrise de Psychonautwiki dup\u0103 cum urmeaz\u0103:<\/span><\/span><\/p>\n<p><span style=\"vertical-align: inherit;\"><span style=\"vertical-align: inherit;\">\u201eEuforie cognitiv\u0103 \u2013 GHB produce st\u0103ri intense de euforie comparabile cu cele produse de cocain\u0103, MDMA \u0219i opiacee. Din acest motiv, este uneori denumit \u00abecstasy lichid\u00bb. Este descris \u00een mod obi\u0219nuit ca o versiune mai euforic\u0103 \u0219i dezinhibat\u0103 a alcoolului.\u201d<\/span><\/span><\/p>\n<p><span style=\"vertical-align: inherit;\"><span style=\"vertical-align: inherit;\">De asemenea, s-a spus c\u0103 GHB cre\u0219te libidoul, aprecierea muzicii -<\/span><\/span><\/p>\n<p><span style=\"vertical-align: inherit;\"><span style=\"vertical-align: inherit;\">\u201eEmpatie, afec\u021biune \u0219i sociabilitate sporit\u0103 \u2013 GHB are efecte entactogene puternice, care, de\u0219i mai slabe dec\u00e2t cele ale MDMA, sunt totu\u0219i pronun\u021bate \u0219i bine definite\u201d (Psychonautwiki).<\/span><\/span><\/p>\n<p><span style=\"vertical-align: inherit;\"><span style=\"vertical-align: inherit;\">Un alt aspect atractiv al GHB este revenirea u\u0219oar\u0103 la starea ini\u021bial\u0103. Nu exist\u0103 nicio sc\u0103dere nepl\u0103cut\u0103. Nu ve\u021bi fi deruta\u021bi.<\/span><\/span><\/p>\n<p><span style=\"vertical-align: inherit;\"><span style=\"vertical-align: inherit;\">Fiecare persoan\u0103 tolereaz\u0103 GHB \u00een mod diferit, a\u0219adar doza trebuie utilizat\u0103 cu precau\u021bie. Utilizatorii experimenta\u021bi ai produsului nostru raporteaz\u0103 c\u0103 o doz\u0103 optim\u0103 este de 3,5\u20134,5 ml. O doz\u0103 moderat\u0103 este de 2\u20133 ml. Benzoame, alcool, sedative \u0219i alte substan\u021be pot poten\u021ba efectele GHB \u00een moduri imprevizibile, ceea ce poate duce la rezultate dezastruoase \u0219i nu este recomandat.<\/span><\/span><\/p>\n<p><span style=\"vertical-align: inherit;\"><span style=\"vertical-align: inherit;\">De\u0219i avem o vast\u0103 experien\u021b\u0103 \u00een v\u00e2nzarea produselor noastre pe GBL EXPRESS, suntem noi aici pe Empire, a\u0219a c\u0103 feedback-ul dvs. pozitiv este foarte binevenit.<\/span><\/span><\/p>","protected":false},"featured_media":1638,"comment_status":"open","ping_status":"closed","template":"","meta":{"_joinchat":[]},"product_brand":[],"product_cat":[34],"product_tag":[72,78,73,79,80,92,82,74,87,93,75,88,81,76,83,85,84,86,77,91,94,97,90,89,95,96],"class_list":{"0":"post-474","1":"product","2":"type-product","3":"status-publish","4":"has-post-thumbnail","6":"product_cat-ghb","7":"product_tag-bester-ghb-pulver-onlineshop","8":"product_tag-ghb","9":"product_tag-ghb-online-kaufen","10":"product_tag-ghb-online-zum-verkauf","11":"product_tag-ghb-pulver","12":"product_tag-ghb-pulver-bestellen","13":"product_tag-ghb-pulver-dubai","14":"product_tag-ghb-pulver-eu-kaufen","15":"product_tag-ghb-pulver-online","16":"product_tag-ghb-pulver-online-bestellen","17":"product_tag-ghb-pulver-online-kaufen","18":"product_tag-ghb-pulver-online-shoppen","19":"product_tag-ghb-pulver-und-fluessigkeit","20":"product_tag-ghb-pulver-usa-kaufen","21":"product_tag-ghb-pulver-zum-verkauf","22":"product_tag-ghb-pulver-zum-verkauf-in-den-usa","23":"product_tag-ghb-pulver-zum-verkauf-in-grossbritannien","24":"product_tag-ghb-pulver-zum-verkauf-online","25":"product_tag-guenstiges-ghb-pulver-online-kaufen","26":"product_tag-legitimer-ghb-pulverlieferant","27":"product_tag-us-anbieter-von-ghb-pulver-online","28":"product_tag-weltweiter-lieferant-von-ghb-pulver-online","29":"product_tag-wie-bestelle-ich-ghb-pulver","30":"product_tag-wie-kann-ich-ghb-pulver-online-kaufen","31":"product_tag-wo-ghb-pulver-online-zu-kaufen-ist","32":"product_tag-wo-man-ghb-pulver-im-grosshandel-kaufen-kann","34":"first","35":"instock","36":"shipping-taxable","37":"purchasable","38":"product-type-variable"},"yoast_head":"<!-- This site is optimized with the Yoast SEO plugin v25.4 - https:\/\/yoast.com\/wordpress\/plugins\/seo\/ -->\n<title>GAMMA HYDROXYBUTYRAT KAUFEN<\/title>\n<meta name=\"description\" content=\"Verpassen Sie nicht die Gelegenheit, GHB online in unserem Shop zu kaufen. Wir bieten ausschlie\u00dflich Feilen und GHB zu g\u00fcnstigen Preisen an. Wir helfen Ihnen gerne weiter. Bestellen Sie jetzt!\" \/>\n<meta name=\"robots\" content=\"index, follow, max-snippet:-1, max-image-preview:large, max-video-preview:-1\" \/>\n<link rel=\"canonical\" href=\"https:\/\/gblexpress.com\/ro\/produs-2\/gama-hidroxibutirat-buyrate-buy\/\" \/>\n<meta property=\"og:locale\" content=\"ro_RO\" \/>\n<meta property=\"og:type\" content=\"article\" \/>\n<meta property=\"og:title\" content=\"GAMMA HYDROXYBUTYRAT KAUFEN\" \/>\n<meta property=\"og:description\" content=\"Verpassen Sie nicht die Gelegenheit, GHB online in unserem Shop zu kaufen. Wir bieten ausschlie\u00dflich Feilen und GHB zu g\u00fcnstigen Preisen an. Wir helfen Ihnen gerne weiter. Bestellen Sie jetzt!\" \/>\n<meta property=\"og:url\" content=\"https:\/\/gblexpress.com\/ro\/produs-2\/gama-hidroxibutirat-buyrate-buy\/\" \/>\n<meta property=\"og:site_name\" content=\"GBL Express\" \/>\n<meta property=\"article:modified_time\" content=\"2026-02-25T05:19:56+00:00\" \/>\n<meta property=\"og:image\" content=\"https:\/\/gblexpress.com\/wp-content\/uploads\/2023\/05\/GHB-1.jpg\" \/>\n\t<meta property=\"og:image:width\" content=\"600\" \/>\n\t<meta property=\"og:image:height\" content=\"600\" \/>\n\t<meta property=\"og:image:type\" content=\"image\/jpeg\" \/>\n<meta name=\"twitter:card\" content=\"summary_large_image\" \/>\n<meta name=\"twitter:label1\" content=\"Timp estimat pentru citire\" \/>\n\t<meta name=\"twitter:data1\" content=\"3 minute\" \/>\n<!-- \/ Yoast SEO plugin. -->","yoast_head_json":{"title":"CUMP\u0102RA GAMA HIDROXIBUTIRAT","description":"Nu rata\u021bi ocazia de a cump\u0103ra GHB online din magazinul nostru. Oferim doar fi\u0219iere \u0219i GHB la pre\u021buri rezonabile. Vom fi bucuro\u0219i s\u0103 v\u0103 ajut\u0103m. Comanda acum!","robots":{"index":"index","follow":"follow","max-snippet":"max-snippet:-1","max-image-preview":"max-image-preview:large","max-video-preview":"max-video-preview:-1"},"canonical":"https:\/\/gblexpress.com\/ro\/produs-2\/gama-hidroxibutirat-buyrate-buy\/","og_locale":"ro_RO","og_type":"article","og_title":"GAMMA HYDROXYBUTYRAT KAUFEN","og_description":"Verpassen Sie nicht die Gelegenheit, GHB online in unserem Shop zu kaufen. Wir bieten ausschlie\u00dflich Feilen und GHB zu g\u00fcnstigen Preisen an. Wir helfen Ihnen gerne weiter. Bestellen Sie jetzt!","og_url":"https:\/\/gblexpress.com\/ro\/produs-2\/gama-hidroxibutirat-buyrate-buy\/","og_site_name":"GBL Express","article_modified_time":"2026-02-25T05:19:56+00:00","og_image":[{"width":600,"height":600,"url":"https:\/\/gblexpress.com\/wp-content\/uploads\/2023\/05\/GHB-1.jpg","type":"image\/jpeg"}],"twitter_card":"summary_large_image","twitter_misc":{"Timp estimat pentru citire":"3 minute"},"schema":{"@context":"https:\/\/schema.org","@graph":[{"@type":"WebPage","@id":"https:\/\/gblexpress.com\/product\/gamma-hydroxybutyrat-kaufen\/","url":"https:\/\/gblexpress.com\/product\/gamma-hydroxybutyrat-kaufen\/","name":"CUMP\u0102RA GAMA HIDROXIBUTIRAT","isPartOf":{"@id":"https:\/\/gblexpress.com\/#website"},"primaryImageOfPage":{"@id":"https:\/\/gblexpress.com\/product\/gamma-hydroxybutyrat-kaufen\/#primaryimage"},"image":{"@id":"https:\/\/gblexpress.com\/product\/gamma-hydroxybutyrat-kaufen\/#primaryimage"},"thumbnailUrl":"https:\/\/gblexpress.com\/wp-content\/uploads\/2023\/05\/GHB-1.jpg","datePublished":"2023-05-17T10:39:29+00:00","dateModified":"2026-02-25T05:19:56+00:00","description":"Nu rata\u021bi ocazia de a cump\u0103ra GHB online din magazinul nostru. Oferim doar fi\u0219iere \u0219i GHB la pre\u021buri rezonabile. Vom fi bucuro\u0219i s\u0103 v\u0103 ajut\u0103m. Comanda acum!","breadcrumb":{"@id":"https:\/\/gblexpress.com\/product\/gamma-hydroxybutyrat-kaufen\/#breadcrumb"},"inLanguage":"ro-RO","potentialAction":[{"@type":"ReadAction","target":["https:\/\/gblexpress.com\/product\/gamma-hydroxybutyrat-kaufen\/"]}]},{"@type":"ImageObject","inLanguage":"ro-RO","@id":"https:\/\/gblexpress.com\/product\/gamma-hydroxybutyrat-kaufen\/#primaryimage","url":"https:\/\/gblexpress.com\/wp-content\/uploads\/2023\/05\/GHB-1.jpg","contentUrl":"https:\/\/gblexpress.com\/wp-content\/uploads\/2023\/05\/GHB-1.jpg","width":600,"height":600,"caption":"GHB online kaufen"},{"@type":"BreadcrumbList","@id":"https:\/\/gblexpress.com\/product\/gamma-hydroxybutyrat-kaufen\/#breadcrumb","itemListElement":[{"@type":"ListItem","position":1,"name":"Home","item":"https:\/\/gblexpress.com\/"},{"@type":"ListItem","position":2,"name":"Shop","item":"https:\/\/gblexpress.com\/shop\/"},{"@type":"ListItem","position":3,"name":"GHB Online Kaufen"}]},{"@type":"WebSite","@id":"https:\/\/gblexpress.com\/#website","url":"https:\/\/gblexpress.com\/","name":"GBL Express","description":"","publisher":{"@id":"https:\/\/gblexpress.com\/#organization"},"potentialAction":[{"@type":"SearchAction","target":{"@type":"EntryPoint","urlTemplate":"https:\/\/gblexpress.com\/?s={search_term_string}"},"query-input":{"@type":"PropertyValueSpecification","valueRequired":true,"valueName":"search_term_string"}}],"inLanguage":"ro-RO"},{"@type":"Organization","@id":"https:\/\/gblexpress.com\/#organization","name":"GBL Express","url":"https:\/\/gblexpress.com\/","logo":{"@type":"ImageObject","inLanguage":"ro-RO","@id":"https:\/\/gblexpress.com\/#\/schema\/logo\/image\/","url":"https:\/\/gblexpress.com\/wp-content\/uploads\/2023\/01\/logo.png","contentUrl":"https:\/\/gblexpress.com\/wp-content\/uploads\/2023\/01\/logo.png","width":250,"height":52,"caption":"GBL Express"},"image":{"@id":"https:\/\/gblexpress.com\/#\/schema\/logo\/image\/"}}]}},"jetpack-related-posts":[],"jetpack_sharing_enabled":true,"_links":{"self":[{"href":"https:\/\/gblexpress.com\/ro\/wp-json\/wp\/v2\/product\/474","targetHints":{"allow":["GET"]}}],"collection":[{"href":"https:\/\/gblexpress.com\/ro\/wp-json\/wp\/v2\/product"}],"about":[{"href":"https:\/\/gblexpress.com\/ro\/wp-json\/wp\/v2\/types\/product"}],"replies":[{"embeddable":true,"href":"https:\/\/gblexpress.com\/ro\/wp-json\/wp\/v2\/comments?post=474"}],"wp:featuredmedia":[{"embeddable":true,"href":"https:\/\/gblexpress.com\/ro\/wp-json\/wp\/v2\/media\/1638"}],"wp:attachment":[{"href":"https:\/\/gblexpress.com\/ro\/wp-json\/wp\/v2\/media?parent=474"}],"wp:term":[{"taxonomy":"product_brand","embeddable":true,"href":"https:\/\/gblexpress.com\/ro\/wp-json\/wp\/v2\/product_brand?post=474"},{"taxonomy":"product_cat","embeddable":true,"href":"https:\/\/gblexpress.com\/ro\/wp-json\/wp\/v2\/product_cat?post=474"},{"taxonomy":"product_tag","embeddable":true,"href":"https:\/\/gblexpress.com\/ro\/wp-json\/wp\/v2\/product_tag?post=474"}],"curies":[{"name":"wp","href":"https:\/\/api.w.org\/{rel}","templated":true}]}}