{"id":475,"date":"2023-05-17T10:52:46","date_gmt":"2023-05-17T10:52:46","guid":{"rendered":"https:\/\/gblexpress.com\/?post_type=product&#038;p=475"},"modified":"2026-03-06T09:03:05","modified_gmt":"2026-03-06T09:03:05","slug":"cumparati-ritalin","status":"publish","type":"product","link":"https:\/\/gblexpress.com\/ro\/produs-2\/cumparati-ritalin\/","title":{"rendered":"Cump\u0103ra\u021bi Ritalin online"},"content":{"rendered":"<h2>Cump\u0103ra\u021bi Ritalin online<\/h2>\n<p><a href=\"https:\/\/gblexpress.com\/ro\/\">Metilfenidat<\/a> cump\u0103r\u0103 droguri este deghizat ca tablet\u0103 Ritalin pentru uz public. Acest medicament este foarte eficient \u00een vindecarea simptomelor ADHD. Medicii pot <a href=\"https:\/\/gblexpress.com\/ro\/produs-2\/cumparati-ritalin\/\">Ritalin 20 mg comprimate (metilfenidat)<\/a> dar prescrie \u0219i ca op\u021biune de tratament off-label pentru depresie \u0219i boala Parkinson.<\/p>\n<p>Medicamentul metilfenidat este, de asemenea, cunoscut ca un stimulent nervos central care ajut\u0103 la cre\u0219terea nivelului de dopamin\u0103 din creierul unei persoane. Aceast\u0103 dopamin\u0103 este un neurotransmi\u021b\u0103tor care promoveaz\u0103 sentimente de motiva\u021bie \u0219i entuziasm. Acest lucru \u00eenseamn\u0103 c\u0103 o cantitate mai mare de dopamin\u0103 poate ajuta o persoan\u0103 s\u0103 se concentreze mai bine, s\u0103 se concentreze mai bine pe via\u021ba de zi cu zi \u0219i s\u0103 reduc\u0103 alte simptome ale ADHD.<\/p>\n<h3><strong>Disponibilitate<\/strong><\/h3>\n<p>Medicamentul metilfenidat este furnizat sub form\u0103 de comprimate orale, comprimate \u0219i capsule cu eliberare prelungit\u0103, comprimate masticabile, comprimate masticabile cu eliberare prelungit\u0103 \u0219i comprimate cu eliberare prelungit\u0103 cu dezintegrare oral\u0103. \u00cen afar\u0103 de Ritalin, acesta este v\u00e2ndut \u0219i sub alte denumiri comerciale, cum ar fi: Ritalin: <a href=\"https:\/\/en.wikipedia.org\/wiki\/Methylphenidate\">cump\u0103ra metilfenidat<\/a><\/p>\n<h3><strong>De ce s\u0103 cump\u0103ra\u021bi Ritalin online?<\/strong><\/h3>\n<h3>Exist\u0103 multe beneficii pentru a cump\u0103ra Ritalin online, dar unele dintre cele mai importante \u0219i comune beneficii sunt:<\/h3>\n<p>Pute\u021bi cump\u0103ra online medicamente aprobate de FDA f\u0103r\u0103 prescrip\u021bie medical\u0103. De\u0219i Ritalin a fost un medicament legal, dar nu este u\u0219or de g\u0103sit \u00een farmacii. Pentru a cump\u0103ra acest medicament, trebuie mai \u00eent\u00e2i s\u0103 ob\u021bine\u021bi recomandarea unui medic, dar din cauza programului dvs. ocupat nu ve\u021bi putea s\u0103 o ob\u021bine\u021bi \u00een astfel de cazuri, cump\u0103rarea de Ritalin online este cea mai bun\u0103 op\u021biune pentru dvs. Cump\u0103rarea online nu numai c\u0103 v\u0103 economise\u0219te bani, dar \u0219i timp pre\u021bios. Cump\u0103ra\u021bi Ritalin online f\u0103r\u0103 prescrip\u021bie medical\u0103.<\/p>\n<p>Un alt avantaj de a cump\u0103ra Ritalin online este c\u0103 este mult mai ieftin dec\u00e2t pastilele de Ritalin care sunt disponibile \u00een farmaciile locale. Pastilele pe care le ob\u021bine\u021bi online nu sunt ieftine pentru c\u0103 sunt de slab\u0103 calitate, de fapt sunt ieftine pentru c\u0103 farmaciile online nu trebuie s\u0103 pl\u0103teasc\u0103 taxe suplimentare, datorit\u0103 c\u0103rora pot vinde aceste pastile la un pre\u021b mai mic.<\/p>\n<h3><strong>Pute\u021bi cump\u0103ra Ritalin online f\u0103r\u0103 prescrip\u021bie medical\u0103?<\/strong><\/h3>\n<p>Ja! Bei uns k\u00f6nnen Sie Ritalin online kaufen, ohne ein Rezept zu haben. Sie m\u00fcssen nur Ihre Bestellung auf unserer Website aufgeben und die Zahlungsdetails ausf\u00fcllen. Ihre Ritalin-Pillen werden innerhalb von 24 bis 48 Stunden geliefert. Die Qualit\u00e4t und Wirksamkeit dieser Medikamente sind die gleichen wie die Pillen, die Sie von lokalen Apotheken kaufen.<\/p>\n<p>Ritalin online ohne Rezept kaufen.<\/p>\n<p>Metilin\u0103<\/p>\n<p>Concert<\/p>\n<p>Metadate ER<\/p>\n<p>Camera de urgen\u021b\u0103 Quillichew<\/p>\n<p>Quillivant<\/p>\n<p>Aptensio<\/p>\n<p>Cotempla XR-OTD<\/p>\n<p>Adhansia<\/p>\n<p>Toate aceste medicamente sunt aprobate de exper\u021bi pentru uz public.<\/p>","protected":false},"excerpt":{"rendered":"<p>Despre Ritalin (generic)<\/p>\n<p>Acest medicament este utilizat pentru a trata tulburarea de hiperactivitate cu deficit de aten\u021bie (ADHD). Acesta ac\u021bioneaz\u0103 prin modificarea cantit\u0103\u021bii anumitor substan\u021be naturale din creier. Metilfenidatul apar\u021bine unei clase de medicamente cunoscute sub numele de stimulente. Metilfenidatul poate ajuta la cre\u0219terea aten\u021biei, la concentrarea asupra unei activit\u0103\u021bi \u0219i la controlul problemelor de comportament. De asemenea, v\u0103 poate ajuta s\u0103 v\u0103 organiza\u021bi sarcinile \u0219i s\u0103 v\u0103 \u00eembun\u0103t\u0103\u021bi\u021bi capacitatea de ascultare.<\/p>\n<ol>\n<li><strong>Cum func\u021bioneaz\u0103 Ritalin?<\/strong><br \/>\nRitalin ac\u021bioneaz\u0103 prin inhibarea recapt\u0103rii dopaminei \u0219i noradrenalinei \u00een creier. Acest lucru cre\u0219te disponibilitatea acestor neurotransmi\u021b\u0103tori \u00een fanta sinaptic\u0103 \u0219i \u00eembun\u0103t\u0103\u021be\u0219te astfel aten\u021bia, controlul impulsurilor \u0219i vigilen\u021ba.<\/p>\n<ul>\n<li><strong>Efecte:<\/strong> \u00cembun\u0103t\u0103\u021birea concentr\u0103rii, cre\u0219terea vigilen\u021bei \u0219i reducerea hiperactivit\u0103\u021bii.<\/li>\n<li><strong>Debutul efectului:<\/strong> 20-60 de minute dup\u0103 ingestie.<\/li>\n<li><strong>Durata efectului:<\/strong> 3-6 ore pentru comprimatele standard, p\u00e2n\u0103 la 12 ore pentru capsulele cu eliberare prelungit\u0103.<\/li>\n<\/ul>\n<p><strong>Formul\u0103 \u0219i propriet\u0103\u021bi<\/strong><\/p>\n<ul>\n<li><strong>Denumire chimic\u0103:<\/strong> Acetat de metilfenil(piperidin-2-il)<\/li>\n<li><strong>Formul\u0103 molecular\u0103:<\/strong> C14H19NO2<\/li>\n<li><strong>Greutate molecular\u0103:<\/strong> 233,31 g\/mol<\/li>\n<\/ul>\n<\/li>\n<\/ol>","protected":false},"featured_media":1639,"comment_status":"open","ping_status":"closed","template":"","meta":{"_joinchat":[]},"product_brand":[],"product_cat":[33,34,36,35,246],"product_tag":[98,134,108,99,118,106,105,104,107,110,329,114,115,100,101,113,112,111,117,116,119,120,310,311,121,317,318,312,124,328,313,314,325,315,322,327,306,319,316,308,321,103,129,307,102,130,320,326,309,122,323,324,125,126,127,123,128,131,133,132,109,135,330],"class_list":{"0":"post-475","1":"product","2":"type-product","3":"status-publish","4":"has-post-thumbnail","6":"product_cat-gbl-gamma-butyrolactone-25l","7":"product_cat-ghb","8":"product_cat-ko-drops","9":"product_cat-ritalin","10":"product_cat-sex-meth","11":"product_tag-adhd-methylphenidat","12":"product_tag-einnahme-von-ritalin","13":"product_tag-goodrx-methylphenidat","14":"product_tag-guenstiges-ritalin-online-kaufen","15":"product_tag-kein-rx-ritalin","16":"product_tag-koennen-sie-bekommen-rezeptfreie-adhs-medikamente","17":"product_tag-koennen-sie-ritalin-ohne-rezept-kaufen","18":"product_tag-koennen-sie-ritalin-rezeptfrei-in-grossbritannien-kaufen","19":"product_tag-koennen-sie-sich-ritalin-online-verschreiben-lassen","20":"product_tag-methylphenidat","21":"product_tag-methylphenidat-kaufen","22":"product_tag-methylphenidat-mg","23":"product_tag-methylphenidat-online","24":"product_tag-methylphenidat-online-kaufen","25":"product_tag-methylphenidat-online-ohne-rezept-kaufen","26":"product_tag-methylphenidat-zum-online-verkauf","27":"product_tag-methylphenidat-zum-verkauf","28":"product_tag-methylphenidat-kosten","29":"product_tag-methylphenidat-preis","30":"product_tag-methylphenidat-rezept","31":"product_tag-ritalin","32":"product_tag-ritalin-10-mg","33":"product_tag-ritalin-10mg","34":"product_tag-ritalin-20mg","35":"product_tag-ritalin-adh","36":"product_tag-ritalin-anwendung","37":"product_tag-ritalin-dosierung","38":"product_tag-ritalin-fuer-adhs","39":"product_tag-ritalin-fuer-erwachsene","40":"product_tag-ritalin-fuer-forschung","41":"product_tag-ritalin-fuer-kinder","42":"product_tag-ritalin-fuer-konzentration","43":"product_tag-ritalin-fuer-labore","44":"product_tag-ritalin-fuer-studienzwecke","45":"product_tag-ritalin-grosshandel","46":"product_tag-ritalin-in-deutschland-kaufen","47":"product_tag-ritalin-kaufen","48":"product_tag-ritalin-lagerung","49":"product_tag-ritalin-legal-kaufen","50":"product_tag-ritalin-lieferant","51":"product_tag-ritalin-nebenwirkungen","52":"product_tag-ritalin-ohne-rezept-kaufen","53":"product_tag-ritalin-online","54":"product_tag-ritalin-online-bestellen","55":"product_tag-ritalin-online-mit-nachtlieferung-kaufen","56":"product_tag-ritalin-online-ohne-rezept","57":"product_tag-ritalin-risiken","58":"product_tag-ritalin-sicherheit","59":"product_tag-ritalin-tabletten","60":"product_tag-ritalin-und-adh","61":"product_tag-ritalin-vertrieb","62":"product_tag-ritalin-weltweit-bestellen","63":"product_tag-ritalin-zum-verkauf","64":"product_tag-ritalin-zum-verkauf-in-den-usa","65":"product_tag-ritalin-zum-verkauf-online","66":"product_tag-ritalin-kosten","67":"product_tag-ritalin-medikamente","68":"product_tag-ritalin-pille","69":"product_tag-ritalin-preis","70":"product_tag-ritalin-rezept","71":"product_tag-so-bestellen-sie-ritalin-online","72":"product_tag-welche-rezeptfreien-medikamente-helfen-bei-adhs","73":"product_tag-wo-ritalin-kaufen","75":"first","76":"instock","77":"shipping-taxable","78":"purchasable","79":"product-type-variable","80":"has-default-attributes"},"yoast_head":"<!-- This site is optimized with the Yoast SEO plugin v25.4 - https:\/\/yoast.com\/wordpress\/plugins\/seo\/ -->\n<title>Ritalin online kaufen \u2013 Ritalin zu verkaufen | Gblexpress<\/title>\n<meta name=\"description\" content=\"M\u00f6chten Sie Ihre Forschung vorantreiben? Kaufen Sie Ritalin bequem und sicher online \u2013 mit einem unkomplizierten Bestellvorgang. Entdecken Sie die M\u00f6glichkeiten und kaufen Sie Ritalin noch heute online f\u00fcr Ihre Forschungsvorhaben.\" \/>\n<meta name=\"robots\" content=\"index, follow, max-snippet:-1, max-image-preview:large, max-video-preview:-1\" \/>\n<link rel=\"canonical\" href=\"https:\/\/gblexpress.com\/ro\/produs-2\/cumparati-ritalin\/\" \/>\n<meta property=\"og:locale\" content=\"ro_RO\" \/>\n<meta property=\"og:type\" content=\"article\" \/>\n<meta property=\"og:title\" content=\"Ritalin online kaufen \u2013 Ritalin zu verkaufen | Gblexpress\" \/>\n<meta property=\"og:description\" content=\"M\u00f6chten Sie Ihre Forschung vorantreiben? Kaufen Sie Ritalin bequem und sicher online \u2013 mit einem unkomplizierten Bestellvorgang. Entdecken Sie die M\u00f6glichkeiten und kaufen Sie Ritalin noch heute online f\u00fcr Ihre Forschungsvorhaben.\" \/>\n<meta property=\"og:url\" content=\"https:\/\/gblexpress.com\/ro\/produs-2\/cumparati-ritalin\/\" \/>\n<meta property=\"og:site_name\" content=\"GBL Express\" \/>\n<meta property=\"article:modified_time\" content=\"2026-03-06T09:03:05+00:00\" \/>\n<meta property=\"og:image\" content=\"https:\/\/gblexpress.com\/wp-content\/uploads\/2023\/05\/Ritalin-1.jpg\" \/>\n\t<meta property=\"og:image:width\" content=\"600\" \/>\n\t<meta property=\"og:image:height\" content=\"600\" \/>\n\t<meta property=\"og:image:type\" content=\"image\/jpeg\" \/>\n<meta name=\"twitter:card\" content=\"summary_large_image\" \/>\n<meta name=\"twitter:label1\" content=\"Timp estimat pentru citire\" \/>\n\t<meta name=\"twitter:data1\" content=\"2 minute\" \/>\n<!-- \/ Yoast SEO plugin. -->","yoast_head_json":{"title":"Cump\u0103ra\u021bi Ritalin online \u2013 Ritalin de v\u00e2nzare | Gblexpress","description":"A\u021bi dori s\u0103 v\u0103 avansa\u021bi cercet\u0103rile? Cump\u0103ra\u021bi Ritalin online convenabil \u0219i \u00een siguran\u021b\u0103 \u2013 cu un proces de comand\u0103 simplu. Descoperi\u021bi posibilit\u0103\u021bile \u0219i cump\u0103ra\u021bi Ritalin online ast\u0103zi pentru proiectele dvs. de cercetare.","robots":{"index":"index","follow":"follow","max-snippet":"max-snippet:-1","max-image-preview":"max-image-preview:large","max-video-preview":"max-video-preview:-1"},"canonical":"https:\/\/gblexpress.com\/ro\/produs-2\/cumparati-ritalin\/","og_locale":"ro_RO","og_type":"article","og_title":"Ritalin online kaufen \u2013 Ritalin zu verkaufen | Gblexpress","og_description":"M\u00f6chten Sie Ihre Forschung vorantreiben? Kaufen Sie Ritalin bequem und sicher online \u2013 mit einem unkomplizierten Bestellvorgang. Entdecken Sie die M\u00f6glichkeiten und kaufen Sie Ritalin noch heute online f\u00fcr Ihre Forschungsvorhaben.","og_url":"https:\/\/gblexpress.com\/ro\/produs-2\/cumparati-ritalin\/","og_site_name":"GBL Express","article_modified_time":"2026-03-06T09:03:05+00:00","og_image":[{"width":600,"height":600,"url":"https:\/\/gblexpress.com\/wp-content\/uploads\/2023\/05\/Ritalin-1.jpg","type":"image\/jpeg"}],"twitter_card":"summary_large_image","twitter_misc":{"Timp estimat pentru citire":"2 minute"},"schema":{"@context":"https:\/\/schema.org","@graph":[{"@type":"WebPage","@id":"https:\/\/gblexpress.com\/product\/ritalin-kaufen\/","url":"https:\/\/gblexpress.com\/product\/ritalin-kaufen\/","name":"Cump\u0103ra\u021bi Ritalin online \u2013 Ritalin de v\u00e2nzare | Gblexpress","isPartOf":{"@id":"https:\/\/gblexpress.com\/#website"},"primaryImageOfPage":{"@id":"https:\/\/gblexpress.com\/product\/ritalin-kaufen\/#primaryimage"},"image":{"@id":"https:\/\/gblexpress.com\/product\/ritalin-kaufen\/#primaryimage"},"thumbnailUrl":"https:\/\/gblexpress.com\/wp-content\/uploads\/2023\/05\/Ritalin-1.jpg","datePublished":"2023-05-17T10:52:46+00:00","dateModified":"2026-03-06T09:03:05+00:00","description":"A\u021bi dori s\u0103 v\u0103 avansa\u021bi cercet\u0103rile? Cump\u0103ra\u021bi Ritalin online convenabil \u0219i \u00een siguran\u021b\u0103 \u2013 cu un proces de comand\u0103 simplu. Descoperi\u021bi posibilit\u0103\u021bile \u0219i cump\u0103ra\u021bi Ritalin online ast\u0103zi pentru proiectele dvs. de cercetare.","breadcrumb":{"@id":"https:\/\/gblexpress.com\/product\/ritalin-kaufen\/#breadcrumb"},"inLanguage":"ro-RO","potentialAction":[{"@type":"ReadAction","target":["https:\/\/gblexpress.com\/product\/ritalin-kaufen\/"]}]},{"@type":"ImageObject","inLanguage":"ro-RO","@id":"https:\/\/gblexpress.com\/product\/ritalin-kaufen\/#primaryimage","url":"https:\/\/gblexpress.com\/wp-content\/uploads\/2023\/05\/Ritalin-1.jpg","contentUrl":"https:\/\/gblexpress.com\/wp-content\/uploads\/2023\/05\/Ritalin-1.jpg","width":600,"height":600,"caption":"Ritalin online kaufen"},{"@type":"BreadcrumbList","@id":"https:\/\/gblexpress.com\/product\/ritalin-kaufen\/#breadcrumb","itemListElement":[{"@type":"ListItem","position":1,"name":"Home","item":"https:\/\/gblexpress.com\/"},{"@type":"ListItem","position":2,"name":"Shop","item":"https:\/\/gblexpress.com\/shop\/"},{"@type":"ListItem","position":3,"name":"Ritalin Online Kaufen"}]},{"@type":"WebSite","@id":"https:\/\/gblexpress.com\/#website","url":"https:\/\/gblexpress.com\/","name":"GBL Express","description":"","publisher":{"@id":"https:\/\/gblexpress.com\/#organization"},"potentialAction":[{"@type":"SearchAction","target":{"@type":"EntryPoint","urlTemplate":"https:\/\/gblexpress.com\/?s={search_term_string}"},"query-input":{"@type":"PropertyValueSpecification","valueRequired":true,"valueName":"search_term_string"}}],"inLanguage":"ro-RO"},{"@type":"Organization","@id":"https:\/\/gblexpress.com\/#organization","name":"GBL Express","url":"https:\/\/gblexpress.com\/","logo":{"@type":"ImageObject","inLanguage":"ro-RO","@id":"https:\/\/gblexpress.com\/#\/schema\/logo\/image\/","url":"https:\/\/gblexpress.com\/wp-content\/uploads\/2023\/01\/logo.png","contentUrl":"https:\/\/gblexpress.com\/wp-content\/uploads\/2023\/01\/logo.png","width":250,"height":52,"caption":"GBL Express"},"image":{"@id":"https:\/\/gblexpress.com\/#\/schema\/logo\/image\/"}}]}},"jetpack-related-posts":[],"jetpack_sharing_enabled":true,"_links":{"self":[{"href":"https:\/\/gblexpress.com\/ro\/wp-json\/wp\/v2\/product\/475","targetHints":{"allow":["GET"]}}],"collection":[{"href":"https:\/\/gblexpress.com\/ro\/wp-json\/wp\/v2\/product"}],"about":[{"href":"https:\/\/gblexpress.com\/ro\/wp-json\/wp\/v2\/types\/product"}],"replies":[{"embeddable":true,"href":"https:\/\/gblexpress.com\/ro\/wp-json\/wp\/v2\/comments?post=475"}],"wp:featuredmedia":[{"embeddable":true,"href":"https:\/\/gblexpress.com\/ro\/wp-json\/wp\/v2\/media\/1639"}],"wp:attachment":[{"href":"https:\/\/gblexpress.com\/ro\/wp-json\/wp\/v2\/media?parent=475"}],"wp:term":[{"taxonomy":"product_brand","embeddable":true,"href":"https:\/\/gblexpress.com\/ro\/wp-json\/wp\/v2\/product_brand?post=475"},{"taxonomy":"product_cat","embeddable":true,"href":"https:\/\/gblexpress.com\/ro\/wp-json\/wp\/v2\/product_cat?post=475"},{"taxonomy":"product_tag","embeddable":true,"href":"https:\/\/gblexpress.com\/ro\/wp-json\/wp\/v2\/product_tag?post=475"}],"curies":[{"name":"wp","href":"https:\/\/api.w.org\/{rel}","templated":true}]}}