{"id":476,"date":"2023-05-17T11:11:25","date_gmt":"2023-05-17T11:11:25","guid":{"rendered":"https:\/\/gblexpress.com\/?post_type=product&#038;p=476"},"modified":"2026-02-27T10:34:07","modified_gmt":"2026-02-27T10:34:07","slug":"cumpara-ko-drops-online","status":"publish","type":"product","link":"https:\/\/gblexpress.com\/ro\/produs-2\/cumpara-ko-drops-online\/","title":{"rendered":"Cump\u0103ra\u021bi KO Drops online"},"content":{"rendered":"<div class=\"elementor-element elementor-element-4b6f3d0 elementor-widget elementor-widget-heading\" data-id=\"4b6f3d0\" data-element_type=\"widget\" data-widget_type=\"heading.default\">\n<div class=\"elementor-widget-container\">\n<h2 class=\"elementor-heading-title elementor-size-default\">Cump\u0103ra\u021bi Ko drops<\/h2>\n<\/div>\n<\/div>\n<div class=\"elementor-element elementor-element-3cddf85 elementor-widget elementor-widget-heading\" data-id=\"3cddf85\" data-element_type=\"widget\" data-widget_type=\"heading.default\">\n<div class=\"elementor-widget-container\"><span class=\"elementor-heading-title elementor-size-default\">Suntem cel mai bun magazin online pentru a cump\u0103ra pic\u0103turi ko<\/span><\/div>\n<\/div>\n<div class=\"elementor-element elementor-element-ac2151b elementor-widget elementor-widget-text-editor\" data-id=\"ac2151b\" data-element_type=\"widget\" data-widget_type=\"text-editor.default\">\n<div class=\"elementor-widget-container\">\n<p>Dac\u0103 cau\u021bi de unde s\u0103 cumperi a\u0219a-numitele pic\u0103turi knockout, nu mai trebuie s\u0103 te bazezi pe v\u00e2nz\u0103torii ambulan\u021bi dubio\u0219i. Cump\u0103ra <a href=\"https:\/\/gblexpress.com\/ro\/produs-2\/cumpara-ko-drops-online\/\">pic\u0103turi knockout<\/a> einfach in unserem Shop. Richtig eingesetzt, k\u00f6nnen sie anregend oder beruhigend wirken und haben kaum sch\u00e4dliche Nebenwirkungen. Allerdings sollten sie nicht zu hoch dosiert werden, denn dann machen sie schwach und verursachen Amnesie<a href=\"https:\/\/gblexpress.com\/ro\/ko-picaturi\/\">.<\/a><\/p>\n<div class=\"elementor-column elementor-col-50 elementor-inner-column elementor-element elementor-element-b6eca79 elementor-hidden-tablet elementor-hidden-mobile\" data-id=\"b6eca79\" data-element_type=\"column\">\n<h3 class=\"elementor-widget-wrap\"><strong><span style=\"font-family: Dosis, Arial, Helvetica, sans-serif; font-size: 1.125rem;\">Cump\u0103ra\u021bi KO Drops online f\u0103r\u0103 prescrip\u021bie medical\u0103<\/span><\/strong><\/h3>\n<\/div>\n<div class=\"elementor-column elementor-col-50 elementor-inner-column elementor-element elementor-element-c3a8155\" data-id=\"c3a8155\" data-element_type=\"column\">\n<div class=\"elementor-widget-wrap elementor-element-populated\">\n<div class=\"elementor-element elementor-element-011f42c elementor-widget elementor-widget-text-editor\" data-id=\"011f42c\" data-element_type=\"widget\" data-widget_type=\"text-editor.default\">\n<div class=\"elementor-widget-container\">\n<p><a href=\"https:\/\/de.wikipedia.org\/wiki\/K.-o.-Tropfen\">Cump\u0103ra\u021bi pic\u0103turi KO<\/a>: \u00dcberzeugen Sie sich von unserem Angebot an KO \u2013 Tropfen und kaufen Sie in unseren Online-Shop ihr Wunschprodukt ohne Rezept. Wir haben eine gro\u00dfe Auswahl an Produkten, die von den Medien mitunter als KO \u2013 Tropfen bezeichnet werden, die wir schnell und unkompliziert liefern.<\/p>\n<p>Cump\u0103ra\u021bi K2 Drops Original K2 Drops direct de la produc\u0103tor - Cel mai ieftin pre\u021b pentru Germania, Austria \u0219i Elve\u021bia Ob\u021bine\u021bi p\u00e2n\u0103 la 50% reducere atunci c\u00e2nd comanda\u021bi mai multe pachete Livrare expres \u00een SUA, Europa, Austria \u0219i Elve\u021bia La magazinul oficial K2 Drops (ob\u021bine\u021bi reducere) Ce sunt K2 Carbohydrate Blocker Drops?<a href=\"https:\/\/en.wikipedia.org\/wiki\/Ko-Tropfen\">?<\/a><\/p>\n<div class=\"elementor-element elementor-element-775a1ae elementor-widget elementor-widget-heading\" data-id=\"775a1ae\" data-element_type=\"widget\" data-widget_type=\"heading.default\">\n<div class=\"elementor-widget-container\">\n<h3 class=\"elementor-heading-title elementor-size-default\"><strong>Cump\u0103ra\u021bi KO Drops online f\u0103r\u0103 prescrip\u021bie medical\u0103<\/strong><\/h3>\n<\/div>\n<\/div>\n<div class=\"elementor-element elementor-element-011f42c elementor-widget elementor-widget-text-editor\" data-id=\"011f42c\" data-element_type=\"widget\" data-widget_type=\"text-editor.default\">\n<div class=\"elementor-widget-container\">\n<p>Cump\u0103ra\u021bi KO Drops: Convinge\u021bi-v\u0103 de gama noastr\u0103 de pic\u0103turi KO \u0219i cump\u0103ra\u021bi produsul dorit f\u0103r\u0103 prescrip\u021bie medical\u0103 \u00een magazinul nostru online. Avem o gam\u0103 larg\u0103 de produse care sunt uneori denumite de mass-media KO drops, pe care le livr\u0103m rapid \u0219i f\u0103r\u0103 complica\u021bii.<\/p>\n<h3><strong>Cump\u0103ra\u021bi KO drops online f\u0103r\u0103 prescrip\u021bie medical\u0103<\/strong><\/h3>\n<p class=\"elementor-image-box-description\">KO-Tropfen sind ein immer beliebteres Produkt, das f\u00fcr eine Vielzahl von Zwecken verwendet werden kann. Diese wirksamen Tropfen k\u00f6nnen Ihnen helfen, sich zu entspannen, besser zu schlafen und sogar Stress und \u00c4ngste abzubauen. Aber wo kann man KO-Tropfen ohne Rezept online kaufen? Die Antwort lautet KO-TROPFEN. Bei KO-TROPFEN k\u00f6nnen Sie KO-Tropfen schnell und sicher online kaufen.<br \/>\nOdihna este important\u0103 pentru bun\u0103starea general\u0103 \u0219i poate fi uneori greu de ob\u021binut. Din fericire, exist\u0103 o serie de alternative care v\u0103 pot ajuta s\u0103 v\u0103 odihni\u021bi a\u0219a cum v\u0103 dori\u021bi. Pic\u0103turile Knockout sunt o astfel de alternativ\u0103 - acestea promoveaz\u0103 odihna prin blocarea anumitor hormoni care sunt cunoscu\u021bi ca fiind cauza tulbur\u0103rilor de somn. Pic\u0103turile Knockout pot fi achizi\u021bionate online \u00een mai multe moduri. Pute\u021bi cump\u0103ra pic\u0103turi knockout online sub form\u0103 de pic\u0103turi individuale sau \u00een pachete de \u0219ase sau mai multe pic\u0103turi. De asemenea, pute\u021bi g\u0103si pic\u0103turile Knockout Drops \u00een multe magazine \u0219i farmacii.<\/p>\n<\/div>\n<\/div>\n<\/div>\n<\/div>\n<\/div>\n<\/div>\n<\/div>\n<\/div>","protected":false},"excerpt":{"rendered":"<div class=\"elementor-element elementor-element-4b6f3d0 elementor-widget elementor-widget-heading\" data-id=\"4b6f3d0\" data-element_type=\"widget\" data-widget_type=\"heading.default\">\n<div class=\"elementor-widget-container\">\n<h2 class=\"elementor-heading-title elementor-size-default\">Cump\u0103ra\u021bi Ko drops<\/h2>\n<\/div>\n<\/div>\n<div class=\"elementor-element elementor-element-3cddf85 elementor-widget elementor-widget-heading\" data-id=\"3cddf85\" data-element_type=\"widget\" data-widget_type=\"heading.default\">\n<div class=\"elementor-widget-container\"><span class=\"elementor-heading-title elementor-size-default\">Suntem cel mai bun magazin online pentru a cump\u0103ra pic\u0103turi ko<\/span><\/div>\n<\/div>\n<div class=\"elementor-element elementor-element-ac2151b elementor-widget elementor-widget-text-editor\" data-id=\"ac2151b\" data-element_type=\"widget\" data-widget_type=\"text-editor.default\">\n<div class=\"elementor-widget-container\">\n<p>Dac\u0103 sunte\u021bi \u00een c\u0103utarea unui loc unde s\u0103 cump\u0103ra\u021bi a\u0219a-numitele pic\u0103turi KO, atunci de acum \u00eenainte nu mai trebuie s\u0103 v\u0103 baza\u021bi pe v\u00e2nz\u0103torii stradali dubio\u0219i. Pur \u0219i simplu cump\u0103ra\u021bi pic\u0103turi de knockout \u00een magazinul nostru. Folosite corect, acestea pot avea un efect stimulator sau calmant \u0219i nu au aproape niciun efect secundar d\u0103un\u0103tor. Cu toate acestea, nu ar trebui s\u0103 fie dozate prea mult, pentru c\u0103 atunci v\u0103 sl\u0103besc \u0219i provoac\u0103 amnezie.<\/p>\n<\/div>\n<p><strong>Cum func\u021bioneaz\u0103 pic\u0103turile KO?<\/strong><br \/>\n<strong>KO scade<\/strong> ac\u021bioneaz\u0103 prin activarea a doi receptori specifici din creier:<\/p>\n<ul>\n<li><strong>Receptorii GHB:<\/strong> Regleaz\u0103 activitatea neuronal\u0103 \u0219i procesele metabolice.<\/li>\n<li><strong>Receptorii GABA-B:<\/strong> Cauzeaz\u0103 efecte relaxante, calmante \u0219i uneori sedative.<\/li>\n<\/ul>\n<p>Efectul duce la o reducere a activit\u0103\u021bii neuronale, promoveaz\u0103 relaxarea muscular\u0103 \u0219i poate induce un somn profund.<\/p>\n<ul>\n<li><strong>Debutul efectului:<\/strong> 10-20 de minute dup\u0103 ingestie.<\/li>\n<li><strong>Durata efectului:<\/strong> 1,5 p\u00e2n\u0103 la 4 ore, \u00een func\u021bie de doz\u0103 \u0219i de metabolismul individual.<\/li>\n<\/ul>\n<p><strong>Formul\u0103 \u0219i propriet\u0103\u021bi<\/strong><\/p>\n<ul>\n<li><strong>Denumire chimic\u0103:<\/strong> Acid gama-hidroxibutiric<\/li>\n<li><strong>Formul\u0103 molecular\u0103:<\/strong> C4H8O3<\/li>\n<li><strong>Greutate molecular\u0103:<\/strong> 104,10 g\/mol<\/li>\n<\/ul>\n<\/div>","protected":false},"featured_media":1640,"comment_status":"open","ping_status":"closed","template":"","meta":{"_joinchat":[]},"product_brand":[],"product_cat":[33,34,36,35,246],"product_tag":[281,333,349,332,344,331,340,335,352,355,342,343,350,341,345,351,334,347,338,337,354,339,336,353,348,357,346,356],"class_list":{"0":"post-476","1":"product","2":"type-product","3":"status-publish","4":"has-post-thumbnail","6":"product_cat-gbl-gamma-butyrolactone-25l","7":"product_cat-ghb","8":"product_cat-ko-drops","9":"product_cat-ritalin","10":"product_cat-sex-meth","11":"product_tag-gamma-hydroxybutyrat","12":"product_tag-gbl-tropfen","13":"product_tag-ghb-fluessig-kaufen","14":"product_tag-ghb-tropfen","15":"product_tag-ghb-tropfen-sicher-kaufen","16":"product_tag-ko-tropfen","17":"product_tag-ko-tropfen-anwendung","18":"product_tag-ko-tropfen-bestellen","19":"product_tag-ko-tropfen-chemie","20":"product_tag-ko-tropfen-fuer-apotheken","21":"product_tag-ko-tropfen-fuer-forschung","22":"product_tag-ko-tropfen-fuer-industrielle-anwendungen","23":"product_tag-ko-tropfen-fuer-labore","24":"product_tag-ko-tropfen-fuer-medizinische-zwecke","25":"product_tag-ko-tropfen-grosshandel","26":"product_tag-ko-tropfen-in-deutschland-kaufen","27":"product_tag-ko-tropfen-kaufen","28":"product_tag-ko-tropfen-lagerung","29":"product_tag-ko-tropfen-legal-kaufen","30":"product_tag-ko-tropfen-lieferant","31":"product_tag-ko-tropfen-ohne-rezept","32":"product_tag-ko-tropfen-online-bestellen","33":"product_tag-ko-tropfen-preis","34":"product_tag-ko-tropfen-risiken","35":"product_tag-ko-tropfen-sicherheitsrichtlinien","36":"product_tag-ko-tropfen-vertrieb","37":"product_tag-ko-tropfen-weltweit-bestellen","38":"product_tag-wo-ko-tropfen-kaufen","40":"first","41":"instock","42":"shipping-taxable","43":"purchasable","44":"product-type-variable","45":"has-default-attributes"},"yoast_head":"<!-- This site is optimized with the Yoast SEO plugin v25.4 - https:\/\/yoast.com\/wordpress\/plugins\/seo\/ -->\n<title>KO Tropfen Online Kaufen - KO Tropfen zu verkaufen<\/title>\n<meta name=\"description\" content=\"Wenn Sie Ko Tropfen online kaufen m\u00f6chten und einen zuverl\u00e4ssigen Online-Shop suchen, sind Sie hier genau richtig. Wir bieten ausschlie\u00dflich hochwertige Ko Tropfen zu einem erschwinglichen Preis an. Bestellen Sie jetzt Ko Tropfen!\" \/>\n<meta name=\"robots\" content=\"index, follow, max-snippet:-1, max-image-preview:large, max-video-preview:-1\" \/>\n<link rel=\"canonical\" href=\"https:\/\/gblexpress.com\/ro\/produs-2\/cumpara-ko-drops-online\/\" \/>\n<meta property=\"og:locale\" content=\"ro_RO\" \/>\n<meta property=\"og:type\" content=\"article\" \/>\n<meta property=\"og:title\" content=\"KO Tropfen Online Kaufen - KO Tropfen zu verkaufen\" \/>\n<meta property=\"og:description\" content=\"Wenn Sie Ko Tropfen online kaufen m\u00f6chten und einen zuverl\u00e4ssigen Online-Shop suchen, sind Sie hier genau richtig. Wir bieten ausschlie\u00dflich hochwertige Ko Tropfen zu einem erschwinglichen Preis an. Bestellen Sie jetzt Ko Tropfen!\" \/>\n<meta property=\"og:url\" content=\"https:\/\/gblexpress.com\/ro\/produs-2\/cumpara-ko-drops-online\/\" \/>\n<meta property=\"og:site_name\" content=\"GBL Express\" \/>\n<meta property=\"article:modified_time\" content=\"2026-02-27T10:34:07+00:00\" \/>\n<meta property=\"og:image\" content=\"https:\/\/gblexpress.com\/wp-content\/uploads\/2023\/05\/KO-Tropfen.jpg\" \/>\n\t<meta property=\"og:image:width\" content=\"600\" \/>\n\t<meta property=\"og:image:height\" content=\"600\" \/>\n\t<meta property=\"og:image:type\" content=\"image\/jpeg\" \/>\n<meta name=\"twitter:card\" content=\"summary_large_image\" \/>\n<meta name=\"twitter:label1\" content=\"Timp estimat pentru citire\" \/>\n\t<meta name=\"twitter:data1\" content=\"2 minute\" \/>\n<!-- \/ Yoast SEO plugin. -->","yoast_head_json":{"title":"Cump\u0103ra\u021bi KO Drops online - KO Drops de v\u00e2nzare","description":"Dac\u0103 dori\u021bi s\u0103 cump\u0103ra\u021bi pic\u0103turi Ko online \u0219i sunte\u021bi \u00een c\u0103utarea unui magazin online de \u00eencredere, a\u021bi ajuns \u00een locul potrivit. Oferim doar pic\u0103turi knockout de \u00eenalt\u0103 calitate la un pre\u021b accesibil. Comanda acum Ko Drops!","robots":{"index":"index","follow":"follow","max-snippet":"max-snippet:-1","max-image-preview":"max-image-preview:large","max-video-preview":"max-video-preview:-1"},"canonical":"https:\/\/gblexpress.com\/ro\/produs-2\/cumpara-ko-drops-online\/","og_locale":"ro_RO","og_type":"article","og_title":"KO Tropfen Online Kaufen - KO Tropfen zu verkaufen","og_description":"Wenn Sie Ko Tropfen online kaufen m\u00f6chten und einen zuverl\u00e4ssigen Online-Shop suchen, sind Sie hier genau richtig. Wir bieten ausschlie\u00dflich hochwertige Ko Tropfen zu einem erschwinglichen Preis an. Bestellen Sie jetzt Ko Tropfen!","og_url":"https:\/\/gblexpress.com\/ro\/produs-2\/cumpara-ko-drops-online\/","og_site_name":"GBL Express","article_modified_time":"2026-02-27T10:34:07+00:00","og_image":[{"width":600,"height":600,"url":"https:\/\/gblexpress.com\/wp-content\/uploads\/2023\/05\/KO-Tropfen.jpg","type":"image\/jpeg"}],"twitter_card":"summary_large_image","twitter_misc":{"Timp estimat pentru citire":"2 minute"},"schema":{"@context":"https:\/\/schema.org","@graph":[{"@type":"WebPage","@id":"https:\/\/gblexpress.com\/product\/ko-tropfen-kaufen-online\/","url":"https:\/\/gblexpress.com\/product\/ko-tropfen-kaufen-online\/","name":"Cump\u0103ra\u021bi KO Drops online - KO Drops de v\u00e2nzare","isPartOf":{"@id":"https:\/\/gblexpress.com\/#website"},"primaryImageOfPage":{"@id":"https:\/\/gblexpress.com\/product\/ko-tropfen-kaufen-online\/#primaryimage"},"image":{"@id":"https:\/\/gblexpress.com\/product\/ko-tropfen-kaufen-online\/#primaryimage"},"thumbnailUrl":"https:\/\/gblexpress.com\/wp-content\/uploads\/2023\/05\/KO-Tropfen.jpg","datePublished":"2023-05-17T11:11:25+00:00","dateModified":"2026-02-27T10:34:07+00:00","description":"Dac\u0103 dori\u021bi s\u0103 cump\u0103ra\u021bi pic\u0103turi Ko online \u0219i sunte\u021bi \u00een c\u0103utarea unui magazin online de \u00eencredere, a\u021bi ajuns \u00een locul potrivit. Oferim doar pic\u0103turi knockout de \u00eenalt\u0103 calitate la un pre\u021b accesibil. Comanda acum Ko Drops!","breadcrumb":{"@id":"https:\/\/gblexpress.com\/product\/ko-tropfen-kaufen-online\/#breadcrumb"},"inLanguage":"ro-RO","potentialAction":[{"@type":"ReadAction","target":["https:\/\/gblexpress.com\/product\/ko-tropfen-kaufen-online\/"]}]},{"@type":"ImageObject","inLanguage":"ro-RO","@id":"https:\/\/gblexpress.com\/product\/ko-tropfen-kaufen-online\/#primaryimage","url":"https:\/\/gblexpress.com\/wp-content\/uploads\/2023\/05\/KO-Tropfen.jpg","contentUrl":"https:\/\/gblexpress.com\/wp-content\/uploads\/2023\/05\/KO-Tropfen.jpg","width":600,"height":600,"caption":"KO-Tropfen online kaufen"},{"@type":"BreadcrumbList","@id":"https:\/\/gblexpress.com\/product\/ko-tropfen-kaufen-online\/#breadcrumb","itemListElement":[{"@type":"ListItem","position":1,"name":"Home","item":"https:\/\/gblexpress.com\/"},{"@type":"ListItem","position":2,"name":"Shop","item":"https:\/\/gblexpress.com\/shop\/"},{"@type":"ListItem","position":3,"name":"KO Tropfen Kaufen Online"}]},{"@type":"WebSite","@id":"https:\/\/gblexpress.com\/#website","url":"https:\/\/gblexpress.com\/","name":"GBL Express","description":"","publisher":{"@id":"https:\/\/gblexpress.com\/#organization"},"potentialAction":[{"@type":"SearchAction","target":{"@type":"EntryPoint","urlTemplate":"https:\/\/gblexpress.com\/?s={search_term_string}"},"query-input":{"@type":"PropertyValueSpecification","valueRequired":true,"valueName":"search_term_string"}}],"inLanguage":"ro-RO"},{"@type":"Organization","@id":"https:\/\/gblexpress.com\/#organization","name":"GBL Express","url":"https:\/\/gblexpress.com\/","logo":{"@type":"ImageObject","inLanguage":"ro-RO","@id":"https:\/\/gblexpress.com\/#\/schema\/logo\/image\/","url":"https:\/\/gblexpress.com\/wp-content\/uploads\/2023\/01\/logo.png","contentUrl":"https:\/\/gblexpress.com\/wp-content\/uploads\/2023\/01\/logo.png","width":250,"height":52,"caption":"GBL Express"},"image":{"@id":"https:\/\/gblexpress.com\/#\/schema\/logo\/image\/"}}]}},"jetpack-related-posts":[],"jetpack_sharing_enabled":true,"_links":{"self":[{"href":"https:\/\/gblexpress.com\/ro\/wp-json\/wp\/v2\/product\/476","targetHints":{"allow":["GET"]}}],"collection":[{"href":"https:\/\/gblexpress.com\/ro\/wp-json\/wp\/v2\/product"}],"about":[{"href":"https:\/\/gblexpress.com\/ro\/wp-json\/wp\/v2\/types\/product"}],"replies":[{"embeddable":true,"href":"https:\/\/gblexpress.com\/ro\/wp-json\/wp\/v2\/comments?post=476"}],"wp:featuredmedia":[{"embeddable":true,"href":"https:\/\/gblexpress.com\/ro\/wp-json\/wp\/v2\/media\/1640"}],"wp:attachment":[{"href":"https:\/\/gblexpress.com\/ro\/wp-json\/wp\/v2\/media?parent=476"}],"wp:term":[{"taxonomy":"product_brand","embeddable":true,"href":"https:\/\/gblexpress.com\/ro\/wp-json\/wp\/v2\/product_brand?post=476"},{"taxonomy":"product_cat","embeddable":true,"href":"https:\/\/gblexpress.com\/ro\/wp-json\/wp\/v2\/product_cat?post=476"},{"taxonomy":"product_tag","embeddable":true,"href":"https:\/\/gblexpress.com\/ro\/wp-json\/wp\/v2\/product_tag?post=476"}],"curies":[{"name":"wp","href":"https:\/\/api.w.org\/{rel}","templated":true}]}}