{"id":547,"date":"2023-05-24T06:04:39","date_gmt":"2023-05-24T06:04:39","guid":{"rendered":"https:\/\/gblexpress.com\/?post_type=product&#038;p=547"},"modified":"2026-02-26T07:24:53","modified_gmt":"2026-02-26T07:24:53","slug":"heaven-pure-ecstasy-500-mg-%ce%b3-hydroxybutyric-acid-ghb","status":"publish","type":"product","link":"https:\/\/gblexpress.com\/ro\/produs-2\/heaven-pure-ecstasy-500-mg-%ce%b3-hydroxybutyric-acid-ghb\/","title":{"rendered":"Heaven Pure Ecstasy 500 mg Acid \u03b3-hidroxibutiric (GHB)"},"content":{"rendered":"<h2><strong>Angaben zur Haltbarkeit: Heaven Pure Ecstasy 500 mg \u03b3-Hydroxybutters\u00e4ure (GHB) Online kaufen<\/strong><\/h2>\n<p><a href=\"https:\/\/en.wikipedia.org\/wiki\/%CE%93-Hydroxybutyric_acid\">Cump\u0103ra\u021bi Heaven Pure Ecstasy<\/a>Unit\u0103\u021bile produsului denumit <a href=\"https:\/\/gblexpress.com\/ro\/produs-2\/heaven-pure-ecstasy-500-mg-%ce%b3-hydroxybutyric-acid-ghb\/\">GHB<\/a> sunt, f\u0103r\u0103 excep\u021bie, articole de calitate farmaceutic\u0103 \u00een stare perfect\u0103. \u00cen cazul \u00een care primi\u021bi din gre\u0219eal\u0103 o livrare care nu corespunde acestei specifica\u021bii, ve\u021bi primi banii \u00eenapoi sau o nou\u0103 livrare. Dup\u0103 expirarea termenului de valabilitate, medicamentul trebuie eliminat \u00een conformitate cu instruc\u021biunile produc\u0103torului (a se vedea prospectul).<\/p>\n<h3><strong>Detalii privind disponibilitatea:<\/strong><\/h3>\n<p>Produsul cu denumirea GHB este disponibil imediat.<\/p>\n<h3><strong>Restric\u021bii specifice fiec\u0103rei \u021b\u0103ri \u00een ceea ce prive\u0219te capacitatea de livrare:<\/strong><\/h3>\n<p>\u00cen prezent, nu exist\u0103 restric\u021bii de aprovizionare specifice fiec\u0103rei \u021b\u0103ri pentru produsul cu denumirea GHB.<a href=\"https:\/\/gblexpress.com\/pl\/shop\/gbl-kup-online-butyrolakton-kup\/\">.<\/a><\/p>\n<h3><strong>Depozitare:<\/strong><\/h3>\n<p>V\u0103 rug\u0103m s\u0103 p\u0103stra\u021bi produsul etichetat GHB \u00een ambalajul original, \u00een afara accesului copiilor. V\u0103 rug\u0103m s\u0103 consulta\u021bi prospectul pentru orice informa\u021bii suplimentare privind depozitarea \u0219i eliminarea corespunz\u0103toare.<br \/>\n\u0219i eliminarea, v\u0103 rug\u0103m s\u0103 consulta\u021bi prospectul.<\/p>","protected":false},"excerpt":{"rendered":"<p><strong>Rai Ecstasy pur<\/strong> este o form\u0103 extrem de pur\u0103 de <strong>Acid \u03b3-hidroxibutiric (GHB)<\/strong>care este cunoscut pentru compozi\u021bia sa chimic\u0103 precis\u0103 \u0219i puritatea excep\u021bional\u0103. Este ideal pentru aplica\u021bii \u0219tiin\u021bifice \u0219i farmaceutice \u0219i ofer\u0103 rezultate fiabile pentru analiz\u0103 \u0219i cercetare.<\/p>\n<h3><strong>Formul\u0103 chimic\u0103 \u0219i propriet\u0103\u021bi<\/strong><\/h3>\n<ul>\n<li><strong>Formul\u0103 chimic\u0103<\/strong>C4H8O3<\/li>\n<li><strong>Greutatea molecular\u0103<\/strong>: 104.10 g\/mol<\/li>\n<li><strong>Puritate<\/strong>99% - garanteaz\u0103 cea mai \u00eenalt\u0103 calitate \u0219i rezultate fiabile.<\/li>\n<li><strong>Aspect<\/strong>Lichid limpede, incolor sau pulbere alb\u0103, cristalin\u0103, \u00een func\u021bie de preparat.<\/li>\n<li><strong>Stabilitate<\/strong>Stabilitate ridicat\u0103 \u00een condi\u021bii de depozitare controlate.<\/li>\n<\/ul>\n<h3><strong>Cum ac\u021bioneaz\u0103 GHB?<\/strong><\/h3>\n<p>GHB este un compus chimic care apare \u00een mod natural \u00een organism \u0219i ac\u021bioneaz\u0103 ca neurotransmi\u021b\u0103tor \u0219i neuromodulator. Acesta interac\u021bioneaz\u0103 \u00een principal cu receptorii GABA \u0219i GHB din sistemul nervos central, ceea ce duce la o varietate de efecte:<\/p>\n<ul>\n<li><strong>Efect calmant<\/strong>Promoveaz\u0103 relaxarea \u0219i somnul.<\/li>\n<li><strong>Propriet\u0103\u021bi neuroprotectoare<\/strong>Sus\u021bine procesele de reparare celular\u0103 \u00een creier.<\/li>\n<li><strong>Aplica\u021bii terapeutice<\/strong>Util\u0103 \u00een cercetarea tulbur\u0103rilor de somn, a bolilor neurologice \u0219i mentale.<\/li>\n<\/ul>","protected":false},"featured_media":1637,"comment_status":"open","ping_status":"closed","template":"","meta":{"_joinchat":[]},"product_brand":[],"product_cat":[34],"product_tag":[830,843,833,832,849,836,847,838,848,288,844,837,845,828,842,835,826,831,834,829,846,841,839,827,840],"class_list":{"0":"post-547","1":"product","2":"type-product","3":"status-publish","4":"has-post-thumbnail","6":"product_cat-ghb","7":"product_tag-500-mg-ghb-kaufen","8":"product_tag-beste-qualitaet-ghb","9":"product_tag-chemisches-reagenz-ghb","10":"product_tag-diskreter-versand-ghb","11":"product_tag-ghb-anbieter-deutschland","12":"product_tag-ghb-bestellen-deutschland","13":"product_tag-ghb-chemische-reinheit","14":"product_tag-ghb-diskret-kaufen","15":"product_tag-ghb-europa-versand","16":"product_tag-ghb-fuer-forschung","17":"product_tag-ghb-fuer-forschungszwecke","18":"product_tag-ghb-grosshandel","19":"product_tag-ghb-laborqualitaet","20":"product_tag-ghb-online-bestellen","21":"product_tag-ghb-online-guenstig-kaufen","22":"product_tag-ghb-reinheit-99","23":"product_tag-heaven-pure-ecstasy-kaufen","24":"product_tag-hochreines-ghb","25":"product_tag-hochwertiges-ghb-pulver","26":"product_tag-pure-ecstasy-ghb","27":"product_tag-pure-ghb-ecstasy-bestellen","28":"product_tag-reines-ghb-fuer-labore","29":"product_tag-schnelle-lieferung-ghb","30":"product_tag--hydroxybuttersaeure","31":"product_tag--hydroxybuttersaeure-kaufen","33":"first","34":"instock","35":"shipping-taxable","36":"purchasable","37":"product-type-variable","38":"has-default-attributes"},"yoast_head":"<!-- This site is optimized with the Yoast SEO plugin v25.4 - https:\/\/yoast.com\/wordpress\/plugins\/seo\/ -->\n<title>Heaven Pure Ecstasy 500 mg \u03b3-Hydroxybutters\u00e4ure (GHB)<\/title>\n<meta name=\"description\" content=\"Sie erhalten Heaven Pure Ecstasy 500 mg \u03b3-Hydroxybutters\u00e4ure (GHB) zu den besten Preisen in unserem Online-Shop. Wir helfen Ihnen gerne beim Online-Kauf von Heaven Pure Ecstasy 500 mg \u03b3-Hydroxybutters\u00e4ure (GHB). Besuchen Sie noch heute den besten Shop der Stadt!\" \/>\n<meta name=\"robots\" content=\"index, follow, max-snippet:-1, max-image-preview:large, max-video-preview:-1\" \/>\n<link rel=\"canonical\" href=\"https:\/\/gblexpress.com\/ro\/produs-2\/heaven-pure-ecstasy-500-mg-\u03b3-hydroxybutyric-acid-ghb\/\" \/>\n<meta property=\"og:locale\" content=\"ro_RO\" \/>\n<meta property=\"og:type\" content=\"article\" \/>\n<meta property=\"og:title\" content=\"Heaven Pure Ecstasy 500 mg \u03b3-Hydroxybutters\u00e4ure (GHB)\" \/>\n<meta property=\"og:description\" content=\"Sie erhalten Heaven Pure Ecstasy 500 mg \u03b3-Hydroxybutters\u00e4ure (GHB) zu den besten Preisen in unserem Online-Shop. Wir helfen Ihnen gerne beim Online-Kauf von Heaven Pure Ecstasy 500 mg \u03b3-Hydroxybutters\u00e4ure (GHB). Besuchen Sie noch heute den besten Shop der Stadt!\" \/>\n<meta property=\"og:url\" content=\"https:\/\/gblexpress.com\/ro\/produs-2\/heaven-pure-ecstasy-500-mg-\u03b3-hydroxybutyric-acid-ghb\/\" \/>\n<meta property=\"og:site_name\" content=\"GBL Express\" \/>\n<meta property=\"article:modified_time\" content=\"2026-02-26T07:24:53+00:00\" \/>\n<meta property=\"og:image\" content=\"https:\/\/gblexpress.com\/wp-content\/uploads\/2023\/05\/Heaven-Pure-Ecstasy.jpg\" \/>\n\t<meta property=\"og:image:width\" content=\"600\" \/>\n\t<meta property=\"og:image:height\" content=\"600\" \/>\n\t<meta property=\"og:image:type\" content=\"image\/jpeg\" \/>\n<meta name=\"twitter:card\" content=\"summary_large_image\" \/>\n<meta name=\"twitter:label1\" content=\"Timp estimat pentru citire\" \/>\n\t<meta name=\"twitter:data1\" content=\"1 minut\" \/>\n<!-- \/ Yoast SEO plugin. -->","yoast_head_json":{"title":"Heaven Pure Ecstasy 500 mg Acid \u03b3-hidroxibutiric (GHB)","description":"Pute\u021bi ob\u021bine Heaven Pure Ecstasy 500 mg acid \u03b3-hidroxibutiric (GHB) la cele mai bune pre\u021buri \u00een magazinul nostru online. Suntem bucuro\u0219i s\u0103 v\u0103 ajut\u0103m s\u0103 cump\u0103ra\u021bi Heaven Pure Ecstasy 500 mg acid \u03b3-hidroxibutiric (GHB) online. Vizita\u021bi cel mai bun magazin din ora\u0219 ast\u0103zi!","robots":{"index":"index","follow":"follow","max-snippet":"max-snippet:-1","max-image-preview":"max-image-preview:large","max-video-preview":"max-video-preview:-1"},"canonical":"https:\/\/gblexpress.com\/ro\/produs-2\/heaven-pure-ecstasy-500-mg-\u03b3-hydroxybutyric-acid-ghb\/","og_locale":"ro_RO","og_type":"article","og_title":"Heaven Pure Ecstasy 500 mg \u03b3-Hydroxybutters\u00e4ure (GHB)","og_description":"Sie erhalten Heaven Pure Ecstasy 500 mg \u03b3-Hydroxybutters\u00e4ure (GHB) zu den besten Preisen in unserem Online-Shop. Wir helfen Ihnen gerne beim Online-Kauf von Heaven Pure Ecstasy 500 mg \u03b3-Hydroxybutters\u00e4ure (GHB). Besuchen Sie noch heute den besten Shop der Stadt!","og_url":"https:\/\/gblexpress.com\/ro\/produs-2\/heaven-pure-ecstasy-500-mg-\u03b3-hydroxybutyric-acid-ghb\/","og_site_name":"GBL Express","article_modified_time":"2026-02-26T07:24:53+00:00","og_image":[{"width":600,"height":600,"url":"https:\/\/gblexpress.com\/wp-content\/uploads\/2023\/05\/Heaven-Pure-Ecstasy.jpg","type":"image\/jpeg"}],"twitter_card":"summary_large_image","twitter_misc":{"Timp estimat pentru citire":"1 minut"},"schema":{"@context":"https:\/\/schema.org","@graph":[{"@type":"WebPage","@id":"https:\/\/gblexpress.com\/product\/heaven-pure-ecstasy-500-mg-%ce%b3-hydroxybuttersaeure-ghb\/","url":"https:\/\/gblexpress.com\/product\/heaven-pure-ecstasy-500-mg-%ce%b3-hydroxybuttersaeure-ghb\/","name":"Heaven Pure Ecstasy 500 mg Acid \u03b3-hidroxibutiric (GHB)","isPartOf":{"@id":"https:\/\/gblexpress.com\/#website"},"primaryImageOfPage":{"@id":"https:\/\/gblexpress.com\/product\/heaven-pure-ecstasy-500-mg-%ce%b3-hydroxybuttersaeure-ghb\/#primaryimage"},"image":{"@id":"https:\/\/gblexpress.com\/product\/heaven-pure-ecstasy-500-mg-%ce%b3-hydroxybuttersaeure-ghb\/#primaryimage"},"thumbnailUrl":"https:\/\/gblexpress.com\/wp-content\/uploads\/2023\/05\/Heaven-Pure-Ecstasy.jpg","datePublished":"2023-05-24T06:04:39+00:00","dateModified":"2026-02-26T07:24:53+00:00","description":"Pute\u021bi ob\u021bine Heaven Pure Ecstasy 500 mg acid \u03b3-hidroxibutiric (GHB) la cele mai bune pre\u021buri \u00een magazinul nostru online. Suntem bucuro\u0219i s\u0103 v\u0103 ajut\u0103m s\u0103 cump\u0103ra\u021bi Heaven Pure Ecstasy 500 mg acid \u03b3-hidroxibutiric (GHB) online. Vizita\u021bi cel mai bun magazin din ora\u0219 ast\u0103zi!","breadcrumb":{"@id":"https:\/\/gblexpress.com\/product\/heaven-pure-ecstasy-500-mg-%ce%b3-hydroxybuttersaeure-ghb\/#breadcrumb"},"inLanguage":"ro-RO","potentialAction":[{"@type":"ReadAction","target":["https:\/\/gblexpress.com\/product\/heaven-pure-ecstasy-500-mg-%ce%b3-hydroxybuttersaeure-ghb\/"]}]},{"@type":"ImageObject","inLanguage":"ro-RO","@id":"https:\/\/gblexpress.com\/product\/heaven-pure-ecstasy-500-mg-%ce%b3-hydroxybuttersaeure-ghb\/#primaryimage","url":"https:\/\/gblexpress.com\/wp-content\/uploads\/2023\/05\/Heaven-Pure-Ecstasy.jpg","contentUrl":"https:\/\/gblexpress.com\/wp-content\/uploads\/2023\/05\/Heaven-Pure-Ecstasy.jpg","width":600,"height":600,"caption":"Heaven-Pure-Ecstasy online kaufen"},{"@type":"BreadcrumbList","@id":"https:\/\/gblexpress.com\/product\/heaven-pure-ecstasy-500-mg-%ce%b3-hydroxybuttersaeure-ghb\/#breadcrumb","itemListElement":[{"@type":"ListItem","position":1,"name":"Home","item":"https:\/\/gblexpress.com\/"},{"@type":"ListItem","position":2,"name":"Shop","item":"https:\/\/gblexpress.com\/shop\/"},{"@type":"ListItem","position":3,"name":"Heaven Pure Ecstasy 500 mg \u03b3-Hydroxybutters\u00e4ure (GHB)"}]},{"@type":"WebSite","@id":"https:\/\/gblexpress.com\/#website","url":"https:\/\/gblexpress.com\/","name":"GBL Express","description":"","publisher":{"@id":"https:\/\/gblexpress.com\/#organization"},"potentialAction":[{"@type":"SearchAction","target":{"@type":"EntryPoint","urlTemplate":"https:\/\/gblexpress.com\/?s={search_term_string}"},"query-input":{"@type":"PropertyValueSpecification","valueRequired":true,"valueName":"search_term_string"}}],"inLanguage":"ro-RO"},{"@type":"Organization","@id":"https:\/\/gblexpress.com\/#organization","name":"GBL Express","url":"https:\/\/gblexpress.com\/","logo":{"@type":"ImageObject","inLanguage":"ro-RO","@id":"https:\/\/gblexpress.com\/#\/schema\/logo\/image\/","url":"https:\/\/gblexpress.com\/wp-content\/uploads\/2023\/01\/logo.png","contentUrl":"https:\/\/gblexpress.com\/wp-content\/uploads\/2023\/01\/logo.png","width":250,"height":52,"caption":"GBL Express"},"image":{"@id":"https:\/\/gblexpress.com\/#\/schema\/logo\/image\/"}}]}},"jetpack-related-posts":[],"jetpack_sharing_enabled":true,"_links":{"self":[{"href":"https:\/\/gblexpress.com\/ro\/wp-json\/wp\/v2\/product\/547","targetHints":{"allow":["GET"]}}],"collection":[{"href":"https:\/\/gblexpress.com\/ro\/wp-json\/wp\/v2\/product"}],"about":[{"href":"https:\/\/gblexpress.com\/ro\/wp-json\/wp\/v2\/types\/product"}],"replies":[{"embeddable":true,"href":"https:\/\/gblexpress.com\/ro\/wp-json\/wp\/v2\/comments?post=547"}],"wp:featuredmedia":[{"embeddable":true,"href":"https:\/\/gblexpress.com\/ro\/wp-json\/wp\/v2\/media\/1637"}],"wp:attachment":[{"href":"https:\/\/gblexpress.com\/ro\/wp-json\/wp\/v2\/media?parent=547"}],"wp:term":[{"taxonomy":"product_brand","embeddable":true,"href":"https:\/\/gblexpress.com\/ro\/wp-json\/wp\/v2\/product_brand?post=547"},{"taxonomy":"product_cat","embeddable":true,"href":"https:\/\/gblexpress.com\/ro\/wp-json\/wp\/v2\/product_cat?post=547"},{"taxonomy":"product_tag","embeddable":true,"href":"https:\/\/gblexpress.com\/ro\/wp-json\/wp\/v2\/product_tag?post=547"}],"curies":[{"name":"wp","href":"https:\/\/api.w.org\/{rel}","templated":true}]}}