{"id":559,"date":"2023-05-24T06:32:08","date_gmt":"2023-05-24T06:32:08","guid":{"rendered":"https:\/\/gblexpress.com\/?post_type=product&#038;p=559"},"modified":"2026-02-28T09:33:34","modified_gmt":"2026-02-28T09:33:34","slug":"tilidin-ratiopharm-plus-50-4-mg-tilidin-naloxon","status":"publish","type":"product","link":"https:\/\/gblexpress.com\/ro\/produs-2\/tilidin-ratiopharm-plus-50-4-mg-tilidin-naloxon\/","title":{"rendered":"Tilidin\u0103-ratiopharm plus 50\/4 mg tilidin\u0103\/naloxon\u0103"},"content":{"rendered":"<div class=\"woocommerce-tabs wc-tabs-wrapper\">\n<div id=\"tab-description\" class=\"woocommerce-Tabs-panel woocommerce-Tabs-panel--description panel entry-content wc-tab\" role=\"tabpanel\" aria-labelledby=\"tab-title-description\">\n<h2><strong>Cump\u0103ra\u021bi Tilidin-ratiopharm plus 50\/4 mg: Totul despre efect, aplicare \u0219i cump\u0103rare online \u00een siguran\u021b\u0103<\/strong><\/h2>\n<p><a href=\"https:\/\/en.wikipedia.org\/wiki\/Tilidine\">Cump\u0103ra\u021bi Tilidine pic\u0103turi online<\/a>, Die von uns zur Verf\u00fcgung gestellten Einheiten des Produkts mit der Bezeichnung Tilidin Tropfen sind ausnahmslos neuwertige Artikel in Apothekenqualit\u00e4t. Sollten Sie aus Versehen eine Lieferung erhalten, die dieser Spezifikation nicht entspricht, erhalten Sie Ihr Geld zur\u00fcck oder eine neue Lieferung. Nach Ablauf der Haltbarkeit ist das Medikament lt. Herstellerangaben zu entsorgen (siehe Packungsbeilage Tilidin Tropfen online kaufen)<a href=\"https:\/\/gblexprimer.com\/product\/kokaina\/\">.<\/a><\/p>\n<h3><strong>Ce este Tilidin-ratiopharm plus 50\/4 mg?<\/strong><\/h3>\n<p>Tilidina este un analgezic puternic din grupul opioidelor care se utilizeaz\u0103 pentru durerea cronic\u0103 sau acut\u0103. \u00cen combina\u021bie cu naloxona, care blocheaz\u0103 efectul tilidinei atunci c\u00e2nd este utilizat\u0103 gre\u0219it (de exemplu, injectat\u0103), aceasta asigur\u0103 <a href=\"https:\/\/gblexpress.com\/ro\/produs-2\/tilidin-ratiopharm-plus-50-4-mg-tilidin-naloxon\/\"><strong>Tilidin\u0103-ratiopharm plus 50\/4 mg<\/strong><\/a> o solu\u021bie sigur\u0103 \u0219i eficient\u0103 pentru terapia durerii<a href=\"https:\/\/gblexpress.com\/ro\/magazin\/amfetamina\/\">.<\/a><\/p>\n<h3><strong>Efectul Tilidin-ratiopharm plus 50\/4 mg<\/strong><\/h3>\n<p>The <strong>Efectul Tilidin-ratiopharm plus<\/strong> se instaleaz\u0103 rapid \u0219i dureaz\u0103 c\u00e2teva ore. Aceasta amelioreaz\u0103 eficient durerea f\u0103r\u0103 a interfera cu via\u021ba de zi cu zi. Avantajele combina\u021biei:<\/p>\n<ul>\n<li><strong>Ameliorarea durerii:<\/strong> Reducerea durerii severe.<\/li>\n<li><strong>Protec\u021bia \u00eempotriva abuzurilor:<\/strong> Naloxona minimizeaz\u0103 riscul de dependen\u021b\u0103.<\/li>\n<li><strong>\u00cembun\u0103t\u0103\u021birea calit\u0103\u021bii vie\u021bii:<\/strong> Ideal pentru pacien\u021bii cu dureri cronice.<\/li>\n<\/ul>\n<h3><strong>Dozare \u0219i aplicare<\/strong><\/h3>\n<p>Dreptul <strong>Dozaj de Tilidin-ratiopharm plus 50\/4 mg<\/strong> depinde de severitatea durerii \u0219i de nevoile individuale ale pacientului. Orient\u0103rile tipice sunt<\/p>\n<ul>\n<li><strong>Adul\u021bi:<\/strong> 1 comprimat de 2 p\u00e2n\u0103 la 4 ori pe zi.<\/li>\n<li><strong>Doza maxim\u0103:<\/strong> Nu lua\u021bi mai mult de 8 comprimate pe zi.<\/li>\n<\/ul>\n<p><strong>Not\u0103:<\/strong> Lua\u021bi medicamentul \u00eentreg cu mult lichid \u0219i urma\u021bi instruc\u021biunile medicului.<\/p>\n<h3><strong>Riscuri \u0219i efecte secundare<\/strong><\/h3>\n<p>Ca orice medicament, tilidina poate provoca reac\u021bii adverse. Reac\u021biile adverse frecvente sunt<\/p>\n<ul>\n<li><strong>Grea\u021b\u0103 \u0219i v\u0103rs\u0103turi<\/strong><\/li>\n<li><strong>Oboseal\u0103 sau ame\u021beli<\/strong><\/li>\n<li><strong>Constipa\u021bie<\/strong><\/li>\n<\/ul>\n<p>\u00cen cazul utiliz\u0103rii prelungite, aportul trebuie monitorizat \u00een mod regulat de un medic pentru a evita dependen\u021ba.<\/p>\n<h3><strong>Cump\u0103ra\u021bi Tilidin-ratiopharm plus 50\/4 mg \u00een siguran\u021b\u0103 online<\/strong><\/h3>\n<p>La <strong>Cump\u0103ra\u021bi Tilidine online<\/strong> trebuie s\u0103 acorda\u021bi aten\u021bie calit\u0103\u021bii \u0219i discre\u021biei. Platforma noastr\u0103 ofer\u0103:<\/p>\n<ul>\n<li><strong>Calitate testat\u0103:<\/strong> Produse originale direct de la produc\u0103tor.<\/li>\n<li><strong>Livrare discret\u0103:<\/strong> Ambalate anonim \u0219i \u00een siguran\u021b\u0103.<\/li>\n<li><strong>Comand\u0103 simpl\u0103:<\/strong> Cump\u0103ra\u021bi Tilidin-ratiopharm plus 50\/4 mg convenabil online.<\/li>\n<\/ul>\n<h3><strong>Cump\u0103ra\u021bi Tilidin-ratiopharm plus 50\/4 mg acum<\/strong><\/h3>\n<p>Amelioreaz\u0103-\u021bi durerea \u00een mod eficient cu <strong>Tilidin-<\/strong><strong>ratiopharm <\/strong><strong>plus 50\/4 mg<\/strong>. Fie c\u0103 este vorba de afec\u021biuni cronice sau dureri acute - pute\u021bi comanda medicamentul \u00een siguran\u021b\u0103 \u0219i discret online cu noi. Beneficia\u021bi de o calitate testat\u0103 \u0219i de o livrare fiabil\u0103. <strong>Comanda\u021bi ast\u0103zi \u0219i experimenta\u021bi o calitate \u00eembun\u0103t\u0103\u021bit\u0103 a vie\u021bii.<\/strong><\/p>\n<\/div>\n<\/div>","protected":false},"excerpt":{"rendered":"<p><strong>Tilidin\u0103-ratiopharm Plus 50\/4 mg<\/strong> este un analgezic modern care a fost dezvoltat special pentru tratamentul durerii severe p\u00e2n\u0103 la foarte severe. Combina\u021bia de <strong>Tilidin\u0103<\/strong> \u0219i <strong>Naloxon\u0103<\/strong> ofer\u0103 o ameliorare eficient\u0103 a durerii cu protec\u021bie simultan\u0103 \u00eempotriva abuzurilor.<\/p>\n<p><strong>Cum func\u021bioneaz\u0103 Tilidin-ratiopharm Plus?<\/strong><br \/>\nTilidine-ratiopharm Plus combin\u0103 dou\u0103 ingrediente active care \u00eempreun\u0103 asigur\u0103 o terapie sigur\u0103 \u0219i eficient\u0103 a durerii:<\/p>\n<ul>\n<li><strong>Tilidin\u0103:<\/strong> Ca analgezic opioid, tilidina se leag\u0103 de receptorii opioizi din sistemul nervos central, blocheaz\u0103 percep\u021bia durerii \u0219i amelioreaz\u0103 eficient durerea.<\/li>\n<li><strong>Naloxon\u0103:<\/strong> Un antagonist opioid care r\u0103m\u00e2ne inactiv atunci c\u00e2nd este administrat \u00een mod regulat. Atunci c\u00e2nd este utilizat\u0103 abuziv (de exemplu, prin injectare), naloxona blocheaz\u0103 efectul tilidinei \u0219i previne astfel efectele euforice.<\/li>\n<\/ul>\n<p>Tabletele cu eliberare prelungit\u0103 asigur\u0103 o eliberare uniform\u0103 a ingredientului activ \u0219i ofer\u0103 o ameliorare de lung\u0103 durat\u0103 a durerii pe parcursul mai multor ore.<\/p>\n<ul>\n<li><strong>Debutul efectului:<\/strong> 30-60 de minute dup\u0103 ingestie.<\/li>\n<li><strong>Durata efectului:<\/strong> 8-12 ore prin eliberare sus\u021binut\u0103.<\/li>\n<\/ul>\n<p><strong>Formula \u0219i propriet\u0103\u021bile produsului<\/strong><\/p>\n<ul>\n<li><strong>Clorhidrat de tilidin\u0103:<\/strong> 50 mg per comprimat - ingredientul activ care amelioreaz\u0103 durerea.<\/li>\n<li><strong>Clorhidrat de naloxon\u0103:<\/strong> 4 mg per comprimat - protec\u021bie \u00eempotriva abuzului.<\/li>\n<li><strong>Excipien\u021bi:<\/strong> Include lactoz\u0103 monohidrat \u0219i celuloz\u0103 pentru a asigura retardarea.<\/li>\n<\/ul>","protected":false},"featured_media":1635,"comment_status":"open","ping_status":"closed","template":"","meta":{"_joinchat":[]},"product_brand":[],"product_cat":[36],"product_tag":[53,54,728,717,716,733,721,722,713,730,708,723,732,731,725,715,712,724,720,714,48,49,50,51,52,55,718,707,709,727,726,719,706,711,710,734,729],"class_list":{"0":"post-559","1":"product","2":"type-product","3":"status-publish","4":"has-post-thumbnail","6":"product_cat-ko-drops","7":"product_tag-bestellen-tilidin-tropfen-online","8":"product_tag-kaufen-tilidin-tropfen-rezeptfre","9":"product_tag-tilidin-50-mg-kaufen","10":"product_tag-tilidin-anwendung","11":"product_tag-tilidin-dosierung","12":"product_tag-tilidin-fuer-forschung","13":"product_tag-tilidin-fuer-mittelstarke-schmerzen","14":"product_tag-tilidin-fuer-starke-schmerzen","15":"product_tag-tilidin-gegen-schmerzen","16":"product_tag-tilidin-in-deutschland-kaufen","17":"product_tag-tilidin-kaufen","18":"product_tag-tilidin-lagerung","19":"product_tag-tilidin-legal-kaufen","20":"product_tag-tilidin-mit-naloxon","21":"product_tag-tilidin-nebenwirkungen","22":"product_tag-tilidin-retardtabletten","23":"product_tag-tilidin-rezeptpflichtig","24":"product_tag-tilidin-risiken","25":"product_tag-tilidin-sicher-kaufen","26":"product_tag-tilidin-tabletten-50-4-mg","27":"product_tag-tilidin-tropfen","28":"product_tag-tilidin-tropfen-bestellen","29":"product_tag-tilidin-tropfen-kaufen","30":"product_tag-tilidin-tropfen-ohne-rezept","31":"product_tag-tilidin-tropfen-online","32":"product_tag-tilidin-tropfen-shop","33":"product_tag-tilidin-wirkung","34":"product_tag-tilidin-naloxon","35":"product_tag-tilidin-ratiopharm-bestellen","36":"product_tag-tilidin-ratiopharm-fuer-apotheken","37":"product_tag-tilidin-ratiopharm-grosshandel","38":"product_tag-tilidin-ratiopharm-packung","39":"product_tag-tilidin-ratiopharm-plus-50-4-mg","40":"product_tag-tilidin-ratiopharm-plus-online-kaufen","41":"product_tag-tilidin-ratiopharm-preis","42":"product_tag-tilidin-ratiopharm-weltweit-bestellen","43":"product_tag-wo-tilidin-kaufen","45":"first","46":"instock","47":"shipping-taxable","48":"purchasable","49":"product-type-variable","50":"has-default-attributes"},"yoast_head":"<!-- This site is optimized with the Yoast SEO plugin v25.4 - https:\/\/yoast.com\/wordpress\/plugins\/seo\/ -->\n<title>Tilidin-ratiopharm plus 50\/4 mg Tilidin\/Naloxon online kaufen<\/title>\n<meta name=\"description\" content=\"Wo kaufen Sie Tilidin-ratiopharm plus 50\/4 mg Tilidin\/Naloxon online zum besten Preis? Finden Sie hochwertiges Tilidin-ratiopharm plus 50\/4 mg Tilidin\/Naloxon in unserem sicheren Online-Shop \u2013 genau das Richtige f\u00fcr Ihre Forschungsbed\u00fcrfnisse. Jetzt bestellen!\" \/>\n<meta name=\"robots\" content=\"index, follow, max-snippet:-1, max-image-preview:large, max-video-preview:-1\" \/>\n<link rel=\"canonical\" href=\"https:\/\/gblexpress.com\/ro\/produs-2\/tilidin-ratiopharm-plus-50-4-mg-tilidin-naloxon\/\" \/>\n<meta property=\"og:locale\" content=\"ro_RO\" \/>\n<meta property=\"og:type\" content=\"article\" \/>\n<meta property=\"og:title\" content=\"Tilidin-ratiopharm plus 50\/4 mg Tilidin\/Naloxon online kaufen\" \/>\n<meta property=\"og:description\" content=\"Wo kaufen Sie Tilidin-ratiopharm plus 50\/4 mg Tilidin\/Naloxon online zum besten Preis? Finden Sie hochwertiges Tilidin-ratiopharm plus 50\/4 mg Tilidin\/Naloxon in unserem sicheren Online-Shop \u2013 genau das Richtige f\u00fcr Ihre Forschungsbed\u00fcrfnisse. Jetzt bestellen!\" \/>\n<meta property=\"og:url\" content=\"https:\/\/gblexpress.com\/ro\/produs-2\/tilidin-ratiopharm-plus-50-4-mg-tilidin-naloxon\/\" \/>\n<meta property=\"og:site_name\" content=\"GBL Express\" \/>\n<meta property=\"article:modified_time\" content=\"2026-02-28T09:33:34+00:00\" \/>\n<meta property=\"og:image\" content=\"https:\/\/gblexpress.com\/wp-content\/uploads\/2023\/05\/Tramadol-Ratiopharm-1.jpg\" \/>\n\t<meta property=\"og:image:width\" content=\"600\" \/>\n\t<meta property=\"og:image:height\" content=\"600\" \/>\n\t<meta property=\"og:image:type\" content=\"image\/jpeg\" \/>\n<meta name=\"twitter:card\" content=\"summary_large_image\" \/>\n<meta name=\"twitter:label1\" content=\"Timp estimat pentru citire\" \/>\n\t<meta name=\"twitter:data1\" content=\"2 minute\" \/>\n<!-- \/ Yoast SEO plugin. -->","yoast_head_json":{"title":"Cump\u0103ra\u021bi online Tilidin-ratiopharm plus 50\/4 mg Tilidin\u0103\/Naloxon\u0103","description":"De unde pute\u021bi cump\u0103ra online Tilidin-ratiopharm plus 50\/4 mg Tilidin\u0103\/Naloxone la cel mai bun pre\u021b? G\u0103si\u021bi Tilidin-ratiopharm plus 50\/4 mg Tilidin\u0103\/Naloxone de \u00eenalt\u0103 calitate \u00een magazinul nostru online securizat \u2013 potrivit pentru nevoile dumneavoastr\u0103 de cercetare. Comanda acum!","robots":{"index":"index","follow":"follow","max-snippet":"max-snippet:-1","max-image-preview":"max-image-preview:large","max-video-preview":"max-video-preview:-1"},"canonical":"https:\/\/gblexpress.com\/ro\/produs-2\/tilidin-ratiopharm-plus-50-4-mg-tilidin-naloxon\/","og_locale":"ro_RO","og_type":"article","og_title":"Tilidin-ratiopharm plus 50\/4 mg Tilidin\/Naloxon online kaufen","og_description":"Wo kaufen Sie Tilidin-ratiopharm plus 50\/4 mg Tilidin\/Naloxon online zum besten Preis? Finden Sie hochwertiges Tilidin-ratiopharm plus 50\/4 mg Tilidin\/Naloxon in unserem sicheren Online-Shop \u2013 genau das Richtige f\u00fcr Ihre Forschungsbed\u00fcrfnisse. Jetzt bestellen!","og_url":"https:\/\/gblexpress.com\/ro\/produs-2\/tilidin-ratiopharm-plus-50-4-mg-tilidin-naloxon\/","og_site_name":"GBL Express","article_modified_time":"2026-02-28T09:33:34+00:00","og_image":[{"width":600,"height":600,"url":"https:\/\/gblexpress.com\/wp-content\/uploads\/2023\/05\/Tramadol-Ratiopharm-1.jpg","type":"image\/jpeg"}],"twitter_card":"summary_large_image","twitter_misc":{"Timp estimat pentru citire":"2 minute"},"schema":{"@context":"https:\/\/schema.org","@graph":[{"@type":"WebPage","@id":"https:\/\/gblexpress.com\/product\/tilidin-ratiopharm-plus-50-4-mg-tilidin-naloxon\/","url":"https:\/\/gblexpress.com\/product\/tilidin-ratiopharm-plus-50-4-mg-tilidin-naloxon\/","name":"Cump\u0103ra\u021bi online Tilidin-ratiopharm plus 50\/4 mg Tilidin\u0103\/Naloxon\u0103","isPartOf":{"@id":"https:\/\/gblexpress.com\/#website"},"primaryImageOfPage":{"@id":"https:\/\/gblexpress.com\/product\/tilidin-ratiopharm-plus-50-4-mg-tilidin-naloxon\/#primaryimage"},"image":{"@id":"https:\/\/gblexpress.com\/product\/tilidin-ratiopharm-plus-50-4-mg-tilidin-naloxon\/#primaryimage"},"thumbnailUrl":"https:\/\/gblexpress.com\/wp-content\/uploads\/2023\/05\/Tramadol-Ratiopharm-1.jpg","datePublished":"2023-05-24T06:32:08+00:00","dateModified":"2026-02-28T09:33:34+00:00","description":"De unde pute\u021bi cump\u0103ra online Tilidin-ratiopharm plus 50\/4 mg Tilidin\u0103\/Naloxone la cel mai bun pre\u021b? G\u0103si\u021bi Tilidin-ratiopharm plus 50\/4 mg Tilidin\u0103\/Naloxone de \u00eenalt\u0103 calitate \u00een magazinul nostru online securizat \u2013 potrivit pentru nevoile dumneavoastr\u0103 de cercetare. Comanda acum!","breadcrumb":{"@id":"https:\/\/gblexpress.com\/product\/tilidin-ratiopharm-plus-50-4-mg-tilidin-naloxon\/#breadcrumb"},"inLanguage":"ro-RO","potentialAction":[{"@type":"ReadAction","target":["https:\/\/gblexpress.com\/product\/tilidin-ratiopharm-plus-50-4-mg-tilidin-naloxon\/"]}]},{"@type":"ImageObject","inLanguage":"ro-RO","@id":"https:\/\/gblexpress.com\/product\/tilidin-ratiopharm-plus-50-4-mg-tilidin-naloxon\/#primaryimage","url":"https:\/\/gblexpress.com\/wp-content\/uploads\/2023\/05\/Tramadol-Ratiopharm-1.jpg","contentUrl":"https:\/\/gblexpress.com\/wp-content\/uploads\/2023\/05\/Tramadol-Ratiopharm-1.jpg","width":600,"height":600,"caption":"Tramadol-Ratiopharm online kaufen"},{"@type":"BreadcrumbList","@id":"https:\/\/gblexpress.com\/product\/tilidin-ratiopharm-plus-50-4-mg-tilidin-naloxon\/#breadcrumb","itemListElement":[{"@type":"ListItem","position":1,"name":"Home","item":"https:\/\/gblexpress.com\/"},{"@type":"ListItem","position":2,"name":"Shop","item":"https:\/\/gblexpress.com\/shop\/"},{"@type":"ListItem","position":3,"name":"Tilidin-ratiopharm plus 50\/4 mg Tilidin\/Naloxon"}]},{"@type":"WebSite","@id":"https:\/\/gblexpress.com\/#website","url":"https:\/\/gblexpress.com\/","name":"GBL Express","description":"","publisher":{"@id":"https:\/\/gblexpress.com\/#organization"},"potentialAction":[{"@type":"SearchAction","target":{"@type":"EntryPoint","urlTemplate":"https:\/\/gblexpress.com\/?s={search_term_string}"},"query-input":{"@type":"PropertyValueSpecification","valueRequired":true,"valueName":"search_term_string"}}],"inLanguage":"ro-RO"},{"@type":"Organization","@id":"https:\/\/gblexpress.com\/#organization","name":"GBL Express","url":"https:\/\/gblexpress.com\/","logo":{"@type":"ImageObject","inLanguage":"ro-RO","@id":"https:\/\/gblexpress.com\/#\/schema\/logo\/image\/","url":"https:\/\/gblexpress.com\/wp-content\/uploads\/2023\/01\/logo.png","contentUrl":"https:\/\/gblexpress.com\/wp-content\/uploads\/2023\/01\/logo.png","width":250,"height":52,"caption":"GBL Express"},"image":{"@id":"https:\/\/gblexpress.com\/#\/schema\/logo\/image\/"}}]}},"jetpack-related-posts":[],"jetpack_sharing_enabled":true,"_links":{"self":[{"href":"https:\/\/gblexpress.com\/ro\/wp-json\/wp\/v2\/product\/559","targetHints":{"allow":["GET"]}}],"collection":[{"href":"https:\/\/gblexpress.com\/ro\/wp-json\/wp\/v2\/product"}],"about":[{"href":"https:\/\/gblexpress.com\/ro\/wp-json\/wp\/v2\/types\/product"}],"replies":[{"embeddable":true,"href":"https:\/\/gblexpress.com\/ro\/wp-json\/wp\/v2\/comments?post=559"}],"wp:featuredmedia":[{"embeddable":true,"href":"https:\/\/gblexpress.com\/ro\/wp-json\/wp\/v2\/media\/1635"}],"wp:attachment":[{"href":"https:\/\/gblexpress.com\/ro\/wp-json\/wp\/v2\/media?parent=559"}],"wp:term":[{"taxonomy":"product_brand","embeddable":true,"href":"https:\/\/gblexpress.com\/ro\/wp-json\/wp\/v2\/product_brand?post=559"},{"taxonomy":"product_cat","embeddable":true,"href":"https:\/\/gblexpress.com\/ro\/wp-json\/wp\/v2\/product_cat?post=559"},{"taxonomy":"product_tag","embeddable":true,"href":"https:\/\/gblexpress.com\/ro\/wp-json\/wp\/v2\/product_tag?post=559"}],"curies":[{"name":"wp","href":"https:\/\/api.w.org\/{rel}","templated":true}]}}