{"id":561,"date":"2023-05-24T06:40:33","date_gmt":"2023-05-24T06:40:33","guid":{"rendered":"https:\/\/gblexpress.com\/?post_type=product&#038;p=561"},"modified":"2025-05-06T06:17:48","modified_gmt":"2025-05-06T06:17:48","slug":"tramadol-ratiopharm-100-mg-ml-tramadol","status":"publish","type":"product","link":"https:\/\/gblexpress.com\/ro\/produs-2\/tramadol-ratiopharm-100-mg-ml-tramadol\/","title":{"rendered":"Tramadol Ratiopharm 100 mg\/ml Tramadol"},"content":{"rendered":"<h2><strong>Informa\u021bii privind termenul de valabilitate:<\/strong><\/h2>\n<p>Unit\u0103\u021bile produsului denumit <a href=\"https:\/\/en.wikipedia.org\/wiki\/Tramadol\">Pic\u0103turi de tramadol Ratiopharm<\/a> sunt, f\u0103r\u0103 excep\u021bie, articole de calitate farmaceutic\u0103 \u00een stare perfect\u0103. \u00cen cazul \u00een care primi\u021bi din gre\u0219eal\u0103 o livrare care nu corespunde acestei specifica\u021bii, ve\u021bi primi banii \u00eenapoi sau o nou\u0103 livrare. Dup\u0103 expirarea termenului de valabilitate, medicamentul trebuie eliminat \u00een conformitate cu instruc\u021biunile produc\u0103torului (a se vedea prospectul).<\/p>\n<h3><strong>Detalii privind disponibilitatea:<\/strong><\/h3>\n<p>Produsul cu nume <a href=\"https:\/\/gblexpress.com\/ro\/produs-2\/tramadol-ratiopharm-100-mg-ml-tramadol\/\">Pic\u0103turi de tramadol Ratiopharm<\/a> este disponibil pentru livrare imediata.<\/p>\n<h3><strong>Restric\u021bii specifice fiec\u0103rei \u021b\u0103ri \u00een ceea ce prive\u0219te capacitatea de livrare:<\/strong><\/h3>\n<p>Pentru produsul cu denumirea <a href=\"https:\/\/gblexpress.com\/ro\/\">Pic\u0103turi de tramadol Ratiopharm<\/a> \u00cen prezent, nu exist\u0103 restric\u021bii de livrare specifice \u021b\u0103rii.<\/p>\n<h3><strong>Depozitare:<\/strong><\/h3>\n<p>V\u0103 rug\u0103m s\u0103 p\u0103stra\u021bi produsul etichetat <a href=\"https:\/\/www.google.de\/search?q=Tramadol+Ratiopharm+100+mg%2Fml+Tramadol+online+kaufen&amp;sca_esv=7d1b82273738a5db&amp;hl=en&amp;ei=F6jiZ_3RM7_z0PEP-9uluAw&amp;ved=0ahUKEwi9uZeLpKWMAxW_OTQIHfttCccQ4dUDCBA&amp;uact=5&amp;oq=Tramadol+Ratiopharm+100+mg%2Fml+Tramadol+online+kaufen&amp;gs_lp=Egxnd3Mtd2l6LXNlcnAiNFRyYW1hZG9sIFJhdGlvcGhhcm0gMTAwIG1nL21sIFRyYW1hZG9sIG9ubGluZSBrYXVmZW4yCBAhGKABGMMESKgdUABY9RdwAXgAkAEAmAHmAqABwgWqAQMzLTK4AQPIAQD4AQH4AQKYAgKgAtMFwgIGEAAYBxgemAMAiAYBkgcDMy0yoAfTB7IHAzMtMrgH0wU&amp;sclient=gws-wiz-serp\">Pic\u0103turi de tramadol Ratiopharm<\/a> A se pastra in ambalajul original la indemana copiilor. Orice informa\u021bii suplimentare privind depozitarea \u0219i eliminarea corect\u0103 pot fi g\u0103site \u00een prospect.<br \/>\n\u0219i eliminarea, v\u0103 rug\u0103m s\u0103 consulta\u021bi prospectul.<a href=\"https:\/\/gblexpress.com\/ro\/\">.<\/a><\/p>","protected":false},"excerpt":{"rendered":"<p>Angaben zur Haltbarkeit: Die von uns zur Verf\u00fcgung gestellten Einheiten des Produkts mit der Bezeichnung Tramadol Tropfen Ratiopharm sind ausnahmslos neuwertige Artikel in Apothekenqualit\u00e4t. Sollten Sie aus Versehen eine Lieferung erhalten, die dieser Spezifikation nicht entspricht, erhalten Sie Ihr Geld zur\u00fcck oder eine neue Lieferung. Nach Ablauf der Haltbarkeit ist das Medikament lt. Herstellerangaben zu [&hellip;]<\/p>","protected":false},"featured_media":1634,"comment_status":"open","ping_status":"closed","template":"","meta":{"_joinchat":[]},"product_brand":[],"product_cat":[36],"product_tag":[61,56,57,58,59,60,62,63],"class_list":{"0":"post-561","1":"product","2":"type-product","3":"status-publish","4":"has-post-thumbnail","6":"product_cat-ko-drops","7":"product_tag-bestellen-tramadol-tropfen-online-kaufen","8":"product_tag-tramadol-tropfen","9":"product_tag-tramadol-tropfen-bestellen","10":"product_tag-tramadol-tropfen-kaufen","11":"product_tag-tramadol-tropfen-ohne-rezept","12":"product_tag-tramadol-tropfen-online","13":"product_tag-tramadol-tropfen-rezeptfrei","14":"product_tag-tramadol-tropfen-shop","16":"first","17":"instock","18":"shipping-taxable","19":"purchasable","20":"product-type-variable","21":"has-default-attributes"},"yoast_head":"<!-- This site is optimized with the Yoast SEO plugin v25.4 - https:\/\/yoast.com\/wordpress\/plugins\/seo\/ -->\n<title>Tramadol Ratiopharm 100 mg\/ml Tramadol online kaufen<\/title>\n<meta name=\"description\" content=\"Sie k\u00f6nnen Tramadol ratiopharm 100 mg\/ml online zu den besten Preisen in unserem Online-Shop kaufen. Wir bieten g\u00fcnstiges und hochwertiges Tramadol ratiopharm 100 mg\/ml zum Verkauf an und liefern weltweit. Sie k\u00f6nnen jederzeit und \u00fcberall bestellen.\" \/>\n<meta name=\"robots\" content=\"index, follow, max-snippet:-1, max-image-preview:large, max-video-preview:-1\" \/>\n<link rel=\"canonical\" href=\"https:\/\/gblexpress.com\/ro\/produs-2\/tramadol-ratiopharm-100-mg-ml-tramadol\/\" \/>\n<meta property=\"og:locale\" content=\"ro_RO\" \/>\n<meta property=\"og:type\" content=\"article\" \/>\n<meta property=\"og:title\" content=\"Tramadol Ratiopharm 100 mg\/ml Tramadol online kaufen\" \/>\n<meta property=\"og:description\" content=\"Sie k\u00f6nnen Tramadol ratiopharm 100 mg\/ml online zu den besten Preisen in unserem Online-Shop kaufen. Wir bieten g\u00fcnstiges und hochwertiges Tramadol ratiopharm 100 mg\/ml zum Verkauf an und liefern weltweit. Sie k\u00f6nnen jederzeit und \u00fcberall bestellen.\" \/>\n<meta property=\"og:url\" content=\"https:\/\/gblexpress.com\/ro\/produs-2\/tramadol-ratiopharm-100-mg-ml-tramadol\/\" \/>\n<meta property=\"og:site_name\" content=\"GBL Express\" \/>\n<meta property=\"article:modified_time\" content=\"2025-05-06T06:17:48+00:00\" \/>\n<meta property=\"og:image\" content=\"https:\/\/gblexpress.com\/wp-content\/uploads\/2023\/05\/Tramadol-Ratiopharm.jpg\" \/>\n\t<meta property=\"og:image:width\" content=\"600\" \/>\n\t<meta property=\"og:image:height\" content=\"600\" \/>\n\t<meta property=\"og:image:type\" content=\"image\/jpeg\" \/>\n<meta name=\"twitter:card\" content=\"summary_large_image\" \/>\n<meta name=\"twitter:label1\" content=\"Timp estimat pentru citire\" \/>\n\t<meta name=\"twitter:data1\" content=\"1 minut\" \/>\n<!-- \/ Yoast SEO plugin. -->","yoast_head_json":{"title":"Cump\u0103ra\u021bi Tramadol Ratiopharm 100 mg\/ml Tramadol online","description":"Cump\u0103ra\u021bi Heroina online la cele mai bune pre\u021buri din magazinul nostru online. Oferim heroin\u0103 la pre\u021buri accesibile, de \u00eenalt\u0103 calitate \u0219i livr\u0103m \u00een toat\u0103 lumea. Pute\u021bi comanda oric\u00e2nd, oriunde.","robots":{"index":"index","follow":"follow","max-snippet":"max-snippet:-1","max-image-preview":"max-image-preview:large","max-video-preview":"max-video-preview:-1"},"canonical":"https:\/\/gblexpress.com\/ro\/produs-2\/tramadol-ratiopharm-100-mg-ml-tramadol\/","og_locale":"ro_RO","og_type":"article","og_title":"Tramadol Ratiopharm 100 mg\/ml Tramadol online kaufen","og_description":"Sie k\u00f6nnen Tramadol ratiopharm 100 mg\/ml online zu den besten Preisen in unserem Online-Shop kaufen. Wir bieten g\u00fcnstiges und hochwertiges Tramadol ratiopharm 100 mg\/ml zum Verkauf an und liefern weltweit. Sie k\u00f6nnen jederzeit und \u00fcberall bestellen.","og_url":"https:\/\/gblexpress.com\/ro\/produs-2\/tramadol-ratiopharm-100-mg-ml-tramadol\/","og_site_name":"GBL Express","article_modified_time":"2025-05-06T06:17:48+00:00","og_image":[{"width":600,"height":600,"url":"https:\/\/gblexpress.com\/wp-content\/uploads\/2023\/05\/Tramadol-Ratiopharm.jpg","type":"image\/jpeg"}],"twitter_card":"summary_large_image","twitter_misc":{"Timp estimat pentru citire":"1 minut"},"schema":{"@context":"https:\/\/schema.org","@graph":[{"@type":"WebPage","@id":"https:\/\/gblexpress.com\/product\/tramadol-ratiopharm-100-mg-ml-tramadol\/","url":"https:\/\/gblexpress.com\/product\/tramadol-ratiopharm-100-mg-ml-tramadol\/","name":"Cump\u0103ra\u021bi Tramadol Ratiopharm 100 mg\/ml Tramadol online","isPartOf":{"@id":"https:\/\/gblexpress.com\/#website"},"primaryImageOfPage":{"@id":"https:\/\/gblexpress.com\/product\/tramadol-ratiopharm-100-mg-ml-tramadol\/#primaryimage"},"image":{"@id":"https:\/\/gblexpress.com\/product\/tramadol-ratiopharm-100-mg-ml-tramadol\/#primaryimage"},"thumbnailUrl":"https:\/\/gblexpress.com\/wp-content\/uploads\/2023\/05\/Tramadol-Ratiopharm.jpg","datePublished":"2023-05-24T06:40:33+00:00","dateModified":"2025-05-06T06:17:48+00:00","description":"Cump\u0103ra\u021bi Heroina online la cele mai bune pre\u021buri din magazinul nostru online. Oferim heroin\u0103 la pre\u021buri accesibile, de \u00eenalt\u0103 calitate \u0219i livr\u0103m \u00een toat\u0103 lumea. Pute\u021bi comanda oric\u00e2nd, oriunde.","breadcrumb":{"@id":"https:\/\/gblexpress.com\/product\/tramadol-ratiopharm-100-mg-ml-tramadol\/#breadcrumb"},"inLanguage":"ro-RO","potentialAction":[{"@type":"ReadAction","target":["https:\/\/gblexpress.com\/product\/tramadol-ratiopharm-100-mg-ml-tramadol\/"]}]},{"@type":"ImageObject","inLanguage":"ro-RO","@id":"https:\/\/gblexpress.com\/product\/tramadol-ratiopharm-100-mg-ml-tramadol\/#primaryimage","url":"https:\/\/gblexpress.com\/wp-content\/uploads\/2023\/05\/Tramadol-Ratiopharm.jpg","contentUrl":"https:\/\/gblexpress.com\/wp-content\/uploads\/2023\/05\/Tramadol-Ratiopharm.jpg","width":600,"height":600,"caption":"Tramadol-Ratiopharm online kaufen"},{"@type":"BreadcrumbList","@id":"https:\/\/gblexpress.com\/product\/tramadol-ratiopharm-100-mg-ml-tramadol\/#breadcrumb","itemListElement":[{"@type":"ListItem","position":1,"name":"Home","item":"https:\/\/gblexpress.com\/"},{"@type":"ListItem","position":2,"name":"Shop","item":"https:\/\/gblexpress.com\/shop\/"},{"@type":"ListItem","position":3,"name":"Tramadol Ratiopharm 100 mg\/ml Tramadol"}]},{"@type":"WebSite","@id":"https:\/\/gblexpress.com\/#website","url":"https:\/\/gblexpress.com\/","name":"GBL Express","description":"","publisher":{"@id":"https:\/\/gblexpress.com\/#organization"},"potentialAction":[{"@type":"SearchAction","target":{"@type":"EntryPoint","urlTemplate":"https:\/\/gblexpress.com\/?s={search_term_string}"},"query-input":{"@type":"PropertyValueSpecification","valueRequired":true,"valueName":"search_term_string"}}],"inLanguage":"ro-RO"},{"@type":"Organization","@id":"https:\/\/gblexpress.com\/#organization","name":"GBL Express","url":"https:\/\/gblexpress.com\/","logo":{"@type":"ImageObject","inLanguage":"ro-RO","@id":"https:\/\/gblexpress.com\/#\/schema\/logo\/image\/","url":"https:\/\/gblexpress.com\/wp-content\/uploads\/2023\/01\/logo.png","contentUrl":"https:\/\/gblexpress.com\/wp-content\/uploads\/2023\/01\/logo.png","width":250,"height":52,"caption":"GBL Express"},"image":{"@id":"https:\/\/gblexpress.com\/#\/schema\/logo\/image\/"}}]}},"jetpack-related-posts":[],"jetpack_sharing_enabled":true,"_links":{"self":[{"href":"https:\/\/gblexpress.com\/ro\/wp-json\/wp\/v2\/product\/561","targetHints":{"allow":["GET"]}}],"collection":[{"href":"https:\/\/gblexpress.com\/ro\/wp-json\/wp\/v2\/product"}],"about":[{"href":"https:\/\/gblexpress.com\/ro\/wp-json\/wp\/v2\/types\/product"}],"replies":[{"embeddable":true,"href":"https:\/\/gblexpress.com\/ro\/wp-json\/wp\/v2\/comments?post=561"}],"wp:featuredmedia":[{"embeddable":true,"href":"https:\/\/gblexpress.com\/ro\/wp-json\/wp\/v2\/media\/1634"}],"wp:attachment":[{"href":"https:\/\/gblexpress.com\/ro\/wp-json\/wp\/v2\/media?parent=561"}],"wp:term":[{"taxonomy":"product_brand","embeddable":true,"href":"https:\/\/gblexpress.com\/ro\/wp-json\/wp\/v2\/product_brand?post=561"},{"taxonomy":"product_cat","embeddable":true,"href":"https:\/\/gblexpress.com\/ro\/wp-json\/wp\/v2\/product_cat?post=561"},{"taxonomy":"product_tag","embeddable":true,"href":"https:\/\/gblexpress.com\/ro\/wp-json\/wp\/v2\/product_tag?post=561"}],"curies":[{"name":"wp","href":"https:\/\/api.w.org\/{rel}","templated":true}]}}