{"id":563,"date":"2023-05-24T06:54:46","date_gmt":"2023-05-24T06:54:46","guid":{"rendered":"https:\/\/gblexpress.com\/?post_type=product&#038;p=563"},"modified":"2025-05-06T06:27:29","modified_gmt":"2025-05-06T06:27:29","slug":"valoron-n-picaturi-100-8-mg-tilidina-naloxona","status":"publish","type":"product","link":"https:\/\/gblexpress.com\/ro\/produs-2\/valoron-n-picaturi-100-8-mg-tilidina-naloxona\/","title":{"rendered":"Valoron N pic\u0103turi 100\/8 mg tilidin\u0103\/naloxon\u0103"},"content":{"rendered":"<h2><strong>Informa\u021bii privind termenul de valabilitate:<\/strong><\/h2>\n<p><a href=\"https:\/\/gblexpress.com\/ro\/produs-2\/valoron-n-picaturi-100-8-mg-tilidina-naloxona\/\">Cump\u0103ra\u021bi VALORON N<\/a>Unit\u0103\u021bile produsului denumit <a href=\"https:\/\/en.wikipedia.org\/wiki\/Tilidine\"><strong>Valoron N pic\u0103turi100\/8 mg 20 ml<\/strong><\/a>\u00a0sunt, f\u0103r\u0103 excep\u021bie, articole de calitate farmaceutic\u0103 \u00een stare perfect\u0103. \u00cen cazul \u00een care primi\u021bi din gre\u0219eal\u0103 o livrare care nu corespunde acestei specifica\u021bii, ve\u021bi primi banii \u00eenapoi sau o nou\u0103 livrare. Dup\u0103 expirarea termenului de valabilitate, medicamentul trebuie eliminat \u00een conformitate cu instruc\u021biunile produc\u0103torului (a se vedea prospectul).<\/p>\n<h3><strong>Detalii privind disponibilitatea:<\/strong><\/h3>\n<p>Produsul cu nume <a href=\"https:\/\/www.bing.com\/search?q=Valoron%20N%20Tropfen%20100%2F8%20mg%20Tilidin%2FNaloxon%20kaufen&amp;qs=n&amp;form=QBRE&amp;sp=-1&amp;lq=0&amp;pq=valoron%20n%20tropfen%20100%2F8%20mg%20tilidin%2Fnaloxon%20kaufen&amp;sc=0-49&amp;sk=&amp;cvid=491A05C91E804664B7D499E01F6C67A4&amp;ghsh=0&amp;ghacc=0&amp;ghpl=\">Valoron N pic\u0103turi100\/8 mg 20 ml<\/a> este imediat\u0103 <a href=\"https:\/\/gblexpress.com\/ro\/\">disponibile<\/a>.<\/p>\n<h3><strong>Restric\u021bii specifice fiec\u0103rei \u021b\u0103ri \u00een ceea ce prive\u0219te capacitatea de livrare:<\/strong><\/h3>\n<p>Pentru produsul cu denumirea <a href=\"https:\/\/www.google.de\/search?q=Valoron+N+Tropfen+100%2F8+mg+Tilidin%2FNaloxon+kaufen&amp;sca_esv=7d1b82273738a5db&amp;hl=en&amp;ei=RafiZ5K6EseF0PEPzODsyQw&amp;ved=0ahUKEwjS8OSmo6WMAxXHAjQIHUwwO8kQ4dUDCBA&amp;uact=5&amp;oq=Valoron+N+Tropfen+100%2F8+mg+Tilidin%2FNaloxon+kaufen&amp;gs_lp=Egxnd3Mtd2l6LXNlcnAiMVZhbG9yb24gTiBUcm9wZmVuIDEwMC84IG1nIFRpbGlkaW4vTmFsb3hvbiBrYXVmZW5IqAhQ1gNY1gNwAXgAkAEAmAEAoAEAqgEAuAEDyAEA-AEC-AEBmAIAoAIAmAMAiAYBkgcAoAcAsgcAuAcA&amp;sclient=gws-wiz-serp\">Valoron N pic\u0103turi100\/8 mg 20 ml<\/a> \u00cen prezent, nu exist\u0103 restric\u021bii de livrare specifice \u021b\u0103rii.<\/p>\n<h3><strong>Depozitare:<\/strong><\/h3>\n<p>V\u0103 rug\u0103m s\u0103 p\u0103stra\u021bi produsul etichetat <a href=\"https:\/\/duckduckgo.com\/?q=Valoron+N+Tropfen+100%2F8+mg+Tilidin%2FNaloxon+kaufen&amp;t=h_&amp;ia=web\">Valoron N pic\u0103turi100\/8 mg 20 ml<\/a> A se pastra in ambalajul original la indemana copiilor. Orice informa\u021bii suplimentare privind depozitarea \u0219i eliminarea corect\u0103 pot fi g\u0103site \u00een prospect<a href=\"https:\/\/gblexpress.com\/fr\/shop\/acheter-valocordin-diazepam-tropfen-10-mg-200-ml\/\">.<\/a><\/p>","protected":false},"excerpt":{"rendered":"<p>Angaben zur Haltbarkeit: VALORON N kaufen, Die von uns zur Verf\u00fcgung gestellten Einheiten des Produkts mit der Bezeichnung Valoron N Tropfen100\/8 mg 20 ml\u00a0sind ausnahmslos neuwertige Artikel in Apothekenqualit\u00e4t. Sollten Sie aus Versehen eine Lieferung erhalten, die dieser Spezifikation nicht entspricht, erhalten Sie Ihr Geld zur\u00fcck oder eine neue Lieferung. Nach Ablauf der Haltbarkeit ist [&hellip;]<\/p>","protected":false},"featured_media":1633,"comment_status":"open","ping_status":"closed","template":"","meta":{"_joinchat":[]},"product_brand":[],"product_cat":[36],"product_tag":[64,65,66,67,68,69,70,71],"class_list":{"0":"post-563","1":"product","2":"type-product","3":"status-publish","4":"has-post-thumbnail","6":"product_cat-ko-drops","7":"product_tag-valoron-n","8":"product_tag-valoron-n-bestellen","9":"product_tag-valoron-n-kaufen","10":"product_tag-valoron-n-ohne-rezept","11":"product_tag-valoron-n-online-bestellen","12":"product_tag-valoron-n-online-kaufen","13":"product_tag-valoron-n-rezeptfrei","14":"product_tag-valoron-n-shop","16":"first","17":"instock","18":"shipping-taxable","19":"purchasable","20":"product-type-variable","21":"has-default-attributes"},"yoast_head":"<!-- This site is optimized with the Yoast SEO plugin v25.4 - https:\/\/yoast.com\/wordpress\/plugins\/seo\/ -->\n<title>Valoron N Tropfen 100\/8 mg Tilidin\/Naloxon kaufen<\/title>\n<meta name=\"description\" content=\"Holen Sie sich Valoron N Tropfen 100\/8 mg Tilidin\/Naloxon jetzt bei gblexpress, einem der besten Online-Shops. Wir helfen Ihnen, hochwertiges Valoron N Tropfen 100\/8 mg Tilidin\/Naloxon online zu kaufen. Bestellen Sie jetzt und profitieren Sie von den neuesten Rabatten!\" \/>\n<meta name=\"robots\" content=\"index, follow, max-snippet:-1, max-image-preview:large, max-video-preview:-1\" \/>\n<link rel=\"canonical\" href=\"https:\/\/gblexpress.com\/ro\/produs-2\/valoron-n-picaturi-100-8-mg-tilidina-naloxona\/\" \/>\n<meta property=\"og:locale\" content=\"ro_RO\" \/>\n<meta property=\"og:type\" content=\"article\" \/>\n<meta property=\"og:title\" content=\"Valoron N Tropfen 100\/8 mg Tilidin\/Naloxon kaufen\" \/>\n<meta property=\"og:description\" content=\"Holen Sie sich Valoron N Tropfen 100\/8 mg Tilidin\/Naloxon jetzt bei gblexpress, einem der besten Online-Shops. Wir helfen Ihnen, hochwertiges Valoron N Tropfen 100\/8 mg Tilidin\/Naloxon online zu kaufen. Bestellen Sie jetzt und profitieren Sie von den neuesten Rabatten!\" \/>\n<meta property=\"og:url\" content=\"https:\/\/gblexpress.com\/ro\/produs-2\/valoron-n-picaturi-100-8-mg-tilidina-naloxona\/\" \/>\n<meta property=\"og:site_name\" content=\"GBL Express\" \/>\n<meta property=\"article:modified_time\" content=\"2025-05-06T06:27:29+00:00\" \/>\n<meta property=\"og:image\" content=\"https:\/\/gblexpress.com\/wp-content\/uploads\/2023\/05\/Valoron-N-Tropfen-Tilidin-Naloxon.jpg\" \/>\n\t<meta property=\"og:image:width\" content=\"600\" \/>\n\t<meta property=\"og:image:height\" content=\"600\" \/>\n\t<meta property=\"og:image:type\" content=\"image\/jpeg\" \/>\n<meta name=\"twitter:card\" content=\"summary_large_image\" \/>\n<meta name=\"twitter:label1\" content=\"Timp estimat pentru citire\" \/>\n\t<meta name=\"twitter:data1\" content=\"1 minut\" \/>\n<!-- \/ Yoast SEO plugin. -->","yoast_head_json":{"title":"Valoron N pic\u0103turi 100\/8 mg tilidin\u0103\/naloxon\u0103","description":"Ob\u021bine\u021bi acum Valoron N Drops 100\/8 mg Tilidin\u0103\/Naloxone la gblexpress, unul dintre cele mai bune magazine online. V\u0103 ajut\u0103m s\u0103 cump\u0103ra\u021bi online Valoron N Pic\u0103turi 100\/8 mg Tilidin\u0103\/Naloxone de \u00eenalt\u0103 calitate. Comanda acum si beneficiaza de cele mai noi reduceri!","robots":{"index":"index","follow":"follow","max-snippet":"max-snippet:-1","max-image-preview":"max-image-preview:large","max-video-preview":"max-video-preview:-1"},"canonical":"https:\/\/gblexpress.com\/ro\/produs-2\/valoron-n-picaturi-100-8-mg-tilidina-naloxona\/","og_locale":"ro_RO","og_type":"article","og_title":"Valoron N Tropfen 100\/8 mg Tilidin\/Naloxon kaufen","og_description":"Holen Sie sich Valoron N Tropfen 100\/8 mg Tilidin\/Naloxon jetzt bei gblexpress, einem der besten Online-Shops. Wir helfen Ihnen, hochwertiges Valoron N Tropfen 100\/8 mg Tilidin\/Naloxon online zu kaufen. Bestellen Sie jetzt und profitieren Sie von den neuesten Rabatten!","og_url":"https:\/\/gblexpress.com\/ro\/produs-2\/valoron-n-picaturi-100-8-mg-tilidina-naloxona\/","og_site_name":"GBL Express","article_modified_time":"2025-05-06T06:27:29+00:00","og_image":[{"width":600,"height":600,"url":"https:\/\/gblexpress.com\/wp-content\/uploads\/2023\/05\/Valoron-N-Tropfen-Tilidin-Naloxon.jpg","type":"image\/jpeg"}],"twitter_card":"summary_large_image","twitter_misc":{"Timp estimat pentru citire":"1 minut"},"schema":{"@context":"https:\/\/schema.org","@graph":[{"@type":"WebPage","@id":"https:\/\/gblexpress.com\/product\/valoron-n-tropfen-100-8-mg-tilidin-naloxon\/","url":"https:\/\/gblexpress.com\/product\/valoron-n-tropfen-100-8-mg-tilidin-naloxon\/","name":"Valoron N pic\u0103turi 100\/8 mg tilidin\u0103\/naloxon\u0103","isPartOf":{"@id":"https:\/\/gblexpress.com\/#website"},"primaryImageOfPage":{"@id":"https:\/\/gblexpress.com\/product\/valoron-n-tropfen-100-8-mg-tilidin-naloxon\/#primaryimage"},"image":{"@id":"https:\/\/gblexpress.com\/product\/valoron-n-tropfen-100-8-mg-tilidin-naloxon\/#primaryimage"},"thumbnailUrl":"https:\/\/gblexpress.com\/wp-content\/uploads\/2023\/05\/Valoron-N-Tropfen-Tilidin-Naloxon.jpg","datePublished":"2023-05-24T06:54:46+00:00","dateModified":"2025-05-06T06:27:29+00:00","description":"Ob\u021bine\u021bi acum Valoron N Drops 100\/8 mg Tilidin\u0103\/Naloxone la gblexpress, unul dintre cele mai bune magazine online. V\u0103 ajut\u0103m s\u0103 cump\u0103ra\u021bi online Valoron N Pic\u0103turi 100\/8 mg Tilidin\u0103\/Naloxone de \u00eenalt\u0103 calitate. Comanda acum si beneficiaza de cele mai noi reduceri!","breadcrumb":{"@id":"https:\/\/gblexpress.com\/product\/valoron-n-tropfen-100-8-mg-tilidin-naloxon\/#breadcrumb"},"inLanguage":"ro-RO","potentialAction":[{"@type":"ReadAction","target":["https:\/\/gblexpress.com\/product\/valoron-n-tropfen-100-8-mg-tilidin-naloxon\/"]}]},{"@type":"ImageObject","inLanguage":"ro-RO","@id":"https:\/\/gblexpress.com\/product\/valoron-n-tropfen-100-8-mg-tilidin-naloxon\/#primaryimage","url":"https:\/\/gblexpress.com\/wp-content\/uploads\/2023\/05\/Valoron-N-Tropfen-Tilidin-Naloxon.jpg","contentUrl":"https:\/\/gblexpress.com\/wp-content\/uploads\/2023\/05\/Valoron-N-Tropfen-Tilidin-Naloxon.jpg","width":600,"height":600,"caption":"Valoron-N-Tropfen-Tilidin-Naloxon online kaufen"},{"@type":"BreadcrumbList","@id":"https:\/\/gblexpress.com\/product\/valoron-n-tropfen-100-8-mg-tilidin-naloxon\/#breadcrumb","itemListElement":[{"@type":"ListItem","position":1,"name":"Home","item":"https:\/\/gblexpress.com\/"},{"@type":"ListItem","position":2,"name":"Shop","item":"https:\/\/gblexpress.com\/shop\/"},{"@type":"ListItem","position":3,"name":"Valoron N Tropfen 100\/8 mg Tilidin\/Naloxon"}]},{"@type":"WebSite","@id":"https:\/\/gblexpress.com\/#website","url":"https:\/\/gblexpress.com\/","name":"GBL Express","description":"","publisher":{"@id":"https:\/\/gblexpress.com\/#organization"},"potentialAction":[{"@type":"SearchAction","target":{"@type":"EntryPoint","urlTemplate":"https:\/\/gblexpress.com\/?s={search_term_string}"},"query-input":{"@type":"PropertyValueSpecification","valueRequired":true,"valueName":"search_term_string"}}],"inLanguage":"ro-RO"},{"@type":"Organization","@id":"https:\/\/gblexpress.com\/#organization","name":"GBL Express","url":"https:\/\/gblexpress.com\/","logo":{"@type":"ImageObject","inLanguage":"ro-RO","@id":"https:\/\/gblexpress.com\/#\/schema\/logo\/image\/","url":"https:\/\/gblexpress.com\/wp-content\/uploads\/2023\/01\/logo.png","contentUrl":"https:\/\/gblexpress.com\/wp-content\/uploads\/2023\/01\/logo.png","width":250,"height":52,"caption":"GBL Express"},"image":{"@id":"https:\/\/gblexpress.com\/#\/schema\/logo\/image\/"}}]}},"jetpack-related-posts":[],"jetpack_sharing_enabled":true,"_links":{"self":[{"href":"https:\/\/gblexpress.com\/ro\/wp-json\/wp\/v2\/product\/563","targetHints":{"allow":["GET"]}}],"collection":[{"href":"https:\/\/gblexpress.com\/ro\/wp-json\/wp\/v2\/product"}],"about":[{"href":"https:\/\/gblexpress.com\/ro\/wp-json\/wp\/v2\/types\/product"}],"replies":[{"embeddable":true,"href":"https:\/\/gblexpress.com\/ro\/wp-json\/wp\/v2\/comments?post=563"}],"wp:featuredmedia":[{"embeddable":true,"href":"https:\/\/gblexpress.com\/ro\/wp-json\/wp\/v2\/media\/1633"}],"wp:attachment":[{"href":"https:\/\/gblexpress.com\/ro\/wp-json\/wp\/v2\/media?parent=563"}],"wp:term":[{"taxonomy":"product_brand","embeddable":true,"href":"https:\/\/gblexpress.com\/ro\/wp-json\/wp\/v2\/product_brand?post=563"},{"taxonomy":"product_cat","embeddable":true,"href":"https:\/\/gblexpress.com\/ro\/wp-json\/wp\/v2\/product_cat?post=563"},{"taxonomy":"product_tag","embeddable":true,"href":"https:\/\/gblexpress.com\/ro\/wp-json\/wp\/v2\/product_tag?post=563"}],"curies":[{"name":"wp","href":"https:\/\/api.w.org\/{rel}","templated":true}]}}