{"id":565,"date":"2023-05-24T07:11:22","date_gmt":"2023-05-24T07:11:22","guid":{"rendered":"https:\/\/gblexpress.com\/?post_type=product&#038;p=565"},"modified":"2026-03-02T11:07:45","modified_gmt":"2026-03-02T11:07:45","slug":"xyrem-180-ml-zu-500-mg-%ce%b3-hydroxybuttersaeure-ghb","status":"publish","type":"product","link":"https:\/\/gblexpress.com\/ro\/produs-2\/xyrem-180-ml-zu-500-mg-%ce%b3-hydroxybuttersaeure-ghb\/","title":{"rendered":"Xyrem 180 ml de 500 mg de acid \u03b3-hidroxibutiric (GHB)"},"content":{"rendered":"<h2><strong>Informa\u021bii privind termenul de valabilitate:<\/strong><\/h2>\n<p><a href=\"https:\/\/gblexpress.com\/ro\/produs-2\/xyrem-180-ml-zu-500-mg-%ce%b3-hydroxybuttersaeure-ghb\/\">xyrem online kaufen<\/a>cump\u0103ra xyrem, Unit\u0103\u021bile produsului numit Xyrem pe care le oferim sunt toate articolele de calitate farmaceutic\u0103, la fel de bune ca \u0219i cele noi, f\u0103r\u0103 excep\u021bie. Dac\u0103 primi\u021bi din gre\u0219eal\u0103 o livrare care nu corespunde acestei specifica\u021bii, ve\u021bi primi banii \u00eenapoi sau o nou\u0103 livrare. Dup\u0103 expirarea termenului de valabilitate, medicamentul trebuie eliminat \u00een conformitate cu instruc\u021biunile produc\u0103torului (a se vedea prospectul).<\/p>\n<h3><strong>Detalii privind disponibilitatea:<\/strong><\/h3>\n<p>Produsul cu numele Xyrem este disponibil imediat.<\/p>\n<h3><strong>Restric\u021bii specifice fiec\u0103rei \u021b\u0103ri \u00een ceea ce prive\u0219te capacitatea de livrare:<\/strong><\/h3>\n<p>Pentru produsul cu denumirea <a href=\"https:\/\/en.wikipedia.org\/wiki\/%CE%93-Hydroxybutyric_acid\">Xyrem<\/a> \u00cen prezent, nu exist\u0103 restric\u021bii de livrare specifice \u021b\u0103rii.<\/p>\n<h3><strong>Depozitare:<\/strong><\/h3>\n<p>V\u0103 rug\u0103m s\u0103 p\u0103stra\u021bi produsul etichetat Xyrem \u00een ambalajul original, \u00een afara razei de ac\u021biune a copiilor. V\u0103 rug\u0103m s\u0103 consulta\u021bi prospectul pentru orice informa\u021bii suplimentare privind depozitarea \u0219i eliminarea corespunz\u0103toare.<br \/>\n\u0219i eliminarea, v\u0103 rug\u0103m s\u0103 consulta\u021bi prospectul.<\/p>","protected":false},"excerpt":{"rendered":"<p>Angaben zur Haltbarkeit: xyrem online kaufen, Die von uns zur Verf\u00fcgung gestellten Einheiten des Produkts mit der Bezeichnung Xyrem sind ausnahmslos neuwertige Artikel in Apothekenqualit\u00e4t. Sollten Sie aus Versehen eine Lieferung erhalten, die dieser Spezifikation nicht entspricht, erhalten Sie Ihr Geld zur\u00fcck oder eine neue Lieferung. Nach Ablauf der Haltbarkeit ist das Medikament lt. Herstellerangaben [&hellip;]<\/p>","protected":false},"featured_media":1632,"comment_status":"open","ping_status":"closed","template":"","meta":{"_joinchat":[]},"product_brand":[],"product_cat":[34],"product_tag":[],"class_list":{"0":"post-565","1":"product","2":"type-product","3":"status-publish","4":"has-post-thumbnail","6":"product_cat-ghb","8":"first","9":"instock","10":"shipping-taxable","11":"purchasable","12":"product-type-variable"},"yoast_head":"<!-- This site is optimized with the Yoast SEO plugin v25.4 - https:\/\/yoast.com\/wordpress\/plugins\/seo\/ -->\n<title>Xyrem 180 ml zu 500 mg \u03b3-Hydroxybutters\u00e4ure (GHB)<\/title>\n<meta name=\"description\" content=\"M\u00f6chten Sie Xyrem 180 ml zu 500 mg \u03b3-Hydroxybutters\u00e4ure (GHB) online kaufen? Entdecken Sie die nahtlose Plattform in unserem Online-Shop, auf der Sie Xyrem 180 ml zu 500 mg \u03b3-Hydroxybutters\u00e4ure (GHB) in h\u00f6chster Qualit\u00e4t f\u00fcr Ihre Forschungsanforderungen kaufen k\u00f6nnen.\" \/>\n<meta name=\"robots\" content=\"index, follow, max-snippet:-1, max-image-preview:large, max-video-preview:-1\" \/>\n<link rel=\"canonical\" href=\"https:\/\/gblexpress.com\/ro\/produs-2\/xyrem-180-ml-zu-500-mg-\u03b3-hydroxybuttersaeure-ghb\/\" \/>\n<meta property=\"og:locale\" content=\"ro_RO\" \/>\n<meta property=\"og:type\" content=\"article\" \/>\n<meta property=\"og:title\" content=\"Xyrem 180 ml zu 500 mg \u03b3-Hydroxybutters\u00e4ure (GHB)\" \/>\n<meta property=\"og:description\" content=\"M\u00f6chten Sie Xyrem 180 ml zu 500 mg \u03b3-Hydroxybutters\u00e4ure (GHB) online kaufen? Entdecken Sie die nahtlose Plattform in unserem Online-Shop, auf der Sie Xyrem 180 ml zu 500 mg \u03b3-Hydroxybutters\u00e4ure (GHB) in h\u00f6chster Qualit\u00e4t f\u00fcr Ihre Forschungsanforderungen kaufen k\u00f6nnen.\" \/>\n<meta property=\"og:url\" content=\"https:\/\/gblexpress.com\/ro\/produs-2\/xyrem-180-ml-zu-500-mg-\u03b3-hydroxybuttersaeure-ghb\/\" \/>\n<meta property=\"og:site_name\" content=\"GBL Express\" \/>\n<meta property=\"article:modified_time\" content=\"2026-03-02T11:07:45+00:00\" \/>\n<meta property=\"og:image\" content=\"https:\/\/gblexpress.com\/wp-content\/uploads\/2023\/05\/Xyrem-180-ml-zu-500-mg.jpg\" \/>\n\t<meta property=\"og:image:width\" content=\"600\" \/>\n\t<meta property=\"og:image:height\" content=\"600\" \/>\n\t<meta property=\"og:image:type\" content=\"image\/jpeg\" \/>\n<meta name=\"twitter:card\" content=\"summary_large_image\" \/>\n<meta name=\"twitter:label1\" content=\"Timp estimat pentru citire\" \/>\n\t<meta name=\"twitter:data1\" content=\"1 minut\" \/>\n<!-- \/ Yoast SEO plugin. -->","yoast_head_json":{"title":"Xyrem 180 ml de 500 mg de acid \u03b3-hidroxibutiric (GHB)","description":"Vrei s\u0103 cumperi amfetamina online? Descoperi\u021bi platforma noastr\u0103 perfect\u0103 de magazin online de unde pute\u021bi achizi\u021biona amfetamina de cea mai \u00eenalt\u0103 calitate pentru nevoile dvs. de cercetare.","robots":{"index":"index","follow":"follow","max-snippet":"max-snippet:-1","max-image-preview":"max-image-preview:large","max-video-preview":"max-video-preview:-1"},"canonical":"https:\/\/gblexpress.com\/ro\/produs-2\/xyrem-180-ml-zu-500-mg-\u03b3-hydroxybuttersaeure-ghb\/","og_locale":"ro_RO","og_type":"article","og_title":"Xyrem 180 ml zu 500 mg \u03b3-Hydroxybutters\u00e4ure (GHB)","og_description":"M\u00f6chten Sie Xyrem 180 ml zu 500 mg \u03b3-Hydroxybutters\u00e4ure (GHB) online kaufen? Entdecken Sie die nahtlose Plattform in unserem Online-Shop, auf der Sie Xyrem 180 ml zu 500 mg \u03b3-Hydroxybutters\u00e4ure (GHB) in h\u00f6chster Qualit\u00e4t f\u00fcr Ihre Forschungsanforderungen kaufen k\u00f6nnen.","og_url":"https:\/\/gblexpress.com\/ro\/produs-2\/xyrem-180-ml-zu-500-mg-\u03b3-hydroxybuttersaeure-ghb\/","og_site_name":"GBL Express","article_modified_time":"2026-03-02T11:07:45+00:00","og_image":[{"width":600,"height":600,"url":"https:\/\/gblexpress.com\/wp-content\/uploads\/2023\/05\/Xyrem-180-ml-zu-500-mg.jpg","type":"image\/jpeg"}],"twitter_card":"summary_large_image","twitter_misc":{"Timp estimat pentru citire":"1 minut"},"schema":{"@context":"https:\/\/schema.org","@graph":[{"@type":"WebPage","@id":"https:\/\/gblexpress.com\/product\/xyrem-180-ml-zu-500-mg-%ce%b3-hydroxybuttersaeure-ghb\/","url":"https:\/\/gblexpress.com\/product\/xyrem-180-ml-zu-500-mg-%ce%b3-hydroxybuttersaeure-ghb\/","name":"Xyrem 180 ml de 500 mg de acid \u03b3-hidroxibutiric (GHB)","isPartOf":{"@id":"https:\/\/gblexpress.com\/#website"},"primaryImageOfPage":{"@id":"https:\/\/gblexpress.com\/product\/xyrem-180-ml-zu-500-mg-%ce%b3-hydroxybuttersaeure-ghb\/#primaryimage"},"image":{"@id":"https:\/\/gblexpress.com\/product\/xyrem-180-ml-zu-500-mg-%ce%b3-hydroxybuttersaeure-ghb\/#primaryimage"},"thumbnailUrl":"https:\/\/gblexpress.com\/wp-content\/uploads\/2023\/05\/Xyrem-180-ml-zu-500-mg.jpg","datePublished":"2023-05-24T07:11:22+00:00","dateModified":"2026-03-02T11:07:45+00:00","description":"Vrei s\u0103 cumperi amfetamina online? Descoperi\u021bi platforma noastr\u0103 perfect\u0103 de magazin online de unde pute\u021bi achizi\u021biona amfetamina de cea mai \u00eenalt\u0103 calitate pentru nevoile dvs. de cercetare.","breadcrumb":{"@id":"https:\/\/gblexpress.com\/product\/xyrem-180-ml-zu-500-mg-%ce%b3-hydroxybuttersaeure-ghb\/#breadcrumb"},"inLanguage":"ro-RO","potentialAction":[{"@type":"ReadAction","target":["https:\/\/gblexpress.com\/product\/xyrem-180-ml-zu-500-mg-%ce%b3-hydroxybuttersaeure-ghb\/"]}]},{"@type":"ImageObject","inLanguage":"ro-RO","@id":"https:\/\/gblexpress.com\/product\/xyrem-180-ml-zu-500-mg-%ce%b3-hydroxybuttersaeure-ghb\/#primaryimage","url":"https:\/\/gblexpress.com\/wp-content\/uploads\/2023\/05\/Xyrem-180-ml-zu-500-mg.jpg","contentUrl":"https:\/\/gblexpress.com\/wp-content\/uploads\/2023\/05\/Xyrem-180-ml-zu-500-mg.jpg","width":600,"height":600,"caption":"Xyrem-180-ml-zu-500-mg online kaufen"},{"@type":"BreadcrumbList","@id":"https:\/\/gblexpress.com\/product\/xyrem-180-ml-zu-500-mg-%ce%b3-hydroxybuttersaeure-ghb\/#breadcrumb","itemListElement":[{"@type":"ListItem","position":1,"name":"Home","item":"https:\/\/gblexpress.com\/"},{"@type":"ListItem","position":2,"name":"Shop","item":"https:\/\/gblexpress.com\/shop\/"},{"@type":"ListItem","position":3,"name":"Xyrem 180 ml zu 500 mg \u03b3-Hydroxybutters\u00e4ure (GHB)"}]},{"@type":"WebSite","@id":"https:\/\/gblexpress.com\/#website","url":"https:\/\/gblexpress.com\/","name":"GBL Express","description":"","publisher":{"@id":"https:\/\/gblexpress.com\/#organization"},"potentialAction":[{"@type":"SearchAction","target":{"@type":"EntryPoint","urlTemplate":"https:\/\/gblexpress.com\/?s={search_term_string}"},"query-input":{"@type":"PropertyValueSpecification","valueRequired":true,"valueName":"search_term_string"}}],"inLanguage":"ro-RO"},{"@type":"Organization","@id":"https:\/\/gblexpress.com\/#organization","name":"GBL Express","url":"https:\/\/gblexpress.com\/","logo":{"@type":"ImageObject","inLanguage":"ro-RO","@id":"https:\/\/gblexpress.com\/#\/schema\/logo\/image\/","url":"https:\/\/gblexpress.com\/wp-content\/uploads\/2023\/01\/logo.png","contentUrl":"https:\/\/gblexpress.com\/wp-content\/uploads\/2023\/01\/logo.png","width":250,"height":52,"caption":"GBL Express"},"image":{"@id":"https:\/\/gblexpress.com\/#\/schema\/logo\/image\/"}}]}},"jetpack-related-posts":[],"jetpack_sharing_enabled":true,"_links":{"self":[{"href":"https:\/\/gblexpress.com\/ro\/wp-json\/wp\/v2\/product\/565","targetHints":{"allow":["GET"]}}],"collection":[{"href":"https:\/\/gblexpress.com\/ro\/wp-json\/wp\/v2\/product"}],"about":[{"href":"https:\/\/gblexpress.com\/ro\/wp-json\/wp\/v2\/types\/product"}],"replies":[{"embeddable":true,"href":"https:\/\/gblexpress.com\/ro\/wp-json\/wp\/v2\/comments?post=565"}],"wp:featuredmedia":[{"embeddable":true,"href":"https:\/\/gblexpress.com\/ro\/wp-json\/wp\/v2\/media\/1632"}],"wp:attachment":[{"href":"https:\/\/gblexpress.com\/ro\/wp-json\/wp\/v2\/media?parent=565"}],"wp:term":[{"taxonomy":"product_brand","embeddable":true,"href":"https:\/\/gblexpress.com\/ro\/wp-json\/wp\/v2\/product_brand?post=565"},{"taxonomy":"product_cat","embeddable":true,"href":"https:\/\/gblexpress.com\/ro\/wp-json\/wp\/v2\/product_cat?post=565"},{"taxonomy":"product_tag","embeddable":true,"href":"https:\/\/gblexpress.com\/ro\/wp-json\/wp\/v2\/product_tag?post=565"}],"curies":[{"name":"wp","href":"https:\/\/api.w.org\/{rel}","templated":true}]}}