{"id":613,"date":"2023-05-29T11:28:22","date_gmt":"2023-05-29T11:28:22","guid":{"rendered":"https:\/\/gblexpress.com\/?post_type=product&#038;p=613"},"modified":"2026-02-27T10:31:39","modified_gmt":"2026-02-27T10:31:39","slug":"ketamin-s-isomer-99-rein-50-g","status":"publish","type":"product","link":"https:\/\/gblexpress.com\/ro\/produs-2\/ketamin-s-isomer-99-rein-50-g\/","title":{"rendered":"Ketamin\u0103 S+ izomer 99% pur | 500g"},"content":{"rendered":"<h2><strong>50 g Ketamin S+ Isomer, 99% rein online kaufen<\/strong><\/h2>\n<p><a href=\"https:\/\/gblexpress.com\/ro\/produs-2\/ketamin-s-isomer-99-rein-50-g\/\">Cump\u0103ra\u021bi S-Isomer Ketamina online<\/a>, mehr als 25 Mal, Ketamin S+ Isomer. S(+)-Ketamin online kaufen, ein reines rechtsdrehendes Enantiomer von Ketamin, ist eine weitere Option. f\u00fcr den therapeutischen Einsatz in der An\u00e4sthesie und Analgesie zug\u00e4nglich ist. Dar\u00fcber hinaus vermittelt die nicht-kompetitive Hemmung des N-Methyl-D-Aspartat-Rezeptors (NMDA) die wichtigsten Verbindungen. interagiert jedoch mit Adenosin-, Monoamin-, Opioid- und anderen purinergen Rezeptoren.<\/p>\n<h3><strong>Koupit Ketamin S izomer na pomoc p\u0159i depresi<\/strong><\/h3>\n<p>Articole care vizeaz\u0103 canalul de calciu de tip L. Receptorii pentru glutamat metabotropic (mGluR). Sunt descri\u0219i, de asemenea, receptorii de acid amino-3-hidroxi-5-metil-4-isoxazolpropionic (AMPA). Este stimulat sistemul simpatic Whim-Whams. S(+)-ketamina este un medicament excelent pentru analgezie sau pentru inducerea anesteziei atunci c\u00e2nd starea pacientului este instabil\u0103. Produsele care sunt neuroprotectoare, bronhodilatatoare, antihiperalgezice sau antiepileptice ofer\u0103, de asemenea, alternative terapeutice interesante. \u00cen acest articol, sunt prezentate numeroasele utiliz\u0103ri posibile ale S(+)-ketaminei din punct de vedere farmacologic \u0219i terapeutic, cu accent pe prescrip\u021biile tipice pentru medica\u021bia de urgen\u021b\u0103 \u0219i terapie intensiv\u0103 Cump\u0103ra\u021bi ketamin\u0103 izomer S online .<\/p>\n<h3><strong>Cumpara Ketamine HCl Crystal online | Ketamine HCl Crystal de v\u00e2nzare<\/strong><\/h3>\n<p>De asemenea, furniz\u0103m \u00een mod eficient produc\u0103torilor \u0219i comercian\u021bilor cu am\u0103nuntul produse de calitate. Transportul \u0219i livrarea noastr\u0103 sunt, de asemenea, 100% sigure \u0219i relaxante. Suntem bucuro\u0219i s\u0103 ne vindem produsele \u00een cantit\u0103\u021bi mici \u0219i mari \u00een \u00eentreaga lume. Cump\u0103ra\u021bi S-Isomer Ketamine online,<\/p>\n<p>\u00cen plus, am expediat \u0219i distribuit medicamente \u00een \u00eentreaga lume de peste 5 ani pentru a ne asigura \u00eentotdeauna c\u0103 r\u0103m\u00e2nem 100% sigure \u0219i livr\u0103ri speciale.De asemenea, oferim o reducere de 10-15 procente la comenzi mari \u0219i poate varia \u00een func\u021bie de comanda dvs. Cump\u0103ra\u021bi cristale de ketamin\u0103 online<\/p>\n<p>\u00cen plus, toate pre\u021burile noastre sunt foarte mici \u0219i moderate, pre\u021burile sunt bune, se face prin reducerea costurilor. Constat\u0103m c\u0103 serviciile clien\u021bilor no\u0219tri sunt o garan\u021bie pentru toate comenzile s\u0103 fie livrate \u00een cadrul tipului de expediere pe care \u00eel alege\u021bi. Cu toate acestea, dup\u0103 confirmarea facturii, de obicei expediem toate comenzile.<\/p>\n<p>\u00cen cele din urm\u0103, asigur\u0103m o distribu\u021bie rapid\u0103 \u0219i sigur\u0103 la nivel mondial \u00een mod discret.<a href=\"https:\/\/en.wikipedia.org\/wiki\/Ketamine\">.<\/a><\/p>\n<h3><\/h3>","protected":false},"excerpt":{"rendered":"<p>The <strong>Izomerul S+ al ketaminei<\/strong> este un compus de \u00eenalt\u0103 puritate, caracterizat prin compozi\u021bia sa chimic\u0103 excelent\u0103. Este <strong>Izomer S+ al ketaminei<\/strong>care se deosebe\u0219te de forma racemic\u0103 datorit\u0103 poten\u021bei sale mai mari \u0219i a efectului s\u0103u specific.<\/p>\n<h3><strong>Formul\u0103 chimic\u0103 \u0219i propriet\u0103\u021bi<\/strong><\/h3>\n<ul>\n<li><strong>Formul\u0103 chimic\u0103<\/strong>C13H16ClNO<\/li>\n<li><strong>Greutatea molecular\u0103<\/strong>: 237,73 g\/mol<\/li>\n<li><strong>Puritate<\/strong>99% - garanteaz\u0103 cea mai \u00eenalt\u0103 calitate pentru aplica\u021bii precise.<\/li>\n<li><strong>Compozi\u021bie izomeric\u0103<\/strong>Stereoselectiv, cu legare preferen\u021bial\u0103 la receptorii NMDA pentru un efect mai puternic.<\/li>\n<li><strong>Aspect<\/strong>Pulbere alb\u0103, cristalin\u0103, cu stabilitate ridicat\u0103.<\/li>\n<\/ul>\n<h3><strong>Detalii func\u021bionale<\/strong><\/h3>\n<p>Izomerul S+ al ketaminei este caracterizat prin:<\/p>\n<ul>\n<li><strong>Eficacitate analgezic\u0103 crescut\u0103<\/strong>P\u00e2n\u0103 la de dou\u0103 ori mai puternic dec\u00e2t forma racemic\u0103.<\/li>\n<li><strong>Debut mai rapid al ac\u021biunii<\/strong>Ideal pentru aplica\u021bii terapeutice sau experimentale cu timp critic.<\/li>\n<li><strong>Mai pu\u021bine efecte secundare<\/strong>Reducerea halucina\u021biilor \u0219i a efectelor adverse comparativ cu amestecul racemic.<\/li>\n<\/ul>","protected":false},"featured_media":1630,"comment_status":"open","ping_status":"closed","template":"","meta":{"_joinchat":[]},"product_brand":[],"product_cat":[32,35],"product_tag":[787,769,790,778,775,773,788,782,776,780,795,771,789,792,791,770,446,452,783,772,785,784,774,794,781,768,777,779,793,786],"class_list":{"0":"post-613","1":"product","2":"type-product","3":"status-publish","4":"has-post-thumbnail","6":"product_cat-uncategorized","7":"product_cat-ritalin","8":"product_tag-99-reines-ketamin-fuer-laborzwecke","9":"product_tag-99-reinheit","10":"product_tag-beste-ketamin-anbieter-deutschland","11":"product_tag-beste-qualitaet-ketamin","12":"product_tag-chemisches-reagenz","13":"product_tag-diskreter-versand-ketamin","14":"product_tag-diskreter-versand-von-chemischen-produkten","15":"product_tag-forschung-isomer-kaufen","16":"product_tag-forschungsketamin","17":"product_tag-gblexpress-ketamin","18":"product_tag-gblexpress-ketamin-schweiz","19":"product_tag-hochreines-ketamin","20":"product_tag-hochreines-ketamin-online-bestellen","21":"product_tag-ketamin-bestellen-deutschland","22":"product_tag-ketamin-fuer-forschungszwecke-kaufen","23":"product_tag-ketamin-isomer-bestellen","24":"product_tag-ketamin-kaufen","25":"product_tag-ketamin-online-kaufen","26":"product_tag-ketamin-reinheit-99","27":"product_tag-ketamin-versand","28":"product_tag-laborketamin-bestellen","29":"product_tag-premium-ketamin","30":"product_tag-qualitatives-ketamin","31":"product_tag-reines-ketamin-kaufen-oesterreich","32":"product_tag-reines-s-isomer","33":"product_tag-s-isomer","34":"product_tag-s-isomer-hochrein","35":"product_tag-schneller-ketamin-versand","36":"product_tag-schneller-ketamin-versand-europa","37":"product_tag-wo-kann-ich-ketamin-s-isomer-kaufen","39":"first","40":"instock","41":"shipping-taxable","42":"purchasable","43":"product-type-variable"},"yoast_head":"<!-- This site is optimized with the Yoast SEO plugin v25.4 - https:\/\/yoast.com\/wordpress\/plugins\/seo\/ -->\n<title>Ketamin S+ Isomer 99% rein 500g online kaufen | Gbi Express<\/title>\n<meta name=\"description\" content=\"Entdecken Sie unseren Online-Shop f\u00fcr Ketamin S+ Isomer 99% rein | 500 g. Wir bieten hochwertiges Ketamin S+ Isomer 99% rein | 500 g an. Kaufen Sie Ketamin S+ Isomer 99% rein | 500 g online. Jetzt bestellen\" \/>\n<meta name=\"robots\" content=\"index, follow, max-snippet:-1, max-image-preview:large, max-video-preview:-1\" \/>\n<link rel=\"canonical\" href=\"https:\/\/gblexpress.com\/ro\/produs-2\/ketamin-s-isomer-99-rein-50-g\/\" \/>\n<meta property=\"og:locale\" content=\"ro_RO\" \/>\n<meta property=\"og:type\" content=\"article\" \/>\n<meta property=\"og:title\" content=\"Ketamin S+ Isomer 99% rein 500g online kaufen | Gbi Express\" \/>\n<meta property=\"og:description\" content=\"Entdecken Sie unseren Online-Shop f\u00fcr Ketamin S+ Isomer 99% rein | 500 g. Wir bieten hochwertiges Ketamin S+ Isomer 99% rein | 500 g an. Kaufen Sie Ketamin S+ Isomer 99% rein | 500 g online. Jetzt bestellen\" \/>\n<meta property=\"og:url\" content=\"https:\/\/gblexpress.com\/ro\/produs-2\/ketamin-s-isomer-99-rein-50-g\/\" \/>\n<meta property=\"og:site_name\" content=\"GBL Express\" \/>\n<meta property=\"article:modified_time\" content=\"2026-02-27T10:31:39+00:00\" \/>\n<meta property=\"og:image\" content=\"https:\/\/gblexpress.com\/wp-content\/uploads\/2023\/05\/Ketamin-s.jpg\" \/>\n\t<meta property=\"og:image:width\" content=\"600\" \/>\n\t<meta property=\"og:image:height\" content=\"600\" \/>\n\t<meta property=\"og:image:type\" content=\"image\/jpeg\" \/>\n<meta name=\"twitter:card\" content=\"summary_large_image\" \/>\n<meta name=\"twitter:label1\" content=\"Timp estimat pentru citire\" \/>\n\t<meta name=\"twitter:data1\" content=\"2 minute\" \/>\n<!-- \/ Yoast SEO plugin. -->","yoast_head_json":{"title":"Cump\u0103ra\u021bi Ketamina S+ Isomer 99% pur 500g online | Gbi Express","description":"Descoperi\u021bi magazinul nostru online pentru Ketamine S+ Isomer 99% pur | 500g Oferim Ketamine S+ Isomer de \u00eenalt\u0103 calitate 99% pur | 500 g. Cump\u0103ra\u021bi Ketamine S+ Isomer 99% Pure | 500 g online. Comanda acum","robots":{"index":"index","follow":"follow","max-snippet":"max-snippet:-1","max-image-preview":"max-image-preview:large","max-video-preview":"max-video-preview:-1"},"canonical":"https:\/\/gblexpress.com\/ro\/produs-2\/ketamin-s-isomer-99-rein-50-g\/","og_locale":"ro_RO","og_type":"article","og_title":"Ketamin S+ Isomer 99% rein 500g online kaufen | Gbi Express","og_description":"Entdecken Sie unseren Online-Shop f\u00fcr Ketamin S+ Isomer 99% rein | 500 g. Wir bieten hochwertiges Ketamin S+ Isomer 99% rein | 500 g an. Kaufen Sie Ketamin S+ Isomer 99% rein | 500 g online. Jetzt bestellen","og_url":"https:\/\/gblexpress.com\/ro\/produs-2\/ketamin-s-isomer-99-rein-50-g\/","og_site_name":"GBL Express","article_modified_time":"2026-02-27T10:31:39+00:00","og_image":[{"width":600,"height":600,"url":"https:\/\/gblexpress.com\/wp-content\/uploads\/2023\/05\/Ketamin-s.jpg","type":"image\/jpeg"}],"twitter_card":"summary_large_image","twitter_misc":{"Timp estimat pentru citire":"2 minute"},"schema":{"@context":"https:\/\/schema.org","@graph":[{"@type":"WebPage","@id":"https:\/\/gblexpress.com\/product\/ketamin-s-isomer-99-rein-50-g\/","url":"https:\/\/gblexpress.com\/product\/ketamin-s-isomer-99-rein-50-g\/","name":"Cump\u0103ra\u021bi Ketamina S+ Isomer 99% pur 500g online | Gbi Express","isPartOf":{"@id":"https:\/\/gblexpress.com\/#website"},"primaryImageOfPage":{"@id":"https:\/\/gblexpress.com\/product\/ketamin-s-isomer-99-rein-50-g\/#primaryimage"},"image":{"@id":"https:\/\/gblexpress.com\/product\/ketamin-s-isomer-99-rein-50-g\/#primaryimage"},"thumbnailUrl":"https:\/\/gblexpress.com\/wp-content\/uploads\/2023\/05\/Ketamin-s.jpg","datePublished":"2023-05-29T11:28:22+00:00","dateModified":"2026-02-27T10:31:39+00:00","description":"Descoperi\u021bi magazinul nostru online pentru Ketamine S+ Isomer 99% pur | 500g Oferim Ketamine S+ Isomer de \u00eenalt\u0103 calitate 99% pur | 500 g. Cump\u0103ra\u021bi Ketamine S+ Isomer 99% Pure | 500 g online. Comanda acum","breadcrumb":{"@id":"https:\/\/gblexpress.com\/product\/ketamin-s-isomer-99-rein-50-g\/#breadcrumb"},"inLanguage":"ro-RO","potentialAction":[{"@type":"ReadAction","target":["https:\/\/gblexpress.com\/product\/ketamin-s-isomer-99-rein-50-g\/"]}]},{"@type":"ImageObject","inLanguage":"ro-RO","@id":"https:\/\/gblexpress.com\/product\/ketamin-s-isomer-99-rein-50-g\/#primaryimage","url":"https:\/\/gblexpress.com\/wp-content\/uploads\/2023\/05\/Ketamin-s.jpg","contentUrl":"https:\/\/gblexpress.com\/wp-content\/uploads\/2023\/05\/Ketamin-s.jpg","width":600,"height":600,"caption":"Ketamin-s online kaufen"},{"@type":"BreadcrumbList","@id":"https:\/\/gblexpress.com\/product\/ketamin-s-isomer-99-rein-50-g\/#breadcrumb","itemListElement":[{"@type":"ListItem","position":1,"name":"Home","item":"https:\/\/gblexpress.com\/"},{"@type":"ListItem","position":2,"name":"Shop","item":"https:\/\/gblexpress.com\/shop\/"},{"@type":"ListItem","position":3,"name":"Ketamin S+ Isomer 99% rein | 500g"}]},{"@type":"WebSite","@id":"https:\/\/gblexpress.com\/#website","url":"https:\/\/gblexpress.com\/","name":"GBL Express","description":"","publisher":{"@id":"https:\/\/gblexpress.com\/#organization"},"potentialAction":[{"@type":"SearchAction","target":{"@type":"EntryPoint","urlTemplate":"https:\/\/gblexpress.com\/?s={search_term_string}"},"query-input":{"@type":"PropertyValueSpecification","valueRequired":true,"valueName":"search_term_string"}}],"inLanguage":"ro-RO"},{"@type":"Organization","@id":"https:\/\/gblexpress.com\/#organization","name":"GBL Express","url":"https:\/\/gblexpress.com\/","logo":{"@type":"ImageObject","inLanguage":"ro-RO","@id":"https:\/\/gblexpress.com\/#\/schema\/logo\/image\/","url":"https:\/\/gblexpress.com\/wp-content\/uploads\/2023\/01\/logo.png","contentUrl":"https:\/\/gblexpress.com\/wp-content\/uploads\/2023\/01\/logo.png","width":250,"height":52,"caption":"GBL Express"},"image":{"@id":"https:\/\/gblexpress.com\/#\/schema\/logo\/image\/"}}]}},"jetpack-related-posts":[],"jetpack_sharing_enabled":true,"_links":{"self":[{"href":"https:\/\/gblexpress.com\/ro\/wp-json\/wp\/v2\/product\/613","targetHints":{"allow":["GET"]}}],"collection":[{"href":"https:\/\/gblexpress.com\/ro\/wp-json\/wp\/v2\/product"}],"about":[{"href":"https:\/\/gblexpress.com\/ro\/wp-json\/wp\/v2\/types\/product"}],"replies":[{"embeddable":true,"href":"https:\/\/gblexpress.com\/ro\/wp-json\/wp\/v2\/comments?post=613"}],"wp:featuredmedia":[{"embeddable":true,"href":"https:\/\/gblexpress.com\/ro\/wp-json\/wp\/v2\/media\/1630"}],"wp:attachment":[{"href":"https:\/\/gblexpress.com\/ro\/wp-json\/wp\/v2\/media?parent=613"}],"wp:term":[{"taxonomy":"product_brand","embeddable":true,"href":"https:\/\/gblexpress.com\/ro\/wp-json\/wp\/v2\/product_brand?post=613"},{"taxonomy":"product_cat","embeddable":true,"href":"https:\/\/gblexpress.com\/ro\/wp-json\/wp\/v2\/product_cat?post=613"},{"taxonomy":"product_tag","embeddable":true,"href":"https:\/\/gblexpress.com\/ro\/wp-json\/wp\/v2\/product_tag?post=613"}],"curies":[{"name":"wp","href":"https:\/\/api.w.org\/{rel}","templated":true}]}}