{"id":616,"date":"2023-05-29T12:11:36","date_gmt":"2023-05-29T12:11:36","guid":{"rendered":"https:\/\/gblexpress.com\/?post_type=product&#038;p=616"},"modified":"2026-02-27T10:29:41","modified_gmt":"2026-02-27T10:29:41","slug":"lorazepam-2-5mg-in-blister","status":"publish","type":"product","link":"https:\/\/gblexpress.com\/ro\/produs-2\/lorazepam-2-5mg-in-blister\/","title":{"rendered":"Lorazepam 2.5mg \u00cen blister"},"content":{"rendered":"<h1>Indica\u021bii \u0219i aplicare<a href=\"https:\/\/en.wikipedia.org\/wiki\/Special:Search?go=Go&amp;search=Lorazepam+2.5mg+Im+Blister&amp;ns0=1\">:<\/a><\/h1>\n<p><a href=\"https:\/\/simple.wikipedia.org\/wiki\/Lorazepam\">Lorazepam 2,5 mg<\/a> Im Blister, Lorazepam (Ativan) ist ein Benzodiazepin, das f\u00fcr die Behandlung von<a href=\"https:\/\/gblexpress.com\/ro\/magazin\/\">:<\/a><\/p>\n<ul>\n<li>1) Anxietate<br \/>\n2) ameliorarea pe termen scurt a simptomelor de anxietate sau a anxiet\u0103\u021bii asociate cu simptome depresive (cum ar fi tulbur\u0103ri de somn, nervozitate, tensiune).<br \/>\n3) excitare psihomotorie<br \/>\n4) Emo\u021bii \u00een unitatea de terapie intensiv\u0103<br \/>\n5) Tulburare de panic\u0103<br \/>\n6) Retragerea din alcool<br \/>\n7) Tulburare de personalitate borderline<br \/>\n8) Distonie cervical\u0103<br \/>\n9) Disautonomia<br \/>\n10) Catatonie<br \/>\n11) Grea\u021b\u0103 \u0219i v\u0103rs\u0103turi induse de chimioterapie<br \/>\n12)anumite tipuri de tulbur\u0103ri convulsive (crize active, status epilepticus).<br \/>\n13)Insomnie (pentru a favoriza somnul).<br \/>\n14) Migren\u0103, durere de cap<br \/>\n15) \u00een sindromul coronarian acut datorat consumului de cocain\u0103.<br \/>\n16) \u00een scopuri recreative<br \/>\n17) \u00een procedurile chirurgicale pentru anestezie u\u0219oar\u0103, sedare \u0219i afectarea form\u0103rii memoriei.<\/li>\n<li><a href=\"https:\/\/gblexpress.com\/ro\/produs-2\/lorazepam-2-5mg-in-blister\/\">Lorazepam 2,5 mg<\/a> cump\u0103ra\u021bi \u00een ambalaj blister<\/li>\n<\/ul>","protected":false},"excerpt":{"rendered":"<p>Lorazepam 2,5 mg \u00een blister. 10 pastile per blister. Pre\u021b pentru 25 de blistere (250 de pastile).<br \/>\nProduc\u0103torul poate varia \u00een func\u021bie de lot. Dar con\u021binutul de ingredient activ este \u00eentotdeauna de 2mg!<\/p>","protected":false},"featured_media":1629,"comment_status":"open","ping_status":"closed","template":"","meta":{"_joinchat":[]},"product_brand":[],"product_cat":[36],"product_tag":[],"class_list":{"0":"post-616","1":"product","2":"type-product","3":"status-publish","4":"has-post-thumbnail","6":"product_cat-ko-drops","8":"first","9":"instock","10":"shipping-taxable","11":"purchasable","12":"product-type-variable"},"yoast_head":"<!-- This site is optimized with the Yoast SEO plugin v25.4 - https:\/\/yoast.com\/wordpress\/plugins\/seo\/ -->\n<title>Lorazepam 2,5 mg im Blister zu verkaufen - Lorazepam 2,5 mg<\/title>\n<meta name=\"description\" content=\"Entdecken Sie unseren Online-Shop f\u00fcr hochwertige Lorazepam 2,5 mg Blisterpackungen. Kaufen Sie Lorazepam 2,5 mg Blisterpackungen online. Jetzt bestellen\" \/>\n<meta name=\"robots\" content=\"index, follow, max-snippet:-1, max-image-preview:large, max-video-preview:-1\" \/>\n<link rel=\"canonical\" href=\"https:\/\/gblexpress.com\/ro\/produs-2\/lorazepam-2-5mg-in-blister\/\" \/>\n<meta property=\"og:locale\" content=\"ro_RO\" \/>\n<meta property=\"og:type\" content=\"article\" \/>\n<meta property=\"og:title\" content=\"Lorazepam 2,5 mg im Blister zu verkaufen - Lorazepam 2,5 mg\" \/>\n<meta property=\"og:description\" content=\"Entdecken Sie unseren Online-Shop f\u00fcr hochwertige Lorazepam 2,5 mg Blisterpackungen. Kaufen Sie Lorazepam 2,5 mg Blisterpackungen online. Jetzt bestellen\" \/>\n<meta property=\"og:url\" content=\"https:\/\/gblexpress.com\/ro\/produs-2\/lorazepam-2-5mg-in-blister\/\" \/>\n<meta property=\"og:site_name\" content=\"GBL Express\" \/>\n<meta property=\"article:modified_time\" content=\"2026-02-27T10:29:41+00:00\" \/>\n<meta property=\"og:image\" content=\"https:\/\/gblexpress.com\/wp-content\/uploads\/2023\/05\/Lorazepam-2.5mg.jpg\" \/>\n\t<meta property=\"og:image:width\" content=\"600\" \/>\n\t<meta property=\"og:image:height\" content=\"600\" \/>\n\t<meta property=\"og:image:type\" content=\"image\/jpeg\" \/>\n<meta name=\"twitter:card\" content=\"summary_large_image\" \/>\n<meta name=\"twitter:label1\" content=\"Timp estimat pentru citire\" \/>\n\t<meta name=\"twitter:data1\" content=\"1 minut\" \/>\n<!-- \/ Yoast SEO plugin. -->","yoast_head_json":{"title":"Lorazepam 2,5 mg \u00een blister de v\u00e2nzare - Lorazepam 2,5 mg","description":"Descoperi\u021bi magazinul nostru online pentru blistere de \u00eenalt\u0103 calitate cu Lorazepam 2,5 mg. Cump\u0103ra\u021bi blistere de Lorazepam 2,5 mg online. Comanda acum","robots":{"index":"index","follow":"follow","max-snippet":"max-snippet:-1","max-image-preview":"max-image-preview:large","max-video-preview":"max-video-preview:-1"},"canonical":"https:\/\/gblexpress.com\/ro\/produs-2\/lorazepam-2-5mg-in-blister\/","og_locale":"ro_RO","og_type":"article","og_title":"Lorazepam 2,5 mg im Blister zu verkaufen - Lorazepam 2,5 mg","og_description":"Entdecken Sie unseren Online-Shop f\u00fcr hochwertige Lorazepam 2,5 mg Blisterpackungen. Kaufen Sie Lorazepam 2,5 mg Blisterpackungen online. Jetzt bestellen","og_url":"https:\/\/gblexpress.com\/ro\/produs-2\/lorazepam-2-5mg-in-blister\/","og_site_name":"GBL Express","article_modified_time":"2026-02-27T10:29:41+00:00","og_image":[{"width":600,"height":600,"url":"https:\/\/gblexpress.com\/wp-content\/uploads\/2023\/05\/Lorazepam-2.5mg.jpg","type":"image\/jpeg"}],"twitter_card":"summary_large_image","twitter_misc":{"Timp estimat pentru citire":"1 minut"},"schema":{"@context":"https:\/\/schema.org","@graph":[{"@type":"WebPage","@id":"https:\/\/gblexpress.com\/product\/lorazepam-2-5mg-im-blister\/","url":"https:\/\/gblexpress.com\/product\/lorazepam-2-5mg-im-blister\/","name":"Lorazepam 2,5 mg \u00een blister de v\u00e2nzare - Lorazepam 2,5 mg","isPartOf":{"@id":"https:\/\/gblexpress.com\/#website"},"primaryImageOfPage":{"@id":"https:\/\/gblexpress.com\/product\/lorazepam-2-5mg-im-blister\/#primaryimage"},"image":{"@id":"https:\/\/gblexpress.com\/product\/lorazepam-2-5mg-im-blister\/#primaryimage"},"thumbnailUrl":"https:\/\/gblexpress.com\/wp-content\/uploads\/2023\/05\/Lorazepam-2.5mg.jpg","datePublished":"2023-05-29T12:11:36+00:00","dateModified":"2026-02-27T10:29:41+00:00","description":"Descoperi\u021bi magazinul nostru online pentru blistere de \u00eenalt\u0103 calitate cu Lorazepam 2,5 mg. Cump\u0103ra\u021bi blistere de Lorazepam 2,5 mg online. Comanda acum","breadcrumb":{"@id":"https:\/\/gblexpress.com\/product\/lorazepam-2-5mg-im-blister\/#breadcrumb"},"inLanguage":"ro-RO","potentialAction":[{"@type":"ReadAction","target":["https:\/\/gblexpress.com\/product\/lorazepam-2-5mg-im-blister\/"]}]},{"@type":"ImageObject","inLanguage":"ro-RO","@id":"https:\/\/gblexpress.com\/product\/lorazepam-2-5mg-im-blister\/#primaryimage","url":"https:\/\/gblexpress.com\/wp-content\/uploads\/2023\/05\/Lorazepam-2.5mg.jpg","contentUrl":"https:\/\/gblexpress.com\/wp-content\/uploads\/2023\/05\/Lorazepam-2.5mg.jpg","width":600,"height":600,"caption":"Lorazepam-2.5mg online kaufen"},{"@type":"BreadcrumbList","@id":"https:\/\/gblexpress.com\/product\/lorazepam-2-5mg-im-blister\/#breadcrumb","itemListElement":[{"@type":"ListItem","position":1,"name":"Home","item":"https:\/\/gblexpress.com\/"},{"@type":"ListItem","position":2,"name":"Shop","item":"https:\/\/gblexpress.com\/shop\/"},{"@type":"ListItem","position":3,"name":"Lorazepam 2.5mg Im Blister"}]},{"@type":"WebSite","@id":"https:\/\/gblexpress.com\/#website","url":"https:\/\/gblexpress.com\/","name":"GBL Express","description":"","publisher":{"@id":"https:\/\/gblexpress.com\/#organization"},"potentialAction":[{"@type":"SearchAction","target":{"@type":"EntryPoint","urlTemplate":"https:\/\/gblexpress.com\/?s={search_term_string}"},"query-input":{"@type":"PropertyValueSpecification","valueRequired":true,"valueName":"search_term_string"}}],"inLanguage":"ro-RO"},{"@type":"Organization","@id":"https:\/\/gblexpress.com\/#organization","name":"GBL Express","url":"https:\/\/gblexpress.com\/","logo":{"@type":"ImageObject","inLanguage":"ro-RO","@id":"https:\/\/gblexpress.com\/#\/schema\/logo\/image\/","url":"https:\/\/gblexpress.com\/wp-content\/uploads\/2023\/01\/logo.png","contentUrl":"https:\/\/gblexpress.com\/wp-content\/uploads\/2023\/01\/logo.png","width":250,"height":52,"caption":"GBL Express"},"image":{"@id":"https:\/\/gblexpress.com\/#\/schema\/logo\/image\/"}}]}},"jetpack-related-posts":[],"jetpack_sharing_enabled":true,"_links":{"self":[{"href":"https:\/\/gblexpress.com\/ro\/wp-json\/wp\/v2\/product\/616","targetHints":{"allow":["GET"]}}],"collection":[{"href":"https:\/\/gblexpress.com\/ro\/wp-json\/wp\/v2\/product"}],"about":[{"href":"https:\/\/gblexpress.com\/ro\/wp-json\/wp\/v2\/types\/product"}],"replies":[{"embeddable":true,"href":"https:\/\/gblexpress.com\/ro\/wp-json\/wp\/v2\/comments?post=616"}],"wp:featuredmedia":[{"embeddable":true,"href":"https:\/\/gblexpress.com\/ro\/wp-json\/wp\/v2\/media\/1629"}],"wp:attachment":[{"href":"https:\/\/gblexpress.com\/ro\/wp-json\/wp\/v2\/media?parent=616"}],"wp:term":[{"taxonomy":"product_brand","embeddable":true,"href":"https:\/\/gblexpress.com\/ro\/wp-json\/wp\/v2\/product_brand?post=616"},{"taxonomy":"product_cat","embeddable":true,"href":"https:\/\/gblexpress.com\/ro\/wp-json\/wp\/v2\/product_cat?post=616"},{"taxonomy":"product_tag","embeddable":true,"href":"https:\/\/gblexpress.com\/ro\/wp-json\/wp\/v2\/product_tag?post=616"}],"curies":[{"name":"wp","href":"https:\/\/api.w.org\/{rel}","templated":true}]}}