{"id":624,"date":"2023-05-31T13:26:05","date_gmt":"2023-05-31T13:26:05","guid":{"rendered":"https:\/\/gblexpress.com\/?post_type=product&#038;p=624"},"modified":"2026-02-28T09:35:19","modified_gmt":"2026-02-28T09:35:19","slug":"uscat-cooked-ghb-500-grame","status":"publish","type":"product","link":"https:\/\/gblexpress.com\/ro\/produs-2\/uscat-cooked-ghb-500-grame\/","title":{"rendered":"Trocken gekochtes GHB 500 Gram Online Kaufen"},"content":{"rendered":"<h2><strong>Trocken GHB kaufen &#8211; Trocken ghb online <\/strong><strong>kaufen <\/strong><\/h2>\n<p><a href=\"https:\/\/gblexpress.com\/ro\/produs-2\/uscat-cooked-ghb-500-grame\/\">Cump\u0103ra\u021bi GHB uscat<\/a>,Wir verwenden GBL aus den USA, um das GHB herzustellen. Das GHB wird von Profis mit viel Erfahrung hergestellt, genau wie das DMT, das wir verkaufen.<br \/>\nGHB-ul pe care \u00eel vindem are un pH neutru \u0219i este livrat sub form\u0103 de substan\u021b\u0103 cristalin\u0103. Pentru a transforma aceast\u0103 substan\u021b\u0103 \u00een lichidul pe care \u00eel a\u0219teapt\u0103 clien\u021bii, trebuie s\u0103 prepara\u021bi un raport de 2:1 cu ap\u0103 demi, s\u0103 amesteca\u021bi \u0219i s\u0103 a\u0219tepta\u021bi.<\/p>\n<p>Pute\u021bi folosi \u0219i ap\u0103 de la robinet, dar acest lucru nu este recomandat, deoarece substan\u021ba s-ar putea strica. Cel mai bine este s\u0103 o p\u0103stra\u021bi \u00eentr-o \u00eenc\u0103pere r\u0103coroas\u0103, de exemplu, \u00eentr-un frigider<a href=\"https:\/\/en.wikipedia.org\/wiki\/Special:Search?go=Go&amp;search=Lorazepam+2.5mg+Im+Blister&amp;ns0=1\">.<\/a><\/p>\n<h3><strong>Comenzile GHB sunt expediate \u00een termen de 48 de ore de la cump\u0103rare.<\/strong><\/h3>\n<p>Comenzile din UE ajung \u00een medie \u00eentr-o s\u0103pt\u0103m\u00e2n\u0103, dar pot dura p\u00e2n\u0103 la dou\u0103 s\u0103pt\u0103m\u00e2ni dac\u0103 oficiul po\u0219tal le \u00eent\u00e2rzie din orice motiv.<br \/>\n\u00cen cazul comenzilor \u00een vrac sau al comenzilor din afara UE, este posibil s\u0103 dureze ceva mai mult, deoarece trebuie s\u0103 ne str\u0103duim foarte mult pentru a camufla coletele noastre.<\/p>\n<p>Atunci c\u00e2nd trimitem un transport, mergem cu adev\u0103rat mai departe cu metodele noastre originale de furti\u0219ag dovedite, iar ratingurile noastre reflect\u0103 acest lucru.<br \/>\nDe asemenea, am constatat c\u0103 comenzile Track &amp; Trace primesc mai mult\u0103 prioritate din partea Po\u0219tei \u0219i tind s\u0103 ajung\u0103 mai repede.<a href=\"https:\/\/gblexpress.com\/en\/shop\/lorazepam-2-5mg-im-blister\/\">.<\/a><\/p>\n<div class=\"elementor-element elementor-element-24d8a39 elementor-widget elementor-widget-heading\" data-id=\"24d8a39\" data-element_type=\"widget\" data-widget_type=\"heading.default\">\n<div class=\"elementor-widget-container\">\n<h3 class=\"elementor-heading-title elementor-size-default\"><strong>Ce este GHB?<\/strong><\/h3>\n<\/div>\n<\/div>\n<div class=\"elementor-element elementor-element-f3668f0 elementor-widget elementor-widget-text-editor\" data-id=\"f3668f0\" data-element_type=\"widget\" data-widget_type=\"text-editor.default\">\n<div class=\"elementor-widget-container\">\n<p>GHB ist eine synthetische Droge, die urspr\u00fcnglich als Narkosemittel verwendet wurde. Es ist auch als &#8220;Date-Rape-Droge&#8221; bekannt, weil es mit sexuellen \u00dcbergriffen in Verbindung gebracht wird. GHB neigt dazu, Euphorie und Entspannung hervorzurufen, was es f\u00fcr manche Menschen sehr attraktiv machen kann. Doch wie jede psychoaktive Substanz birgt auch sie bei der Einnahme eine Reihe erheblicher Risiken.<\/p>\n<\/div>\n<\/div>\n<div class=\"elementor-element elementor-element-9976b38 elementor-widget elementor-widget-heading\" data-id=\"9976b38\" data-element_type=\"widget\" data-widget_type=\"heading.default\">\n<div class=\"elementor-widget-container\">\n<h3 class=\"elementor-heading-title elementor-size-default\"><strong>Pericolele de a cump\u0103ra GHB<\/strong><\/h3>\n<\/div>\n<\/div>\n<div class=\"elementor-element elementor-element-5ac7237 elementor-widget elementor-widget-text-editor\" data-id=\"5ac7237\" data-element_type=\"widget\" data-widget_type=\"text-editor.default\">\n<div class=\"elementor-widget-container\">\n<p>Atunci c\u00e2nd cump\u0103ra\u021bi GHB, v\u0103 asuma\u021bi un mare risc, deoarece este ilegal \u0219i nu este reglementat. Majoritatea substan\u021belor chimice disponibile pe pia\u021ba neagr\u0103 nu sunt testate, a\u0219a c\u0103 nu \u0219ti\u021bi exact ce cump\u0103ra\u021bi. De asemenea, dozarea este foarte dificil\u0103, deoarece este aproape imposibil s\u0103 \u0219tii dac\u0103 doza pe care o iei este suficient de mic\u0103 sau prea mare, iar apoi exist\u0103 riscul de supradozaj, care poate fi foarte periculos \u0219i chiar fatal.<\/p>\n<p>\u00cen plus, GHB este adesea amestecat cu alte substan\u021be, ceea ce cre\u0219te riscul de supradozaj. Unii oameni amestec\u0103, de asemenea, GHB cu alcool, ceea ce poate duce la efecte secundare \u0219i mai grave. \u00cen cele din urm\u0103, utilizarea GHB poate duce la dependen\u021b\u0103 fizic\u0103 \u0219i psihic\u0103, ceea ce poate avea consecin\u021be devastatoare pentru consumator.<\/p>\n<\/div>\n<\/div>\n<div class=\"elementor-element elementor-element-6ad5c93 elementor-widget elementor-widget-heading\" data-id=\"6ad5c93\" data-element_type=\"widget\" data-widget_type=\"heading.default\">\n<div class=\"elementor-widget-container\">\n<h3 class=\"elementor-heading-title elementor-size-default\"><strong>Ce p\u0103rere ave\u021bi despre GHB?<\/strong><\/h3>\n<\/div>\n<\/div>\n<div class=\"elementor-element elementor-element-93bf8bb elementor-widget elementor-widget-text-editor\" data-id=\"93bf8bb\" data-element_type=\"widget\" data-widget_type=\"text-editor.default\">\n<div class=\"elementor-widget-container\">\n<p>Mul\u021bi oameni aleg s\u0103 cumpere GHB de pe internet, de\u0219i acest lucru nu este adesea recomandat. Acest lucru se datoreaz\u0103 faptului c\u0103 multe dintre site-urile care v\u00e2nd acest produs pot fi frauduloase \u0219i este foarte dificil de \u0219tiut dac\u0103 substan\u021ba v\u00e2ndut\u0103 este autentic\u0103. De asemenea, exist\u0103 un num\u0103r mare de site-uri care v\u00e2nd astfel de produse, astfel \u00eenc\u00e2t poate fi dificil s\u0103 le g\u0103se\u0219ti pe cele mai fiabile.<\/p>\n<p>\u00cen plus, majoritatea \u021b\u0103rilor au interzis v\u00e2nzarea \u0219i cump\u0103rarea de GHB, iar cump\u0103rarea \u0219i posesia de GHB poate fi pedepsit\u0103 prin sanc\u021biuni penale severe. Prin urmare, dac\u0103 v\u0103 decide\u021bi s\u0103 cump\u0103ra\u021bi GHB, trebuie s\u0103 fi\u021bi aten\u021bi \u0219i s\u0103 v\u0103 asigura\u021bi c\u0103 achizi\u021biona\u021bi un produs autentic \u0219i sigur.<\/p>\n<\/div>\n<\/div>","protected":false},"excerpt":{"rendered":"<p><strong>GHB fiert uscat<\/strong> (acid gamma-hidroxibutiric) este un compus chimic care are aplica\u021bii medicale, industriale \u0219i \u0219tiin\u021bifice. Acesta este adesea apreciat pentru propriet\u0103\u021bile sale calmante \u0219i de relaxare muscular\u0103 \u0219i este un subiect de cercetare cheie \u00een studiile de neuro\u0219tiin\u021be \u0219i farmacologie.<\/p>\n<p><strong>Cum ac\u021bioneaz\u0103 GHB?<\/strong><br \/>\n<strong>GHB<\/strong> func\u021bioneaz\u0103 prin activarea a doi receptori din creier:<\/p>\n<ul>\n<li><strong>Receptorii GHB:<\/strong> Influen\u021beaz\u0103 activitatea neuronal\u0103 \u0219i procesele metabolice.<\/li>\n<li><strong>Receptorii GABA-B:<\/strong> Responsabil pentru efectele relaxante \u0219i calmante.<\/li>\n<\/ul>\n<p>Aceste interac\u021biuni conduc la o reducere a activit\u0103\u021bii neuronale, favorizeaz\u0103 somnul profund \u0219i au un efect anxiolitic. La doze mai mari, GHB ac\u021bioneaz\u0103 ca un sedativ puternic.<\/p>\n<p><strong>Durata \u0219i efectele:<\/strong><\/p>\n<ul>\n<li><strong>Debutul efectului:<\/strong> 10-20 de minute dup\u0103 ingestie.<\/li>\n<li><strong>Durata efectului:<\/strong> 1,5 p\u00e2n\u0103 la 4 ore, \u00een func\u021bie de doz\u0103.<\/li>\n<li><strong>Efect industrial:<\/strong> Utilizare imediat\u0103 ca agent de cur\u0103\u021bare sau solvent chimic.<\/li>\n<\/ul>\n<p><strong>Formul\u0103 \u0219i propriet\u0103\u021bi<\/strong><\/p>\n<ul>\n<li><strong>Denumire chimic\u0103:<\/strong> Acid gama-hidroxibutiric<\/li>\n<li><strong>Formul\u0103 molecular\u0103:<\/strong> C4H8O3<\/li>\n<li><strong>Greutate molecular\u0103:<\/strong> 104,10 g\/mol<\/li>\n<\/ul>","protected":false},"featured_media":1627,"comment_status":"open","ping_status":"closed","template":"","meta":{"_joinchat":[]},"product_brand":[],"product_cat":[32,34,36,246],"product_tag":[281,294,297,300,288,289,299,295,293,286,285,301,284,298,290,291,303,296,282,305,292,304,287,80,75,280,283,302],"class_list":{"0":"post-624","1":"product","2":"type-product","3":"status-publish","4":"has-post-thumbnail","6":"product_cat-uncategorized","7":"product_cat-ghb","8":"product_cat-ko-drops","9":"product_cat-sex-meth","10":"product_tag-gamma-hydroxybutyrat","11":"product_tag-ghb-anwendungen","12":"product_tag-ghb-chemikalie","13":"product_tag-ghb-fuer-apotheken","14":"product_tag-ghb-fuer-forschung","15":"product_tag-ghb-fuer-industrielle-anwendungen","16":"product_tag-ghb-fuer-labore","17":"product_tag-ghb-fuer-medizinische-zwecke","18":"product_tag-ghb-lagerung","19":"product_tag-ghb-legal-kaufen","20":"product_tag-ghb-lieferant","21":"product_tag-ghb-lieferant-weltweit","22":"product_tag-ghb-preis","23":"product_tag-ghb-pulver-dosierung","24":"product_tag-ghb-pulver-eu","25":"product_tag-ghb-pulver-grosshandel","26":"product_tag-ghb-pulver-guenstig-kaufen","27":"product_tag-ghb-pulver-in-deutschland-kaufen","28":"product_tag-ghb-pulver-kaufen","29":"product_tag-ghb-pulver-reinheit","30":"product_tag-ghb-sicherheitsrichtlinien","31":"product_tag-ghb-vertrieb","32":"product_tag-ghb-zum-verkauf","33":"product_tag-ghb-pulver","34":"product_tag-ghb-pulver-online-kaufen","35":"product_tag-trocken-gekochtes-ghb","36":"product_tag-trockenes-ghb-bestellen","37":"product_tag-wo-ghb-pulver-kaufen","39":"first","40":"instock","41":"shipping-taxable","42":"purchasable","43":"product-type-variable"},"yoast_head":"<!-- This site is optimized with the Yoast SEO plugin v25.4 - https:\/\/yoast.com\/wordpress\/plugins\/seo\/ -->\n<title>Trocken Gekochtes GHB 500 Gram online -Trocken Gekochtes ghb<\/title>\n<meta name=\"description\" content=\"Wenn Sie trocken gekochtes GHB (500 Gramm) online kaufen m\u00f6chten und einen zuverl\u00e4ssigen Online-Shop suchen, sind Sie hier genau richtig. Wir bieten ausschlie\u00dflich hochwertiges trocken gekochtes GHB (500 Gramm) zu einem g\u00fcnstigen Preis an. Bestellen Sie GHB jetzt!\" \/>\n<meta name=\"robots\" content=\"index, follow, max-snippet:-1, max-image-preview:large, max-video-preview:-1\" \/>\n<link rel=\"canonical\" href=\"https:\/\/gblexpress.com\/ro\/produs-2\/uscat-cooked-ghb-500-grame\/\" \/>\n<meta property=\"og:locale\" content=\"ro_RO\" \/>\n<meta property=\"og:type\" content=\"article\" \/>\n<meta property=\"og:title\" content=\"Trocken Gekochtes GHB 500 Gram online -Trocken Gekochtes ghb\" \/>\n<meta property=\"og:description\" content=\"Wenn Sie trocken gekochtes GHB (500 Gramm) online kaufen m\u00f6chten und einen zuverl\u00e4ssigen Online-Shop suchen, sind Sie hier genau richtig. Wir bieten ausschlie\u00dflich hochwertiges trocken gekochtes GHB (500 Gramm) zu einem g\u00fcnstigen Preis an. Bestellen Sie GHB jetzt!\" \/>\n<meta property=\"og:url\" content=\"https:\/\/gblexpress.com\/ro\/produs-2\/uscat-cooked-ghb-500-grame\/\" \/>\n<meta property=\"og:site_name\" content=\"GBL Express\" \/>\n<meta property=\"article:modified_time\" content=\"2026-02-28T09:35:19+00:00\" \/>\n<meta property=\"og:image\" content=\"https:\/\/gblexpress.com\/wp-content\/uploads\/2023\/05\/Trocken-gekochtes-GHB.jpg\" \/>\n\t<meta property=\"og:image:width\" content=\"600\" \/>\n\t<meta property=\"og:image:height\" content=\"600\" \/>\n\t<meta property=\"og:image:type\" content=\"image\/jpeg\" \/>\n<meta name=\"twitter:card\" content=\"summary_large_image\" \/>\n<meta name=\"twitter:label1\" content=\"Timp estimat pentru citire\" \/>\n\t<meta name=\"twitter:data1\" content=\"3 minute\" \/>\n<!-- \/ Yoast SEO plugin. -->","yoast_head_json":{"title":"Dry Cooked GHB 500 Gram online - Dry Cooked ghb","description":"Dac\u0103 vrei s\u0103 cumperi online GHB fiert uscat (500 de grame) \u0219i cau\u021bi un magazin online de \u00eencredere, ai ajuns la locul potrivit. Oferim doar GHB g\u0103tit uscat de \u00eenalt\u0103 calitate (500 de grame) la un pre\u021b accesibil. Comanda GHB acum!","robots":{"index":"index","follow":"follow","max-snippet":"max-snippet:-1","max-image-preview":"max-image-preview:large","max-video-preview":"max-video-preview:-1"},"canonical":"https:\/\/gblexpress.com\/ro\/produs-2\/uscat-cooked-ghb-500-grame\/","og_locale":"ro_RO","og_type":"article","og_title":"Trocken Gekochtes GHB 500 Gram online -Trocken Gekochtes ghb","og_description":"Wenn Sie trocken gekochtes GHB (500 Gramm) online kaufen m\u00f6chten und einen zuverl\u00e4ssigen Online-Shop suchen, sind Sie hier genau richtig. Wir bieten ausschlie\u00dflich hochwertiges trocken gekochtes GHB (500 Gramm) zu einem g\u00fcnstigen Preis an. Bestellen Sie GHB jetzt!","og_url":"https:\/\/gblexpress.com\/ro\/produs-2\/uscat-cooked-ghb-500-grame\/","og_site_name":"GBL Express","article_modified_time":"2026-02-28T09:35:19+00:00","og_image":[{"width":600,"height":600,"url":"https:\/\/gblexpress.com\/wp-content\/uploads\/2023\/05\/Trocken-gekochtes-GHB.jpg","type":"image\/jpeg"}],"twitter_card":"summary_large_image","twitter_misc":{"Timp estimat pentru citire":"3 minute"},"schema":{"@context":"https:\/\/schema.org","@graph":[{"@type":"WebPage","@id":"https:\/\/gblexpress.com\/product\/trocken-gekochtes-ghb-500-gram\/","url":"https:\/\/gblexpress.com\/product\/trocken-gekochtes-ghb-500-gram\/","name":"Dry Cooked GHB 500 Gram online - Dry Cooked ghb","isPartOf":{"@id":"https:\/\/gblexpress.com\/#website"},"primaryImageOfPage":{"@id":"https:\/\/gblexpress.com\/product\/trocken-gekochtes-ghb-500-gram\/#primaryimage"},"image":{"@id":"https:\/\/gblexpress.com\/product\/trocken-gekochtes-ghb-500-gram\/#primaryimage"},"thumbnailUrl":"https:\/\/gblexpress.com\/wp-content\/uploads\/2023\/05\/Trocken-gekochtes-GHB.jpg","datePublished":"2023-05-31T13:26:05+00:00","dateModified":"2026-02-28T09:35:19+00:00","description":"Dac\u0103 vrei s\u0103 cumperi online GHB fiert uscat (500 de grame) \u0219i cau\u021bi un magazin online de \u00eencredere, ai ajuns la locul potrivit. Oferim doar GHB g\u0103tit uscat de \u00eenalt\u0103 calitate (500 de grame) la un pre\u021b accesibil. Comanda GHB acum!","breadcrumb":{"@id":"https:\/\/gblexpress.com\/product\/trocken-gekochtes-ghb-500-gram\/#breadcrumb"},"inLanguage":"ro-RO","potentialAction":[{"@type":"ReadAction","target":["https:\/\/gblexpress.com\/product\/trocken-gekochtes-ghb-500-gram\/"]}]},{"@type":"ImageObject","inLanguage":"ro-RO","@id":"https:\/\/gblexpress.com\/product\/trocken-gekochtes-ghb-500-gram\/#primaryimage","url":"https:\/\/gblexpress.com\/wp-content\/uploads\/2023\/05\/Trocken-gekochtes-GHB.jpg","contentUrl":"https:\/\/gblexpress.com\/wp-content\/uploads\/2023\/05\/Trocken-gekochtes-GHB.jpg","width":600,"height":600,"caption":"Trocken-gekochtes-GHB online kaufen"},{"@type":"BreadcrumbList","@id":"https:\/\/gblexpress.com\/product\/trocken-gekochtes-ghb-500-gram\/#breadcrumb","itemListElement":[{"@type":"ListItem","position":1,"name":"Home","item":"https:\/\/gblexpress.com\/"},{"@type":"ListItem","position":2,"name":"Shop","item":"https:\/\/gblexpress.com\/shop\/"},{"@type":"ListItem","position":3,"name":"Trocken gekochtes GHB 500 Gram Online Kaufen"}]},{"@type":"WebSite","@id":"https:\/\/gblexpress.com\/#website","url":"https:\/\/gblexpress.com\/","name":"GBL Express","description":"","publisher":{"@id":"https:\/\/gblexpress.com\/#organization"},"potentialAction":[{"@type":"SearchAction","target":{"@type":"EntryPoint","urlTemplate":"https:\/\/gblexpress.com\/?s={search_term_string}"},"query-input":{"@type":"PropertyValueSpecification","valueRequired":true,"valueName":"search_term_string"}}],"inLanguage":"ro-RO"},{"@type":"Organization","@id":"https:\/\/gblexpress.com\/#organization","name":"GBL Express","url":"https:\/\/gblexpress.com\/","logo":{"@type":"ImageObject","inLanguage":"ro-RO","@id":"https:\/\/gblexpress.com\/#\/schema\/logo\/image\/","url":"https:\/\/gblexpress.com\/wp-content\/uploads\/2023\/01\/logo.png","contentUrl":"https:\/\/gblexpress.com\/wp-content\/uploads\/2023\/01\/logo.png","width":250,"height":52,"caption":"GBL Express"},"image":{"@id":"https:\/\/gblexpress.com\/#\/schema\/logo\/image\/"}}]}},"jetpack-related-posts":[],"jetpack_sharing_enabled":true,"_links":{"self":[{"href":"https:\/\/gblexpress.com\/ro\/wp-json\/wp\/v2\/product\/624","targetHints":{"allow":["GET"]}}],"collection":[{"href":"https:\/\/gblexpress.com\/ro\/wp-json\/wp\/v2\/product"}],"about":[{"href":"https:\/\/gblexpress.com\/ro\/wp-json\/wp\/v2\/types\/product"}],"replies":[{"embeddable":true,"href":"https:\/\/gblexpress.com\/ro\/wp-json\/wp\/v2\/comments?post=624"}],"wp:featuredmedia":[{"embeddable":true,"href":"https:\/\/gblexpress.com\/ro\/wp-json\/wp\/v2\/media\/1627"}],"wp:attachment":[{"href":"https:\/\/gblexpress.com\/ro\/wp-json\/wp\/v2\/media?parent=624"}],"wp:term":[{"taxonomy":"product_brand","embeddable":true,"href":"https:\/\/gblexpress.com\/ro\/wp-json\/wp\/v2\/product_brand?post=624"},{"taxonomy":"product_cat","embeddable":true,"href":"https:\/\/gblexpress.com\/ro\/wp-json\/wp\/v2\/product_cat?post=624"},{"taxonomy":"product_tag","embeddable":true,"href":"https:\/\/gblexpress.com\/ro\/wp-json\/wp\/v2\/product_tag?post=624"}],"curies":[{"name":"wp","href":"https:\/\/api.w.org\/{rel}","templated":true}]}}