{"id":1258,"date":"2024-11-26T07:54:46","date_gmt":"2024-11-26T07:54:46","guid":{"rendered":"https:\/\/gblexpress.com\/?post_type=product&#038;p=1258"},"modified":"2026-02-27T10:28:07","modified_gmt":"2026-02-27T10:28:07","slug":"%e6%b0%b4%e7%a8%bb","status":"publish","type":"product","link":"https:\/\/gblexpress.com\/zh\/%e4%ba%a7%e5%93%81-2\/%e6%b0%b4%e7%a8%bb\/","title":{"rendered":"Ketamina liquide Online Kaufen"},"content":{"rendered":"<h2><strong>Ketamin fl\u00fcssig Online kaufen: Informationen zur fl\u00fcssigen Form f\u00fcr vielseitige Anwendungen<\/strong><\/h2>\n<p><a href=\"https:\/\/gblexpress.com\/zh\/%e4%ba%a7%e5%93%81-2\/%e6%b0%b4%e7%a8%bb\/\"><strong>\u6c2f\u80fa\u916e\u6db2\u4f53<\/strong><\/a> \u662f\u4e00\u79cd\u7528\u9014\u5e7f\u6cdb\u7684\u7269\u8d28\uff0c\u53ef\u7528\u4e8e\u591a\u4e2a\u9886\u57df\u3002\u4ece\u9ebb\u9189\u5230\u6cbb\u7597\u6291\u90c1\u75c7\u6216\u7126\u8651\u75c7\u7b49\u7cbe\u795e\u75be\u75c5\uff0c\u6db2\u4f53\u5f62\u5f0f\u7684\u6c2f\u80fa\u916e\u56e0\u5176\u5feb\u901f\u89c1\u6548\u548c\u7075\u6d3b\u6027\u800c\u5907\u53d7\u63a8\u5d07\u3002\u5982\u679c\u60a8 <a href=\"https:\/\/en.wikipedia.org\/wiki\/Ketamine\"><strong>\u8d2d\u4e70\u6c2f\u80fa\u916e\u6db2\u4f53<\/strong><\/a>\u60a8\u53ef\u4ee5\u4fe1\u8d56\u8fd9\u79cd\u6613\u4e8e\u914d\u6599\u548c\u5b9a\u5236\u7684\u4ea7\u54c1<a href=\"https:\/\/gblexpress.com\/zh\/%e8%b4%ad%e7%89%a9\/xyrem-180-%e6%af%ab%e5%8d%87-500-%e6%af%ab%e5%85%8b-%ce%b3-%e7%be%9f%e4%b8%81%e9%85%b8-ghb\/\">.<\/a><\/p>\n<h3><strong>\u4ec0\u4e48\u662f\u6c2f\u80fa\u916e\u6db2\u4f53\uff1f<\/strong><\/h3>\n<p>\u6c2f\u80fa\u916e\u6db2\u4f53\u662f\u4e00\u79cd\u5316\u5b66\u7269\u8d28\uff0c\u88ab\u79f0\u4e3a\u5f3a\u6548\u9547\u9759\u5242\u548c\u6b62\u75db\u836f\u3002\u5b83\u88ab\u7528\u4e8e\u533b\u7597\uff0c\u4e5f\u8d8a\u6765\u8d8a\u591a\u5730\u7528\u4e8e\u6cbb\u7597\uff0c\u4ee5\u7f13\u89e3\u75bc\u75db\u6216\u5fc3\u7406\u538b\u529b\u7b49\u75c7\u72b6\u3002<a href=\"https:\/\/cokebricks.com\/product-category\/research-chemicals\/\">.<\/a><\/p>\n<h3><strong>\u6c2f\u80fa\u916e\u6db2\u4f53\u7684\u4f18\u70b9<\/strong><\/h3>\n<p><strong>1. \u5feb\u901f\u6709\u6548\u7684\u6548\u679c<\/strong><br \/>\n\u6c2f\u80fa\u916e\u7684\u6db2\u6001\u5f62\u5f0f\u80fd\u8ba9\u4eba\u4f53\u8fc5\u901f\u5438\u6536\u3002\u5b83\u80fd\u5728\u51e0\u5206\u949f\u5185\u663e\u793a\u51fa\u9547\u9759\u548c\u6b62\u75db\u6548\u679c\uff0c\u56e0\u6b64\u975e\u5e38\u9002\u5408\u6025\u6027\u5e94\u7528\u3002<\/p>\n<p><strong>2. \u7cbe\u786e\u914d\u6599<\/strong><br \/>\n\u6c2f\u80fa\u916e\u6db2\u4f53\u7684\u5242\u91cf\u53ef\u4ee5\u7cbe\u786e\u8c03\u6574\uff0c\u56e0\u6b64\u5728\u533b\u7597\u548c\u6cbb\u7597\u4e2d\u5c24\u5176\u4e0d\u53ef\u6216\u7f3a\u3002<\/p>\n<p><strong>3. \u7528\u9014\u5e7f\u6cdb<\/strong><br \/>\n\u6db2\u6001\u6c2f\u80fa\u916e\u53ef\u4ee5\u9759\u8109\u6ce8\u5c04\u3001\u808c\u8089\u6ce8\u5c04\u6216\u76ae\u4e0b\u6ce8\u5c04\u3002\u8fd9\u79cd\u7075\u6d3b\u6027\u4f7f\u4ea7\u54c1\u53ef\u4ee5\u6839\u636e\u7528\u6237\u7684\u5177\u4f53\u9700\u6c42\u8fdb\u884c\u5b9a\u5236\u3002<\/p>\n<h3><strong>\u6c2f\u80fa\u916e\u6db2\u4f53\u5982\u4f55\u4f7f\u7528\uff1f<\/strong><\/h3>\n<ul>\n<li><strong>\u7528\u91cf\uff1a<\/strong> \u6b63\u786e\u7684\u5242\u91cf\u5bf9\u4e8e\u5b89\u5168\u6709\u6548\u5730\u4f7f\u7528\u81f3\u5173\u91cd\u8981\u3002\u8bf7\u52a1\u5fc5\u9075\u7167\u4e13\u5bb6\u7684\u6307\u5bfc\u3002<\/li>\n<li><strong>\u7533\u8bf7\uff1a<\/strong> \u6c2f\u80fa\u916e\u6db2\u4f53\u901a\u5e38\u4ee5\u6ce8\u5c04\u6216\u8f93\u6db2\u7684\u65b9\u5f0f\u7ed9\u836f\u3002\u5b83\u4e5f\u53ef\u4ee5\u5728\u7279\u6b8a\u73af\u5883\u4e0b\u4f7f\u7528\u3002<\/li>\n<li><strong>\u6548\u679c<\/strong> \u4e86\u89e3\u53ef\u80fd\u7684\u6548\u679c\uff0c\u4ece\u9547\u9759\u5230\u8f7b\u5fae\u81f4\u5e7b\u4e0d\u7b49\u3002<\/li>\n<\/ul>\n<h3><strong>\u5728\u7ebf\u8d2d\u4e70\u6c2f\u80fa\u916e\u6db2\u4f53<\/strong><\/h3>\n<p>\u8bb8\u591a\u7528\u6237\u6b63\u5728\u5bfb\u627e\u4e00\u79cd\u5b89\u5168\u7684\u5728\u7ebf\u8d2d\u4e70\u6db2\u6001\u6c2f\u80fa\u916e\u7684\u65b9\u6cd5\u3002\u6211\u4eec\u7684\u5e73\u53f0\u63d0\u4f9b\uff1a<\/p>\n<ul>\n<li><strong>\u8c28\u614e\u4ea4\u8d27\uff1a<\/strong> \u60a8\u7684\u8ba2\u5355\u5c06\u8fc5\u901f\u9001\u8fbe\u5e76\u533f\u540d\u5305\u88c5\u3002<\/li>\n<li><strong>\u7ecf\u8fc7\u6d4b\u8bd5\u7684\u8d28\u91cf\uff1a<\/strong> \u6211\u4eec\u4fdd\u8bc1\u4ea7\u54c1\u7684\u7eaf\u5ea6\u548c\u5b89\u5168\u6027\u3002<\/li>\n<li><strong>\u8ba2\u8d2d\u7b80\u5355\uff1a<\/strong> \u53ea\u9700\u70b9\u51fb\u51e0\u4e0b\uff0c\u60a8\u5c31\u80fd\u4e70\u5230\u6c2f\u80fa\u916e\u6db2\u4f53\u3002<\/li>\n<\/ul>\n<h3><strong>\u7acb\u5373\u8ba2\u8d2d\u6c2f\u80fa\u916e\u6db2\u4f53<\/strong><\/h3>\n<p>Erleben Sie die Vorteile von Ketamin fl\u00fcssig \u2013 eine L\u00f6sung f\u00fcr schnelle Wirkung und pr\u00e4zise Dosierung. Ob f\u00fcr medizinische Anwendungen, Schmerztherapie oder andere spezialisierte Zwecke: Bestellen Sie noch heute sicher und diskret online. Vertrauen Sie auf ein Produkt, das f\u00fcr seine Effektivit\u00e4t und Vielseitigkeit bekannt ist.<\/p>","protected":false},"excerpt":{"rendered":"<p><strong>\u6db2\u4f53\u6c2f\u80fa\u916e<\/strong>\u53c8\u79f0 <strong>\u76d0\u9178\u6c2f\u80fa\u916e<\/strong>\u662f\u4e00\u79cd\u5e7f\u6cdb\u5e94\u7528\u4e8e\u533b\u5b66\u548c\u7814\u7a76\u9886\u57df\u7684\u89e3\u79bb\u6027\u9ebb\u9189\u5242\u3002\u5b83\u5177\u6709\u5f88\u5f3a\u7684\u9547\u75db\u3001\u9ebb\u9189\u548c\u795e\u7ecf\u4fdd\u62a4\u7279\u6027\uff0c\u662f\u5916\u79d1\u624b\u672f\u3001\u75bc\u75db\u6cbb\u7597\u548c\u795e\u7ecf\u5b66\u7814\u7a76\u4e2d\u4e0d\u53ef\u6216\u7f3a\u7684\u836f\u7269\u3002<\/p>\n<p><strong>\u6db2\u4f53\u6c2f\u80fa\u916e\u5982\u4f55\u53d1\u6325\u4f5c\u7528\uff1f<\/strong><br \/>\n<strong>\u6c2f\u80fa\u916e<\/strong> \u963b\u65ad\u5927\u8111\u4e2d\u7684 NMDA \u53d7\u4f53\uff08N-\u7532\u57fa-D-\u5929\u51ac\u6c28\u9178\uff09\uff0c\u4ece\u800c\u51cf\u5c11\u75bc\u75db\u4fe1\u53f7\u7684\u4f20\u9012\u3002\u540c\u65f6\uff0c\u5b83\u8fd8\u80fd\u4ea7\u751f\u4e00\u79cd\u89e3\u79bb\u72b6\u6001\uff0c\u5177\u6709\u9547\u75db\u548c\u9547\u9759\u4f5c\u7528\u3002<\/p>\n<ul>\n<li><strong>\u6548\u679c<\/strong> \u5feb\u901f\u6b62\u75db\u3001\u9ebb\u9189\uff0c\u5728\u67d0\u4e9b\u60c5\u51b5\u4e0b\u8fd8\u5177\u6709\u795e\u7ecf\u4fdd\u62a4\u4f5c\u7528\u3002<\/li>\n<li><strong>\u6548\u679c\u5f00\u59cb\uff1a<\/strong> \u9759\u8109\u6ce8\u5c04\u6216\u808c\u8089\u6ce8\u5c04\u540e\u7acb\u5373\u670d\u7528\u3002<\/li>\n<li><strong>\u6548\u679c\u6301\u7eed\u65f6\u95f4\uff1a<\/strong> \u9ebb\u9189\u65f6\u95f4\u4e3a 10-25 \u5206\u949f\uff0c\u6b62\u75db\u65f6\u95f4\u957f\u8fbe 1 \u5c0f\u65f6\u3002<\/li>\n<\/ul>\n<p><strong>\u914d\u65b9\u548c\u7279\u6027<\/strong><\/p>\n<ul>\n<li><strong>\u5316\u5b66\u540d\u79f0<\/strong> \u76d0\u9178\u6c2f\u80fa\u916e<\/li>\n<li><strong>\u5206\u5b50\u5f0f<\/strong> C13H16ClNO<\/li>\n<li><strong>\u5206\u5b50\u91cf<\/strong> 237.7 \u514b\/\u6469\u5c14<\/li>\n<li><strong>\u5178\u578b\u6d53\u5ea6\uff1a<\/strong> 50 \u6beb\u514b\/\u6beb\u5347\u6216 100 \u6beb\u514b\/\u6beb\u5347\uff08\u89c6\u5236\u5242\u800c\u5b9a\uff09\u3002<\/li>\n<\/ul>\n<p><strong>\u6db2\u4f53\u6c2f\u80fa\u916e\u7684\u5e94\u7528<\/strong><\/p>\n<ul>\n<li><strong>\u533b\u7597\u9ebb\u9189\uff1a<\/strong> \u7528\u4e8e\u9700\u8981\u5feb\u901f\u6709\u6548\u9ebb\u9189\u7684\u5916\u79d1\u624b\u672f\u3002<\/li>\n<li><strong>\u75bc\u75db\u6cbb\u7597<\/strong> \u9002\u7528\u4e8e\u4e34\u5e8a\u6cbb\u7597\u6025\u6027\u548c\u6162\u6027\u75bc\u75db\u3002<\/li>\n<li><strong>\u795e\u7ecf\u79d1\u5b66\u7814\u7a76\uff1a<\/strong> \u5173\u4e8e\u963b\u65ad NMDA \u53d7\u4f53\u53ca\u5176\u795e\u7ecf\u4fdd\u62a4\u4f5c\u7528\u7684\u7814\u7a76\u3002<\/li>\n<\/ul>","protected":false},"featured_media":1621,"comment_status":"open","ping_status":"closed","template":"","meta":{"_joinchat":[]},"product_brand":[],"product_cat":[246],"product_tag":[464,457,470,445,459,465,471,456,458,469,467,466,463,447,451,450,454,455,446,460,453,449,452,448,462,461,468],"class_list":{"0":"post-1258","1":"product","2":"type-product","3":"status-publish","4":"has-post-thumbnail","6":"product_cat-sex-meth","7":"product_tag-ketamin-100-mg-ml-kaufen","8":"product_tag-ketamin-anwendung","9":"product_tag-ketamin-chemikalien","10":"product_tag-ketamin-fluessig","11":"product_tag-ketamin-fluessig-dosierung","12":"product_tag-ketamin-fluessig-fuer-anaesthesie","13":"product_tag-ketamin-fluessig-fuer-apotheken","14":"product_tag-ketamin-fluessig-fuer-labore","15":"product_tag-ketamin-fluessig-fuer-veterinaermedizin","16":"product_tag-ketamin-fluessig-reinheit","17":"product_tag-ketamin-fluessig-vertrieb","18":"product_tag-ketamin-fluessig-weltweit-bestellen","19":"product_tag-ketamin-fluessig-wirkung","20":"product_tag-ketamin-fluessigkeit-bestellen","21":"product_tag-ketamin-fuer-forschung","22":"product_tag-ketamin-fuer-medizinische-zwecke","23":"product_tag-ketamin-grosshandel","24":"product_tag-ketamin-in-deutschland-kaufen","25":"product_tag-ketamin-kaufen","26":"product_tag-ketamin-lagerung","27":"product_tag-ketamin-legal-kaufen","28":"product_tag-ketamin-lieferant","29":"product_tag-ketamin-online-kaufen","30":"product_tag-ketamin-preis","31":"product_tag-ketamin-risiken","32":"product_tag-ketamin-sicherheitsrichtlinien","33":"product_tag-wo-ketamin-fluessig-kaufen","35":"first","36":"instock","37":"shipping-taxable","38":"purchasable","39":"product-type-variable"},"yoast_head":"<!-- This site is optimized with the Yoast SEO plugin v25.4 - https:\/\/yoast.com\/wordpress\/plugins\/seo\/ -->\n<title>Kaufen Sie Ketamina Liquid online \u2013 Ketamina Liquid zum Verkauf<\/title>\n<meta name=\"description\" content=\"Wenn Sie Ketamin-Liquid aus unserem Shop noch nicht probiert haben, verpassen Sie viel. Wir helfen Ihnen, Ketamin-Liquid online g\u00fcnstig zu kaufen. Sichern Sie sich noch heute Ketamin-Liquid!\" \/>\n<meta name=\"robots\" content=\"index, follow, max-snippet:-1, max-image-preview:large, max-video-preview:-1\" \/>\n<link rel=\"canonical\" href=\"https:\/\/gblexpress.com\/zh\/\u4ea7\u54c1-2\/\u6c34\u7a3b\/\" \/>\n<meta property=\"og:locale\" content=\"zh_CN\" \/>\n<meta property=\"og:type\" content=\"article\" \/>\n<meta property=\"og:title\" content=\"Kaufen Sie Ketamina Liquid online \u2013 Ketamina Liquid zum Verkauf\" \/>\n<meta property=\"og:description\" content=\"Wenn Sie Ketamin-Liquid aus unserem Shop noch nicht probiert haben, verpassen Sie viel. Wir helfen Ihnen, Ketamin-Liquid online g\u00fcnstig zu kaufen. Sichern Sie sich noch heute Ketamin-Liquid!\" \/>\n<meta property=\"og:url\" content=\"https:\/\/gblexpress.com\/zh\/\u4ea7\u54c1-2\/\u6c34\u7a3b\/\" \/>\n<meta property=\"og:site_name\" content=\"GBL Express\" \/>\n<meta property=\"article:modified_time\" content=\"2026-02-27T10:28:07+00:00\" \/>\n<meta property=\"og:image\" content=\"https:\/\/gblexpress.com\/wp-content\/uploads\/2024\/11\/Ketamina-liquide.jpg\" \/>\n\t<meta property=\"og:image:width\" content=\"600\" \/>\n\t<meta property=\"og:image:height\" content=\"600\" \/>\n\t<meta property=\"og:image:type\" content=\"image\/jpeg\" \/>\n<meta name=\"twitter:card\" content=\"summary_large_image\" \/>\n<meta name=\"twitter:label1\" content=\"\u9884\u8ba1\u9605\u8bfb\u65f6\u95f4\" \/>\n\t<meta name=\"twitter:data1\" content=\"2 \u5206\" \/>\n<!-- \/ Yoast SEO plugin. -->","yoast_head_json":{"title":"\u5728\u7ebf\u8d2d\u4e70\u6c2f\u80fa\u916e\u6db2\u4f53 \u2013 \u51fa\u552e\u6c2f\u80fa\u916e\u6db2\u4f53","description":"\u5982\u679c\u60a8\u8fd8\u6ca1\u6709\u5c1d\u8bd5\u8fc7\u6211\u4eec\u5546\u5e97\u7684\u6c2f\u80fa\u916e\u6db2\u4f53\uff0c\u90a3\u60a8\u5c31\u9519\u8fc7\u4e86\u3002\u6211\u4eec\u5e2e\u52a9\u60a8\u4ee5\u5408\u7406\u7684\u4ef7\u683c\u5728\u7ebf\u8d2d\u4e70\u6c2f\u80fa\u916e\u6db2\u4f53\u3002\u4eca\u5929\u5c31\u83b7\u53d6\u60a8\u7684\u6c2f\u80fa\u916e\u6db2\u4f53\uff01","robots":{"index":"index","follow":"follow","max-snippet":"max-snippet:-1","max-image-preview":"max-image-preview:large","max-video-preview":"max-video-preview:-1"},"canonical":"https:\/\/gblexpress.com\/zh\/\u4ea7\u54c1-2\/\u6c34\u7a3b\/","og_locale":"zh_CN","og_type":"article","og_title":"Kaufen Sie Ketamina Liquid online \u2013 Ketamina Liquid zum Verkauf","og_description":"Wenn Sie Ketamin-Liquid aus unserem Shop noch nicht probiert haben, verpassen Sie viel. Wir helfen Ihnen, Ketamin-Liquid online g\u00fcnstig zu kaufen. Sichern Sie sich noch heute Ketamin-Liquid!","og_url":"https:\/\/gblexpress.com\/zh\/\u4ea7\u54c1-2\/\u6c34\u7a3b\/","og_site_name":"GBL Express","article_modified_time":"2026-02-27T10:28:07+00:00","og_image":[{"width":600,"height":600,"url":"https:\/\/gblexpress.com\/wp-content\/uploads\/2024\/11\/Ketamina-liquide.jpg","type":"image\/jpeg"}],"twitter_card":"summary_large_image","twitter_misc":{"\u9884\u8ba1\u9605\u8bfb\u65f6\u95f4":"2 \u5206"},"schema":{"@context":"https:\/\/schema.org","@graph":[{"@type":"WebPage","@id":"https:\/\/gblexpress.com\/product\/ketamina\/","url":"https:\/\/gblexpress.com\/product\/ketamina\/","name":"\u5728\u7ebf\u8d2d\u4e70\u6c2f\u80fa\u916e\u6db2\u4f53 \u2013 \u51fa\u552e\u6c2f\u80fa\u916e\u6db2\u4f53","isPartOf":{"@id":"https:\/\/gblexpress.com\/#website"},"primaryImageOfPage":{"@id":"https:\/\/gblexpress.com\/product\/ketamina\/#primaryimage"},"image":{"@id":"https:\/\/gblexpress.com\/product\/ketamina\/#primaryimage"},"thumbnailUrl":"https:\/\/gblexpress.com\/wp-content\/uploads\/2024\/11\/Ketamina-liquide.jpg","datePublished":"2024-11-26T07:54:46+00:00","dateModified":"2026-02-27T10:28:07+00:00","description":"\u5982\u679c\u60a8\u8fd8\u6ca1\u6709\u5c1d\u8bd5\u8fc7\u6211\u4eec\u5546\u5e97\u7684\u6c2f\u80fa\u916e\u6db2\u4f53\uff0c\u90a3\u60a8\u5c31\u9519\u8fc7\u4e86\u3002\u6211\u4eec\u5e2e\u52a9\u60a8\u4ee5\u5408\u7406\u7684\u4ef7\u683c\u5728\u7ebf\u8d2d\u4e70\u6c2f\u80fa\u916e\u6db2\u4f53\u3002\u4eca\u5929\u5c31\u83b7\u53d6\u60a8\u7684\u6c2f\u80fa\u916e\u6db2\u4f53\uff01","breadcrumb":{"@id":"https:\/\/gblexpress.com\/product\/ketamina\/#breadcrumb"},"inLanguage":"zh-Hans","potentialAction":[{"@type":"ReadAction","target":["https:\/\/gblexpress.com\/product\/ketamina\/"]}]},{"@type":"ImageObject","inLanguage":"zh-Hans","@id":"https:\/\/gblexpress.com\/product\/ketamina\/#primaryimage","url":"https:\/\/gblexpress.com\/wp-content\/uploads\/2024\/11\/Ketamina-liquide.jpg","contentUrl":"https:\/\/gblexpress.com\/wp-content\/uploads\/2024\/11\/Ketamina-liquide.jpg","width":600,"height":600,"caption":"Ketamina-liquide online kaufen"},{"@type":"BreadcrumbList","@id":"https:\/\/gblexpress.com\/product\/ketamina\/#breadcrumb","itemListElement":[{"@type":"ListItem","position":1,"name":"Home","item":"https:\/\/gblexpress.com\/"},{"@type":"ListItem","position":2,"name":"Shop","item":"https:\/\/gblexpress.com\/shop\/"},{"@type":"ListItem","position":3,"name":"Ketamina liquide Online Kaufen"}]},{"@type":"WebSite","@id":"https:\/\/gblexpress.com\/#website","url":"https:\/\/gblexpress.com\/","name":"GBL Express","description":"","publisher":{"@id":"https:\/\/gblexpress.com\/#organization"},"potentialAction":[{"@type":"SearchAction","target":{"@type":"EntryPoint","urlTemplate":"https:\/\/gblexpress.com\/?s={search_term_string}"},"query-input":{"@type":"PropertyValueSpecification","valueRequired":true,"valueName":"search_term_string"}}],"inLanguage":"zh-Hans"},{"@type":"Organization","@id":"https:\/\/gblexpress.com\/#organization","name":"GBL Express","url":"https:\/\/gblexpress.com\/","logo":{"@type":"ImageObject","inLanguage":"zh-Hans","@id":"https:\/\/gblexpress.com\/#\/schema\/logo\/image\/","url":"https:\/\/gblexpress.com\/wp-content\/uploads\/2023\/01\/logo.png","contentUrl":"https:\/\/gblexpress.com\/wp-content\/uploads\/2023\/01\/logo.png","width":250,"height":52,"caption":"GBL Express"},"image":{"@id":"https:\/\/gblexpress.com\/#\/schema\/logo\/image\/"}}]}},"jetpack-related-posts":[],"jetpack_sharing_enabled":true,"_links":{"self":[{"href":"https:\/\/gblexpress.com\/zh\/wp-json\/wp\/v2\/product\/1258","targetHints":{"allow":["GET"]}}],"collection":[{"href":"https:\/\/gblexpress.com\/zh\/wp-json\/wp\/v2\/product"}],"about":[{"href":"https:\/\/gblexpress.com\/zh\/wp-json\/wp\/v2\/types\/product"}],"replies":[{"embeddable":true,"href":"https:\/\/gblexpress.com\/zh\/wp-json\/wp\/v2\/comments?post=1258"}],"wp:featuredmedia":[{"embeddable":true,"href":"https:\/\/gblexpress.com\/zh\/wp-json\/wp\/v2\/media\/1621"}],"wp:attachment":[{"href":"https:\/\/gblexpress.com\/zh\/wp-json\/wp\/v2\/media?parent=1258"}],"wp:term":[{"taxonomy":"product_brand","embeddable":true,"href":"https:\/\/gblexpress.com\/zh\/wp-json\/wp\/v2\/product_brand?post=1258"},{"taxonomy":"product_cat","embeddable":true,"href":"https:\/\/gblexpress.com\/zh\/wp-json\/wp\/v2\/product_cat?post=1258"},{"taxonomy":"product_tag","embeddable":true,"href":"https:\/\/gblexpress.com\/zh\/wp-json\/wp\/v2\/product_tag?post=1258"}],"curies":[{"name":"wp","href":"https:\/\/api.w.org\/{rel}","templated":true}]}}