{"id":1264,"date":"2024-11-26T08:00:45","date_gmt":"2024-11-26T08:00:45","guid":{"rendered":"https:\/\/gblexpress.com\/?post_type=product&#038;p=1264"},"modified":"2026-02-26T07:24:54","modified_gmt":"2026-02-26T07:24:54","slug":"%e5%a5%b3%e8%8b%b1%e9%9b%84","status":"publish","type":"product","link":"https:\/\/gblexpress.com\/zh\/%e4%ba%a7%e5%93%81-2\/%e5%a5%b3%e8%8b%b1%e9%9b%84\/","title":{"rendered":"\u6d77\u6d1b\u56e0"},"content":{"rendered":"<h2><strong>Heroina Online kaufen: Wichtige Informationen zu Typen und Verwendung<\/strong><\/h2>\n<p><a href=\"https:\/\/en.wikipedia.org\/wiki\/Heroin\"><strong>\u6d77\u6d1b\u56e0<\/strong><\/a> \u662f\u4e00\u79cd\u6709\u5404\u79cd\u5f62\u5f0f\u548c\u7c7b\u578b\u7684\u7269\u8d28\u3002\u7531\u4e8e\u5176\u7279\u6027\uff0c\u5b83\u5e38\u5e38\u53d7\u5230\u8ffd\u6c42\u7279\u5b9a\u6548\u679c\u548c\u5e94\u7528\u7684\u7528\u6237\u7684\u8ffd\u6367\u3002\u5982\u679c\u60a8 <a href=\"https:\/\/gblexpress.com\/zh\/%e4%ba%a7%e5%93%81-2\/%e5%a5%b3%e8%8b%b1%e9%9b%84\/\"><strong>\u8d2d\u4e70\u6d77\u6d1b\u56e0<\/strong><\/a> \u4e86\u89e3\u4e0d\u540c\u7684\u7c7b\u578b\u3001\u5b83\u4eec\u7684\u5f71\u54cd\u548c\u5b89\u5168\u4f7f\u7528\u5f88\u91cd\u8981<a href=\"https:\/\/gblexprimer.com\/product\/ketamine-s-isomere-99-rene-500g\/\">.<\/a><\/p>\n<h3><strong>\u6d77\u6d1b\u56e0\u7684\u79cd\u7c7b<\/strong><\/h3>\n<p><strong>1. \u767d\u8272\u6d77\u6d1b\u56e0\u7c89\u672b<\/strong><br \/>\nWhite Heroina \u7ecf\u8fc7\u9ad8\u5ea6\u63d0\u7eaf\uff0c\u901a\u5e38\u901a\u8fc7\u5438\u5165\u6216\u6ce8\u5c04\u4f7f\u7528\u3002\u5b83\u4ee5\u89c1\u6548\u5feb\u3001\u836f\u6548\u5f3a\u800c\u8457\u79f0\uff0c\u6df1\u53d7\u5e0c\u671b\u83b7\u5f97\u6700\u5927\u6548\u679c\u7684\u4f7f\u7528\u8005\u7684\u9752\u7750\u3002<a href=\"https:\/\/gblexpress.com\/zh\/%e8%b4%ad%e7%89%a9\/%e5%b9%b2%e7%87%a5%e7%9a%84-%e7%85%ae%e7%86%9f%e7%9a%84-ghb-500-%e5%85%8b\/\">.<\/a><\/p>\n<p><strong>2. \u68d5\u8272 Heroina\uff08\u5e95\u8272\uff09<\/strong><br \/>\n\u68d5\u8272\u6d77\u6d1b\u56e0\u7684\u5316\u5b66\u7ed3\u6784\u7565\u6709\u4e0d\u540c\uff0c\u901a\u5e38\u4ee5\u70df\u718f\u6216\u5176\u4ed6\u66ff\u4ee3\u65b9\u5f0f\u5438\u98df\u3002\u5b83\u7684\u7eaf\u5ea6\u4f4e\u4e8e\u767d\u6d77\u6d1b\u56e0\uff0c\u901a\u5e38\u5728\u8857\u5934\u5e02\u573a\u51fa\u552e\u3002<\/p>\n<p><strong>3. \u9ed1\u7126\u6cb9 Heroina<\/strong><br \/>\n\u8fd9\u79cd\u5f62\u6001\u9ecf\u7a20\uff0c\u989c\u8272\u8f83\u6df1\uff0c\u4ee5\u7eaf\u5ea6\u8f83\u4f4e\u800c\u95fb\u540d\u3002\u5b83\u901a\u5e38\u53d7\u7279\u5b9a\u5730\u533a\u7684\u9752\u7750\uff0c\u9700\u8981\u4e0d\u540c\u7684\u5236\u5907\u65b9\u6cd5\u3002<\/p>\n<h3><strong>\u4e3a\u4ec0\u4e48\u9009\u62e9 Heroina\uff1f<\/strong><\/h3>\n<p><strong>1. \u5f3a\u5927\u800c\u5feb\u901f\u7684\u6548\u679c<\/strong><br \/>\n\u6d77\u6d1b\u56e0\u56e0\u5176\u80fd\u591f\u8fc5\u901f\u4ea7\u751f\u5f3a\u70c8\u7684\u6548\u679c\u800c\u95fb\u540d\uff0c\u56e0\u6b64\u662f\u4e00\u79cd\u9700\u6c42\u91cf\u5f88\u5927\u7684\u7269\u8d28\u3002<\/p>\n<p><strong>2. \u9488\u5bf9\u4e0d\u540c\u9700\u6c42\u63d0\u4f9b\u4e0d\u540c\u9009\u62e9<\/strong><br \/>\n\u65e0\u8bba\u662f\u6548\u679c\u66f4\u5feb\u7684\u767d\u8272\u7c89\u672b\uff0c\u8fd8\u662f\u6548\u679c\u66f4\u6e29\u548c\u7684\u68d5\u8272 Heroina\uff0c\u8fd9\u4e9b\u7c7b\u578b\u90fd\u80fd\u6839\u636e\u7528\u6237\u7684\u559c\u597d\u63d0\u4f9b\u9009\u62e9\u3002<\/p>\n<p><strong>3. \u8c28\u614e\u800c\u7b80\u5355\u7684\u5e94\u7528<\/strong><br \/>\n\u8fd9\u79cd\u7269\u8d28\u53ef\u4ee5\u901a\u8fc7\u4e0d\u540c\u7684\u65b9\u5f0f\u6444\u5165\uff0c\u7528\u6237\u53ef\u4ee5\u6839\u636e\u81ea\u5df1\u7684\u8212\u9002\u5ea6\u548c\u76ee\u6807\u9009\u62e9\u5408\u9002\u7684\u65b9\u6cd5\u3002<\/p>\n<h3><strong>\u70ed\u95e8\u641c\u7d22\u8bcd\u548c\u5173\u952e\u8bcd<\/strong><\/h3>\n<ul>\n<li><strong>\u5728\u7ebf\u8d2d\u4e70 Heroina<\/strong><\/li>\n<li><strong>Heroina \u6bd4\u8f83\u4ef7\u683c<\/strong><\/li>\n<li><strong>\u6d77\u6d1b\u56e0\u767d\u8272\u7c89\u672b<\/strong><\/li>\n<li><strong>\u68d5\u8272\u6d77\u6d1b\u56e0\u6548\u5e94<\/strong><\/li>\n<li><strong>\u8d2d\u4e70\u9ed1\u7126\u6cb9\u6d77\u6d1b\u56e0<\/strong><\/li>\n<li><strong>\u5e0c\u7f57\u5a1c\u7684\u7528\u91cf<\/strong><\/li>\n<li><strong>Heroina \u7684\u526f\u4f5c\u7528<\/strong><\/li>\n<li><strong>\u5b89\u5168\u8d2d\u4e70\u5e0c\u7f57\u5a1c<\/strong><\/li>\n<\/ul>\n<h3>\u5b89\u5168\u8d2d\u4e70\u6d77\u6d1b\u56e0<\/h3>\n<p>\u6211\u4eec\u63d0\u4f9b\u4e86\u4e00\u4e2a\u5e73\u53f0\uff0c\u60a8\u53ef\u4ee5 <strong>\u5728\u7ebf\u8d2d\u4e70 Heroina<\/strong> \u5305\u88c5\u8c28\u614e\uff0c\u4ea4\u8d27\u8fc5\u901f\u3002\u6211\u4eec\u7684\u76ee\u6807\u662f\u8ba9\u60a8\u65b9\u4fbf\u3001\u5b89\u5168\u5730\u83b7\u5f97\u6240\u9700\u7684\u4ea7\u54c1\u3002<\/p>\n<h3>\u4f7f\u7528\u8bf4\u660e<\/h3>\n<p>\u4f7f\u7528 <a href=\"https:\/\/duckduckgo.com\/?q=Heroin+online+kaufen&amp;t=h_&amp;ia=web\">\u6d77\u6d1b\u56e0<\/a> \u5e94\u59cb\u7ec8\u8c28\u614e\u4f7f\u7528 Heroina\u3002\u5982\u679c\u5bf9\u5242\u91cf\u548c\u4f7f\u7528\u65b9\u6cd5\u6709\u4efb\u4f55\u7591\u95ee\uff0c\u8bf7\u54a8\u8be2\u4e13\u5bb6\u3002\u91cd\u8981\u7684\u662f\uff0c\u5728\u4f7f\u7528\u8be5\u7269\u8d28\u4e4b\u524d\uff0c\u8981\u4e86\u89e3\u5176\u53ef\u80fd\u4ea7\u751f\u7684\u526f\u4f5c\u7528\u548c\u98ce\u9669\u3002<\/p>\n<h3><strong>\u7acb\u5373\u8d2d\u4e70<\/strong><\/h3>\n<p>\u627e\u5230\u9002\u5408\u60a8\u9700\u6c42\u7684\u7c7b\u578b\u5e76\u8ba2\u8d2d <a href=\"https:\/\/www.google.de\/search?q=Anavar+50+mg+online+kaufen&amp;sca_esv=7d1b82273738a5db&amp;hl=en&amp;ei=foLiZ_nZK6qMm9cPv4Xd6AQ&amp;ved=0ahUKEwj5kMidgKWMAxUqxuYEHb9CF00Q4dUDCBA&amp;uact=5&amp;oq=Anavar+50+mg+online+kaufen&amp;gs_lp=Egxnd3Mtd2l6LXNlcnAiGkFuYXZhciA1MCBtZyBvbmxpbmUga2F1ZmVuSJsGUABYAHAAeACQAQCYAQCgAQCqAQC4AQPIAQD4AQL4AQGYAgCgAgCYAwCSBwCgBwCyBwC4BwA&amp;sclient=gws-wiz-serp\"><strong>\u6d77\u6d1b\u56e0<\/strong><\/a> \u4eca\u5929\u4e0a\u7ebf\u3002\u9009\u62e9\u767d\u8272\u6d77\u6d1b\u56e0\u3001\u68d5\u8272\u6d77\u6d1b\u56e0\u6216\u9ed1\u8272\u7126\u6cb9<a href=\"https:\/\/www.google.de\/search?q=Anavar+50+mg+online+kaufen&amp;sca_esv=7d1b82273738a5db&amp;hl=en&amp;ei=foLiZ_nZK6qMm9cPv4Xd6AQ&amp;ved=0ahUKEwj5kMidgKWMAxUqxuYEHb9CF00Q4dUDCBA&amp;uact=5&amp;oq=Anavar+50+mg+online+kaufen&amp;gs_lp=Egxnd3Mtd2l6LXNlcnAiGkFuYXZhciA1MCBtZyBvbmxpbmUga2F1ZmVuSJsGUABYAHAAeACQAQCYAQCgAQCqAQC4AQPIAQD4AQL4AQGYAgCgAgCYAwCSBwCgBwCyBwC4BwA&amp;sclient=gws-wiz-serp\">Heroina \u2013 \u5b89\u5168<\/a>\u4eca\u5929\u5c31\u5728\u7ebf\u8ba2\u8d2d\u3002\u60a8\u53ef\u4ee5\u9009\u62e9\u767d\u8272 Heroina\u3001\u68d5\u8272 Heroina \u6216\u9ed1\u8272\u7126\u6cb9 Heroina - \u5b89\u5168\u3001\u8c28\u614e\u3001\u7b80\u4fbf\u3002\u73b0\u5728\u5c31\u5f00\u59cb\u4f7f\u7528\uff0c\u4e86\u89e3\u6700\u9002\u5408\u60a8\u559c\u597d\u7684\u9009\u62e9\u3002<\/p>","protected":false},"excerpt":{"rendered":"<p><strong>\u6d77\u6d1b\u56e0<\/strong>\u5316\u5b66\u540d\u79f0 <strong>\u4e8c\u4e59\u9170\u5417\u5561<\/strong>\u662f\u4e00\u79cd\u4ece\u5417\u5561\u4e2d\u63d0\u53d6\u7684\u534a\u5408\u6210\u963f\u7247\u7c7b\u836f\u7269\u3002\u5b83\u4ee5\u5176\u5f3a\u70c8\u7684\u9547\u75db\u548c\u9547\u9759\u7279\u6027\u800c\u95fb\u540d\uff0c\u76ee\u524d\u6b63\u88ab\u7528\u4e8e\u533b\u5b66\u7814\u7a76\u548c\u7279\u6b8a\u7528\u9014\u3002 <strong>\u6d77\u6d1b\u56e0<\/strong> \u5728\u963f\u7247\u53d7\u4f53\u3001\u6210\u763e\u673a\u5236\u548c\u6b62\u75db\u7814\u7a76\u65b9\u9762\u53d1\u6325\u7740\u5173\u952e\u4f5c\u7528\u3002<\/p>\n<p><strong>\u6d77\u6d1b\u56e0\u662f\u5982\u4f55\u8d77\u4f5c\u7528\u7684\uff1f<\/strong><br \/>\n<strong>\u6d77\u6d1b\u56e0<\/strong> \u5177\u6709\u4ee5\u4e0b\u6548\u679c <strong>\u00b5-\u963f\u7247\u53d7\u4f53<\/strong> \u4e2d\u67a2\u795e\u7ecf\u7cfb\u7edf\u4e2d\u3002\u8fd9\u79cd\u7ed3\u5408\u4f1a\u963b\u65ad\u75bc\u75db\u4fe1\u53f7\uff0c\u540c\u65f6\u5f15\u53d1\u591a\u5df4\u80fa\u7684\u5f3a\u70c8\u91ca\u653e\uff0c\u4ece\u800c\u5bfc\u81f4\u5174\u594b\u548c\u653e\u677e\u3002<\/p>\n<ul>\n<li><strong>\u6548\u679c<\/strong> \u5feb\u901f\u6b62\u75db\u3001\u5f3a\u5316\u653e\u677e\u548c\u9547\u9759\u3002<\/li>\n<li><strong>\u6548\u679c\u5f00\u59cb\uff1a<\/strong> \u7ed9\u836f\u540e 2-10 \u5206\u949f\uff08\u53d6\u51b3\u4e8e\u7ed9\u836f\u65b9\u6cd5\uff09\u3002<\/li>\n<li><strong>\u6548\u679c\u6301\u7eed\u65f6\u95f4\uff1a<\/strong> 3-6 \u5c0f\u65f6\u3002<\/li>\n<\/ul>\n<p><strong>\u914d\u65b9\u548c\u7279\u6027<\/strong><\/p>\n<ul>\n<li><strong>\u5316\u5b66\u540d\u79f0<\/strong> \u4e8c\u4e59\u9170\u5417\u5561<\/li>\n<li><strong>\u5206\u5b50\u5f0f<\/strong> C21H23NO5<\/li>\n<li><strong>\u5206\u5b50\u91cf<\/strong> 369.41 \u514b\/\u6469\u5c14<\/li>\n<\/ul>","protected":false},"featured_media":1612,"comment_status":"open","ping_status":"closed","template":"","meta":{"_joinchat":[]},"product_brand":[],"product_cat":[246],"product_tag":[419,429,418,426,421,436,431,422,443,435,423,430,427,444,420,428,432,441,424,425,437,434,433,439,440,438,442],"class_list":{"0":"post-1264","1":"product","2":"type-product","3":"status-publish","4":"has-post-thumbnail","6":"product_cat-sex-meth","7":"product_tag-diacetylmorphin","8":"product_tag-diacetylmorphin-kaufen","9":"product_tag-heroin","10":"product_tag-heroin-anwendung","11":"product_tag-heroin-bestellen","12":"product_tag-heroin-chemie","13":"product_tag-heroin-dosierung","14":"product_tag-heroin-forschung","15":"product_tag-heroin-fuer-apotheken","16":"product_tag-heroin-fuer-forschung","17":"product_tag-heroin-fuer-medizinische-zwecke","18":"product_tag-heroin-fuer-wissenschaft","19":"product_tag-heroin-grosshandel","20":"product_tag-heroin-in-deutschland-kaufen","21":"product_tag-heroin-kaufen","22":"product_tag-heroin-laborbedarf","23":"product_tag-heroin-lagerung","24":"product_tag-heroin-legal-kaufen","25":"product_tag-heroin-lieferant","26":"product_tag-heroin-preis","27":"product_tag-heroin-reinheit","28":"product_tag-heroin-risiken","29":"product_tag-heroin-sicherheitsrichtlinien","30":"product_tag-heroin-testsubstanzen","31":"product_tag-heroin-weltweit-bestellen","32":"product_tag-heroin-wirkung","33":"product_tag-wo-heroin-kaufen","35":"first","36":"instock","37":"shipping-taxable","38":"purchasable","39":"product-type-variable"},"yoast_head":"<!-- This site is optimized with the Yoast SEO plugin v25.4 - https:\/\/yoast.com\/wordpress\/plugins\/seo\/ -->\n<title>Heroin online kaufen \u2013 Heroin zu verkaufen<\/title>\n<meta name=\"description\" content=\"Kaufen Sie Heroina online zu den besten Preisen in unserem Online-Shop. Wir bieten g\u00fcnstiges und hochwertiges Heroina an und liefern weltweit. Sie k\u00f6nnen jederzeit und \u00fcberall bestellen.\" \/>\n<meta name=\"robots\" content=\"index, follow, max-snippet:-1, max-image-preview:large, max-video-preview:-1\" \/>\n<link rel=\"canonical\" href=\"https:\/\/gblexpress.com\/zh\/\u4ea7\u54c1-2\/\u5973\u82f1\u96c4\/\" \/>\n<meta property=\"og:locale\" content=\"zh_CN\" \/>\n<meta property=\"og:type\" content=\"article\" \/>\n<meta property=\"og:title\" content=\"Heroin online kaufen \u2013 Heroin zu verkaufen\" \/>\n<meta property=\"og:description\" content=\"Kaufen Sie Heroina online zu den besten Preisen in unserem Online-Shop. Wir bieten g\u00fcnstiges und hochwertiges Heroina an und liefern weltweit. Sie k\u00f6nnen jederzeit und \u00fcberall bestellen.\" \/>\n<meta property=\"og:url\" content=\"https:\/\/gblexpress.com\/zh\/\u4ea7\u54c1-2\/\u5973\u82f1\u96c4\/\" \/>\n<meta property=\"og:site_name\" content=\"GBL Express\" \/>\n<meta property=\"article:modified_time\" content=\"2026-02-26T07:24:54+00:00\" \/>\n<meta property=\"og:image\" content=\"https:\/\/gblexpress.com\/wp-content\/uploads\/2024\/11\/heroin.jpg\" \/>\n\t<meta property=\"og:image:width\" content=\"600\" \/>\n\t<meta property=\"og:image:height\" content=\"600\" \/>\n\t<meta property=\"og:image:type\" content=\"image\/jpeg\" \/>\n<meta name=\"twitter:card\" content=\"summary_large_image\" \/>\n<meta name=\"twitter:label1\" content=\"\u9884\u8ba1\u9605\u8bfb\u65f6\u95f4\" \/>\n\t<meta name=\"twitter:data1\" content=\"2 \u5206\" \/>\n<!-- \/ Yoast SEO plugin. -->","yoast_head_json":{"title":"\u5728\u7ebf\u8d2d\u4e70\u6d77\u6d1b\u56e0 \u2013 \u51fa\u552e\u6d77\u6d1b\u56e0","description":"\u5728\u6211\u4eec\u7684\u7f51\u4e0a\u5546\u5e97\u4ee5\u6700\u4f18\u60e0\u7684\u4ef7\u683c\u5728\u7ebf\u8d2d\u4e70 Heroina\u3002\u6211\u4eec\u63d0\u4f9b\u4ef7\u683c\u5b9e\u60e0\u3001\u54c1\u8d28\u4f18\u826f\u7684\u6d77\u6d1b\u56e0\u5e76\u8fd0\u5f80\u4e16\u754c\u5404\u5730\u3002\u60a8\u53ef\u4ee5\u968f\u65f6\u968f\u5730\u8ba2\u8d2d\u3002","robots":{"index":"index","follow":"follow","max-snippet":"max-snippet:-1","max-image-preview":"max-image-preview:large","max-video-preview":"max-video-preview:-1"},"canonical":"https:\/\/gblexpress.com\/zh\/\u4ea7\u54c1-2\/\u5973\u82f1\u96c4\/","og_locale":"zh_CN","og_type":"article","og_title":"Heroin online kaufen \u2013 Heroin zu verkaufen","og_description":"Kaufen Sie Heroina online zu den besten Preisen in unserem Online-Shop. Wir bieten g\u00fcnstiges und hochwertiges Heroina an und liefern weltweit. Sie k\u00f6nnen jederzeit und \u00fcberall bestellen.","og_url":"https:\/\/gblexpress.com\/zh\/\u4ea7\u54c1-2\/\u5973\u82f1\u96c4\/","og_site_name":"GBL Express","article_modified_time":"2026-02-26T07:24:54+00:00","og_image":[{"width":600,"height":600,"url":"https:\/\/gblexpress.com\/wp-content\/uploads\/2024\/11\/heroin.jpg","type":"image\/jpeg"}],"twitter_card":"summary_large_image","twitter_misc":{"\u9884\u8ba1\u9605\u8bfb\u65f6\u95f4":"2 \u5206"},"schema":{"@context":"https:\/\/schema.org","@graph":[{"@type":"WebPage","@id":"https:\/\/gblexpress.com\/product\/heroina\/","url":"https:\/\/gblexpress.com\/product\/heroina\/","name":"\u5728\u7ebf\u8d2d\u4e70\u6d77\u6d1b\u56e0 \u2013 \u51fa\u552e\u6d77\u6d1b\u56e0","isPartOf":{"@id":"https:\/\/gblexpress.com\/#website"},"primaryImageOfPage":{"@id":"https:\/\/gblexpress.com\/product\/heroina\/#primaryimage"},"image":{"@id":"https:\/\/gblexpress.com\/product\/heroina\/#primaryimage"},"thumbnailUrl":"https:\/\/gblexpress.com\/wp-content\/uploads\/2024\/11\/heroin.jpg","datePublished":"2024-11-26T08:00:45+00:00","dateModified":"2026-02-26T07:24:54+00:00","description":"\u5728\u6211\u4eec\u7684\u7f51\u4e0a\u5546\u5e97\u4ee5\u6700\u4f18\u60e0\u7684\u4ef7\u683c\u5728\u7ebf\u8d2d\u4e70 Heroina\u3002\u6211\u4eec\u63d0\u4f9b\u4ef7\u683c\u5b9e\u60e0\u3001\u54c1\u8d28\u4f18\u826f\u7684\u6d77\u6d1b\u56e0\u5e76\u8fd0\u5f80\u4e16\u754c\u5404\u5730\u3002\u60a8\u53ef\u4ee5\u968f\u65f6\u968f\u5730\u8ba2\u8d2d\u3002","breadcrumb":{"@id":"https:\/\/gblexpress.com\/product\/heroina\/#breadcrumb"},"inLanguage":"zh-Hans","potentialAction":[{"@type":"ReadAction","target":["https:\/\/gblexpress.com\/product\/heroina\/"]}]},{"@type":"ImageObject","inLanguage":"zh-Hans","@id":"https:\/\/gblexpress.com\/product\/heroina\/#primaryimage","url":"https:\/\/gblexpress.com\/wp-content\/uploads\/2024\/11\/heroin.jpg","contentUrl":"https:\/\/gblexpress.com\/wp-content\/uploads\/2024\/11\/heroin.jpg","width":600,"height":600,"caption":"heroin online kaufen"},{"@type":"BreadcrumbList","@id":"https:\/\/gblexpress.com\/product\/heroina\/#breadcrumb","itemListElement":[{"@type":"ListItem","position":1,"name":"Home","item":"https:\/\/gblexpress.com\/"},{"@type":"ListItem","position":2,"name":"Shop","item":"https:\/\/gblexpress.com\/shop\/"},{"@type":"ListItem","position":3,"name":"Heroina"}]},{"@type":"WebSite","@id":"https:\/\/gblexpress.com\/#website","url":"https:\/\/gblexpress.com\/","name":"GBL Express","description":"","publisher":{"@id":"https:\/\/gblexpress.com\/#organization"},"potentialAction":[{"@type":"SearchAction","target":{"@type":"EntryPoint","urlTemplate":"https:\/\/gblexpress.com\/?s={search_term_string}"},"query-input":{"@type":"PropertyValueSpecification","valueRequired":true,"valueName":"search_term_string"}}],"inLanguage":"zh-Hans"},{"@type":"Organization","@id":"https:\/\/gblexpress.com\/#organization","name":"GBL Express","url":"https:\/\/gblexpress.com\/","logo":{"@type":"ImageObject","inLanguage":"zh-Hans","@id":"https:\/\/gblexpress.com\/#\/schema\/logo\/image\/","url":"https:\/\/gblexpress.com\/wp-content\/uploads\/2023\/01\/logo.png","contentUrl":"https:\/\/gblexpress.com\/wp-content\/uploads\/2023\/01\/logo.png","width":250,"height":52,"caption":"GBL Express"},"image":{"@id":"https:\/\/gblexpress.com\/#\/schema\/logo\/image\/"}}]}},"jetpack-related-posts":[],"jetpack_sharing_enabled":true,"_links":{"self":[{"href":"https:\/\/gblexpress.com\/zh\/wp-json\/wp\/v2\/product\/1264","targetHints":{"allow":["GET"]}}],"collection":[{"href":"https:\/\/gblexpress.com\/zh\/wp-json\/wp\/v2\/product"}],"about":[{"href":"https:\/\/gblexpress.com\/zh\/wp-json\/wp\/v2\/types\/product"}],"replies":[{"embeddable":true,"href":"https:\/\/gblexpress.com\/zh\/wp-json\/wp\/v2\/comments?post=1264"}],"wp:featuredmedia":[{"embeddable":true,"href":"https:\/\/gblexpress.com\/zh\/wp-json\/wp\/v2\/media\/1612"}],"wp:attachment":[{"href":"https:\/\/gblexpress.com\/zh\/wp-json\/wp\/v2\/media?parent=1264"}],"wp:term":[{"taxonomy":"product_brand","embeddable":true,"href":"https:\/\/gblexpress.com\/zh\/wp-json\/wp\/v2\/product_brand?post=1264"},{"taxonomy":"product_cat","embeddable":true,"href":"https:\/\/gblexpress.com\/zh\/wp-json\/wp\/v2\/product_cat?post=1264"},{"taxonomy":"product_tag","embeddable":true,"href":"https:\/\/gblexpress.com\/zh\/wp-json\/wp\/v2\/product_tag?post=1264"}],"curies":[{"name":"wp","href":"https:\/\/api.w.org\/{rel}","templated":true}]}}