{"id":473,"date":"2023-05-17T10:31:35","date_gmt":"2023-05-17T10:31:35","guid":{"rendered":"https:\/\/gblexpress.com\/?post_type=product&#038;p=473"},"modified":"2026-02-25T05:20:28","modified_gmt":"2026-02-25T05:20:28","slug":"gbl-%e5%9c%a8%e7%ba%bf%e8%b4%ad%e4%b9%b0-%e4%b8%81%e5%86%85%e9%85%af-%e8%b4%ad%e4%b9%b0","status":"publish","type":"product","link":"https:\/\/gblexpress.com\/zh\/%e4%ba%a7%e5%93%81-2\/gbl-%e5%9c%a8%e7%ba%bf%e8%b4%ad%e4%b9%b0-%e4%b8%81%e5%86%85%e9%85%af-%e8%b4%ad%e4%b9%b0\/","title":{"rendered":"\u5728\u7ebf\u8d2d\u4e70 GBL"},"content":{"rendered":"<h2><strong>\u4f3d\u9a6c-\u4e01\u5185\u916fGBL\u8f6e\u8f8b\u6e05\u6d17\u5242<\/strong><\/h2>\n<p><a href=\"https:\/\/en.wikipedia.org\/wiki\/GBL\">gbl-buying<\/a>, Gamma-Butyrolacton-Produkte sind eine hygroskopische, farblose, \u00f6lige Fl\u00fcssigkeit mit einem schwachen charakteristischen Geruch und sind wasserl\u00f6slich. GBL ist ein g\u00e4ngiges L\u00f6sungsmittel und Reagens in der Chemie und wird als Aromastoff, Fleckentferner, Sekundenkleberentferner, Abbeizmittel und L\u00f6sungsmittel in einigen Nass-Aluminium-Elektrolytkondensatoren verwendet. Beim Menschen fungiert es als Prodrug f\u00fcr GHB und wird als Freizeitrauschmittel mit alkohol\u00e4hnlichen Wirkungen verwendet.<\/p>\n<h3><strong>\u4ec0\u4e48\u662f\u4f3d\u9a6c-\u4e01\u5185\u916f\uff1f<a href=\"https:\/\/gblexpress.com\/zh\/\">?<\/a><\/strong><\/h3>\n<p><a href=\"https:\/\/gblexpress.com\/zh\/%e4%ba%a7%e5%93%81-2\/gbl-%e5%9c%a8%e7%ba%bf%e8%b4%ad%e4%b9%b0-%e4%b8%81%e5%86%85%e9%85%af-%e8%b4%ad%e4%b9%b0\/\">\u03b3-\u4e01\u5185\u916f<\/a> ist ein ideales Antioxidans, Weichmacher, Dispergiermittel und L\u00f6sungsmittel. GBL wird jedoch m\u00f6glicherweise am h\u00e4ufigsten als Zwischenprodukt bei der Herstellung von abgeleiteten Chemikalien wie Methyl-2-pyrrolidon, auch bekannt als NMP, verwendet. Neben seiner Verwendung in der chemischen Produktion ist GBL als Duftstoff in einigen Haushaltsprodukten sowie als L\u00f6sungsmittel in Lotionen, Nagellackentfernern und einigen Polymeren bekannt. Sie k\u00f6nnen es auch in der Batterie- und Kondensatorproduktion verwenden, wenn Sie es mit einer kleinen Menge Ethylenglykol mischen. Kaufen Sie Gamma-Butyrolacton GBL, gbl-Kaufen.<\/p>\n<h3><strong>\u7528\u9014\u548c\u6548\u679c\u3002<\/strong><\/h3>\n<p>\u4f3d\u9a6c-\u4e01\u5185\u916fGBL\u662f\u4e00\u79cd\u5177\u6709\u72ec\u7279\u6e05\u6d01\u529b\u7684\u795e\u5947\u6e05\u6d01\u5242\u3002<br \/>\n\u5f15\u8d77\u653e\u677e\u3002<br \/>\n\u589e\u52a0\u7cbe\u795e\u7684\u6e05\u6670\u5ea6\u3002<br \/>\n\u7f13\u89e3\u6291\u90c1\u75c7\u548c\u538b\u529b\u3002<br \/>\n\u5ef6\u957f\u5bff\u547d\u3002<br \/>\n\u63d0\u9ad8\u6027\u80fd\u529b\u548c\u6027\u5feb\u611f\u3002<br \/>\n\u51cf\u5c11\u8102\u80aa\u3002<br \/>\n\u91ca\u653e\u751f\u957f\u6fc0\u7d20\u3002<br \/>\n\u63d0\u9ad8\u8fd0\u52a8\u6210\u7ee9\u3002<br \/>\n\u6539\u5584\u7761\u7720\u3002<br \/>\n\u4f5c\u4e3a\u4e00\u4e2a\u5065\u7f8e\u8fd0\u52a8\u5458\u6216\u808c\u8089\u953b\u70bc\u8005\u3002<a href=\"https:\/\/en.wikipedia.org\/wiki\/GBL\">r.<\/a><br \/>\n\u4f5c\u4e3a\u4e00\u79cd\u5a31\u4e50\u6027\u836f\u7269\u3002<br \/>\n\u4f3d\u9a6c-\u4e01\u5185\u916f\u8131\u6f06\u5242<\/p>\n<div class=\"elementor-element elementor-element-9d8da53 elementor-widget elementor-widget-heading\" data-id=\"9d8da53\" data-element_type=\"widget\" data-widget_type=\"heading.default\">\n<div class=\"elementor-widget-container\">\n<h3 class=\"elementor-heading-title elementor-size-default\"><strong>\u5728\u54ea\u91cc\u53ef\u4ee5\u4e70\u5230 GBL\uff1f<\/strong><\/h3>\n<\/div>\n<\/div>\n<div class=\"elementor-element elementor-element-276da13 elementor-widget elementor-widget-text-editor\" data-id=\"276da13\" data-element_type=\"widget\" data-widget_type=\"text-editor.default\">\n<div class=\"elementor-widget-container\">\n<div class=\"elementor-element elementor-element-f935fcf elementor-widget elementor-widget-text-editor\" data-id=\"f935fcf\" data-element_type=\"widget\" data-widget_type=\"text-editor.default\">\n<div class=\"elementor-widget-container\">\n<p>GBL \u53ef\u4ee5\u5728\u6211\u4eec\u7684\u7f51\u7ad9\u4e0a\u5728\u7ebf\u8d2d\u4e70\u3002\u4e0d\u8fc7\uff0c\u91cd\u8981\u7684\u662f\u53ea\u4ece\u4fe1\u8a89\u826f\u597d\u7684\u6765\u6e90\u8d2d\u4e70 GBL\u3002\u4e92\u8054\u7f51\u4e0a\u6709\u5f88\u591a\u9a97\u5c40\uff0c\u56e0\u6b64\u5728\u8d2d\u4e70\u524d\u4e00\u5b9a\u8981\u505a\u597d\u8c03\u67e5\u3002<\/p>\n<\/div>\n<\/div>\n<\/div>\n<\/div>\n<div class=\"elementor-element elementor-element-d81d864 elementor-widget elementor-widget-heading\" data-id=\"d81d864\" data-element_type=\"widget\" data-widget_type=\"heading.default\">\n<div class=\"elementor-widget-container\">\n<h3 class=\"elementor-heading-title elementor-size-default\"><strong>\u5982\u4f55\u5b89\u5168\u4f7f\u7528 GBL\uff1f<\/strong><\/h3>\n<\/div>\n<\/div>\n<div class=\"elementor-element elementor-element-b3595ad elementor-widget elementor-widget-text-editor\" data-id=\"b3595ad\" data-element_type=\"widget\" data-widget_type=\"text-editor.default\">\n<div class=\"elementor-widget-container\">\n<div class=\"elementor-element elementor-element-bfa46e2 elementor-widget elementor-widget-text-editor\" data-id=\"bfa46e2\" data-element_type=\"widget\" data-widget_type=\"text-editor.default\">\n<div class=\"elementor-widget-container\">\n<p>\u5982\u524d\u6240\u8ff0\uff0cGBL \u662f\u4e00\u79cd\u5f3a\u6548\u7684\u4e2d\u67a2\u795e\u7ecf\u6291\u5236\u5242\u3002\u56e0\u6b64\uff0c\u8bf7\u52a1\u5fc5\u9075\u7167\u6307\u793a\u4f7f\u7528 GBL\uff0c\u5207\u52ff\u6444\u5165\u8d85\u8fc7\u5efa\u8bae\u91cf\u7684 GBL\u3002\u6b64\u5916\uff0c\u5728\u670d\u7528 GBL \u65f6\uff0c\u5e94\u59cb\u7ec8\u6709\u540c\u4f34\u966a\u4f34\uff0c\u4ee5\u4fbf\u5728\u9700\u8981\u65f6\u76d1\u6d4b\u75c5\u60c5\u5e76\u63d0\u4f9b\u5e2e\u52a9\u3002\u6700\u540e\uff0c\u8bf7\u5c06 GBL \u653e\u5728\u513f\u7ae5\u548c\u5ba0\u7269\u63a5\u89e6\u4e0d\u5230\u7684\u5730\u65b9\u3002<\/p>\n<\/div>\n<\/div>\n<\/div>\n<\/div>\n<div class=\"elementor-element elementor-element-e2013c7 elementor-widget elementor-widget-heading\" data-id=\"e2013c7\" data-element_type=\"widget\" data-widget_type=\"heading.default\">\n<div class=\"elementor-widget-container\">\n<h3 class=\"elementor-heading-title elementor-size-default\"><strong>\u5173\u4e8e\u4f3d\u9a6c\u4e01\u5185\u916f\u7684\u7ed3\u8bba<\/strong><\/h3>\n<\/div>\n<\/div>\n<div class=\"elementor-element elementor-element-55fe5e1 elementor-widget elementor-widget-text-editor\" data-id=\"55fe5e1\" data-element_type=\"widget\" data-widget_type=\"text-editor.default\">\n<div class=\"elementor-widget-container\">\n<section class=\"elementor-section elementor-top-section elementor-element elementor-element-54e0bcc elementor-section-boxed elementor-section-height-default elementor-section-height-default\" data-id=\"54e0bcc\" data-element_type=\"section\">\n<div class=\"elementor-container elementor-column-gap-default\">\n<div class=\"elementor-column elementor-col-100 elementor-top-column elementor-element elementor-element-308d3b4\" data-id=\"308d3b4\" data-element_type=\"column\">\n<div class=\"elementor-widget-wrap elementor-element-populated\">\n<div class=\"elementor-element elementor-element-79e378f elementor-widget elementor-widget-text-editor\" data-id=\"79e378f\" data-element_type=\"widget\" data-widget_type=\"text-editor.default\">\n<div class=\"elementor-widget-container\">\n<p>\u5982\u679c\u6309\u7167\u8bf4\u660e\u4f7f\u7528\uff0cGBL \u53ef\u4ee5\u662f\u4e00\u79cd\u6709\u7528\u7684\u5de5\u4e1a\u6eb6\u5242\u548c\u6e05\u6d01\u5242\u3002\u4e0d\u8fc7\uff0c\u5b83\u4e5f\u662f\u4e00\u79cd\u5f3a\u6548\u7684\u4e2d\u67a2\u795e\u7ecf\u7cfb\u7edf\u5236\u5242\uff0c\u5982\u679c\u6ee5\u7528\uff0c\u4f1a\u4ea7\u751f\u4e25\u91cd\u7684\u526f\u4f5c\u7528\u3002\u56e0\u6b64\uff0c\u4e00\u5b9a\u8981\u4ece\u4fe1\u8a89\u826f\u597d\u7684\u6e20\u9053\u8d2d\u4e70GBL\uff0c\u5e76\u6309\u8bf4\u660e\u4f7f\u7528\u3002\u5982\u679c\u60a8\u5bf9 GBL \u7684\u5b89\u5168\u4f7f\u7528\u6709\u4efb\u4f55\u7591\u95ee\uff0c\u8bf7\u52a1\u5fc5\u5728\u670d\u7528\u524d\u54a8\u8be2\u533b\u751f\u3002<\/p>\n<\/div>\n<\/div>\n<\/div>\n<\/div>\n<\/div>\n<\/section>\n<\/div>\n<\/div>","protected":false},"excerpt":{"rendered":"<p><strong>GBL<\/strong> (\u4f3d\u9a6c\u4e01\u5185\u916f\uff09\u662f\u4e00\u79cd\u591a\u529f\u80fd\u6709\u673a\u5316\u5408\u7269\uff0c\u5e7f\u6cdb\u5e94\u7528\u4e8e\u5316\u5b66\u5de5\u4e1a\u3001\u6e05\u6d01\u548c\u7814\u7a76\u9886\u57df\u3002\u5b83\u4ee5\u5176\u5f3a\u5927\u7684\u6eb6\u5242\u7279\u6027\u800c\u95fb\u540d\uff0c\u662f\u4e00\u79cd\u53ef\u7528\u4e8e\u5316\u5b66\u5de5\u4e1a\u3001\u6e05\u6d01\u548c\u7814\u7a76\u7684\u591a\u529f\u80fd\u6709\u673a\u5316\u5408\u7269\u3002 <strong>GBL<\/strong> \u662f\u5316\u5b66\u4ea7\u54c1\u751f\u4ea7\u4e2d\u4e0d\u53ef\u6216\u7f3a\u7684\u6210\u5206\uff0c\u4e5f\u662f\u751f\u7269\u548c\u5316\u5b66\u8fc7\u7a0b\u4e2d\u7684\u91cd\u8981\u7814\u7a76\u5bf9\u8c61\u3002<\/p>\n<p><strong>GBL \u662f\u5982\u4f55\u5de5\u4f5c\u7684\uff1f<\/strong><br \/>\n<strong>GBL<\/strong> \u5728\u4f53\u5185\u8f6c\u5316\u4e3a\u5f71\u54cd\u4e2d\u67a2\u795e\u7ecf\u7cfb\u7edf\u7684\u4f3d\u9a6c-\u7f9f\u4e01\u9178\uff08GHB\uff09\u3002\u8fd9\u79cd\u5316\u5b66\u8f6c\u5316\u4f7f\u5176\u72ec\u7279\u7684\u7279\u6027\u5f97\u4ee5\u5c55\u73b0\u3002\u5728\u5de5\u4e1a\u4e0a\uff0c\u5b83\u56e0\u5177\u6709\u9ad8\u6eb6\u89e3\u6027\u548c\u9ad8\u53cd\u5e94\u6027\u800c\u5907\u53d7\u91cd\u89c6\u3002<\/p>\n<ul>\n<li><strong>\u5de5\u4e1a\u6548\u5e94\uff1a<\/strong> \u9ad8\u6548\u6eb6\u89e3\u6cb9\u8102\u3001\u6811\u8102\u548c\u805a\u5408\u7269\u3002<\/li>\n<li><strong>\u751f\u7269\u6548\u5e94<\/strong> \u5728\u8f6c\u5316\u4e3a\u4f3d\u9a6c--\u7f9f\u4e01\u9178\u540e\uff0c\u5b83\u53ef\u4f5c\u4e3a\u4e00\u79cd\u795e\u7ecf\u9012\u8d28\u5f71\u54cd\u7761\u7720\u3001\u653e\u677e\u548c\u795e\u7ecf\u5143\u8fc7\u7a0b\u3002<\/li>\n<\/ul>\n<p><strong>\u6301\u7eed\u65f6\u95f4\u548c\u6548\u679c\uff1a<\/strong><\/p>\n<ul>\n<li><strong>\u6548\u679c\u5f00\u59cb\uff1a<\/strong> 10-20 \u5206\u949f\u5185\u751f\u7269\u5229\u7528\u3002<\/li>\n<li><strong>\u6548\u679c\u6301\u7eed\u65f6\u95f4\uff1a<\/strong> 1.5 \u81f3 3 \u5c0f\u65f6\uff0c\u89c6\u5242\u91cf\u548c\u65bd\u7528\u65b9\u6cd5\u800c\u5b9a\u3002<\/li>\n<li><strong>\u5de5\u4e1a\u5229\u7528\uff1a<\/strong> \u5728\u6e05\u6d01\u6216\u6eb6\u89e3\u7269\u8d28\u65f6\u53ef\u7acb\u5373\u89c1\u6548\u3002<\/li>\n<\/ul>\n<p><strong>\u914d\u65b9\u548c\u7279\u6027<\/strong><\/p>\n<ul>\n<li><strong>\u5316\u5b66\u540d\u79f0<\/strong> \u03b3-\u4e01\u5185\u916f<\/li>\n<li><strong>\u5206\u5b50\u5f0f<\/strong> C4H6O2<\/li>\n<li><strong>\u5206\u5b50\u91cf<\/strong> 86.09 \u514b\/\u6469\u5c14<\/li>\n<\/ul>","protected":false},"featured_media":1643,"comment_status":"open","ping_status":"closed","template":"","meta":{"_joinchat":[]},"product_brand":[],"product_cat":[33,34,36,246],"product_tag":[250,270,249,258,248,269,276,256,260,271,262,265,266,275,261,255,274,273,251,264,268,254,272,257,252,277,253,263,279,259,267,278],"class_list":{"0":"post-473","1":"product","2":"type-product","3":"status-publish","4":"has-post-thumbnail","6":"product_cat-gbl-gamma-butyrolactone-25l","7":"product_cat-ghb","8":"product_cat-ko-drops","9":"product_cat-sex-meth","10":"product_tag-butyrolacton-kaufen","11":"product_tag-butyrolacton-lieferant","12":"product_tag-gamma-butyrolacton","13":"product_tag-gamma-butyrolacton-bestellen","14":"product_tag-gbl","15":"product_tag-gbl-anwendungen","16":"product_tag-gbl-chemie","17":"product_tag-gbl-fluessigkeit","18":"product_tag-gbl-fuer-industrielle-anwendungen","19":"product_tag-gbl-fuer-reinigung","20":"product_tag-gbl-grosshandel","21":"product_tag-gbl-handhabung","22":"product_tag-gbl-hersteller","23":"product_tag-gbl-im-labor","24":"product_tag-gbl-in-der-forschung","25":"product_tag-gbl-in-deutschland-kaufen","26":"product_tag-gbl-in-grossen-mengen","27":"product_tag-gbl-in-kleinen-mengen","28":"product_tag-gbl-kaufen","29":"product_tag-gbl-lagerung","30":"product_tag-gbl-legal","31":"product_tag-gbl-lieferant","32":"product_tag-gbl-loesung-kaufen","33":"product_tag-gbl-loesungsmittel","34":"product_tag-gbl-online-bestellen","35":"product_tag-gbl-online-anbieter","36":"product_tag-gbl-preis","37":"product_tag-gbl-sicherheitsrichtlinien","38":"product_tag-gbl-versand-weltweit","39":"product_tag-gbl-verwendung","40":"product_tag-gbl-zum-verkauf","41":"product_tag-wo-kann-man-gbl-kaufen","43":"first","44":"instock","45":"shipping-taxable","46":"purchasable","47":"product-type-variable"},"yoast_head":"<!-- This site is optimized with the Yoast SEO plugin v25.4 - https:\/\/yoast.com\/wordpress\/plugins\/seo\/ -->\n<title>GBL online kaufen - GBL zu verkaufen<\/title>\n<meta name=\"description\" content=\"Wo kaufen Sie GBL online zum besten Preis? Finden Sie hochwertiges GBL in unserem sicheren Online-Shop \u2013 genau das Richtige f\u00fcr Ihre Recherche. Jetzt bestellen!\" \/>\n<meta name=\"robots\" content=\"index, follow, max-snippet:-1, max-image-preview:large, max-video-preview:-1\" \/>\n<link rel=\"canonical\" href=\"https:\/\/gblexpress.com\/zh\/\u4ea7\u54c1-2\/gbl-\u5728\u7ebf\u8d2d\u4e70-\u4e01\u5185\u916f-\u8d2d\u4e70\/\" \/>\n<meta property=\"og:locale\" content=\"zh_CN\" \/>\n<meta property=\"og:type\" content=\"article\" \/>\n<meta property=\"og:title\" content=\"GBL online kaufen - GBL zu verkaufen\" \/>\n<meta property=\"og:description\" content=\"Wo kaufen Sie GBL online zum besten Preis? Finden Sie hochwertiges GBL in unserem sicheren Online-Shop \u2013 genau das Richtige f\u00fcr Ihre Recherche. Jetzt bestellen!\" \/>\n<meta property=\"og:url\" content=\"https:\/\/gblexpress.com\/zh\/\u4ea7\u54c1-2\/gbl-\u5728\u7ebf\u8d2d\u4e70-\u4e01\u5185\u916f-\u8d2d\u4e70\/\" \/>\n<meta property=\"og:site_name\" content=\"GBL Express\" \/>\n<meta property=\"article:modified_time\" content=\"2026-02-25T05:20:28+00:00\" \/>\n<meta property=\"og:image\" content=\"https:\/\/gblexpress.com\/wp-content\/uploads\/2023\/05\/gbl-1.jpg\" \/>\n\t<meta property=\"og:image:width\" content=\"600\" \/>\n\t<meta property=\"og:image:height\" content=\"600\" \/>\n\t<meta property=\"og:image:type\" content=\"image\/jpeg\" \/>\n<meta name=\"twitter:card\" content=\"summary_large_image\" \/>\n<meta name=\"twitter:label1\" content=\"\u9884\u8ba1\u9605\u8bfb\u65f6\u95f4\" \/>\n\t<meta name=\"twitter:data1\" content=\"2 \u5206\" \/>\n<!-- \/ Yoast SEO plugin. -->","yoast_head_json":{"title":"\u5728\u7ebf\u8d2d\u4e70 GBL - \u51fa\u552e GBL","description":"\u5728\u54ea\u91cc\u53ef\u4ee5\u4ee5\u6700\u4f18\u60e0\u7684\u4ef7\u683c\u5728\u7ebf\u8d2d\u4e70 GBL\uff1f\u5728\u6211\u4eec\u5b89\u5168\u7684\u7f51\u4e0a\u5546\u5e97\u627e\u5230\u9ad8\u8d28\u91cf\u7684 GBL\u2014\u2014\u6b63\u662f\u60a8\u7814\u7a76\u6240\u9700\u8981\u7684\u3002\u7acb\u5373\u8ba2\u8d2d\uff01","robots":{"index":"index","follow":"follow","max-snippet":"max-snippet:-1","max-image-preview":"max-image-preview:large","max-video-preview":"max-video-preview:-1"},"canonical":"https:\/\/gblexpress.com\/zh\/\u4ea7\u54c1-2\/gbl-\u5728\u7ebf\u8d2d\u4e70-\u4e01\u5185\u916f-\u8d2d\u4e70\/","og_locale":"zh_CN","og_type":"article","og_title":"GBL online kaufen - GBL zu verkaufen","og_description":"Wo kaufen Sie GBL online zum besten Preis? Finden Sie hochwertiges GBL in unserem sicheren Online-Shop \u2013 genau das Richtige f\u00fcr Ihre Recherche. Jetzt bestellen!","og_url":"https:\/\/gblexpress.com\/zh\/\u4ea7\u54c1-2\/gbl-\u5728\u7ebf\u8d2d\u4e70-\u4e01\u5185\u916f-\u8d2d\u4e70\/","og_site_name":"GBL Express","article_modified_time":"2026-02-25T05:20:28+00:00","og_image":[{"width":600,"height":600,"url":"https:\/\/gblexpress.com\/wp-content\/uploads\/2023\/05\/gbl-1.jpg","type":"image\/jpeg"}],"twitter_card":"summary_large_image","twitter_misc":{"\u9884\u8ba1\u9605\u8bfb\u65f6\u95f4":"2 \u5206"},"schema":{"@context":"https:\/\/schema.org","@graph":[{"@type":"WebPage","@id":"https:\/\/gblexpress.com\/product\/gbl-online-kaufen-%ce%b3-butyrolacton-kaufen\/","url":"https:\/\/gblexpress.com\/product\/gbl-online-kaufen-%ce%b3-butyrolacton-kaufen\/","name":"\u5728\u7ebf\u8d2d\u4e70 GBL - \u51fa\u552e GBL","isPartOf":{"@id":"https:\/\/gblexpress.com\/#website"},"primaryImageOfPage":{"@id":"https:\/\/gblexpress.com\/product\/gbl-online-kaufen-%ce%b3-butyrolacton-kaufen\/#primaryimage"},"image":{"@id":"https:\/\/gblexpress.com\/product\/gbl-online-kaufen-%ce%b3-butyrolacton-kaufen\/#primaryimage"},"thumbnailUrl":"https:\/\/gblexpress.com\/wp-content\/uploads\/2023\/05\/gbl-1.jpg","datePublished":"2023-05-17T10:31:35+00:00","dateModified":"2026-02-25T05:20:28+00:00","description":"\u5728\u54ea\u91cc\u53ef\u4ee5\u4ee5\u6700\u4f18\u60e0\u7684\u4ef7\u683c\u5728\u7ebf\u8d2d\u4e70 GBL\uff1f\u5728\u6211\u4eec\u5b89\u5168\u7684\u7f51\u4e0a\u5546\u5e97\u627e\u5230\u9ad8\u8d28\u91cf\u7684 GBL\u2014\u2014\u6b63\u662f\u60a8\u7814\u7a76\u6240\u9700\u8981\u7684\u3002\u7acb\u5373\u8ba2\u8d2d\uff01","breadcrumb":{"@id":"https:\/\/gblexpress.com\/product\/gbl-online-kaufen-%ce%b3-butyrolacton-kaufen\/#breadcrumb"},"inLanguage":"zh-Hans","potentialAction":[{"@type":"ReadAction","target":["https:\/\/gblexpress.com\/product\/gbl-online-kaufen-%ce%b3-butyrolacton-kaufen\/"]}]},{"@type":"ImageObject","inLanguage":"zh-Hans","@id":"https:\/\/gblexpress.com\/product\/gbl-online-kaufen-%ce%b3-butyrolacton-kaufen\/#primaryimage","url":"https:\/\/gblexpress.com\/wp-content\/uploads\/2023\/05\/gbl-1.jpg","contentUrl":"https:\/\/gblexpress.com\/wp-content\/uploads\/2023\/05\/gbl-1.jpg","width":600,"height":600,"caption":"gbl online kaufen"},{"@type":"BreadcrumbList","@id":"https:\/\/gblexpress.com\/product\/gbl-online-kaufen-%ce%b3-butyrolacton-kaufen\/#breadcrumb","itemListElement":[{"@type":"ListItem","position":1,"name":"Home","item":"https:\/\/gblexpress.com\/"},{"@type":"ListItem","position":2,"name":"Shop","item":"https:\/\/gblexpress.com\/shop\/"},{"@type":"ListItem","position":3,"name":"GBL Online Kaufen"}]},{"@type":"WebSite","@id":"https:\/\/gblexpress.com\/#website","url":"https:\/\/gblexpress.com\/","name":"GBL Express","description":"","publisher":{"@id":"https:\/\/gblexpress.com\/#organization"},"potentialAction":[{"@type":"SearchAction","target":{"@type":"EntryPoint","urlTemplate":"https:\/\/gblexpress.com\/?s={search_term_string}"},"query-input":{"@type":"PropertyValueSpecification","valueRequired":true,"valueName":"search_term_string"}}],"inLanguage":"zh-Hans"},{"@type":"Organization","@id":"https:\/\/gblexpress.com\/#organization","name":"GBL Express","url":"https:\/\/gblexpress.com\/","logo":{"@type":"ImageObject","inLanguage":"zh-Hans","@id":"https:\/\/gblexpress.com\/#\/schema\/logo\/image\/","url":"https:\/\/gblexpress.com\/wp-content\/uploads\/2023\/01\/logo.png","contentUrl":"https:\/\/gblexpress.com\/wp-content\/uploads\/2023\/01\/logo.png","width":250,"height":52,"caption":"GBL Express"},"image":{"@id":"https:\/\/gblexpress.com\/#\/schema\/logo\/image\/"}}]}},"jetpack-related-posts":[],"jetpack_sharing_enabled":true,"_links":{"self":[{"href":"https:\/\/gblexpress.com\/zh\/wp-json\/wp\/v2\/product\/473","targetHints":{"allow":["GET"]}}],"collection":[{"href":"https:\/\/gblexpress.com\/zh\/wp-json\/wp\/v2\/product"}],"about":[{"href":"https:\/\/gblexpress.com\/zh\/wp-json\/wp\/v2\/types\/product"}],"replies":[{"embeddable":true,"href":"https:\/\/gblexpress.com\/zh\/wp-json\/wp\/v2\/comments?post=473"}],"wp:featuredmedia":[{"embeddable":true,"href":"https:\/\/gblexpress.com\/zh\/wp-json\/wp\/v2\/media\/1643"}],"wp:attachment":[{"href":"https:\/\/gblexpress.com\/zh\/wp-json\/wp\/v2\/media?parent=473"}],"wp:term":[{"taxonomy":"product_brand","embeddable":true,"href":"https:\/\/gblexpress.com\/zh\/wp-json\/wp\/v2\/product_brand?post=473"},{"taxonomy":"product_cat","embeddable":true,"href":"https:\/\/gblexpress.com\/zh\/wp-json\/wp\/v2\/product_cat?post=473"},{"taxonomy":"product_tag","embeddable":true,"href":"https:\/\/gblexpress.com\/zh\/wp-json\/wp\/v2\/product_tag?post=473"}],"curies":[{"name":"wp","href":"https:\/\/api.w.org\/{rel}","templated":true}]}}