{"id":474,"date":"2023-05-17T10:39:29","date_gmt":"2023-05-17T10:39:29","guid":{"rendered":"https:\/\/gblexpress.com\/?post_type=product&#038;p=474"},"modified":"2026-02-25T05:19:56","modified_gmt":"2026-02-25T05:19:56","slug":"%e8%b4%ad%e4%b9%b0%ce%b3-%e7%be%9f%e5%9f%ba%e4%b8%81%e9%85%b8","status":"publish","type":"product","link":"https:\/\/gblexpress.com\/zh\/%e4%ba%a7%e5%93%81-2\/%e8%b4%ad%e4%b9%b0%ce%b3-%e7%be%9f%e5%9f%ba%e4%b8%81%e9%85%b8\/","title":{"rendered":"\u5728\u7ebf\u8d2d\u4e70 GBL"},"content":{"rendered":"<h2><strong>Gamma-Hydroxybutyrat kaufen | Gamma-Hydroxybutyrat-Pulver und -Fl\u00fcssigkeit zu verkaufen | Gamma-Hydroxybutyrat zu verkaufen<\/strong><\/h2>\n<p>Thor Pharmaceuticals bietet verschiedene pharmazeutische Produkte, darunter <strong><a href=\"https:\/\/gblexpress.com\/zh\/%e4%ba%a7%e5%93%81-2\/%e8%b4%ad%e4%b9%b0%ce%b3-%e7%be%9f%e5%9f%ba%e4%b8%81%e9%85%b8\/\">\u4f3d\u9a6c--\u7f9f\u4e01\u9178\u7c89\u672b<\/a><\/strong> und -Fl\u00fcssigkeit, zum Verkauf an. Sie k\u00f6nnen GHB hier bei Thor Pharmaceuticals online zu g\u00fcnstigen Preisen kaufen. Verpackung und Versand erfolgen absolut diskret.<\/p>\n<p>G\u00e4ngige Bezeichnungen: Liquid X, Liquid Ecstasy, Georgia Home Boy, GHB, Gamma-oh, Grievous bodily harm, Mils, G, Liquid G, Fantasy, <strong><a href=\"https:\/\/en.wikipedia.org\/wiki\/%CE%93-Hydroxybutyric_acid\">\u5728\u7ebf\u8d2d\u4e70 GHB<\/a><\/strong><\/p>\n<p>Suchen Sie nach einer vertrauensw\u00fcrdigen, zuverl\u00e4ssigen und diskreten Bezugsquelle f\u00fcr GHB? Dann sind Sie bei Thor Pharmaceuticals genau richtig. Wir bieten GHB-Pulver und -Fl\u00fcssigkeit zu sehr g\u00fcnstigen Preisen an.<\/p>\n<h3><strong>\u4ec0\u4e48\u662f\u4f3d\u9a6c-\u7f9f\u57fa\u4e01\u9178\u76d0\uff08c4h8o3\uff09\uff1f<\/strong><\/h3>\n<p>GHB, oder Gamma-Hydroxybutyrat (C4H8O3), ist ein zentralnerv\u00f6ses D\u00e4mpfungsmittel. Es wird h\u00e4ufig als \u201ePartydroge\u201c oder \u201eDate-Rape-Droge\u201c bezeichnet. Jugendliche und junge Erwachsene missbrauchen GHB in Bars, auf Partys, in Clubs und auf Raves (durchtanzten N\u00e4chten). Diese Gruppe kauft GHB oft online und mischt es in alkoholische Getr\u00e4nke. Zu den m\u00f6glichen Nebenwirkungen geh\u00f6ren Schwitzen, Bewusstlosigkeit (von 69 Prozent der Konsumenten berichtet), \u00dcbelkeit, Halluzinationen, Amnesie und Koma. Kaufen Sie GHB online bei Thor Pharmaceuticals.<\/p>\n<p>Xylem (Natriumoxid), ein Markenmedikament, wurde 2002 von der US-amerikanischen Arzneimittelbeh\u00f6rde FDA zur Behandlung von Narkolepsie zugelassen, einer Schlafst\u00f6rung, die \u00fcberm\u00e4\u00dfige Schl\u00e4frigkeit und wiederkehrende Tagesschl\u00e4frigkeit verursacht. Es handelt sich um das Natriumsalz von Gamma-Hydroxybutyrat. GHB ist online erh\u00e4ltlich. Wir bieten GHB-Pulver und -Fl\u00fcssigkeit in unserem Produktkatalog an.<\/p>\n<p>GHB ist ein nat\u00fcrlich vorkommendes Stoffwechselprodukt des hemmenden Neurotransmitters Gamma-Aminobutters\u00e4ure (GABA), der im Gehirn vorkommt. Die Konzentration des nat\u00fcrlich vorkommenden GHB-Stoffwechselprodukts im Gehirn ist deutlich geringer als die in Drogenmissbrauchsmitteln. Durch Fermentation k\u00f6nnen zudem geringe, aber unbedeutende Mengen an nat\u00fcrlichem GHB in einigen Bieren und Weinen entstehen.<\/p>\n<h3><strong>\u4ec0\u4e48\u662f GHB\uff1f<\/strong><\/h3>\n<p>GHB ist eine synthetische Droge, die urspr\u00fcnglich als An\u00e4sthetikum verwendet wurde. Aufgrund ihrer Verbindung mit sexuellen \u00dcbergriffen ist sie auch als \u201eDate-Rape-Droge\u201c bekannt. GHB ruft in der Regel Gef\u00fchle der Euphorie und Entspannung hervor, was sie f\u00fcr manche Menschen sehr attraktiv machen kann. Wie jede psychoaktive Substanz birgt sie jedoch erhebliche Risiken.<\/p>\n<h3><strong>Die Gefahren des GHB-Kaufs<\/strong><\/h3>\n<p>Der Kauf von GHB ist mit einem hohen Risiko verbunden, da es illegal und nicht reguliert ist. Die meisten auf dem Schwarzmarkt erh\u00e4ltlichen Chemikalien sind ungetestet, daher wei\u00df man nicht genau, was man kauft. Zudem ist die Dosierung \u00e4u\u00dferst schwierig, da es nahezu unm\u00f6glich ist, die richtige Dosis zu bestimmen. Dadurch besteht die Gefahr einer \u00dcberdosierung, die sehr gef\u00e4hrlich und sogar t\u00f6dlich sein kann.<\/p>\n<div class=\"elementor-element elementor-element-5ac7237 elementor-widget elementor-widget-text-editor\" data-id=\"5ac7237\" data-element_type=\"widget\" data-widget_type=\"text-editor.default\">\n<div class=\"elementor-widget-container\">\n<p>Zus\u00e4tzlich wird GHB h\u00e4ufig mit anderen Substanzen gemischt, was das Risiko einer \u00dcberdosierung erh\u00f6ht. Manche Menschen mischen GHB auch mit Alkohol, was zu noch schwerwiegenderen Nebenwirkungen f\u00fchren kann. Schlie\u00dflich kann der Konsum von GHB zu k\u00f6rperlicher und psychischer Abh\u00e4ngigkeit f\u00fchren, die verheerende Folgen f\u00fcr den Konsumenten haben kann.<\/p>\n<h3><strong>Wie kommt man an GHB?<\/strong><\/h3>\n<p>Viele Menschen kaufen GHB online, obwohl dies in der Regel nicht empfehlenswert ist. Viele der Webseiten, die dieses Produkt anbieten, sind betr\u00fcgerisch, und es ist sehr schwierig festzustellen, ob die angebotene Substanz echt ist. Au\u00dferdem gibt es eine Vielzahl von Webseiten, die solche Produkte verkaufen, sodass es schwierig sein kann, die vertrauensw\u00fcrdigsten zu finden.<\/p>\n<p>Dar\u00fcber hinaus ist der Verkauf und Kauf von GHB in den meisten L\u00e4ndern verboten, und der Erwerb und Besitz von GHB kann schwere strafrechtliche Konsequenzen haben. Wenn Sie sich also f\u00fcr den Kauf von GHB entscheiden, sollten Sie vorsichtig sein und sicherstellen, dass Sie ein echtes und sicheres Produkt erwerben.<\/p>\n<\/div>\n<\/div>","protected":false},"excerpt":{"rendered":"<p><span style=\"vertical-align: inherit;\"><span style=\"vertical-align: inherit;\">\u7528\u91cf\uff1a <\/span><\/span><br \/>\n<span style=\"vertical-align: inherit;\"><span style=\"vertical-align: inherit;\">\u521d\u5b66\u8005\uff1a\u7b2c\u4e00\u6b21 3.5 \u6beb\u5347\uff0c\u7136\u540e\u6bcf 2 \u5c0f\u65f6 3 \u6beb\u5347 <\/span><\/span><br \/>\n<span style=\"vertical-align: inherit;\"><span style=\"vertical-align: inherit;\">\u9ad8\u7ea7\uff1a4.5 \u6beb\u5347\uff0c\u7136\u540e\u6bcf 2 \u5c0f\u65f6 4 \u6beb\u5347<\/span><\/span><\/p>\n<p><span style=\"vertical-align: inherit;\"><span style=\"vertical-align: inherit;\">\u7167\u7247\u4e0e\u5b9e\u7269\u4e0d\u7b26\u3002\u6211\u4eec\u6ca1\u6709\u5c55\u793a\u5b9e\u7269\uff0c\u56e0\u4e3aLE\u65b9\u9762\u4e0d\u592a\u597d\u3002<\/span><\/span><\/p>\n<p><span style=\"vertical-align: inherit;\"><span style=\"vertical-align: inherit;\">\u6211\u4eec\u7684\u56e2\u961f\u751f\u4ea7GHB\u5df2\u6709\u516d\u5e74\u591a\u3002\u5982\u679c\u8bf4\u6709\u529e\u6cd5\u7cbe\u70bc\u8fd9\u79cd\u7269\u8d28\uff0c\u6211\u4eec\u5b9e\u9a8c\u5ba4\u7684\u540c\u4e8b\u4eec\u5df2\u7ecf\u5c1d\u8bd5\u8fc7\u5e76\u9a8c\u8bc1\u8fc7\u4e86\uff01\u6211\u4eec\u7684GHB\u62e5\u6709\u6781\u9ad8\u7684\u6548\u529b\uff0c\u4e14\u4e0d\u4f1a\u51dd\u56fa\u3002\u5b83\u62e5\u6709\u6781\u5f3a\u7684\u6548\u529b\uff0c\u5374\u4f9d\u7136\u4fdd\u6301\u6db2\u6001\u3002\u7b80\u76f4\u5c31\u662f\u9876\u7ea7\u7684\u3001\u54b8\u9999\u7684\u3001\u80a5\u7682\u5473\u5341\u8db3\u7684\u7f8e\u5473\uff01<\/span><\/span><\/p>\n<p><span style=\"vertical-align: inherit;\"><span style=\"vertical-align: inherit;\">\u5982\u679c\u60a8\u662fGHB\u7684\u8d44\u6df1\u7528\u6237\uff0c\u60a8\u4e00\u5b9a\u6df1\u6709\u4f53\u4f1a\u3002\u8fd9\u6b3e\u4ea7\u54c1\u7edd\u5bf9\u4e0d\u4f1a\u8ba9\u4f60\u5931\u671b\u3002\u5982\u679c\u60a8\u60f3\u5c1d\u8bd5\u4e00\u4e9b\u65b0\u4e1c\u897f\uff0c\u4ee5\u4e0b\u4fe1\u606f\u6216\u8bb8\u5bf9\u60a8\u6709\u6240\u5e2e\u52a9\uff1a<\/span><\/span><\/p>\n<p><span style=\"vertical-align: inherit;\"><span style=\"vertical-align: inherit;\">GHB \u4e5f\u88ab\u79f0\u4e3a\u201cFantasy\u201d\uff08\u5e7b\u60f3\uff09\u3001\u201cFanta\u201d\uff08\u82ac\u8fbe\uff09\u3001\u201cGrievous Bodily Harm\u201d\uff08\u4e25\u91cd\u8eab\u4f53\u4f24\u5bb3\uff09\u3001GHB\u3001G\u3001G-riffic\u3001Cherry Meth\u3001Goop\u3001\u201cGreat Hormones at Bedtime\u201d\uff08\u7761\u524d\u8377\u5c14\u8499\uff09\u3001\u201cLiquid E\u201d\uff08\u6db2\u4f53E\uff09\u3001\u201cLiquid Ecstasy\u201d\uff08\u6db2\u4f53X\uff09\u3001\u201cScoop\u201d\uff08\u52fa\u5b50\uff09\u3001\u201cSoap\u201d\uff08\u80a5\u7682\uff09\u548c\u201cVita-G\u201d\u3002Psychonautwiki \u5bf9 GHB \u7684\u4f5c\u7528\u8fdb\u884c\u4e86\u5982\u4e0b\u63cf\u8ff0\uff1a<\/span><\/span><\/p>\n<p><span style=\"vertical-align: inherit;\"><span style=\"vertical-align: inherit;\">\u8ba4\u77e5\u6b23\u5feb\u611f\u2014\u2014GHB \u80fd\u4ea7\u751f\u4e0e\u53ef\u5361\u56e0\u3001MDMA \u548c\u963f\u7247\u7c7b\u836f\u7269\u76f8\u5f53\u7684\u5f3a\u70c8\u6b23\u5feb\u611f\u3002\u56e0\u6b64\uff0c\u5b83\u6709\u65f6\u88ab\u79f0\u4e3a\u201c\u6db2\u4f53\u6447\u5934\u4e38\u201d\u3002\u5b83\u901a\u5e38\u88ab\u63cf\u8ff0\u4e3a\u4e00\u79cd\u66f4\u4ee4\u4eba\u6b23\u5feb\u3001\u66f4\u4e0d\u53d7\u6291\u5236\u7684\u9152\u7cbe\u3002<\/span><\/span><\/p>\n<p><span style=\"vertical-align: inherit;\"><span style=\"vertical-align: inherit;\">\u636e\u8bf4\u4f3d\u9a6c--\u7f9f\u4e01\u9178\uff08GHB\uff09\u8fd8\u80fd\u63d0\u9ad8\u6027\u6b32\u548c\u97f3\u4e50\u9274\u8d4f\u529b\u3002<\/span><\/span><\/p>\n<p><span style=\"vertical-align: inherit;\"><span style=\"vertical-align: inherit;\">\u201c\u540c\u60c5\u5fc3\u3001\u60c5\u611f\u548c\u589e\u5f3a\u7684\u793e\u4ea4\u80fd\u529b\u2014\u2014GHB \u5177\u6709\u5f3a\u5927\u7684\u81f4\u5e7b\u4f5c\u7528\uff0c\u867d\u7136\u6bd4 MDMA \u5f31\uff0c\u4f46\u4ecd\u7136\u660e\u663e\u4e14\u660e\u786e\u201d\uff08Psychonautwiki\uff09\u3002<\/span><\/span><\/p>\n<p><span style=\"vertical-align: inherit;\"><span style=\"vertical-align: inherit;\">GHB \u7684\u53e6\u4e00\u4e2a\u5438\u5f15\u4eba\u4e4b\u5904\u662f\u5b83\u80fd\u7f13\u6162\u5730\u6062\u590d\u5230\u57fa\u7ebf\u6c34\u5e73\u3002\u4e0d\u4f1a\u51fa\u73b0\u4ee4\u4eba\u4e0d\u5feb\u7684\u4e0b\u964d\uff0c\u4e5f\u4e0d\u4f1a\u8ba9\u4f60\u611f\u5230\u4e0d\u9002\u3002<\/span><\/span><\/p>\n<p><span style=\"vertical-align: inherit;\"><span style=\"vertical-align: inherit;\">\u6bcf\u4e2a\u4eba\u5bf9 GHB \u7684\u8010\u53d7\u6027\u4e0d\u540c\uff0c\u56e0\u6b64\u5e94\u8c28\u614e\u4f7f\u7528\u5242\u91cf\u3002\u6211\u4eec\u4ea7\u54c1\u7684\u8d44\u6df1\u7528\u6237\u62a5\u544a\u79f0\uff0c\u6700\u4f73\u5242\u91cf\u4e3a 3.5-4.5 \u6beb\u5347\u3002\u4e2d\u7b49\u5242\u91cf\u4e3a 2-3 \u6beb\u5347\u3002\u82ef\u4e8c\u6c2e\u7c7b\u836f\u7269\u3001\u9152\u7cbe\u3001\u9547\u9759\u5242\u548c\u5176\u4ed6\u4e00\u4e9b\u7269\u8d28\u4f1a\u4ee5\u4e0d\u53ef\u9884\u6d4b\u7684\u65b9\u5f0f\u589e\u5f3a GHB \u7684\u4f5c\u7528\uff0c\u4ece\u800c\u5bfc\u81f4\u707e\u96be\u6027\u7684\u540e\u679c\uff0c\u56e0\u6b64\u4e0d\u5efa\u8bae\u4f7f\u7528\u3002<\/span><\/span><\/p>\n<p><span style=\"vertical-align: inherit;\"><span style=\"vertical-align: inherit;\">\u867d\u7136\u6211\u4eec\u5728 GBL EXPRESS \u4e0a\u6709\u4e30\u5bcc\u7684\u4ea7\u54c1\u9500\u552e\u7ecf\u9a8c\uff0c\u4f46\u5728\u5e1d\u56fd\u7f51\u7ad9\u4e0a\u6211\u4eec\u8fd8\u662f\u65b0\u624b\uff0c\u56e0\u6b64\u975e\u5e38\u6b22\u8fce\u60a8\u7684\u79ef\u6781\u53cd\u9988\u3002<\/span><\/span><\/p>","protected":false},"featured_media":1638,"comment_status":"open","ping_status":"closed","template":"","meta":{"_joinchat":[]},"product_brand":[],"product_cat":[34],"product_tag":[72,78,73,79,80,92,82,74,87,93,75,88,81,76,83,85,84,86,77,91,94,97,90,89,95,96],"class_list":{"0":"post-474","1":"product","2":"type-product","3":"status-publish","4":"has-post-thumbnail","6":"product_cat-ghb","7":"product_tag-bester-ghb-pulver-onlineshop","8":"product_tag-ghb","9":"product_tag-ghb-online-kaufen","10":"product_tag-ghb-online-zum-verkauf","11":"product_tag-ghb-pulver","12":"product_tag-ghb-pulver-bestellen","13":"product_tag-ghb-pulver-dubai","14":"product_tag-ghb-pulver-eu-kaufen","15":"product_tag-ghb-pulver-online","16":"product_tag-ghb-pulver-online-bestellen","17":"product_tag-ghb-pulver-online-kaufen","18":"product_tag-ghb-pulver-online-shoppen","19":"product_tag-ghb-pulver-und-fluessigkeit","20":"product_tag-ghb-pulver-usa-kaufen","21":"product_tag-ghb-pulver-zum-verkauf","22":"product_tag-ghb-pulver-zum-verkauf-in-den-usa","23":"product_tag-ghb-pulver-zum-verkauf-in-grossbritannien","24":"product_tag-ghb-pulver-zum-verkauf-online","25":"product_tag-guenstiges-ghb-pulver-online-kaufen","26":"product_tag-legitimer-ghb-pulverlieferant","27":"product_tag-us-anbieter-von-ghb-pulver-online","28":"product_tag-weltweiter-lieferant-von-ghb-pulver-online","29":"product_tag-wie-bestelle-ich-ghb-pulver","30":"product_tag-wie-kann-ich-ghb-pulver-online-kaufen","31":"product_tag-wo-ghb-pulver-online-zu-kaufen-ist","32":"product_tag-wo-man-ghb-pulver-im-grosshandel-kaufen-kann","34":"first","35":"instock","36":"shipping-taxable","37":"purchasable","38":"product-type-variable"},"yoast_head":"<!-- This site is optimized with the Yoast SEO plugin v25.4 - https:\/\/yoast.com\/wordpress\/plugins\/seo\/ -->\n<title>GAMMA HYDROXYBUTYRAT KAUFEN<\/title>\n<meta name=\"description\" content=\"Verpassen Sie nicht die Gelegenheit, GHB online in unserem Shop zu kaufen. Wir bieten ausschlie\u00dflich Feilen und GHB zu g\u00fcnstigen Preisen an. Wir helfen Ihnen gerne weiter. Bestellen Sie jetzt!\" \/>\n<meta name=\"robots\" content=\"index, follow, max-snippet:-1, max-image-preview:large, max-video-preview:-1\" \/>\n<link rel=\"canonical\" href=\"https:\/\/gblexpress.com\/zh\/\u4ea7\u54c1-2\/\u8d2d\u4e70\u03b3-\u7f9f\u57fa\u4e01\u9178\/\" \/>\n<meta property=\"og:locale\" content=\"zh_CN\" \/>\n<meta property=\"og:type\" content=\"article\" \/>\n<meta property=\"og:title\" content=\"GAMMA HYDROXYBUTYRAT KAUFEN\" \/>\n<meta property=\"og:description\" content=\"Verpassen Sie nicht die Gelegenheit, GHB online in unserem Shop zu kaufen. Wir bieten ausschlie\u00dflich Feilen und GHB zu g\u00fcnstigen Preisen an. Wir helfen Ihnen gerne weiter. Bestellen Sie jetzt!\" \/>\n<meta property=\"og:url\" content=\"https:\/\/gblexpress.com\/zh\/\u4ea7\u54c1-2\/\u8d2d\u4e70\u03b3-\u7f9f\u57fa\u4e01\u9178\/\" \/>\n<meta property=\"og:site_name\" content=\"GBL Express\" \/>\n<meta property=\"article:modified_time\" content=\"2026-02-25T05:19:56+00:00\" \/>\n<meta property=\"og:image\" content=\"https:\/\/gblexpress.com\/wp-content\/uploads\/2023\/05\/GHB-1.jpg\" \/>\n\t<meta property=\"og:image:width\" content=\"600\" \/>\n\t<meta property=\"og:image:height\" content=\"600\" \/>\n\t<meta property=\"og:image:type\" content=\"image\/jpeg\" \/>\n<meta name=\"twitter:card\" content=\"summary_large_image\" \/>\n<meta name=\"twitter:label1\" content=\"\u9884\u8ba1\u9605\u8bfb\u65f6\u95f4\" \/>\n\t<meta name=\"twitter:data1\" content=\"3 \u5206\" \/>\n<!-- \/ Yoast SEO plugin. -->","yoast_head_json":{"title":"\u8d2d\u4e70\u4f3d\u9a6c\u7f9f\u57fa\u4e01\u9178\u76d0","description":"\u4e0d\u8981\u9519\u8fc7\u5728\u6211\u4eec\u7684\u5546\u5e97\u5728\u7ebf\u8d2d\u4e70 GHB \u7684\u673a\u4f1a\u3002\u6211\u4eec\u53ea\u4ee5\u5408\u7406\u7684\u4ef7\u683c\u63d0\u4f9b\u6587\u4ef6\u548c GHB\u3002\u6211\u4eec\u5c06\u7aed\u8bda\u4e3a\u60a8\u670d\u52a1\u3002\u7acb\u5373\u8ba2\u8d2d\uff01","robots":{"index":"index","follow":"follow","max-snippet":"max-snippet:-1","max-image-preview":"max-image-preview:large","max-video-preview":"max-video-preview:-1"},"canonical":"https:\/\/gblexpress.com\/zh\/\u4ea7\u54c1-2\/\u8d2d\u4e70\u03b3-\u7f9f\u57fa\u4e01\u9178\/","og_locale":"zh_CN","og_type":"article","og_title":"GAMMA HYDROXYBUTYRAT KAUFEN","og_description":"Verpassen Sie nicht die Gelegenheit, GHB online in unserem Shop zu kaufen. Wir bieten ausschlie\u00dflich Feilen und GHB zu g\u00fcnstigen Preisen an. Wir helfen Ihnen gerne weiter. Bestellen Sie jetzt!","og_url":"https:\/\/gblexpress.com\/zh\/\u4ea7\u54c1-2\/\u8d2d\u4e70\u03b3-\u7f9f\u57fa\u4e01\u9178\/","og_site_name":"GBL Express","article_modified_time":"2026-02-25T05:19:56+00:00","og_image":[{"width":600,"height":600,"url":"https:\/\/gblexpress.com\/wp-content\/uploads\/2023\/05\/GHB-1.jpg","type":"image\/jpeg"}],"twitter_card":"summary_large_image","twitter_misc":{"\u9884\u8ba1\u9605\u8bfb\u65f6\u95f4":"3 \u5206"},"schema":{"@context":"https:\/\/schema.org","@graph":[{"@type":"WebPage","@id":"https:\/\/gblexpress.com\/product\/gamma-hydroxybutyrat-kaufen\/","url":"https:\/\/gblexpress.com\/product\/gamma-hydroxybutyrat-kaufen\/","name":"\u8d2d\u4e70\u4f3d\u9a6c\u7f9f\u57fa\u4e01\u9178\u76d0","isPartOf":{"@id":"https:\/\/gblexpress.com\/#website"},"primaryImageOfPage":{"@id":"https:\/\/gblexpress.com\/product\/gamma-hydroxybutyrat-kaufen\/#primaryimage"},"image":{"@id":"https:\/\/gblexpress.com\/product\/gamma-hydroxybutyrat-kaufen\/#primaryimage"},"thumbnailUrl":"https:\/\/gblexpress.com\/wp-content\/uploads\/2023\/05\/GHB-1.jpg","datePublished":"2023-05-17T10:39:29+00:00","dateModified":"2026-02-25T05:19:56+00:00","description":"\u4e0d\u8981\u9519\u8fc7\u5728\u6211\u4eec\u7684\u5546\u5e97\u5728\u7ebf\u8d2d\u4e70 GHB \u7684\u673a\u4f1a\u3002\u6211\u4eec\u53ea\u4ee5\u5408\u7406\u7684\u4ef7\u683c\u63d0\u4f9b\u6587\u4ef6\u548c GHB\u3002\u6211\u4eec\u5c06\u7aed\u8bda\u4e3a\u60a8\u670d\u52a1\u3002\u7acb\u5373\u8ba2\u8d2d\uff01","breadcrumb":{"@id":"https:\/\/gblexpress.com\/product\/gamma-hydroxybutyrat-kaufen\/#breadcrumb"},"inLanguage":"zh-Hans","potentialAction":[{"@type":"ReadAction","target":["https:\/\/gblexpress.com\/product\/gamma-hydroxybutyrat-kaufen\/"]}]},{"@type":"ImageObject","inLanguage":"zh-Hans","@id":"https:\/\/gblexpress.com\/product\/gamma-hydroxybutyrat-kaufen\/#primaryimage","url":"https:\/\/gblexpress.com\/wp-content\/uploads\/2023\/05\/GHB-1.jpg","contentUrl":"https:\/\/gblexpress.com\/wp-content\/uploads\/2023\/05\/GHB-1.jpg","width":600,"height":600,"caption":"GHB online kaufen"},{"@type":"BreadcrumbList","@id":"https:\/\/gblexpress.com\/product\/gamma-hydroxybutyrat-kaufen\/#breadcrumb","itemListElement":[{"@type":"ListItem","position":1,"name":"Home","item":"https:\/\/gblexpress.com\/"},{"@type":"ListItem","position":2,"name":"Shop","item":"https:\/\/gblexpress.com\/shop\/"},{"@type":"ListItem","position":3,"name":"GHB Online Kaufen"}]},{"@type":"WebSite","@id":"https:\/\/gblexpress.com\/#website","url":"https:\/\/gblexpress.com\/","name":"GBL Express","description":"","publisher":{"@id":"https:\/\/gblexpress.com\/#organization"},"potentialAction":[{"@type":"SearchAction","target":{"@type":"EntryPoint","urlTemplate":"https:\/\/gblexpress.com\/?s={search_term_string}"},"query-input":{"@type":"PropertyValueSpecification","valueRequired":true,"valueName":"search_term_string"}}],"inLanguage":"zh-Hans"},{"@type":"Organization","@id":"https:\/\/gblexpress.com\/#organization","name":"GBL Express","url":"https:\/\/gblexpress.com\/","logo":{"@type":"ImageObject","inLanguage":"zh-Hans","@id":"https:\/\/gblexpress.com\/#\/schema\/logo\/image\/","url":"https:\/\/gblexpress.com\/wp-content\/uploads\/2023\/01\/logo.png","contentUrl":"https:\/\/gblexpress.com\/wp-content\/uploads\/2023\/01\/logo.png","width":250,"height":52,"caption":"GBL Express"},"image":{"@id":"https:\/\/gblexpress.com\/#\/schema\/logo\/image\/"}}]}},"jetpack-related-posts":[],"jetpack_sharing_enabled":true,"_links":{"self":[{"href":"https:\/\/gblexpress.com\/zh\/wp-json\/wp\/v2\/product\/474","targetHints":{"allow":["GET"]}}],"collection":[{"href":"https:\/\/gblexpress.com\/zh\/wp-json\/wp\/v2\/product"}],"about":[{"href":"https:\/\/gblexpress.com\/zh\/wp-json\/wp\/v2\/types\/product"}],"replies":[{"embeddable":true,"href":"https:\/\/gblexpress.com\/zh\/wp-json\/wp\/v2\/comments?post=474"}],"wp:featuredmedia":[{"embeddable":true,"href":"https:\/\/gblexpress.com\/zh\/wp-json\/wp\/v2\/media\/1638"}],"wp:attachment":[{"href":"https:\/\/gblexpress.com\/zh\/wp-json\/wp\/v2\/media?parent=474"}],"wp:term":[{"taxonomy":"product_brand","embeddable":true,"href":"https:\/\/gblexpress.com\/zh\/wp-json\/wp\/v2\/product_brand?post=474"},{"taxonomy":"product_cat","embeddable":true,"href":"https:\/\/gblexpress.com\/zh\/wp-json\/wp\/v2\/product_cat?post=474"},{"taxonomy":"product_tag","embeddable":true,"href":"https:\/\/gblexpress.com\/zh\/wp-json\/wp\/v2\/product_tag?post=474"}],"curies":[{"name":"wp","href":"https:\/\/api.w.org\/{rel}","templated":true}]}}