{"id":475,"date":"2023-05-17T10:52:46","date_gmt":"2023-05-17T10:52:46","guid":{"rendered":"https:\/\/gblexpress.com\/?post_type=product&#038;p=475"},"modified":"2026-03-06T09:03:05","modified_gmt":"2026-03-06T09:03:05","slug":"%e4%b9%b0%e5%88%a9%e4%bb%96%e6%9e%97","status":"publish","type":"product","link":"https:\/\/gblexpress.com\/zh\/%e4%ba%a7%e5%93%81-2\/%e4%b9%b0%e5%88%a9%e4%bb%96%e6%9e%97\/","title":{"rendered":"\u5728\u7ebf\u8d2d\u4e70\u5229\u4ed6\u6797"},"content":{"rendered":"<h2>\u5728\u7ebf\u8d2d\u4e70\u5229\u4ed6\u6797<\/h2>\n<p><a href=\"https:\/\/gblexpress.com\/zh\/\">\u54cc\u918b\u7532\u916f<\/a> \u8d2d\u4e70\u7684\u836f\u7269\u4f2a\u88c5\u6210\u5229\u4ed6\u6797\u7247\u5242\u4f9b\u516c\u4f17\u4f7f\u7528\u3002\u8fd9\u79cd\u836f\u7269\u5bf9\u6cbb\u7597 ADHD \u75c7\u72b6\u975e\u5e38\u6709\u6548\u3002\u533b\u751f\u53ef\u4ee5 <a href=\"https:\/\/gblexpress.com\/zh\/%e4%ba%a7%e5%93%81-2\/%e4%b9%b0%e5%88%a9%e4%bb%96%e6%9e%97\/\">\u5229\u4ed6\u6797 20 \u6beb\u514b\u7247\u5242\uff08\u54cc\u7532\u916f\uff09<\/a> \u8fd8\u53ef\u4f5c\u4e3a\u6291\u90c1\u75c7\u548c\u5e15\u91d1\u68ee\u75c5\u7684\u6807\u5916\u6cbb\u7597\u9009\u62e9\u3002<\/p>\n<p>\u54cc\u918b\u7532\u916f\u8fd9\u79cd\u836f\u7269\u4e5f\u88ab\u79f0\u4e3a\u4e2d\u67a2\u795e\u7ecf\u5174\u594b\u5242\uff0c\u6709\u52a9\u4e8e\u63d0\u9ad8\u4eba\u8111\u4e2d\u7684\u591a\u5df4\u80fa\u6c34\u5e73\u3002\u8fd9\u79cd\u591a\u5df4\u80fa\u662f\u4e00\u79cd\u795e\u7ecf\u9012\u8d28\uff0c\u53ef\u4ee5\u4fc3\u8fdb\u52a8\u673a\u548c\u70ed\u60c5\u7684\u611f\u89c9\u3002\u8fd9\u610f\u5473\u7740\u66f4\u591a\u7684\u591a\u5df4\u80fa\u53ef\u4ee5\u5e2e\u52a9\u4e00\u4e2a\u4eba\u66f4\u597d\u5730\u96c6\u4e2d\u6ce8\u610f\u529b\uff0c\u66f4\u597d\u5730\u4e13\u6ce8\u4e8e\u65e5\u5e38\u751f\u6d3b\uff0c\u5e76\u51cf\u5c11\u591a\u52a8\u75c7\u7684\u5176\u4ed6\u75c7\u72b6\u3002<\/p>\n<h3><strong>\u53ef\u5229\u7528\u6027<\/strong><\/h3>\n<p>\u54cc\u918b\u7532\u916f\u836f\u7269\u4ee5\u53e3\u670d\u7247\u3001\u7f13\u91ca\u7247\u548c\u80f6\u56ca\u3001\u5480\u56bc\u7247\u3001\u5480\u56bc\u7f13\u91ca\u7247\u548c\u53e3\u670d\u5d29\u89e3\u7f13\u91ca\u7247\u7684\u5f62\u5f0f\u4f9b\u5e94\u3002\u9664\u5229\u4ed6\u6797\u5916\uff0c\u5b83\u8fd8\u4ee5\u5176\u4ed6\u5546\u54c1\u540d\u9500\u552e\uff0c\u5982\uff1a\uff1a <a href=\"https:\/\/en.wikipedia.org\/wiki\/Methylphenidate\">\u8d2d\u4e70\u54cc\u918b\u7532\u916f<\/a><\/p>\n<h3><strong>\u4e3a\u4ec0\u4e48\u8981\u5728\u7f51\u4e0a\u8d2d\u4e70\u5229\u4ed6\u6797\uff1f<\/strong><\/h3>\n<h3>\u5728\u7ebf\u8d2d\u4e70\u5229\u4ed6\u6797\u6709\u5f88\u591a\u597d\u5904\uff0c\u4f46\u5176\u4e2d\u6700\u91cd\u8981\u548c\u6700\u5e38\u89c1\u7684\u597d\u5904\u6709<\/h3>\n<p>\u60a8\u53ef\u4ee5\u5728\u7f51\u4e0a\u8d2d\u4e70\u7f8e\u56fd\u98df\u54c1\u53ca\u836f\u7269\u7ba1\u7406\u5c40\u6279\u51c6\u7684\u836f\u7269\uff0c\u65e0\u9700\u533b\u751f\u5904\u65b9\u3002\u867d\u7136\u5229\u4ed6\u6797\u662f\u4e00\u79cd\u5408\u6cd5\u836f\u7269\uff0c\u4f46\u5728\u836f\u5e97\u91cc\u5e76\u4e0d\u5bb9\u6613\u4e70\u5230\u3002\u8981\u8d2d\u4e70\u8fd9\u79cd\u836f\u7269\uff0c\u60a8\u5fc5\u987b\u5148\u83b7\u5f97\u533b\u751f\u7684\u5efa\u8bae\uff0c\u4f46\u7531\u4e8e\u60a8\u5de5\u4f5c\u7e41\u5fd9\uff0c\u5728\u8fd9\u79cd\u60c5\u51b5\u4e0b\uff0c\u5728\u7ebf\u8d2d\u4e70\u5229\u4ed6\u6797\u662f\u60a8\u7684\u6700\u4f73\u9009\u62e9\u3002\u5728\u7ebf\u8d2d\u4e70\u4e0d\u4ec5\u53ef\u4ee5\u8282\u7701\u60a8\u7684\u91d1\u94b1\uff0c\u8fd8\u53ef\u4ee5\u8282\u7701\u60a8\u5b9d\u8d35\u7684\u65f6\u95f4\u3002\u7f51\u4e0a\u8d2d\u4e70\u5229\u4ed6\u6797\u65e0\u9700\u5904\u65b9\u3002<\/p>\n<p>\u5728\u7f51\u4e0a\u8d2d\u4e70\u5229\u4ed6\u6797\u7684\u53e6\u4e00\u4e2a\u597d\u5904\u662f\uff0c\u5b83\u6bd4\u5f53\u5730\u836f\u5e97\u51fa\u552e\u7684\u5229\u4ed6\u6797\u836f\u7247\u4fbf\u5b9c\u5f97\u591a\u3002\u7f51\u4e0a\u4e70\u5230\u7684\u836f\u7247\u4e4b\u6240\u4ee5\u4fbf\u5b9c\uff0c\u5e76\u4e0d\u662f\u56e0\u4e3a\u5b83\u4eec\u8d28\u91cf\u5dee\uff0c\u4e8b\u5b9e\u4e0a\uff0c\u5b83\u4eec\u4e4b\u6240\u4ee5\u4fbf\u5b9c\uff0c\u662f\u56e0\u4e3a\u7f51\u4e0a\u836f\u5e97\u65e0\u9700\u652f\u4ed8\u989d\u5916\u8d39\u7528\uff0c\u56e0\u6b64\u5b83\u4eec\u53ef\u4ee5\u4ee5\u8f83\u4f4e\u7684\u4ef7\u683c\u51fa\u552e\u8fd9\u4e9b\u836f\u7247\u3002<\/p>\n<h3><strong>\u6ca1\u6709\u5904\u65b9\u53ef\u4ee5\u5728\u7f51\u4e0a\u8d2d\u4e70\u5229\u4ed6\u6797\u5417\uff1f<\/strong><\/h3>\n<p>Ja! Bei uns k\u00f6nnen Sie Ritalin online kaufen, ohne ein Rezept zu haben. Sie m\u00fcssen nur Ihre Bestellung auf unserer Website aufgeben und die Zahlungsdetails ausf\u00fcllen. Ihre Ritalin-Pillen werden innerhalb von 24 bis 48 Stunden geliefert. Die Qualit\u00e4t und Wirksamkeit dieser Medikamente sind die gleichen wie die Pillen, die Sie von lokalen Apotheken kaufen.<\/p>\n<p>Ritalin online ohne Rezept kaufen.<\/p>\n<p>\u533b\u5b66\u535a\u58eb<\/p>\n<p>\u97f3\u4e50\u4f1a<\/p>\n<p>\u5143\u6570\u636e ER<\/p>\n<p>Quillichew\u6025\u8bca\u5ba4<\/p>\n<p>Quillivant<\/p>\n<p>\u50b2\u5929\u516c\u53f8<\/p>\n<p>\u79d1\u5766\u666e\u62c9XR-OTD<\/p>\n<p>\u963f\u4e39\u590f<\/p>\n<p>\u6240\u6709\u8fd9\u4e9b\u836f\u7269\u90fd\u662f\u7531\u4e13\u5bb6\u6279\u51c6\u516c\u5f00\u4f7f\u7528\u7684\u3002<\/p>","protected":false},"excerpt":{"rendered":"<p>\u5173\u4e8e\u5229\u4ed6\u6797\uff08\u901a\u7528\u578b\uff09<\/p>\n<p>\u8fd9\u79cd\u836f\u7269\u7528\u4e8e\u6cbb\u7597\u6ce8\u610f\u529b\u7f3a\u9677\u591a\u52a8\u969c\u788d\uff08ADHD\uff09\u3002\u5b83\u901a\u8fc7\u6539\u53d8\u5927\u8111\u4e2d\u67d0\u4e9b\u5929\u7136\u7269\u8d28\u7684\u542b\u91cf\u6765\u53d1\u6325\u4f5c\u7528\u3002\u54cc\u918b\u7532\u916f\u5c5e\u4e8e\u5174\u594b\u5242\u7c7b\u836f\u7269\u3002\u54cc\u918b\u7532\u916f\u53ef\u4ee5\u5e2e\u52a9\u60a8\u63d0\u9ad8\u6ce8\u610f\u529b\u3001\u4e13\u6ce8\u4e8e\u67d0\u9879\u6d3b\u52a8\u5e76\u63a7\u5236\u884c\u4e3a\u95ee\u9898\u3002\u54cc\u918b\u7532\u916f\u8fd8\u53ef\u4ee5\u5e2e\u52a9\u60a8\u5b89\u6392\u4efb\u52a1\u548c\u63d0\u9ad8\u8046\u542c\u80fd\u529b\u3002<\/p>\n<ol>\n<li><strong>\u5229\u4ed6\u6797\u7684\u4f5c\u7528\u662f\u4ec0\u4e48\uff1f<\/strong><br \/>\n\u5229\u4ed6\u6797\u7684\u4f5c\u7528\u539f\u7406\u662f\u6291\u5236\u5927\u8111\u4e2d\u591a\u5df4\u80fa\u548c\u53bb\u7532\u80be\u4e0a\u817a\u7d20\u7684\u518d\u6444\u53d6\u3002\u8fd9\u4f1a\u589e\u52a0\u7a81\u89e6\u95f4\u9699\u4e2d\u8fd9\u4e9b\u795e\u7ecf\u9012\u8d28\u7684\u53ef\u7528\u6027\uff0c\u4ece\u800c\u63d0\u9ad8\u6ce8\u610f\u529b\u3001\u51b2\u52a8\u63a7\u5236\u529b\u548c\u8b66\u89c9\u6027\u3002<\/p>\n<ul>\n<li><strong>\u6548\u679c<\/strong> \u63d0\u9ad8\u6ce8\u610f\u529b\uff0c\u589e\u5f3a\u8b66\u89c9\u6027\uff0c\u51cf\u5c11\u591a\u52a8\u3002<\/li>\n<li><strong>\u6548\u679c\u5f00\u59cb\uff1a<\/strong> \u6444\u5165\u540e 20-60 \u5206\u949f\u3002<\/li>\n<li><strong>\u6548\u679c\u6301\u7eed\u65f6\u95f4\uff1a<\/strong> \u6807\u51c6\u7247\u5242 3-6 \u5c0f\u65f6\uff0c\u7f13\u91ca\u80f6\u56ca\u957f\u8fbe 12 \u5c0f\u65f6\u3002<\/li>\n<\/ul>\n<p><strong>\u914d\u65b9\u548c\u7279\u6027<\/strong><\/p>\n<ul>\n<li><strong>\u5316\u5b66\u540d\u79f0<\/strong> \u7532\u57fa\u82ef\u57fa(\u54cc\u5576-2-\u57fa)\u4e59\u9178\u916f<\/li>\n<li><strong>\u5206\u5b50\u5f0f<\/strong> C14H19NO2<\/li>\n<li><strong>\u5206\u5b50\u91cf<\/strong> 233.31 \u514b\/\u6469\u5c14<\/li>\n<\/ul>\n<\/li>\n<\/ol>","protected":false},"featured_media":1639,"comment_status":"open","ping_status":"closed","template":"","meta":{"_joinchat":[]},"product_brand":[],"product_cat":[33,34,36,35,246],"product_tag":[98,134,108,99,118,106,105,104,107,110,329,114,115,100,101,113,112,111,117,116,119,120,310,311,121,317,318,312,124,328,313,314,325,315,322,327,306,319,316,308,321,103,129,307,102,130,320,326,309,122,323,324,125,126,127,123,128,131,133,132,109,135,330],"class_list":{"0":"post-475","1":"product","2":"type-product","3":"status-publish","4":"has-post-thumbnail","6":"product_cat-gbl-gamma-butyrolactone-25l","7":"product_cat-ghb","8":"product_cat-ko-drops","9":"product_cat-ritalin","10":"product_cat-sex-meth","11":"product_tag-adhd-methylphenidat","12":"product_tag-einnahme-von-ritalin","13":"product_tag-goodrx-methylphenidat","14":"product_tag-guenstiges-ritalin-online-kaufen","15":"product_tag-kein-rx-ritalin","16":"product_tag-koennen-sie-bekommen-rezeptfreie-adhs-medikamente","17":"product_tag-koennen-sie-ritalin-ohne-rezept-kaufen","18":"product_tag-koennen-sie-ritalin-rezeptfrei-in-grossbritannien-kaufen","19":"product_tag-koennen-sie-sich-ritalin-online-verschreiben-lassen","20":"product_tag-methylphenidat","21":"product_tag-methylphenidat-kaufen","22":"product_tag-methylphenidat-mg","23":"product_tag-methylphenidat-online","24":"product_tag-methylphenidat-online-kaufen","25":"product_tag-methylphenidat-online-ohne-rezept-kaufen","26":"product_tag-methylphenidat-zum-online-verkauf","27":"product_tag-methylphenidat-zum-verkauf","28":"product_tag-methylphenidat-kosten","29":"product_tag-methylphenidat-preis","30":"product_tag-methylphenidat-rezept","31":"product_tag-ritalin","32":"product_tag-ritalin-10-mg","33":"product_tag-ritalin-10mg","34":"product_tag-ritalin-20mg","35":"product_tag-ritalin-adh","36":"product_tag-ritalin-anwendung","37":"product_tag-ritalin-dosierung","38":"product_tag-ritalin-fuer-adhs","39":"product_tag-ritalin-fuer-erwachsene","40":"product_tag-ritalin-fuer-forschung","41":"product_tag-ritalin-fuer-kinder","42":"product_tag-ritalin-fuer-konzentration","43":"product_tag-ritalin-fuer-labore","44":"product_tag-ritalin-fuer-studienzwecke","45":"product_tag-ritalin-grosshandel","46":"product_tag-ritalin-in-deutschland-kaufen","47":"product_tag-ritalin-kaufen","48":"product_tag-ritalin-lagerung","49":"product_tag-ritalin-legal-kaufen","50":"product_tag-ritalin-lieferant","51":"product_tag-ritalin-nebenwirkungen","52":"product_tag-ritalin-ohne-rezept-kaufen","53":"product_tag-ritalin-online","54":"product_tag-ritalin-online-bestellen","55":"product_tag-ritalin-online-mit-nachtlieferung-kaufen","56":"product_tag-ritalin-online-ohne-rezept","57":"product_tag-ritalin-risiken","58":"product_tag-ritalin-sicherheit","59":"product_tag-ritalin-tabletten","60":"product_tag-ritalin-und-adh","61":"product_tag-ritalin-vertrieb","62":"product_tag-ritalin-weltweit-bestellen","63":"product_tag-ritalin-zum-verkauf","64":"product_tag-ritalin-zum-verkauf-in-den-usa","65":"product_tag-ritalin-zum-verkauf-online","66":"product_tag-ritalin-kosten","67":"product_tag-ritalin-medikamente","68":"product_tag-ritalin-pille","69":"product_tag-ritalin-preis","70":"product_tag-ritalin-rezept","71":"product_tag-so-bestellen-sie-ritalin-online","72":"product_tag-welche-rezeptfreien-medikamente-helfen-bei-adhs","73":"product_tag-wo-ritalin-kaufen","75":"first","76":"instock","77":"shipping-taxable","78":"purchasable","79":"product-type-variable","80":"has-default-attributes"},"yoast_head":"<!-- This site is optimized with the Yoast SEO plugin v25.4 - https:\/\/yoast.com\/wordpress\/plugins\/seo\/ -->\n<title>Ritalin online kaufen \u2013 Ritalin zu verkaufen | Gblexpress<\/title>\n<meta name=\"description\" content=\"M\u00f6chten Sie Ihre Forschung vorantreiben? Kaufen Sie Ritalin bequem und sicher online \u2013 mit einem unkomplizierten Bestellvorgang. Entdecken Sie die M\u00f6glichkeiten und kaufen Sie Ritalin noch heute online f\u00fcr Ihre Forschungsvorhaben.\" \/>\n<meta name=\"robots\" content=\"index, follow, max-snippet:-1, max-image-preview:large, max-video-preview:-1\" \/>\n<link rel=\"canonical\" href=\"https:\/\/gblexpress.com\/zh\/\u4ea7\u54c1-2\/\u4e70\u5229\u4ed6\u6797\/\" \/>\n<meta property=\"og:locale\" content=\"zh_CN\" \/>\n<meta property=\"og:type\" content=\"article\" \/>\n<meta property=\"og:title\" content=\"Ritalin online kaufen \u2013 Ritalin zu verkaufen | Gblexpress\" \/>\n<meta property=\"og:description\" content=\"M\u00f6chten Sie Ihre Forschung vorantreiben? Kaufen Sie Ritalin bequem und sicher online \u2013 mit einem unkomplizierten Bestellvorgang. Entdecken Sie die M\u00f6glichkeiten und kaufen Sie Ritalin noch heute online f\u00fcr Ihre Forschungsvorhaben.\" \/>\n<meta property=\"og:url\" content=\"https:\/\/gblexpress.com\/zh\/\u4ea7\u54c1-2\/\u4e70\u5229\u4ed6\u6797\/\" \/>\n<meta property=\"og:site_name\" content=\"GBL Express\" \/>\n<meta property=\"article:modified_time\" content=\"2026-03-06T09:03:05+00:00\" \/>\n<meta property=\"og:image\" content=\"https:\/\/gblexpress.com\/wp-content\/uploads\/2023\/05\/Ritalin-1.jpg\" \/>\n\t<meta property=\"og:image:width\" content=\"600\" \/>\n\t<meta property=\"og:image:height\" content=\"600\" \/>\n\t<meta property=\"og:image:type\" content=\"image\/jpeg\" \/>\n<meta name=\"twitter:card\" content=\"summary_large_image\" \/>\n<meta name=\"twitter:label1\" content=\"\u9884\u8ba1\u9605\u8bfb\u65f6\u95f4\" \/>\n\t<meta name=\"twitter:data1\" content=\"2 \u5206\" \/>\n<!-- \/ Yoast SEO plugin. -->","yoast_head_json":{"title":"\u5728\u7ebf\u8d2d\u4e70\u5229\u4ed6\u6797 \u2013 \u51fa\u552e\u5229\u4ed6\u6797 |\u5feb\u8baf","description":"\u60a8\u60f3\u63a8\u8fdb\u60a8\u7684\u7814\u7a76\u5417\uff1f\u901a\u8fc7\u7b80\u5355\u7684\u8ba2\u8d2d\u6d41\u7a0b\uff0c\u5728\u7ebf\u65b9\u4fbf\u5b89\u5168\u5730\u8d2d\u4e70\u5229\u4ed6\u6797\u3002\u63a2\u7d22\u5404\u79cd\u53ef\u80fd\u6027\u5e76\u7acb\u5373\u5728\u7ebf\u8d2d\u4e70\u5229\u4ed6\u6797\u7528\u4e8e\u60a8\u7684\u7814\u7a76\u9879\u76ee\u3002","robots":{"index":"index","follow":"follow","max-snippet":"max-snippet:-1","max-image-preview":"max-image-preview:large","max-video-preview":"max-video-preview:-1"},"canonical":"https:\/\/gblexpress.com\/zh\/\u4ea7\u54c1-2\/\u4e70\u5229\u4ed6\u6797\/","og_locale":"zh_CN","og_type":"article","og_title":"Ritalin online kaufen \u2013 Ritalin zu verkaufen | Gblexpress","og_description":"M\u00f6chten Sie Ihre Forschung vorantreiben? Kaufen Sie Ritalin bequem und sicher online \u2013 mit einem unkomplizierten Bestellvorgang. Entdecken Sie die M\u00f6glichkeiten und kaufen Sie Ritalin noch heute online f\u00fcr Ihre Forschungsvorhaben.","og_url":"https:\/\/gblexpress.com\/zh\/\u4ea7\u54c1-2\/\u4e70\u5229\u4ed6\u6797\/","og_site_name":"GBL Express","article_modified_time":"2026-03-06T09:03:05+00:00","og_image":[{"width":600,"height":600,"url":"https:\/\/gblexpress.com\/wp-content\/uploads\/2023\/05\/Ritalin-1.jpg","type":"image\/jpeg"}],"twitter_card":"summary_large_image","twitter_misc":{"\u9884\u8ba1\u9605\u8bfb\u65f6\u95f4":"2 \u5206"},"schema":{"@context":"https:\/\/schema.org","@graph":[{"@type":"WebPage","@id":"https:\/\/gblexpress.com\/product\/ritalin-kaufen\/","url":"https:\/\/gblexpress.com\/product\/ritalin-kaufen\/","name":"\u5728\u7ebf\u8d2d\u4e70\u5229\u4ed6\u6797 \u2013 \u51fa\u552e\u5229\u4ed6\u6797 |\u5feb\u8baf","isPartOf":{"@id":"https:\/\/gblexpress.com\/#website"},"primaryImageOfPage":{"@id":"https:\/\/gblexpress.com\/product\/ritalin-kaufen\/#primaryimage"},"image":{"@id":"https:\/\/gblexpress.com\/product\/ritalin-kaufen\/#primaryimage"},"thumbnailUrl":"https:\/\/gblexpress.com\/wp-content\/uploads\/2023\/05\/Ritalin-1.jpg","datePublished":"2023-05-17T10:52:46+00:00","dateModified":"2026-03-06T09:03:05+00:00","description":"\u60a8\u60f3\u63a8\u8fdb\u60a8\u7684\u7814\u7a76\u5417\uff1f\u901a\u8fc7\u7b80\u5355\u7684\u8ba2\u8d2d\u6d41\u7a0b\uff0c\u5728\u7ebf\u65b9\u4fbf\u5b89\u5168\u5730\u8d2d\u4e70\u5229\u4ed6\u6797\u3002\u63a2\u7d22\u5404\u79cd\u53ef\u80fd\u6027\u5e76\u7acb\u5373\u5728\u7ebf\u8d2d\u4e70\u5229\u4ed6\u6797\u7528\u4e8e\u60a8\u7684\u7814\u7a76\u9879\u76ee\u3002","breadcrumb":{"@id":"https:\/\/gblexpress.com\/product\/ritalin-kaufen\/#breadcrumb"},"inLanguage":"zh-Hans","potentialAction":[{"@type":"ReadAction","target":["https:\/\/gblexpress.com\/product\/ritalin-kaufen\/"]}]},{"@type":"ImageObject","inLanguage":"zh-Hans","@id":"https:\/\/gblexpress.com\/product\/ritalin-kaufen\/#primaryimage","url":"https:\/\/gblexpress.com\/wp-content\/uploads\/2023\/05\/Ritalin-1.jpg","contentUrl":"https:\/\/gblexpress.com\/wp-content\/uploads\/2023\/05\/Ritalin-1.jpg","width":600,"height":600,"caption":"Ritalin online kaufen"},{"@type":"BreadcrumbList","@id":"https:\/\/gblexpress.com\/product\/ritalin-kaufen\/#breadcrumb","itemListElement":[{"@type":"ListItem","position":1,"name":"Home","item":"https:\/\/gblexpress.com\/"},{"@type":"ListItem","position":2,"name":"Shop","item":"https:\/\/gblexpress.com\/shop\/"},{"@type":"ListItem","position":3,"name":"Ritalin Online Kaufen"}]},{"@type":"WebSite","@id":"https:\/\/gblexpress.com\/#website","url":"https:\/\/gblexpress.com\/","name":"GBL Express","description":"","publisher":{"@id":"https:\/\/gblexpress.com\/#organization"},"potentialAction":[{"@type":"SearchAction","target":{"@type":"EntryPoint","urlTemplate":"https:\/\/gblexpress.com\/?s={search_term_string}"},"query-input":{"@type":"PropertyValueSpecification","valueRequired":true,"valueName":"search_term_string"}}],"inLanguage":"zh-Hans"},{"@type":"Organization","@id":"https:\/\/gblexpress.com\/#organization","name":"GBL Express","url":"https:\/\/gblexpress.com\/","logo":{"@type":"ImageObject","inLanguage":"zh-Hans","@id":"https:\/\/gblexpress.com\/#\/schema\/logo\/image\/","url":"https:\/\/gblexpress.com\/wp-content\/uploads\/2023\/01\/logo.png","contentUrl":"https:\/\/gblexpress.com\/wp-content\/uploads\/2023\/01\/logo.png","width":250,"height":52,"caption":"GBL Express"},"image":{"@id":"https:\/\/gblexpress.com\/#\/schema\/logo\/image\/"}}]}},"jetpack-related-posts":[],"jetpack_sharing_enabled":true,"_links":{"self":[{"href":"https:\/\/gblexpress.com\/zh\/wp-json\/wp\/v2\/product\/475","targetHints":{"allow":["GET"]}}],"collection":[{"href":"https:\/\/gblexpress.com\/zh\/wp-json\/wp\/v2\/product"}],"about":[{"href":"https:\/\/gblexpress.com\/zh\/wp-json\/wp\/v2\/types\/product"}],"replies":[{"embeddable":true,"href":"https:\/\/gblexpress.com\/zh\/wp-json\/wp\/v2\/comments?post=475"}],"wp:featuredmedia":[{"embeddable":true,"href":"https:\/\/gblexpress.com\/zh\/wp-json\/wp\/v2\/media\/1639"}],"wp:attachment":[{"href":"https:\/\/gblexpress.com\/zh\/wp-json\/wp\/v2\/media?parent=475"}],"wp:term":[{"taxonomy":"product_brand","embeddable":true,"href":"https:\/\/gblexpress.com\/zh\/wp-json\/wp\/v2\/product_brand?post=475"},{"taxonomy":"product_cat","embeddable":true,"href":"https:\/\/gblexpress.com\/zh\/wp-json\/wp\/v2\/product_cat?post=475"},{"taxonomy":"product_tag","embeddable":true,"href":"https:\/\/gblexpress.com\/zh\/wp-json\/wp\/v2\/product_tag?post=475"}],"curies":[{"name":"wp","href":"https:\/\/api.w.org\/{rel}","templated":true}]}}