{"id":476,"date":"2023-05-17T11:11:25","date_gmt":"2023-05-17T11:11:25","guid":{"rendered":"https:\/\/gblexpress.com\/?post_type=product&#038;p=476"},"modified":"2026-02-27T10:34:07","modified_gmt":"2026-02-27T10:34:07","slug":"%e5%85%b1%e5%90%8c%e6%bb%b4%e5%89%82%e5%9c%a8%e7%ba%bf%e8%b4%ad%e4%b9%b0","status":"publish","type":"product","link":"https:\/\/gblexpress.com\/zh\/%e4%ba%a7%e5%93%81-2\/%e5%85%b1%e5%90%8c%e6%bb%b4%e5%89%82%e5%9c%a8%e7%ba%bf%e8%b4%ad%e4%b9%b0\/","title":{"rendered":"\u5728\u7ebf\u8d2d\u4e70 KO Drops"},"content":{"rendered":"<div class=\"elementor-element elementor-element-4b6f3d0 elementor-widget elementor-widget-heading\" data-id=\"4b6f3d0\" data-element_type=\"widget\" data-widget_type=\"heading.default\">\n<div class=\"elementor-widget-container\">\n<h2 class=\"elementor-heading-title elementor-size-default\">\u8d2d\u4e70Ko\u6ef4\u5242<\/h2>\n<\/div>\n<\/div>\n<div class=\"elementor-element elementor-element-3cddf85 elementor-widget elementor-widget-heading\" data-id=\"3cddf85\" data-element_type=\"widget\" data-widget_type=\"heading.default\">\n<div class=\"elementor-widget-container\"><span class=\"elementor-heading-title elementor-size-default\">\u6211\u4eec\u662f\u8d2d\u4e70ko drops\u7684\u6700\u4f73\u7f51\u4e0a\u5546\u5e97<\/span><\/div>\n<\/div>\n<div class=\"elementor-element elementor-element-ac2151b elementor-widget elementor-widget-text-editor\" data-id=\"ac2151b\" data-element_type=\"widget\" data-widget_type=\"text-editor.default\">\n<div class=\"elementor-widget-container\">\n<p>\u5982\u679c\u60a8\u6b63\u5728\u5bfb\u627e\u53ef\u4ee5\u8d2d\u4e70\u6240\u8c13\u7684\u7edd\u5999\u836f\u7684\u5730\u65b9\uff0c\u90a3\u4e48\u60a8\u4e0d\u518d\u9700\u8981\u4f9d\u8d56\u53ef\u7591\u7684\u8857\u5934\u5c0f\u8d29\u3002\u4e70 <a href=\"https:\/\/gblexpress.com\/zh\/%e4%ba%a7%e5%93%81-2\/%e5%85%b1%e5%90%8c%e6%bb%b4%e5%89%82%e5%9c%a8%e7%ba%bf%e8%b4%ad%e4%b9%b0\/\">\u51fb\u5012\u6ef4\u5242<\/a> einfach in unserem Shop. Richtig eingesetzt, k\u00f6nnen sie anregend oder beruhigend wirken und haben kaum sch\u00e4dliche Nebenwirkungen. Allerdings sollten sie nicht zu hoch dosiert werden, denn dann machen sie schwach und verursachen Amnesie<a href=\"https:\/\/gblexpress.com\/zh\/%e7%a7%91%e6%bb%b4\/\">.<\/a><\/p>\n<div class=\"elementor-column elementor-col-50 elementor-inner-column elementor-element elementor-element-b6eca79 elementor-hidden-tablet elementor-hidden-mobile\" data-id=\"b6eca79\" data-element_type=\"column\">\n<h3 class=\"elementor-widget-wrap\"><strong><span style=\"font-family: Dosis, Arial, Helvetica, sans-serif; font-size: 1.125rem;\">\u65e0\u9700\u5904\u65b9\u5373\u53ef\u5728\u7ebf\u8d2d\u4e70KO\u6ef4\u5242<\/span><\/strong><\/h3>\n<\/div>\n<div class=\"elementor-column elementor-col-50 elementor-inner-column elementor-element elementor-element-c3a8155\" data-id=\"c3a8155\" data-element_type=\"column\">\n<div class=\"elementor-widget-wrap elementor-element-populated\">\n<div class=\"elementor-element elementor-element-011f42c elementor-widget elementor-widget-text-editor\" data-id=\"011f42c\" data-element_type=\"widget\" data-widget_type=\"text-editor.default\">\n<div class=\"elementor-widget-container\">\n<p><a href=\"https:\/\/de.wikipedia.org\/wiki\/K.-o.-Tropfen\">\u8d2d\u4e70 KO \u6ef4\u5242<\/a>: \u00dcberzeugen Sie sich von unserem Angebot an KO \u2013 Tropfen und kaufen Sie in unseren Online-Shop ihr Wunschprodukt ohne Rezept. Wir haben eine gro\u00dfe Auswahl an Produkten, die von den Medien mitunter als KO \u2013 Tropfen bezeichnet werden, die wir schnell und unkompliziert liefern.<\/p>\n<p>\u8d2d\u4e70 K2 Drops \u76f4\u63a5\u4ece\u5236\u9020\u5546\u5904\u8d2d\u4e70\u539f\u88c5 K2 Drops - \u5fb7\u56fd\u3001\u5965\u5730\u5229\u548c\u745e\u58eb\u6700\u4f4e\u5ec9\u7684\u4ef7\u683c \u8ba2\u8d2d\u591a\u5305\u4ea7\u54c1\u65f6\u53ef\u83b7\u5f97\u9ad8\u8fbe 50% \u7684\u6298\u6263 \u5fb7\u56fd\u3001\u5965\u5730\u5229\u548c\u745e\u58eb\u5883\u5185\u7279\u5feb\u4e13\u9012 \u524d\u5f80 K2 Drops \u5b98\u65b9\u5546\u5e97\uff08\u83b7\u5f97\u6298\u6263\uff09 \u4ec0\u4e48\u662f K2 \u78b3\u6c34\u5316\u5408\u7269\u963b\u65ad\u5242\u6ef4\u5242\uff1f<a href=\"https:\/\/en.wikipedia.org\/wiki\/Ko-Tropfen\">?<\/a><\/p>\n<div class=\"elementor-element elementor-element-775a1ae elementor-widget elementor-widget-heading\" data-id=\"775a1ae\" data-element_type=\"widget\" data-widget_type=\"heading.default\">\n<div class=\"elementor-widget-container\">\n<h3 class=\"elementor-heading-title elementor-size-default\"><strong>\u65e0\u9700\u5904\u65b9\u5373\u53ef\u5728\u7ebf\u8d2d\u4e70KO\u6ef4\u5242<\/strong><\/h3>\n<\/div>\n<\/div>\n<div class=\"elementor-element elementor-element-011f42c elementor-widget elementor-widget-text-editor\" data-id=\"011f42c\" data-element_type=\"widget\" data-widget_type=\"text-editor.default\">\n<div class=\"elementor-widget-container\">\n<p>\u8d2d\u4e70KO\u6ef4\u5242\uff1a \u8bf4\u670d\u81ea\u5df1\u8d2d\u4e70\u6211\u4eec\u7684KO\u6ef4\u5242\u7cfb\u5217\uff0c\u5e76\u5728\u6211\u4eec\u7684\u7f51\u4e0a\u5546\u5e97\u8d2d\u4e70\u60a8\u60f3\u8981\u7684\u4ea7\u54c1\uff0c\u65e0\u9700\u5904\u65b9\u3002\u6211\u4eec\u6709\u5927\u91cf\u7684\u4ea7\u54c1\u9009\u62e9\uff0c\u8fd9\u4e9b\u4ea7\u54c1\u6709\u65f6\u88ab\u5a92\u4f53\u79f0\u4e3aKO\u6ef4\u5242\uff0c\u6211\u4eec\u8fc5\u901f\u4ea4\u4ed8\uff0c\u6ca1\u6709\u4efb\u4f55\u5e76\u53d1\u75c7\u3002<\/p>\n<h3><strong>\u5728\u7ebf\u8d2d\u4e70 KO \u6ef4\u5242\uff0c\u65e0\u9700\u5904\u65b9<\/strong><\/h3>\n<p class=\"elementor-image-box-description\">KO-Tropfen sind ein immer beliebteres Produkt, das f\u00fcr eine Vielzahl von Zwecken verwendet werden kann. Diese wirksamen Tropfen k\u00f6nnen Ihnen helfen, sich zu entspannen, besser zu schlafen und sogar Stress und \u00c4ngste abzubauen. Aber wo kann man KO-Tropfen ohne Rezept online kaufen? Die Antwort lautet KO-TROPFEN. Bei KO-TROPFEN k\u00f6nnen Sie KO-Tropfen schnell und sicher online kaufen.<br \/>\n\u4f11\u606f\u5bf9\u6574\u4f53\u5065\u5eb7\u975e\u5e38\u91cd\u8981\uff0c\u4f46\u6709\u65f6\u5374\u5f88\u96be\u5f97\u5230\u3002\u5e78\u8fd0\u7684\u662f\uff0c\u6709\u8bb8\u591a\u66ff\u4ee3\u54c1\u53ef\u4ee5\u5e2e\u52a9\u60a8\u83b7\u5f97\u60f3\u8981\u7684\u4f11\u606f\u3002\u795b\u6591\u6ef4\u5242\u5c31\u662f\u8fd9\u6837\u4e00\u79cd\u66ff\u4ee3\u54c1--\u5b83\u901a\u8fc7\u963b\u65ad\u67d0\u4e9b\u5df2\u77e5\u4f1a\u5bfc\u81f4\u7761\u7720\u969c\u788d\u7684\u6fc0\u7d20\u6765\u4fc3\u8fdb\u4f11\u606f\u3002\u60a8\u53ef\u4ee5\u901a\u8fc7\u591a\u79cd\u65b9\u5f0f\u5728\u7f51\u4e0a\u8d2d\u4e70\u6297\u8870\u8001\u6ef4\u5242\u3002\u4f60\u53ef\u4ee5\u5728\u7f51\u4e0a\u8d2d\u4e70\u5355\u6ef4\u6216\u516d\u6ef4\u6216\u66f4\u591a\u7684\u5305\u88c5\u3002\u60a8\u4e5f\u53ef\u4ee5\u5728\u8bb8\u591a\u5546\u5e97\u548c\u836f\u5e97\u4e70\u5230\u5b89\u7720\u836f\u6ef4\u5242\u3002<\/p>\n<\/div>\n<\/div>\n<\/div>\n<\/div>\n<\/div>\n<\/div>\n<\/div>\n<\/div>","protected":false},"excerpt":{"rendered":"<div class=\"elementor-element elementor-element-4b6f3d0 elementor-widget elementor-widget-heading\" data-id=\"4b6f3d0\" data-element_type=\"widget\" data-widget_type=\"heading.default\">\n<div class=\"elementor-widget-container\">\n<h2 class=\"elementor-heading-title elementor-size-default\">\u8d2d\u4e70Ko\u6ef4\u5242<\/h2>\n<\/div>\n<\/div>\n<div class=\"elementor-element elementor-element-3cddf85 elementor-widget elementor-widget-heading\" data-id=\"3cddf85\" data-element_type=\"widget\" data-widget_type=\"heading.default\">\n<div class=\"elementor-widget-container\"><span class=\"elementor-heading-title elementor-size-default\">\u6211\u4eec\u662f\u8d2d\u4e70ko drops\u7684\u6700\u4f73\u7f51\u4e0a\u5546\u5e97<\/span><\/div>\n<\/div>\n<div class=\"elementor-element elementor-element-ac2151b elementor-widget elementor-widget-text-editor\" data-id=\"ac2151b\" data-element_type=\"widget\" data-widget_type=\"text-editor.default\">\n<div class=\"elementor-widget-container\">\n<p>\u5982\u679c\u4f60\u6b63\u5728\u5bfb\u627e\u54ea\u91cc\u53ef\u4ee5\u4e70\u5230\u6240\u8c13\u7684KO\u6ef4\u5242\uff0c\u90a3\u4e48\u4ece\u73b0\u5728\u5f00\u59cb\uff0c\u4f60\u4e0d\u5fc5\u518d\u4f9d\u8d56\u53ef\u7591\u7684\u8857\u5934\u5c0f\u8d29\u3002\u53ea\u9700\u5728\u6211\u4eec\u7684\u5546\u5e97\u91cc\u8d2d\u4e70\u6572\u95e8\u7816\u6ef4\u5242\u3002\u6b63\u786e\u4f7f\u7528\uff0c\u5b83\u4eec\u53ef\u4ee5\u4ea7\u751f\u523a\u6fc0\u6216\u9547\u9759\u7684\u6548\u679c\uff0c\u51e0\u4e4e\u6ca1\u6709\u4efb\u4f55\u6709\u5bb3\u7684\u526f\u4f5c\u7528\u3002\u4f46\u662f\uff0c\u5b83\u4eec\u7684\u5242\u91cf\u4e0d\u5e94\u8fc7\u9ad8\uff0c\u56e0\u4e3a\u8fd9\u6837\u4f1a\u4f7f\u4f60\u53d8\u5f97\u865a\u5f31\u5e76\u5bfc\u81f4\u5931\u5fc6\u3002<\/p>\n<\/div>\n<p><strong>KO \u6ef4\u5242\u5982\u4f55\u53d1\u6325\u4f5c\u7528\uff1f<\/strong><br \/>\n<strong>KO \u4e0b\u964d<\/strong> \u901a\u8fc7\u6fc0\u6d3b\u5927\u8111\u4e2d\u7684\u4e24\u79cd\u7279\u5b9a\u53d7\u4f53\u53d1\u6325\u4f5c\u7528\uff1a<\/p>\n<ul>\n<li><strong>GHB \u53d7\u4f53\uff1a<\/strong> \u8c03\u8282\u795e\u7ecf\u5143\u6d3b\u52a8\u548c\u65b0\u9648\u4ee3\u8c22\u8fc7\u7a0b<\/li>\n<li><strong>GABA-B \u53d7\u4f53\uff1a<\/strong> \u4f7f\u4eba\u653e\u677e\u3001\u5e73\u9759\uff0c\u6709\u65f6\u8fd8\u6709\u9547\u9759\u4f5c\u7528\u3002<\/li>\n<\/ul>\n<p>\u8fd9\u79cd\u6548\u679c\u4f1a\u5bfc\u81f4\u795e\u7ecf\u5143\u6d3b\u52a8\u51cf\u5c11\uff0c\u4fc3\u8fdb\u808c\u8089\u653e\u677e\uff0c\u5e76\u80fd\u8bf1\u53d1\u6df1\u5ea6\u7761\u7720\u3002<\/p>\n<ul>\n<li><strong>\u6548\u679c\u5f00\u59cb\uff1a<\/strong> \u8fdb\u98df\u540e 10-20 \u5206\u949f\u3002<\/li>\n<li><strong>\u6548\u679c\u6301\u7eed\u65f6\u95f4\uff1a<\/strong> 1.5 \u81f3 4 \u5c0f\u65f6\uff0c\u89c6\u5242\u91cf\u548c\u4e2a\u4eba\u65b0\u9648\u4ee3\u8c22\u60c5\u51b5\u800c\u5b9a\u3002<\/li>\n<\/ul>\n<p><strong>\u914d\u65b9\u548c\u7279\u6027<\/strong><\/p>\n<ul>\n<li><strong>\u5316\u5b66\u540d\u79f0<\/strong> \u03b3-\u7f9f\u57fa\u4e01\u9178<\/li>\n<li><strong>\u5206\u5b50\u5f0f<\/strong> C4H8O3<\/li>\n<li><strong>\u5206\u5b50\u91cf<\/strong> 104.10 \u514b\/\u6469\u5c14<\/li>\n<\/ul>\n<\/div>","protected":false},"featured_media":1640,"comment_status":"open","ping_status":"closed","template":"","meta":{"_joinchat":[]},"product_brand":[],"product_cat":[33,34,36,35,246],"product_tag":[281,333,349,332,344,331,340,335,352,355,342,343,350,341,345,351,334,347,338,337,354,339,336,353,348,357,346,356],"class_list":{"0":"post-476","1":"product","2":"type-product","3":"status-publish","4":"has-post-thumbnail","6":"product_cat-gbl-gamma-butyrolactone-25l","7":"product_cat-ghb","8":"product_cat-ko-drops","9":"product_cat-ritalin","10":"product_cat-sex-meth","11":"product_tag-gamma-hydroxybutyrat","12":"product_tag-gbl-tropfen","13":"product_tag-ghb-fluessig-kaufen","14":"product_tag-ghb-tropfen","15":"product_tag-ghb-tropfen-sicher-kaufen","16":"product_tag-ko-tropfen","17":"product_tag-ko-tropfen-anwendung","18":"product_tag-ko-tropfen-bestellen","19":"product_tag-ko-tropfen-chemie","20":"product_tag-ko-tropfen-fuer-apotheken","21":"product_tag-ko-tropfen-fuer-forschung","22":"product_tag-ko-tropfen-fuer-industrielle-anwendungen","23":"product_tag-ko-tropfen-fuer-labore","24":"product_tag-ko-tropfen-fuer-medizinische-zwecke","25":"product_tag-ko-tropfen-grosshandel","26":"product_tag-ko-tropfen-in-deutschland-kaufen","27":"product_tag-ko-tropfen-kaufen","28":"product_tag-ko-tropfen-lagerung","29":"product_tag-ko-tropfen-legal-kaufen","30":"product_tag-ko-tropfen-lieferant","31":"product_tag-ko-tropfen-ohne-rezept","32":"product_tag-ko-tropfen-online-bestellen","33":"product_tag-ko-tropfen-preis","34":"product_tag-ko-tropfen-risiken","35":"product_tag-ko-tropfen-sicherheitsrichtlinien","36":"product_tag-ko-tropfen-vertrieb","37":"product_tag-ko-tropfen-weltweit-bestellen","38":"product_tag-wo-ko-tropfen-kaufen","40":"first","41":"instock","42":"shipping-taxable","43":"purchasable","44":"product-type-variable","45":"has-default-attributes"},"yoast_head":"<!-- This site is optimized with the Yoast SEO plugin v25.4 - https:\/\/yoast.com\/wordpress\/plugins\/seo\/ -->\n<title>KO Tropfen Online Kaufen - KO Tropfen zu verkaufen<\/title>\n<meta name=\"description\" content=\"Wenn Sie Ko Tropfen online kaufen m\u00f6chten und einen zuverl\u00e4ssigen Online-Shop suchen, sind Sie hier genau richtig. Wir bieten ausschlie\u00dflich hochwertige Ko Tropfen zu einem erschwinglichen Preis an. Bestellen Sie jetzt Ko Tropfen!\" \/>\n<meta name=\"robots\" content=\"index, follow, max-snippet:-1, max-image-preview:large, max-video-preview:-1\" \/>\n<link rel=\"canonical\" href=\"https:\/\/gblexpress.com\/zh\/\u4ea7\u54c1-2\/\u5171\u540c\u6ef4\u5242\u5728\u7ebf\u8d2d\u4e70\/\" \/>\n<meta property=\"og:locale\" content=\"zh_CN\" \/>\n<meta property=\"og:type\" content=\"article\" \/>\n<meta property=\"og:title\" content=\"KO Tropfen Online Kaufen - KO Tropfen zu verkaufen\" \/>\n<meta property=\"og:description\" content=\"Wenn Sie Ko Tropfen online kaufen m\u00f6chten und einen zuverl\u00e4ssigen Online-Shop suchen, sind Sie hier genau richtig. Wir bieten ausschlie\u00dflich hochwertige Ko Tropfen zu einem erschwinglichen Preis an. Bestellen Sie jetzt Ko Tropfen!\" \/>\n<meta property=\"og:url\" content=\"https:\/\/gblexpress.com\/zh\/\u4ea7\u54c1-2\/\u5171\u540c\u6ef4\u5242\u5728\u7ebf\u8d2d\u4e70\/\" \/>\n<meta property=\"og:site_name\" content=\"GBL Express\" \/>\n<meta property=\"article:modified_time\" content=\"2026-02-27T10:34:07+00:00\" \/>\n<meta property=\"og:image\" content=\"https:\/\/gblexpress.com\/wp-content\/uploads\/2023\/05\/KO-Tropfen.jpg\" \/>\n\t<meta property=\"og:image:width\" content=\"600\" \/>\n\t<meta property=\"og:image:height\" content=\"600\" \/>\n\t<meta property=\"og:image:type\" content=\"image\/jpeg\" \/>\n<meta name=\"twitter:card\" content=\"summary_large_image\" \/>\n<meta name=\"twitter:label1\" content=\"\u9884\u8ba1\u9605\u8bfb\u65f6\u95f4\" \/>\n\t<meta name=\"twitter:data1\" content=\"2 \u5206\" \/>\n<!-- \/ Yoast SEO plugin. -->","yoast_head_json":{"title":"\u5728\u7ebf\u8d2d\u4e70 KO Drops - \u51fa\u552e KO Drops","description":"\u5982\u679c\u60a8\u60f3\u5728\u7ebf\u8d2d\u4e70 Ko \u6ef4\u5242\u5e76\u4e14\u6b63\u5728\u5bfb\u627e\u53ef\u9760\u7684\u7f51\u4e0a\u5546\u5e97\uff0c\u90a3\u4e48\u60a8\u6765\u5bf9\u5730\u65b9\u4e86\u3002\u6211\u4eec\u4ec5\u4ee5\u5b9e\u60e0\u7684\u4ef7\u683c\u63d0\u4f9b\u9ad8\u54c1\u8d28\u7684\u51fb\u5012\u836f\u3002\u7acb\u5373\u8ba2\u8d2d Ko Drops\uff01","robots":{"index":"index","follow":"follow","max-snippet":"max-snippet:-1","max-image-preview":"max-image-preview:large","max-video-preview":"max-video-preview:-1"},"canonical":"https:\/\/gblexpress.com\/zh\/\u4ea7\u54c1-2\/\u5171\u540c\u6ef4\u5242\u5728\u7ebf\u8d2d\u4e70\/","og_locale":"zh_CN","og_type":"article","og_title":"KO Tropfen Online Kaufen - KO Tropfen zu verkaufen","og_description":"Wenn Sie Ko Tropfen online kaufen m\u00f6chten und einen zuverl\u00e4ssigen Online-Shop suchen, sind Sie hier genau richtig. Wir bieten ausschlie\u00dflich hochwertige Ko Tropfen zu einem erschwinglichen Preis an. Bestellen Sie jetzt Ko Tropfen!","og_url":"https:\/\/gblexpress.com\/zh\/\u4ea7\u54c1-2\/\u5171\u540c\u6ef4\u5242\u5728\u7ebf\u8d2d\u4e70\/","og_site_name":"GBL Express","article_modified_time":"2026-02-27T10:34:07+00:00","og_image":[{"width":600,"height":600,"url":"https:\/\/gblexpress.com\/wp-content\/uploads\/2023\/05\/KO-Tropfen.jpg","type":"image\/jpeg"}],"twitter_card":"summary_large_image","twitter_misc":{"\u9884\u8ba1\u9605\u8bfb\u65f6\u95f4":"2 \u5206"},"schema":{"@context":"https:\/\/schema.org","@graph":[{"@type":"WebPage","@id":"https:\/\/gblexpress.com\/product\/ko-tropfen-kaufen-online\/","url":"https:\/\/gblexpress.com\/product\/ko-tropfen-kaufen-online\/","name":"\u5728\u7ebf\u8d2d\u4e70 KO Drops - \u51fa\u552e KO Drops","isPartOf":{"@id":"https:\/\/gblexpress.com\/#website"},"primaryImageOfPage":{"@id":"https:\/\/gblexpress.com\/product\/ko-tropfen-kaufen-online\/#primaryimage"},"image":{"@id":"https:\/\/gblexpress.com\/product\/ko-tropfen-kaufen-online\/#primaryimage"},"thumbnailUrl":"https:\/\/gblexpress.com\/wp-content\/uploads\/2023\/05\/KO-Tropfen.jpg","datePublished":"2023-05-17T11:11:25+00:00","dateModified":"2026-02-27T10:34:07+00:00","description":"\u5982\u679c\u60a8\u60f3\u5728\u7ebf\u8d2d\u4e70 Ko \u6ef4\u5242\u5e76\u4e14\u6b63\u5728\u5bfb\u627e\u53ef\u9760\u7684\u7f51\u4e0a\u5546\u5e97\uff0c\u90a3\u4e48\u60a8\u6765\u5bf9\u5730\u65b9\u4e86\u3002\u6211\u4eec\u4ec5\u4ee5\u5b9e\u60e0\u7684\u4ef7\u683c\u63d0\u4f9b\u9ad8\u54c1\u8d28\u7684\u51fb\u5012\u836f\u3002\u7acb\u5373\u8ba2\u8d2d Ko Drops\uff01","breadcrumb":{"@id":"https:\/\/gblexpress.com\/product\/ko-tropfen-kaufen-online\/#breadcrumb"},"inLanguage":"zh-Hans","potentialAction":[{"@type":"ReadAction","target":["https:\/\/gblexpress.com\/product\/ko-tropfen-kaufen-online\/"]}]},{"@type":"ImageObject","inLanguage":"zh-Hans","@id":"https:\/\/gblexpress.com\/product\/ko-tropfen-kaufen-online\/#primaryimage","url":"https:\/\/gblexpress.com\/wp-content\/uploads\/2023\/05\/KO-Tropfen.jpg","contentUrl":"https:\/\/gblexpress.com\/wp-content\/uploads\/2023\/05\/KO-Tropfen.jpg","width":600,"height":600,"caption":"KO-Tropfen online kaufen"},{"@type":"BreadcrumbList","@id":"https:\/\/gblexpress.com\/product\/ko-tropfen-kaufen-online\/#breadcrumb","itemListElement":[{"@type":"ListItem","position":1,"name":"Home","item":"https:\/\/gblexpress.com\/"},{"@type":"ListItem","position":2,"name":"Shop","item":"https:\/\/gblexpress.com\/shop\/"},{"@type":"ListItem","position":3,"name":"KO Tropfen Kaufen Online"}]},{"@type":"WebSite","@id":"https:\/\/gblexpress.com\/#website","url":"https:\/\/gblexpress.com\/","name":"GBL Express","description":"","publisher":{"@id":"https:\/\/gblexpress.com\/#organization"},"potentialAction":[{"@type":"SearchAction","target":{"@type":"EntryPoint","urlTemplate":"https:\/\/gblexpress.com\/?s={search_term_string}"},"query-input":{"@type":"PropertyValueSpecification","valueRequired":true,"valueName":"search_term_string"}}],"inLanguage":"zh-Hans"},{"@type":"Organization","@id":"https:\/\/gblexpress.com\/#organization","name":"GBL Express","url":"https:\/\/gblexpress.com\/","logo":{"@type":"ImageObject","inLanguage":"zh-Hans","@id":"https:\/\/gblexpress.com\/#\/schema\/logo\/image\/","url":"https:\/\/gblexpress.com\/wp-content\/uploads\/2023\/01\/logo.png","contentUrl":"https:\/\/gblexpress.com\/wp-content\/uploads\/2023\/01\/logo.png","width":250,"height":52,"caption":"GBL Express"},"image":{"@id":"https:\/\/gblexpress.com\/#\/schema\/logo\/image\/"}}]}},"jetpack-related-posts":[],"jetpack_sharing_enabled":true,"_links":{"self":[{"href":"https:\/\/gblexpress.com\/zh\/wp-json\/wp\/v2\/product\/476","targetHints":{"allow":["GET"]}}],"collection":[{"href":"https:\/\/gblexpress.com\/zh\/wp-json\/wp\/v2\/product"}],"about":[{"href":"https:\/\/gblexpress.com\/zh\/wp-json\/wp\/v2\/types\/product"}],"replies":[{"embeddable":true,"href":"https:\/\/gblexpress.com\/zh\/wp-json\/wp\/v2\/comments?post=476"}],"wp:featuredmedia":[{"embeddable":true,"href":"https:\/\/gblexpress.com\/zh\/wp-json\/wp\/v2\/media\/1640"}],"wp:attachment":[{"href":"https:\/\/gblexpress.com\/zh\/wp-json\/wp\/v2\/media?parent=476"}],"wp:term":[{"taxonomy":"product_brand","embeddable":true,"href":"https:\/\/gblexpress.com\/zh\/wp-json\/wp\/v2\/product_brand?post=476"},{"taxonomy":"product_cat","embeddable":true,"href":"https:\/\/gblexpress.com\/zh\/wp-json\/wp\/v2\/product_cat?post=476"},{"taxonomy":"product_tag","embeddable":true,"href":"https:\/\/gblexpress.com\/zh\/wp-json\/wp\/v2\/product_tag?post=476"}],"curies":[{"name":"wp","href":"https:\/\/api.w.org\/{rel}","templated":true}]}}