{"id":556,"date":"2024-11-28T05:12:56","date_gmt":"2024-11-28T05:12:56","guid":{"rendered":"https:\/\/gblexpress.com\/?post_type=product&#038;p=556"},"modified":"2026-02-26T07:27:27","modified_gmt":"2026-02-26T07:27:27","slug":"%e6%b0%af%e8%83%ba%e9%85%ae-inresa-20-x-2-%e6%af%ab%e5%8d%87-100-%e6%af%ab%e5%85%8b%e6%af%ab%e5%8d%87%e6%b0%af%e8%83%ba%e9%85%ae","status":"publish","type":"product","link":"https:\/\/gblexpress.com\/zh\/%e4%ba%a7%e5%93%81-2\/%e6%b0%af%e8%83%ba%e9%85%ae-inresa-20-x-2-%e6%af%ab%e5%8d%87-100-%e6%af%ab%e5%85%8b%e6%af%ab%e5%8d%87%e6%b0%af%e8%83%ba%e9%85%ae\/","title":{"rendered":"\u6c2f\u80fa\u916e Inresa 20 \u00d7 2 \u6beb\u5347 100 \u6beb\u514b\/\u6beb\u5347 \u6c2f\u80fa\u916e"},"content":{"rendered":"<h2><strong>\u6c2f\u80fa\u916e Inresa 100mg\/ml - \u533b\u7597\u5e94\u7528\u4e2d\u7ecf\u8fc7\u9a8c\u8bc1\u7684\u4f18\u8d28\u4ea7\u54c1<\/strong><\/h2>\n<p>\u4ea7\u54c1\u7684\u5355\u4f4d\u540d\u79f0 <a href=\"https:\/\/gblexpress.com\/zh\/%e4%ba%a7%e5%93%81-2\/%e6%b0%af%e8%83%ba%e9%85%ae-inresa-20-x-2-%e6%af%ab%e5%8d%87-100-%e6%af%ab%e5%85%8b%e6%af%ab%e5%8d%87%e6%b0%af%e8%83%ba%e9%85%ae\/\">\u6c2f\u80fa\u916e\u8fdb\u5165<\/a> \u65e0\u4e00\u4f8b\u5916\u90fd\u662f\u836f\u623f\u8d28\u91cf\u7684\u65b0\u54c1\u3002\u5982\u679c\u60a8\u610f\u5916\u6536\u5230\u4e0d\u7b26\u5408\u6b64\u89c4\u683c\u7684\u8d27\u7269\uff0c\u60a8\u5c06\u6536\u5230\u9000\u6b3e\u6216\u65b0\u7684\u8d27\u7269\u3002\u4fdd\u8d28\u671f\u8fc7\u540e\uff0c\u5fc5\u987b\u6309\u7167\u5236\u9020\u5546\u7684\u8bf4\u660e\u5904\u7406\u836f\u7269\uff08\u53c2\u89c1\u5305\u88c5\u8bf4\u660e\u4e66\uff09Ketamine Inresa 100mg \/ ml<a href=\"https:\/\/factoryson.com\/product\/20l-caluanie-muelear-oxidize\/\">.<\/a><\/p>\n<h3><strong>\u53ef\u7528\u6027\u8be6\u60c5\uff1a<\/strong><\/h3>\n<p>Das Produkt mit der <a href=\"https:\/\/zh.wikipedia.org\/zh-hans\/\">\u540d\u79f0 \u6c2f\u80fa\u916e Inresa<\/a> \u53ef\u7acb\u5373\u53d1\u8d27\u3002<\/p>\n<p><strong>\u56fd\u5bb6\u5bf9\u53ef\u4ea4\u4ed8\u6027\u7684\u5177\u4f53\u9650\u5236\uff1a<\/strong><\/p>\n<p>\u76ee\u524d\u6ca1\u6709\u9488\u5bf9\u7279\u5b9a\u56fd\u5bb6\u7684\u6c2f\u80fa\u916e Inresa \u4ea7\u54c1\u4f9b\u5e94\u9650\u5236\u3002<\/p>\n<h3><strong>\u50a8\u5b58\uff1a<\/strong><\/h3>\n<p>\u8bf7\u5c06\u6807\u6709 Ketamine Inresa \u7684\u4ea7\u54c1\u4fdd\u5b58\u5728\u539f\u5305\u88c5\u4e2d\uff0c\u907f\u514d\u513f\u7ae5\u63a5\u89e6\u3002\u6709\u5173\u6b63\u786e\u50a8\u5b58\u548c\u5904\u7f6e\u7684\u5176\u4ed6\u4fe1\u606f\uff0c\u8bf7\u53c2\u9605\u5305\u88c5\u4e0a\u7684\u8bf4\u660e\u4e66\u3002<\/p>\n<p>&nbsp;<\/p>","protected":false},"excerpt":{"rendered":"<p><strong>\u6c2f\u80fa\u916e Inresa 20 \u00d7 2 \u6beb\u5347 100 \u6beb\u514b\/\u6beb\u5347<\/strong> \u662f\u4e00\u79cd\u9ad8\u6548\u7684\u9ebb\u9189\u5242\u548c\u9547\u75db\u5242\uff0c\u4e13\u95e8\u7528\u4e8e\u533b\u7597\u548c\u6cbb\u7597\u76ee\u7684\u3002\u5b83\u80fd\u5728\u4e34\u5e8a\u73af\u5883\u4e2d\u63d0\u4f9b\u53ef\u9760\u7684\u9547\u75db\u548c\u9ebb\u9189\u6548\u679c\u3002<\/p>\n<h3><strong>\u7279\u6027\u548c\u4f5c\u7528\u65b9\u5f0f<\/strong><\/h3>\n<p>\u6c2f\u80fa\u916e\u4ee5\u5176\u4f5c\u4e3a NMDA \u53d7\u4f53\u62ee\u6297\u5242\u7684\u4f5c\u7528\u800c\u95fb\u540d\uff1a<\/p>\n<ul>\n<li><strong>\u5feb\u901f\u6b62\u75db<\/strong> \u4e0d\u5f71\u54cd\u547c\u5438\u529f\u80fd\u3002<\/li>\n<li><strong>\u9ebb\u9189\u6548\u679c<\/strong> \u9002\u7528\u4e8e\u5916\u79d1\u624b\u672f\u6216\u7d27\u6025\u60c5\u51b5\u3002<\/li>\n<li><strong>\u6cbb\u7597\u6f5c\u529b<\/strong> \u7279\u522b\u662f\u5728\u6cbb\u7597\u6291\u90c1\u75c7\u6216\u521b\u4f24\u540e\u5e94\u6fc0\u969c\u788d\uff08PTSD\uff09\u65b9\u9762\u3002<\/li>\n<\/ul>\n<h3><strong>\u7ec4\u6210\u548c\u7528\u91cf<\/strong><\/h3>\n<ul>\n<li><strong>\u914d\u65b9<\/strong>100 \u6beb\u514b\/\u6beb\u5347\uff0c2 \u6beb\u5347\u5b89\u74ff\uff08\u6bcf\u5305 20 \u652f\uff09\u3002<\/li>\n<li><strong>\u4e3b\u8981\u6d3b\u6027\u6210\u5206<\/strong>\u76d0\u9178\u6c2f\u80fa\u916e<\/li>\n<li><strong>\u5e94\u7528\u9886\u57df<\/strong>\u9ebb\u9189\u3001\u75bc\u75db\u6cbb\u7597\u3001\u7cbe\u795e\u6cbb\u7597\u3002<\/li>\n<\/ul>","protected":false},"featured_media":1609,"comment_status":"open","ping_status":"closed","template":"","meta":{"_joinchat":[]},"product_brand":[],"product_cat":[35],"product_tag":[765,766,763,764,767],"class_list":{"0":"post-556","1":"product","2":"type-product","3":"status-publish","4":"has-post-thumbnail","6":"product_cat-ritalin","7":"product_tag-ketamin-ampullen-kaufenm","8":"product_tag-ketamin-anaesthesie","9":"product_tag-ketamin-inresa-kaufen-ketamin-100-mg-ml-bestellen","10":"product_tag-ketaminhydrochlorid","11":"product_tag-schmerztherapie","13":"first","14":"instock","15":"shipping-taxable","16":"purchasable","17":"product-type-variable"},"yoast_head":"<!-- This site is optimized with the Yoast SEO plugin v25.4 - https:\/\/yoast.com\/wordpress\/plugins\/seo\/ -->\n<title>Ketamin Inresa online kaufen \u2013 Ketamin Inresa zu verkaufen<\/title>\n<meta name=\"description\" content=\"Wenn Sie Ketamin Inresa online kaufen m\u00f6chten und einen zuverl\u00e4ssigen Online-Shop suchen, sind Sie hier genau richtig. Wir bieten ausschlie\u00dflich hochwertiges Ketamin Inresa zu einem erschwinglichen Preis an. Bestellen Sie Ketamin Inresa jetzt!\" \/>\n<meta name=\"robots\" content=\"index, follow, max-snippet:-1, max-image-preview:large, max-video-preview:-1\" \/>\n<link rel=\"canonical\" href=\"https:\/\/gblexpress.com\/zh\/\u4ea7\u54c1-2\/\u6c2f\u80fa\u916e-inresa-20-x-2-\u6beb\u5347-100-\u6beb\u514b\u6beb\u5347\u6c2f\u80fa\u916e\/\" \/>\n<meta property=\"og:locale\" content=\"zh_CN\" \/>\n<meta property=\"og:type\" content=\"article\" \/>\n<meta property=\"og:title\" content=\"Ketamin Inresa online kaufen \u2013 Ketamin Inresa zu verkaufen\" \/>\n<meta property=\"og:description\" content=\"Wenn Sie Ketamin Inresa online kaufen m\u00f6chten und einen zuverl\u00e4ssigen Online-Shop suchen, sind Sie hier genau richtig. Wir bieten ausschlie\u00dflich hochwertiges Ketamin Inresa zu einem erschwinglichen Preis an. Bestellen Sie Ketamin Inresa jetzt!\" \/>\n<meta property=\"og:url\" content=\"https:\/\/gblexpress.com\/zh\/\u4ea7\u54c1-2\/\u6c2f\u80fa\u916e-inresa-20-x-2-\u6beb\u5347-100-\u6beb\u514b\u6beb\u5347\u6c2f\u80fa\u916e\/\" \/>\n<meta property=\"og:site_name\" content=\"GBL Express\" \/>\n<meta property=\"article:modified_time\" content=\"2026-02-26T07:27:27+00:00\" \/>\n<meta property=\"og:image\" content=\"https:\/\/gblexpress.com\/wp-content\/uploads\/2024\/11\/Ketamine-Inresa-1.jpg\" \/>\n\t<meta property=\"og:image:width\" content=\"600\" \/>\n\t<meta property=\"og:image:height\" content=\"600\" \/>\n\t<meta property=\"og:image:type\" content=\"image\/jpeg\" \/>\n<meta name=\"twitter:card\" content=\"summary_large_image\" \/>\n<meta name=\"twitter:label1\" content=\"\u9884\u8ba1\u9605\u8bfb\u65f6\u95f4\" \/>\n\t<meta name=\"twitter:data1\" content=\"1 \u5206\" \/>\n<!-- \/ Yoast SEO plugin. -->","yoast_head_json":{"title":"\u5728\u7ebf\u8d2d\u4e70 Ketamine Inresa \u2013 \u51fa\u552e Ketamine Inresa","description":"\u5982\u679c\u60a8\u60f3\u5728\u7ebf\u8d2d\u4e70 Ketamine Inresa \u5e76\u4e14\u6b63\u5728\u5bfb\u627e\u53ef\u9760\u7684\u7f51\u4e0a\u5546\u5e97\uff0c\u90a3\u4e48\u60a8\u6765\u5bf9\u5730\u65b9\u4e86\u3002\u6211\u4eec\u53ea\u4ee5\u5b9e\u60e0\u7684\u4ef7\u683c\u63d0\u4f9b\u9ad8\u54c1\u8d28\u7684 Ketamine Inresa\u3002\u7acb\u5373\u8ba2\u8d2d Ketamine Inresa\uff01","robots":{"index":"index","follow":"follow","max-snippet":"max-snippet:-1","max-image-preview":"max-image-preview:large","max-video-preview":"max-video-preview:-1"},"canonical":"https:\/\/gblexpress.com\/zh\/\u4ea7\u54c1-2\/\u6c2f\u80fa\u916e-inresa-20-x-2-\u6beb\u5347-100-\u6beb\u514b\u6beb\u5347\u6c2f\u80fa\u916e\/","og_locale":"zh_CN","og_type":"article","og_title":"Ketamin Inresa online kaufen \u2013 Ketamin Inresa zu verkaufen","og_description":"Wenn Sie Ketamin Inresa online kaufen m\u00f6chten und einen zuverl\u00e4ssigen Online-Shop suchen, sind Sie hier genau richtig. Wir bieten ausschlie\u00dflich hochwertiges Ketamin Inresa zu einem erschwinglichen Preis an. Bestellen Sie Ketamin Inresa jetzt!","og_url":"https:\/\/gblexpress.com\/zh\/\u4ea7\u54c1-2\/\u6c2f\u80fa\u916e-inresa-20-x-2-\u6beb\u5347-100-\u6beb\u514b\u6beb\u5347\u6c2f\u80fa\u916e\/","og_site_name":"GBL Express","article_modified_time":"2026-02-26T07:27:27+00:00","og_image":[{"width":600,"height":600,"url":"https:\/\/gblexpress.com\/wp-content\/uploads\/2024\/11\/Ketamine-Inresa-1.jpg","type":"image\/jpeg"}],"twitter_card":"summary_large_image","twitter_misc":{"\u9884\u8ba1\u9605\u8bfb\u65f6\u95f4":"1 \u5206"},"schema":{"@context":"https:\/\/schema.org","@graph":[{"@type":"WebPage","@id":"https:\/\/gblexpress.com\/product\/ketamin-inresa-20-x-2-ml-100-mg-ml-ketamin\/","url":"https:\/\/gblexpress.com\/product\/ketamin-inresa-20-x-2-ml-100-mg-ml-ketamin\/","name":"\u5728\u7ebf\u8d2d\u4e70 Ketamine Inresa \u2013 \u51fa\u552e Ketamine Inresa","isPartOf":{"@id":"https:\/\/gblexpress.com\/#website"},"primaryImageOfPage":{"@id":"https:\/\/gblexpress.com\/product\/ketamin-inresa-20-x-2-ml-100-mg-ml-ketamin\/#primaryimage"},"image":{"@id":"https:\/\/gblexpress.com\/product\/ketamin-inresa-20-x-2-ml-100-mg-ml-ketamin\/#primaryimage"},"thumbnailUrl":"https:\/\/gblexpress.com\/wp-content\/uploads\/2024\/11\/Ketamine-Inresa-1.jpg","datePublished":"2024-11-28T05:12:56+00:00","dateModified":"2026-02-26T07:27:27+00:00","description":"\u5982\u679c\u60a8\u60f3\u5728\u7ebf\u8d2d\u4e70 Ketamine Inresa \u5e76\u4e14\u6b63\u5728\u5bfb\u627e\u53ef\u9760\u7684\u7f51\u4e0a\u5546\u5e97\uff0c\u90a3\u4e48\u60a8\u6765\u5bf9\u5730\u65b9\u4e86\u3002\u6211\u4eec\u53ea\u4ee5\u5b9e\u60e0\u7684\u4ef7\u683c\u63d0\u4f9b\u9ad8\u54c1\u8d28\u7684 Ketamine Inresa\u3002\u7acb\u5373\u8ba2\u8d2d Ketamine Inresa\uff01","breadcrumb":{"@id":"https:\/\/gblexpress.com\/product\/ketamin-inresa-20-x-2-ml-100-mg-ml-ketamin\/#breadcrumb"},"inLanguage":"zh-Hans","potentialAction":[{"@type":"ReadAction","target":["https:\/\/gblexpress.com\/product\/ketamin-inresa-20-x-2-ml-100-mg-ml-ketamin\/"]}]},{"@type":"ImageObject","inLanguage":"zh-Hans","@id":"https:\/\/gblexpress.com\/product\/ketamin-inresa-20-x-2-ml-100-mg-ml-ketamin\/#primaryimage","url":"https:\/\/gblexpress.com\/wp-content\/uploads\/2024\/11\/Ketamine-Inresa-1.jpg","contentUrl":"https:\/\/gblexpress.com\/wp-content\/uploads\/2024\/11\/Ketamine-Inresa-1.jpg","width":600,"height":600,"caption":"Ketamine-Inresa online kaufen"},{"@type":"BreadcrumbList","@id":"https:\/\/gblexpress.com\/product\/ketamin-inresa-20-x-2-ml-100-mg-ml-ketamin\/#breadcrumb","itemListElement":[{"@type":"ListItem","position":1,"name":"Home","item":"https:\/\/gblexpress.com\/"},{"@type":"ListItem","position":2,"name":"Shop","item":"https:\/\/gblexpress.com\/shop\/"},{"@type":"ListItem","position":3,"name":"Ketamin Inresa 20 \u00d7 2 ml 100 mg\/ml Ketamin"}]},{"@type":"WebSite","@id":"https:\/\/gblexpress.com\/#website","url":"https:\/\/gblexpress.com\/","name":"GBL Express","description":"","publisher":{"@id":"https:\/\/gblexpress.com\/#organization"},"potentialAction":[{"@type":"SearchAction","target":{"@type":"EntryPoint","urlTemplate":"https:\/\/gblexpress.com\/?s={search_term_string}"},"query-input":{"@type":"PropertyValueSpecification","valueRequired":true,"valueName":"search_term_string"}}],"inLanguage":"zh-Hans"},{"@type":"Organization","@id":"https:\/\/gblexpress.com\/#organization","name":"GBL Express","url":"https:\/\/gblexpress.com\/","logo":{"@type":"ImageObject","inLanguage":"zh-Hans","@id":"https:\/\/gblexpress.com\/#\/schema\/logo\/image\/","url":"https:\/\/gblexpress.com\/wp-content\/uploads\/2023\/01\/logo.png","contentUrl":"https:\/\/gblexpress.com\/wp-content\/uploads\/2023\/01\/logo.png","width":250,"height":52,"caption":"GBL Express"},"image":{"@id":"https:\/\/gblexpress.com\/#\/schema\/logo\/image\/"}}]}},"jetpack-related-posts":[],"jetpack_sharing_enabled":true,"_links":{"self":[{"href":"https:\/\/gblexpress.com\/zh\/wp-json\/wp\/v2\/product\/556","targetHints":{"allow":["GET"]}}],"collection":[{"href":"https:\/\/gblexpress.com\/zh\/wp-json\/wp\/v2\/product"}],"about":[{"href":"https:\/\/gblexpress.com\/zh\/wp-json\/wp\/v2\/types\/product"}],"replies":[{"embeddable":true,"href":"https:\/\/gblexpress.com\/zh\/wp-json\/wp\/v2\/comments?post=556"}],"wp:featuredmedia":[{"embeddable":true,"href":"https:\/\/gblexpress.com\/zh\/wp-json\/wp\/v2\/media\/1609"}],"wp:attachment":[{"href":"https:\/\/gblexpress.com\/zh\/wp-json\/wp\/v2\/media?parent=556"}],"wp:term":[{"taxonomy":"product_brand","embeddable":true,"href":"https:\/\/gblexpress.com\/zh\/wp-json\/wp\/v2\/product_brand?post=556"},{"taxonomy":"product_cat","embeddable":true,"href":"https:\/\/gblexpress.com\/zh\/wp-json\/wp\/v2\/product_cat?post=556"},{"taxonomy":"product_tag","embeddable":true,"href":"https:\/\/gblexpress.com\/zh\/wp-json\/wp\/v2\/product_tag?post=556"}],"curies":[{"name":"wp","href":"https:\/\/api.w.org\/{rel}","templated":true}]}}