{"id":565,"date":"2023-05-24T07:11:22","date_gmt":"2023-05-24T07:11:22","guid":{"rendered":"https:\/\/gblexpress.com\/?post_type=product&#038;p=565"},"modified":"2026-03-02T11:07:45","modified_gmt":"2026-03-02T11:07:45","slug":"xyrem-180-%e6%af%ab%e5%8d%87-500-%e6%af%ab%e5%85%8b-%ce%b3-%e7%be%9f%e4%b8%81%e9%85%b8-ghb","status":"publish","type":"product","link":"https:\/\/gblexpress.com\/zh\/%e4%ba%a7%e5%93%81-2\/xyrem-180-%e6%af%ab%e5%8d%87-500-%e6%af%ab%e5%85%8b-%ce%b3-%e7%be%9f%e4%b8%81%e9%85%b8-ghb\/","title":{"rendered":"Xyrem 180 \u6beb\u5347 500 \u6beb\u514b \u03b3-\u7f9f\u4e01\u9178\uff08GHB\uff09"},"content":{"rendered":"<h2><strong>\u4fdd\u8d28\u671f\u4fe1\u606f\uff1a<\/strong><\/h2>\n<p><a href=\"https:\/\/gblexpress.com\/zh\/%e4%ba%a7%e5%93%81-2\/xyrem-180-%e6%af%ab%e5%8d%87-500-%e6%af%ab%e5%85%8b-%ce%b3-%e7%be%9f%e4%b8%81%e9%85%b8-ghb\/\">xyrem online kaufen<\/a>\u8d2d\u4e70Xyrem\uff0c\u6211\u4eec\u6240\u63d0\u4f9b\u7684\u540d\u4e3aXyrem\u7684\u4ea7\u54c1\u5355\u4f4d\u90fd\u662f\u836f\u623f\u7ea7\u7684\u7269\u54c1\uff0c\u548c\u65b0\u7684\u4e00\u6837\uff0c\u6ca1\u6709\u4f8b\u5916\u3002\u5982\u679c\u60a8\u4e0d\u5c0f\u5fc3\u6536\u5230\u4e0d\u7b26\u5408\u8fd9\u4e00\u89c4\u683c\u7684\u8d27\u7269\uff0c\u60a8\u5c06\u6536\u5230\u9000\u6b3e\u6216\u65b0\u7684\u8d27\u7269\u3002\u4fdd\u8d28\u671f\u8fc7\u540e\uff0c\u5fc5\u987b\u6309\u7167\u5236\u9020\u5546\u7684\u6307\u793a\u5904\u7406\u836f\u54c1\uff08\u89c1\u5305\u88c5\u5355\uff09\u3002<\/p>\n<h3><strong>\u53ef\u7528\u6027\u8be6\u60c5\uff1a<\/strong><\/h3>\n<p>\u4ee5Xyrem\u4e3a\u540d\u7684\u4ea7\u54c1\u7acb\u5373\u4e0a\u5e02\u3002<\/p>\n<h3><strong>\u56fd\u5bb6\u5bf9\u53ef\u4ea4\u4ed8\u6027\u7684\u5177\u4f53\u9650\u5236\uff1a<\/strong><\/h3>\n<p>\u5bf9\u4e8e\u5e26\u6709\u4ee5\u4e0b\u540d\u79f0\u7684\u4ea7\u54c1 <a href=\"https:\/\/en.wikipedia.org\/wiki\/%CE%93-Hydroxybutyric_acid\">Xyrem<\/a> \u76ee\u524d\uff0c\u540d\u4e3aXyrem\u7684\u4ea7\u54c1\u6ca1\u6709\u7279\u5b9a\u56fd\u5bb6\u7684\u4ea4\u8d27\u9650\u5236\u3002<\/p>\n<h3><strong>\u50a8\u5b58\uff1a<\/strong><\/h3>\n<p>\u8bf7\u5c06\u6807\u6709Xyrem\u7684\u4ea7\u54c1\u653e\u5728\u539f\u5305\u88c5\u4e2d\uff0c\u4e0d\u8981\u8ba9\u513f\u7ae5\u63a5\u89e6\u5230\u3002\u6709\u5173\u6b63\u786e\u50a8\u5b58\u548c\u5904\u7f6e\u7684\u5176\u4ed6\u4fe1\u606f\uff0c\u8bf7\u53c2\u8003\u5305\u88c5\u4e0a\u7684\u5ba3\u4f20\u5355\u3002<br \/>\n\u548c\u5904\u7f6e\uff0c\u8bf7\u53c2\u8003\u5305\u88c5\u4e0a\u7684\u8bf4\u660e\u4e66\u3002<\/p>","protected":false},"excerpt":{"rendered":"<p>Angaben zur Haltbarkeit: xyrem online kaufen, Die von uns zur Verf\u00fcgung gestellten Einheiten des Produkts mit der Bezeichnung Xyrem sind ausnahmslos neuwertige Artikel in Apothekenqualit\u00e4t. Sollten Sie aus Versehen eine Lieferung erhalten, die dieser Spezifikation nicht entspricht, erhalten Sie Ihr Geld zur\u00fcck oder eine neue Lieferung. Nach Ablauf der Haltbarkeit ist das Medikament lt. Herstellerangaben [&hellip;]<\/p>","protected":false},"featured_media":1632,"comment_status":"open","ping_status":"closed","template":"","meta":{"_joinchat":[]},"product_brand":[],"product_cat":[34],"product_tag":[],"class_list":{"0":"post-565","1":"product","2":"type-product","3":"status-publish","4":"has-post-thumbnail","6":"product_cat-ghb","8":"first","9":"instock","10":"shipping-taxable","11":"purchasable","12":"product-type-variable"},"yoast_head":"<!-- This site is optimized with the Yoast SEO plugin v25.4 - https:\/\/yoast.com\/wordpress\/plugins\/seo\/ -->\n<title>Xyrem 180 ml zu 500 mg \u03b3-Hydroxybutters\u00e4ure (GHB)<\/title>\n<meta name=\"description\" content=\"M\u00f6chten Sie Xyrem 180 ml zu 500 mg \u03b3-Hydroxybutters\u00e4ure (GHB) online kaufen? Entdecken Sie die nahtlose Plattform in unserem Online-Shop, auf der Sie Xyrem 180 ml zu 500 mg \u03b3-Hydroxybutters\u00e4ure (GHB) in h\u00f6chster Qualit\u00e4t f\u00fcr Ihre Forschungsanforderungen kaufen k\u00f6nnen.\" \/>\n<meta name=\"robots\" content=\"index, follow, max-snippet:-1, max-image-preview:large, max-video-preview:-1\" \/>\n<link rel=\"canonical\" href=\"https:\/\/gblexpress.com\/zh\/\u4ea7\u54c1-2\/xyrem-180-\u6beb\u5347-500-\u6beb\u514b-\u03b3-\u7f9f\u4e01\u9178-ghb\/\" \/>\n<meta property=\"og:locale\" content=\"zh_CN\" \/>\n<meta property=\"og:type\" content=\"article\" \/>\n<meta property=\"og:title\" content=\"Xyrem 180 ml zu 500 mg \u03b3-Hydroxybutters\u00e4ure (GHB)\" \/>\n<meta property=\"og:description\" content=\"M\u00f6chten Sie Xyrem 180 ml zu 500 mg \u03b3-Hydroxybutters\u00e4ure (GHB) online kaufen? Entdecken Sie die nahtlose Plattform in unserem Online-Shop, auf der Sie Xyrem 180 ml zu 500 mg \u03b3-Hydroxybutters\u00e4ure (GHB) in h\u00f6chster Qualit\u00e4t f\u00fcr Ihre Forschungsanforderungen kaufen k\u00f6nnen.\" \/>\n<meta property=\"og:url\" content=\"https:\/\/gblexpress.com\/zh\/\u4ea7\u54c1-2\/xyrem-180-\u6beb\u5347-500-\u6beb\u514b-\u03b3-\u7f9f\u4e01\u9178-ghb\/\" \/>\n<meta property=\"og:site_name\" content=\"GBL Express\" \/>\n<meta property=\"article:modified_time\" content=\"2026-03-02T11:07:45+00:00\" \/>\n<meta property=\"og:image\" content=\"https:\/\/gblexpress.com\/wp-content\/uploads\/2023\/05\/Xyrem-180-ml-zu-500-mg.jpg\" \/>\n\t<meta property=\"og:image:width\" content=\"600\" \/>\n\t<meta property=\"og:image:height\" content=\"600\" \/>\n\t<meta property=\"og:image:type\" content=\"image\/jpeg\" \/>\n<meta name=\"twitter:card\" content=\"summary_large_image\" \/>\n<meta name=\"twitter:label1\" content=\"\u9884\u8ba1\u9605\u8bfb\u65f6\u95f4\" \/>\n\t<meta name=\"twitter:data1\" content=\"1 \u5206\" \/>\n<!-- \/ Yoast SEO plugin. -->","yoast_head_json":{"title":"Xyrem 180 \u6beb\u5347 500 \u6beb\u514b \u03b3-\u7f9f\u4e01\u9178\uff08GHB\uff09","description":"\u60a8\u60f3\u5728\u7ebf\u8d2d\u4e70\u542b\u6709 500 \u6beb\u514b \u03b3-\u7f9f\u57fa\u4e01\u9178 (GHB) \u7684 180 \u6beb\u5347 Xyrem \u5417\uff1f\u5728\u6211\u4eec\u7684\u5728\u7ebf\u5546\u5e97\u4e2d\u53d1\u73b0\u65e0\u7f1d\u5e73\u53f0\uff0c\u60a8\u53ef\u4ee5\u5728\u8fd9\u91cc\u8d2d\u4e70\u6700\u9ad8\u54c1\u8d28\u7684 Xyrem 180 \u6beb\u5347 500 \u6beb\u514b \u03b3-\u7f9f\u57fa\u4e01\u9178 (GHB)\uff0c\u6ee1\u8db3\u60a8\u7684\u7814\u7a76\u9700\u6c42\u3002","robots":{"index":"index","follow":"follow","max-snippet":"max-snippet:-1","max-image-preview":"max-image-preview:large","max-video-preview":"max-video-preview:-1"},"canonical":"https:\/\/gblexpress.com\/zh\/\u4ea7\u54c1-2\/xyrem-180-\u6beb\u5347-500-\u6beb\u514b-\u03b3-\u7f9f\u4e01\u9178-ghb\/","og_locale":"zh_CN","og_type":"article","og_title":"Xyrem 180 ml zu 500 mg \u03b3-Hydroxybutters\u00e4ure (GHB)","og_description":"M\u00f6chten Sie Xyrem 180 ml zu 500 mg \u03b3-Hydroxybutters\u00e4ure (GHB) online kaufen? Entdecken Sie die nahtlose Plattform in unserem Online-Shop, auf der Sie Xyrem 180 ml zu 500 mg \u03b3-Hydroxybutters\u00e4ure (GHB) in h\u00f6chster Qualit\u00e4t f\u00fcr Ihre Forschungsanforderungen kaufen k\u00f6nnen.","og_url":"https:\/\/gblexpress.com\/zh\/\u4ea7\u54c1-2\/xyrem-180-\u6beb\u5347-500-\u6beb\u514b-\u03b3-\u7f9f\u4e01\u9178-ghb\/","og_site_name":"GBL Express","article_modified_time":"2026-03-02T11:07:45+00:00","og_image":[{"width":600,"height":600,"url":"https:\/\/gblexpress.com\/wp-content\/uploads\/2023\/05\/Xyrem-180-ml-zu-500-mg.jpg","type":"image\/jpeg"}],"twitter_card":"summary_large_image","twitter_misc":{"\u9884\u8ba1\u9605\u8bfb\u65f6\u95f4":"1 \u5206"},"schema":{"@context":"https:\/\/schema.org","@graph":[{"@type":"WebPage","@id":"https:\/\/gblexpress.com\/product\/xyrem-180-ml-zu-500-mg-%ce%b3-hydroxybuttersaeure-ghb\/","url":"https:\/\/gblexpress.com\/product\/xyrem-180-ml-zu-500-mg-%ce%b3-hydroxybuttersaeure-ghb\/","name":"Xyrem 180 \u6beb\u5347 500 \u6beb\u514b \u03b3-\u7f9f\u4e01\u9178\uff08GHB\uff09","isPartOf":{"@id":"https:\/\/gblexpress.com\/#website"},"primaryImageOfPage":{"@id":"https:\/\/gblexpress.com\/product\/xyrem-180-ml-zu-500-mg-%ce%b3-hydroxybuttersaeure-ghb\/#primaryimage"},"image":{"@id":"https:\/\/gblexpress.com\/product\/xyrem-180-ml-zu-500-mg-%ce%b3-hydroxybuttersaeure-ghb\/#primaryimage"},"thumbnailUrl":"https:\/\/gblexpress.com\/wp-content\/uploads\/2023\/05\/Xyrem-180-ml-zu-500-mg.jpg","datePublished":"2023-05-24T07:11:22+00:00","dateModified":"2026-03-02T11:07:45+00:00","description":"\u60a8\u60f3\u5728\u7ebf\u8d2d\u4e70\u542b\u6709 500 \u6beb\u514b \u03b3-\u7f9f\u57fa\u4e01\u9178 (GHB) \u7684 180 \u6beb\u5347 Xyrem \u5417\uff1f\u5728\u6211\u4eec\u7684\u5728\u7ebf\u5546\u5e97\u4e2d\u53d1\u73b0\u65e0\u7f1d\u5e73\u53f0\uff0c\u60a8\u53ef\u4ee5\u5728\u8fd9\u91cc\u8d2d\u4e70\u6700\u9ad8\u54c1\u8d28\u7684 Xyrem 180 \u6beb\u5347 500 \u6beb\u514b \u03b3-\u7f9f\u57fa\u4e01\u9178 (GHB)\uff0c\u6ee1\u8db3\u60a8\u7684\u7814\u7a76\u9700\u6c42\u3002","breadcrumb":{"@id":"https:\/\/gblexpress.com\/product\/xyrem-180-ml-zu-500-mg-%ce%b3-hydroxybuttersaeure-ghb\/#breadcrumb"},"inLanguage":"zh-Hans","potentialAction":[{"@type":"ReadAction","target":["https:\/\/gblexpress.com\/product\/xyrem-180-ml-zu-500-mg-%ce%b3-hydroxybuttersaeure-ghb\/"]}]},{"@type":"ImageObject","inLanguage":"zh-Hans","@id":"https:\/\/gblexpress.com\/product\/xyrem-180-ml-zu-500-mg-%ce%b3-hydroxybuttersaeure-ghb\/#primaryimage","url":"https:\/\/gblexpress.com\/wp-content\/uploads\/2023\/05\/Xyrem-180-ml-zu-500-mg.jpg","contentUrl":"https:\/\/gblexpress.com\/wp-content\/uploads\/2023\/05\/Xyrem-180-ml-zu-500-mg.jpg","width":600,"height":600,"caption":"Xyrem-180-ml-zu-500-mg online kaufen"},{"@type":"BreadcrumbList","@id":"https:\/\/gblexpress.com\/product\/xyrem-180-ml-zu-500-mg-%ce%b3-hydroxybuttersaeure-ghb\/#breadcrumb","itemListElement":[{"@type":"ListItem","position":1,"name":"Home","item":"https:\/\/gblexpress.com\/"},{"@type":"ListItem","position":2,"name":"Shop","item":"https:\/\/gblexpress.com\/shop\/"},{"@type":"ListItem","position":3,"name":"Xyrem 180 ml zu 500 mg \u03b3-Hydroxybutters\u00e4ure (GHB)"}]},{"@type":"WebSite","@id":"https:\/\/gblexpress.com\/#website","url":"https:\/\/gblexpress.com\/","name":"GBL Express","description":"","publisher":{"@id":"https:\/\/gblexpress.com\/#organization"},"potentialAction":[{"@type":"SearchAction","target":{"@type":"EntryPoint","urlTemplate":"https:\/\/gblexpress.com\/?s={search_term_string}"},"query-input":{"@type":"PropertyValueSpecification","valueRequired":true,"valueName":"search_term_string"}}],"inLanguage":"zh-Hans"},{"@type":"Organization","@id":"https:\/\/gblexpress.com\/#organization","name":"GBL Express","url":"https:\/\/gblexpress.com\/","logo":{"@type":"ImageObject","inLanguage":"zh-Hans","@id":"https:\/\/gblexpress.com\/#\/schema\/logo\/image\/","url":"https:\/\/gblexpress.com\/wp-content\/uploads\/2023\/01\/logo.png","contentUrl":"https:\/\/gblexpress.com\/wp-content\/uploads\/2023\/01\/logo.png","width":250,"height":52,"caption":"GBL Express"},"image":{"@id":"https:\/\/gblexpress.com\/#\/schema\/logo\/image\/"}}]}},"jetpack-related-posts":[],"jetpack_sharing_enabled":true,"_links":{"self":[{"href":"https:\/\/gblexpress.com\/zh\/wp-json\/wp\/v2\/product\/565","targetHints":{"allow":["GET"]}}],"collection":[{"href":"https:\/\/gblexpress.com\/zh\/wp-json\/wp\/v2\/product"}],"about":[{"href":"https:\/\/gblexpress.com\/zh\/wp-json\/wp\/v2\/types\/product"}],"replies":[{"embeddable":true,"href":"https:\/\/gblexpress.com\/zh\/wp-json\/wp\/v2\/comments?post=565"}],"wp:featuredmedia":[{"embeddable":true,"href":"https:\/\/gblexpress.com\/zh\/wp-json\/wp\/v2\/media\/1632"}],"wp:attachment":[{"href":"https:\/\/gblexpress.com\/zh\/wp-json\/wp\/v2\/media?parent=565"}],"wp:term":[{"taxonomy":"product_brand","embeddable":true,"href":"https:\/\/gblexpress.com\/zh\/wp-json\/wp\/v2\/product_brand?post=565"},{"taxonomy":"product_cat","embeddable":true,"href":"https:\/\/gblexpress.com\/zh\/wp-json\/wp\/v2\/product_cat?post=565"},{"taxonomy":"product_tag","embeddable":true,"href":"https:\/\/gblexpress.com\/zh\/wp-json\/wp\/v2\/product_tag?post=565"}],"curies":[{"name":"wp","href":"https:\/\/api.w.org\/{rel}","templated":true}]}}