{"id":619,"date":"2023-05-29T19:25:08","date_gmt":"2023-05-29T19:25:08","guid":{"rendered":"https:\/\/gblexpress.com\/?post_type=product&#038;p=619"},"modified":"2026-02-26T07:25:35","modified_gmt":"2026-02-26T07:25:35","slug":"%e5%9c%a8%e7%ba%bf%e8%b4%ad%e4%b9%b0%e9%98%bf%e6%99%ae%e5%94%91%e4%bb%91%e7%b2%89%e6%9c%ab-100-%e5%85%8b","status":"publish","type":"product","link":"https:\/\/gblexpress.com\/zh\/%e4%ba%a7%e5%93%81-2\/%e5%9c%a8%e7%ba%bf%e8%b4%ad%e4%b9%b0%e9%98%bf%e6%99%ae%e5%94%91%e4%bb%91%e7%b2%89%e6%9c%ab-100-%e5%85%8b\/","title":{"rendered":"\u5728\u7ebf\u8d2d\u4e70\u963f\u666e\u5511\u4ed1\u7c89\u672b100g"},"content":{"rendered":"<h2><strong>ALPRAZOLAM PULVER 100G ONLINE KAUFEN<\/strong><\/h2>\n<p><a href=\"https:\/\/en.wikipedia.org\/wiki\/Alprazolam\">\u5728\u7ebf\u8d2d\u4e70\u963f\u666e\u5511\u4ed1\u7c89\u672b<\/a>, Alprazolam ist ein Benzodiazepin (ben-zoe-dye-AZE-eh-peen). Alprazolam wirkt auf Chemikalien im Gehirn, die bei Menschen mit Angstzust\u00e4nden unausgewogen sein k\u00f6nnen. Alprazolam wird zur Behandlung von Angstst\u00f6rungen, Panikst\u00f6rungen und Angstzust\u00e4nden aufgrund von Depressionen eingesetzt. <a href=\"https:\/\/gblexpress.com\/zh\/%e4%ba%a7%e5%93%81-2\/%e5%9c%a8%e7%ba%bf%e8%b4%ad%e4%b9%b0%e9%98%bf%e6%99%ae%e5%94%91%e4%bb%91%e7%b2%89%e6%9c%ab-100-%e5%85%8b\/\">\u963f\u666e\u5511\u4ed1\u7c89\u6cbb\u7597\u7126\u8651\u75c7<\/a>\u3001\u6050\u614c\u75c7\u3001\u5931\u7720\u75c7\uff08\u7761\u7720\u969c\u788d\uff09\u548c\u6291\u90c1\u75c7\u5f15\u8d77\u7684\u7126\u8651\u75c7<a href=\"https:\/\/gblexpress.com\/zh\/\">.<\/a><\/p>\n<p>CAS-Nr.: 28981-97-7<br \/>\nMF: C17H13ClN4<br \/>\n\u522b\u540d\uff1a8-\u6c2f-1-\u7532\u57fa-6-\u82ef\u57fa-4h-1,2,4-\u4e09\u5511(3,4-a)(1,4)\u82ef\u4e8c\u6c2e\u5353<br \/>\n\u5916\u89c2\uff1a\u767d\u8272\u7c89\u672b<br \/>\n\u5185\u5bb9\uff1a99%<br \/>\nMW: 308,76<\/p>\n<h3><strong>\u5728\u7ebf\u8d2d\u4e70\u963f\u666e\u5511\u4ed1\u7c89\u672b<\/strong><\/h3>\n<p>\u5728\u6b27\u6d32\u54ea\u91cc\u53ef\u4ee5\u5728\u7ebf\u8d2d\u4e70\u963f\u666e\u5511\u4ed1\u7c89\u672b\u3002\u4eba\u4eec\u603b\u662f\u5728\u5bfb\u627e\u7f51\u4e0a\u8d2d\u4e70\u5b89\u4e50\u6b7b\u7684\u5730\u65b9\u3002\u53e6\u4e00\u65b9\u9762\uff0c\u8ba2\u8d2d\u963f\u666e\u5511\u4ed1\u7c89\u7684\u60c5\u51b5\u6bcf\u5929\u90fd\u5728\u53d1\u751f\u3002\u90a3\u4e48\u95ee\u9898\u51fa\u5728\u54ea\u91cc\u5462\uff1f\u4e00\u4e2a\u53ef\u9760\u7684\u6765\u6e90\u3002\u963f\u666e\u5511\u4ed1xanax\u8fd9\u79cd\u836f\u7269\u5e76\u4e0d\u5e38\u89c1\uff0c\u6240\u4ee5\u4f60\u4e0d\u5e94\u8be5\u53ea\u662f\u5728\u4e00\u4e9b\u535a\u5ba2\u4e0a\u770b\u5230\u4e00\u4e2a\u53f7\u7801\u5c31\u6253\u7535\u8bdd\u3002\u836f\u54c1\u7684\u4f9b\u5e94\u8981\u614e\u4e4b\u53c8\u614e\u3002\u8fd9\u6837\u505a\u662f\u4e3a\u4e86\u907f\u514dDEA\u548cFDA\u4e0e\u4ed6\u4eec\u7684\u836f\u7269\u6cd5\u3002<\/p>\n<p>Xanax\u4e5f\u5c5e\u4e8e\u82ef\u4e8c\u6c2e\u5353\u7c7b\u836f\u7269\u3002\u5b83\u662f\u4e00\u79cd\u77ed\u6548\u6297\u7126\u8651\u836f\uff0c\u7528\u4e8e\u6cbb\u7597\u7126\u8651\u75c7\u548c\u6050\u614c\u75c7\u3002\u5982\u679c\u4f60\u670d\u7528\u6b63\u786e\u7684\u5242\u91cf\uff0c\u5b83\u662f\u6709\u6548\u7684\u3002\u6ee5\u7528\u4e5f\u53ef\u80fd\u5bfc\u81f4\u6b7b\u4ea1\u3002\u867d\u7136\u6211\u4eec\u4e0d\u5173\u5fc3\u4f60\u662f\u5426\u6709\u5904\u65b9\uff0c\u4f46\u6211\u4eec\u5efa\u8bae\u4f60\u53bb\u770b\u533b\u751f\u3002\u5b83\u662f\u4e00\u79cd\u6297\u7126\u8651\u7684\u836f\u7269\uff0c\u4f46\u5728\u6ca1\u6709\u533b\u5b66\u77e5\u8bc6\u7684\u60c5\u51b5\u4e0b\u8ba2\u8d2d\u5b83\u662f\u6709\u98ce\u9669\u7684\u3002\u963f\u666e\u5511\u4ed1\u7684\u9500\u552e\u548c\u8fd0\u8f93\u653f\u7b56<\/p>","protected":false},"excerpt":{"rendered":"<p>\u60a8\u662f\u5426\u6b63\u5728\u5bfb\u627e\u9ad8\u8d28\u91cf\u7684 <strong>\u963f\u666e\u5511\u4ed1\u7c89\u672b<\/strong>?\u901a\u8fc7\u6211\u4eec\uff0c\u60a8\u5c06\u83b7\u5f97 <strong>\u9ad8\u7eaf\u5ea6\u963f\u666e\u5511\u4ed1<\/strong> \u5b9e\u9a8c\u5ba4\u8d28\u91cf\uff0c\u662f <strong>\u7814\u7a76\u76ee\u7684<\/strong>.\u6211\u4eec\u7684\u4ea7\u54c1\u7eaf\u5ea6\u9ad8\u8fbe 99%\uff0c\u751f\u4ea7\u5de5\u827a\u5982\u4e0b <strong>\u8c28\u614e\u8fd0\u8f93<\/strong> \u9001\u8fbe\u6b27\u6d32\u5404\u5730\u3002\u73b0\u5728 <strong>\u5728\u7ebf\u8ba2\u8d2d\u963f\u666e\u5511\u4ed1<\/strong> \u5e76\u4eab\u53d7\u5feb\u901f\u3001\u53ef\u9760\u7684\u9001\u8d27\u670d\u52a1\u3002\u4fe1\u8d56\u6700\u4f18\u8d28\u5b89\u5168\u7684\u4ea7\u54c1<\/p>","protected":false},"featured_media":620,"comment_status":"open","ping_status":"closed","template":"","meta":{"_joinchat":[]},"product_brand":[],"product_cat":[32,36,246],"product_tag":[804,822,812,800,808,810,821,797,820,799,807,818,796,813,825,823,811,819,801,809,817,798,816,806,802,805,803,814,824,815],"class_list":{"0":"post-619","1":"product","2":"type-product","3":"status-publish","4":"has-post-thumbnail","6":"product_cat-uncategorized","7":"product_cat-ko-drops","8":"product_cat-sex-meth","9":"product_tag-alprazolam-bestellen","10":"product_tag-alprazolam-bestellen-schweiz","11":"product_tag-alprazolam-forschungschemikalien","12":"product_tag-alprazolam-fuer-forschung","13":"product_tag-alprazolam-fuer-labore","14":"product_tag-alprazolam-grosshandel","15":"product_tag-alprazolam-kaufen-deutschland","16":"product_tag-alprazolam-online-bestellen","17":"product_tag-alprazolam-online-guenstig-kaufen","18":"product_tag-alprazolam-pulver","19":"product_tag-alprazolam-pulver-99","20":"product_tag-alprazolam-pulver-fuer-forschungszwecke","21":"product_tag-alprazolam-pulver-kaufen","22":"product_tag-alprazolam-pulver-laborqualitaet","23":"product_tag-alprazolam-pulver-online-europa","24":"product_tag-alprazolam-pulver-oesterreich","25":"product_tag-beste-alprazolam-qualitaet","26":"product_tag-beste-anbieter-fuer-alprazolam-pulver","27":"product_tag-chemisches-reagenz-alprazolam","28":"product_tag-diskreter-versand-alprazolam","29":"product_tag-diskreter-versand-alprazolam-pulver","30":"product_tag-hochreines-alprazolam","31":"product_tag-hochreines-alprazolam-pulver-online-bestellen","32":"product_tag-hochwertiges-alprazolam-pulver","33":"product_tag-pharmazeutisches-alprazolam","34":"product_tag-qualitatives-alprazolam","35":"product_tag-reines-alprazolam-pulver","36":"product_tag-schneller-versand-alprazolam","37":"product_tag-schneller-versand-alprazolam-europa","38":"product_tag-wo-kann-ich-alprazolam-pulver-kaufen","40":"first","41":"instock","42":"shipping-taxable","43":"purchasable","44":"product-type-variable"},"yoast_head":"<!-- This site is optimized with the Yoast SEO plugin v25.4 - https:\/\/yoast.com\/wordpress\/plugins\/seo\/ -->\n<title>Alprazolam Pulver 100G online-Alprazolam Pulver 100G zu verkauf<\/title>\n<meta name=\"description\" content=\"M\u00f6chten Sie Ihre Forschung vorantreiben? Kaufen Sie Alprazolam-Pulver 100 g bequem und sicher online \u2013 mit einem unkomplizierten Bestellvorgang. Entdecken Sie die M\u00f6glichkeiten und kaufen Sie Alprazolam-Pulver 100 g noch heute online f\u00fcr Ihre Forschungsvorhaben.\" \/>\n<meta name=\"robots\" content=\"index, follow, max-snippet:-1, max-image-preview:large, max-video-preview:-1\" \/>\n<link rel=\"canonical\" href=\"https:\/\/gblexpress.com\/zh\/\u4ea7\u54c1-2\/\u5728\u7ebf\u8d2d\u4e70\u963f\u666e\u5511\u4ed1\u7c89\u672b-100-\u514b\/\" \/>\n<meta property=\"og:locale\" content=\"zh_CN\" \/>\n<meta property=\"og:type\" content=\"article\" \/>\n<meta property=\"og:title\" content=\"Alprazolam Pulver 100G online-Alprazolam Pulver 100G zu verkauf\" \/>\n<meta property=\"og:description\" content=\"M\u00f6chten Sie Ihre Forschung vorantreiben? Kaufen Sie Alprazolam-Pulver 100 g bequem und sicher online \u2013 mit einem unkomplizierten Bestellvorgang. Entdecken Sie die M\u00f6glichkeiten und kaufen Sie Alprazolam-Pulver 100 g noch heute online f\u00fcr Ihre Forschungsvorhaben.\" \/>\n<meta property=\"og:url\" content=\"https:\/\/gblexpress.com\/zh\/\u4ea7\u54c1-2\/\u5728\u7ebf\u8d2d\u4e70\u963f\u666e\u5511\u4ed1\u7c89\u672b-100-\u514b\/\" \/>\n<meta property=\"og:site_name\" content=\"GBL Express\" \/>\n<meta property=\"article:modified_time\" content=\"2026-02-26T07:25:35+00:00\" \/>\n<meta property=\"og:image\" content=\"https:\/\/gblexpress.com\/wp-content\/uploads\/2023\/05\/Buy-Alprazolam-Powder-Online.jpg\" \/>\n\t<meta property=\"og:image:width\" content=\"220\" \/>\n\t<meta property=\"og:image:height\" content=\"267\" \/>\n\t<meta property=\"og:image:type\" content=\"image\/jpeg\" \/>\n<meta name=\"twitter:card\" content=\"summary_large_image\" \/>\n<meta name=\"twitter:label1\" content=\"\u9884\u8ba1\u9605\u8bfb\u65f6\u95f4\" \/>\n\t<meta name=\"twitter:data1\" content=\"2 \u5206\" \/>\n<!-- \/ Yoast SEO plugin. -->","yoast_head_json":{"title":"\u963f\u666e\u5511\u4ed1\u7c89 100G \u5728\u7ebf-\u963f\u666e\u5511\u4ed1\u7c89 100G \u51fa\u552e","description":"\u60a8\u60f3\u63a8\u8fdb\u60a8\u7684\u7814\u7a76\u5417\uff1f\u901a\u8fc7\u7b80\u5355\u7684\u8ba2\u8d2d\u6d41\u7a0b\uff0c\u5728\u7ebf\u65b9\u4fbf\u5b89\u5168\u5730\u8d2d\u4e70 100 \u514b\u963f\u666e\u5511\u4ed1\u7c89\u672b\u3002\u63a2\u7d22\u5404\u79cd\u53ef\u80fd\u6027\uff0c\u4eca\u5929\u5728\u7ebf\u8d2d\u4e70 100 \u514b\u963f\u666e\u5511\u4ed1\u7c89\u672b\uff0c\u7528\u4e8e\u60a8\u7684\u7814\u7a76\u9879\u76ee\u3002","robots":{"index":"index","follow":"follow","max-snippet":"max-snippet:-1","max-image-preview":"max-image-preview:large","max-video-preview":"max-video-preview:-1"},"canonical":"https:\/\/gblexpress.com\/zh\/\u4ea7\u54c1-2\/\u5728\u7ebf\u8d2d\u4e70\u963f\u666e\u5511\u4ed1\u7c89\u672b-100-\u514b\/","og_locale":"zh_CN","og_type":"article","og_title":"Alprazolam Pulver 100G online-Alprazolam Pulver 100G zu verkauf","og_description":"M\u00f6chten Sie Ihre Forschung vorantreiben? Kaufen Sie Alprazolam-Pulver 100 g bequem und sicher online \u2013 mit einem unkomplizierten Bestellvorgang. Entdecken Sie die M\u00f6glichkeiten und kaufen Sie Alprazolam-Pulver 100 g noch heute online f\u00fcr Ihre Forschungsvorhaben.","og_url":"https:\/\/gblexpress.com\/zh\/\u4ea7\u54c1-2\/\u5728\u7ebf\u8d2d\u4e70\u963f\u666e\u5511\u4ed1\u7c89\u672b-100-\u514b\/","og_site_name":"GBL Express","article_modified_time":"2026-02-26T07:25:35+00:00","og_image":[{"width":220,"height":267,"url":"https:\/\/gblexpress.com\/wp-content\/uploads\/2023\/05\/Buy-Alprazolam-Powder-Online.jpg","type":"image\/jpeg"}],"twitter_card":"summary_large_image","twitter_misc":{"\u9884\u8ba1\u9605\u8bfb\u65f6\u95f4":"2 \u5206"},"schema":{"@context":"https:\/\/schema.org","@graph":[{"@type":"WebPage","@id":"https:\/\/gblexpress.com\/product\/kaufen-alprazolam-pulver-100g-online\/","url":"https:\/\/gblexpress.com\/product\/kaufen-alprazolam-pulver-100g-online\/","name":"\u963f\u666e\u5511\u4ed1\u7c89 100G \u5728\u7ebf-\u963f\u666e\u5511\u4ed1\u7c89 100G \u51fa\u552e","isPartOf":{"@id":"https:\/\/gblexpress.com\/#website"},"primaryImageOfPage":{"@id":"https:\/\/gblexpress.com\/product\/kaufen-alprazolam-pulver-100g-online\/#primaryimage"},"image":{"@id":"https:\/\/gblexpress.com\/product\/kaufen-alprazolam-pulver-100g-online\/#primaryimage"},"thumbnailUrl":"https:\/\/gblexpress.com\/wp-content\/uploads\/2023\/05\/Buy-Alprazolam-Powder-Online.jpg","datePublished":"2023-05-29T19:25:08+00:00","dateModified":"2026-02-26T07:25:35+00:00","description":"\u60a8\u60f3\u63a8\u8fdb\u60a8\u7684\u7814\u7a76\u5417\uff1f\u901a\u8fc7\u7b80\u5355\u7684\u8ba2\u8d2d\u6d41\u7a0b\uff0c\u5728\u7ebf\u65b9\u4fbf\u5b89\u5168\u5730\u8d2d\u4e70 100 \u514b\u963f\u666e\u5511\u4ed1\u7c89\u672b\u3002\u63a2\u7d22\u5404\u79cd\u53ef\u80fd\u6027\uff0c\u4eca\u5929\u5728\u7ebf\u8d2d\u4e70 100 \u514b\u963f\u666e\u5511\u4ed1\u7c89\u672b\uff0c\u7528\u4e8e\u60a8\u7684\u7814\u7a76\u9879\u76ee\u3002","breadcrumb":{"@id":"https:\/\/gblexpress.com\/product\/kaufen-alprazolam-pulver-100g-online\/#breadcrumb"},"inLanguage":"zh-Hans","potentialAction":[{"@type":"ReadAction","target":["https:\/\/gblexpress.com\/product\/kaufen-alprazolam-pulver-100g-online\/"]}]},{"@type":"ImageObject","inLanguage":"zh-Hans","@id":"https:\/\/gblexpress.com\/product\/kaufen-alprazolam-pulver-100g-online\/#primaryimage","url":"https:\/\/gblexpress.com\/wp-content\/uploads\/2023\/05\/Buy-Alprazolam-Powder-Online.jpg","contentUrl":"https:\/\/gblexpress.com\/wp-content\/uploads\/2023\/05\/Buy-Alprazolam-Powder-Online.jpg","width":220,"height":267,"caption":"Alprazolam-Pulver online kaufen"},{"@type":"BreadcrumbList","@id":"https:\/\/gblexpress.com\/product\/kaufen-alprazolam-pulver-100g-online\/#breadcrumb","itemListElement":[{"@type":"ListItem","position":1,"name":"Home","item":"https:\/\/gblexpress.com\/"},{"@type":"ListItem","position":2,"name":"Shop","item":"https:\/\/gblexpress.com\/shop\/"},{"@type":"ListItem","position":3,"name":"KAUFEN ALPRAZOLAM PULVER 100G ONLINE"}]},{"@type":"WebSite","@id":"https:\/\/gblexpress.com\/#website","url":"https:\/\/gblexpress.com\/","name":"GBL Express","description":"","publisher":{"@id":"https:\/\/gblexpress.com\/#organization"},"potentialAction":[{"@type":"SearchAction","target":{"@type":"EntryPoint","urlTemplate":"https:\/\/gblexpress.com\/?s={search_term_string}"},"query-input":{"@type":"PropertyValueSpecification","valueRequired":true,"valueName":"search_term_string"}}],"inLanguage":"zh-Hans"},{"@type":"Organization","@id":"https:\/\/gblexpress.com\/#organization","name":"GBL Express","url":"https:\/\/gblexpress.com\/","logo":{"@type":"ImageObject","inLanguage":"zh-Hans","@id":"https:\/\/gblexpress.com\/#\/schema\/logo\/image\/","url":"https:\/\/gblexpress.com\/wp-content\/uploads\/2023\/01\/logo.png","contentUrl":"https:\/\/gblexpress.com\/wp-content\/uploads\/2023\/01\/logo.png","width":250,"height":52,"caption":"GBL Express"},"image":{"@id":"https:\/\/gblexpress.com\/#\/schema\/logo\/image\/"}}]}},"jetpack-related-posts":[],"jetpack_sharing_enabled":true,"_links":{"self":[{"href":"https:\/\/gblexpress.com\/zh\/wp-json\/wp\/v2\/product\/619","targetHints":{"allow":["GET"]}}],"collection":[{"href":"https:\/\/gblexpress.com\/zh\/wp-json\/wp\/v2\/product"}],"about":[{"href":"https:\/\/gblexpress.com\/zh\/wp-json\/wp\/v2\/types\/product"}],"replies":[{"embeddable":true,"href":"https:\/\/gblexpress.com\/zh\/wp-json\/wp\/v2\/comments?post=619"}],"wp:featuredmedia":[{"embeddable":true,"href":"https:\/\/gblexpress.com\/zh\/wp-json\/wp\/v2\/media\/620"}],"wp:attachment":[{"href":"https:\/\/gblexpress.com\/zh\/wp-json\/wp\/v2\/media?parent=619"}],"wp:term":[{"taxonomy":"product_brand","embeddable":true,"href":"https:\/\/gblexpress.com\/zh\/wp-json\/wp\/v2\/product_brand?post=619"},{"taxonomy":"product_cat","embeddable":true,"href":"https:\/\/gblexpress.com\/zh\/wp-json\/wp\/v2\/product_cat?post=619"},{"taxonomy":"product_tag","embeddable":true,"href":"https:\/\/gblexpress.com\/zh\/wp-json\/wp\/v2\/product_tag?post=619"}],"curies":[{"name":"wp","href":"https:\/\/api.w.org\/{rel}","templated":true}]}}