{"id":624,"date":"2023-05-31T13:26:05","date_gmt":"2023-05-31T13:26:05","guid":{"rendered":"https:\/\/gblexpress.com\/?post_type=product&#038;p=624"},"modified":"2026-02-28T09:35:19","modified_gmt":"2026-02-28T09:35:19","slug":"%e5%b9%b2%e7%87%a5%e7%9a%84-%e7%85%ae%e7%86%9f%e7%9a%84-ghb-500-%e5%85%8b","status":"publish","type":"product","link":"https:\/\/gblexpress.com\/zh\/%e4%ba%a7%e5%93%81-2\/%e5%b9%b2%e7%87%a5%e7%9a%84-%e7%85%ae%e7%86%9f%e7%9a%84-ghb-500-%e5%85%8b\/","title":{"rendered":"Trocken gekochtes GHB 500 Gram Online Kaufen"},"content":{"rendered":"<h2><strong>Trocken GHB kaufen &#8211; Trocken ghb online <\/strong><strong>kaufen <\/strong><\/h2>\n<p><a href=\"https:\/\/gblexpress.com\/zh\/%e4%ba%a7%e5%93%81-2\/%e5%b9%b2%e7%87%a5%e7%9a%84-%e7%85%ae%e7%86%9f%e7%9a%84-ghb-500-%e5%85%8b\/\">\u8d2d\u4e70\u5e72 GHB<\/a>,Wir verwenden GBL aus den USA, um das GHB herzustellen. Das GHB wird von Profis mit viel Erfahrung hergestellt, genau wie das DMT, das wir verkaufen.<br \/>\n\u6211\u4eec\u51fa\u552e\u7684GHB\u662fpH\u503c\u4e3a\u4e2d\u6027\u7684\uff0c\u4ee5\u6676\u4f53\u72b6\u7269\u8d28\u7684\u5f62\u5f0f\u8fd0\u8f93\u3002\u8981\u628a\u8fd9\u79cd\u7269\u8d28\u53d8\u6210\u5ba2\u6237\u671f\u671b\u7684\u6db2\u4f53\uff0c\u4f60\u5fc5\u987b\u7528\u53bb\u6c34\u51c6\u59072\uff1a1\u7684\u6bd4\u4f8b\uff0c\u6405\u62cc\u5e76\u7b49\u5f85\u3002<\/p>\n<p>\u4f60\u4e5f\u53ef\u4ee5\u4f7f\u7528\u81ea\u6765\u6c34\uff0c\u4f46\u4e0d\u5efa\u8bae\u8fd9\u6837\u505a\uff0c\u56e0\u4e3a\u8be5\u7269\u8d28\u53ef\u80fd\u4f1a\u53d8\u8d28\u3002\u6700\u597d\u628a\u5b83\u653e\u5728\u51b7\u5374\u7684\u623f\u95f4\u91cc\uff0c\u5982\u51b0\u7bb1\u91cc\u3002<a href=\"https:\/\/en.wikipedia.org\/wiki\/Special:Search?go=Go&amp;search=Lorazepam+2.5mg+Im+Blister&amp;ns0=1\">.<\/a><\/p>\n<h3><strong>\u8ba2\u5355GHB\u5728\u8d2d\u4e70\u540e48\u5c0f\u65f6\u5185\u53d1\u8fd0\u3002<\/strong><\/h3>\n<p>\u6b27\u76df\u5883\u5185\u7684\u8ba2\u5355\u5e73\u5747\u5728\u4e00\u5468\u5185\u9001\u8fbe\uff0c\u4f46\u5982\u679c\u90ae\u5c40\u56e0\u4efb\u4f55\u539f\u56e0\u63a8\u8fdf\u9001\u8fbe\uff0c\u53ef\u80fd\u9700\u8981\u4e24\u5468\u65f6\u95f4\u3002<br \/>\n\u5bf9\u4e8e\u5927\u5b97\u8ba2\u5355\u6216\u6b27\u76df\u4ee5\u5916\u7684\u8ba2\u5355\uff0c\u53ef\u80fd\u9700\u8981\u66f4\u957f\u7684\u65f6\u95f4\uff0c\u56e0\u4e3a\u6211\u4eec\u771f\u7684\u8981\u8d39\u5c3d\u5fc3\u601d\u6765\u4f2a\u88c5\u6211\u4eec\u7684\u5305\u88f9\u3002<\/p>\n<p>\u5f53\u6211\u4eec\u53d1\u9001\u8d27\u7269\u65f6\uff0c\u6211\u4eec\u771f\u7684\u4f1a\u7528\u6211\u4eec\u7ecf\u8fc7\u9a8c\u8bc1\u7684\u539f\u59cb\u9690\u79d8\u65b9\u6cd5\u8fdb\u884c\u989d\u5916\u7684\u52aa\u529b\uff0c\u6211\u4eec\u7684\u8bc4\u7ea7\u53cd\u6620\u4e86\u8fd9\u4e00\u70b9\u3002<br \/>\n\u6211\u4eec\u8fd8\u53d1\u73b0\uff0c\u8ffd\u8e2a\u548c\u8ddf\u8e2a\u8ba2\u5355\u4ece\u90ae\u653f\u83b7\u5f97\u66f4\u591a\u7684\u4f18\u5148\u6743\uff0c\u5e76\u503e\u5411\u4e8e\u66f4\u5feb\u5230\u8fbe\u3002<a href=\"https:\/\/gblexpress.com\/en\/shop\/lorazepam-2-5mg-im-blister\/\">.<\/a><\/p>\n<div class=\"elementor-element elementor-element-24d8a39 elementor-widget elementor-widget-heading\" data-id=\"24d8a39\" data-element_type=\"widget\" data-widget_type=\"heading.default\">\n<div class=\"elementor-widget-container\">\n<h3 class=\"elementor-heading-title elementor-size-default\"><strong>\u4ec0\u4e48\u662f GHB\uff1f<\/strong><\/h3>\n<\/div>\n<\/div>\n<div class=\"elementor-element elementor-element-f3668f0 elementor-widget elementor-widget-text-editor\" data-id=\"f3668f0\" data-element_type=\"widget\" data-widget_type=\"text-editor.default\">\n<div class=\"elementor-widget-container\">\n<p>GHB ist eine synthetische Droge, die urspr\u00fcnglich als Narkosemittel verwendet wurde. Es ist auch als &#8220;Date-Rape-Droge&#8221; bekannt, weil es mit sexuellen \u00dcbergriffen in Verbindung gebracht wird. GHB neigt dazu, Euphorie und Entspannung hervorzurufen, was es f\u00fcr manche Menschen sehr attraktiv machen kann. Doch wie jede psychoaktive Substanz birgt auch sie bei der Einnahme eine Reihe erheblicher Risiken.<\/p>\n<\/div>\n<\/div>\n<div class=\"elementor-element elementor-element-9976b38 elementor-widget elementor-widget-heading\" data-id=\"9976b38\" data-element_type=\"widget\" data-widget_type=\"heading.default\">\n<div class=\"elementor-widget-container\">\n<h3 class=\"elementor-heading-title elementor-size-default\"><strong>\u8d2d\u4e70\u4f3d\u9a6c--\u7f9f\u4e01\u9178\u7684\u5371\u9669<\/strong><\/h3>\n<\/div>\n<\/div>\n<div class=\"elementor-element elementor-element-5ac7237 elementor-widget elementor-widget-text-editor\" data-id=\"5ac7237\" data-element_type=\"widget\" data-widget_type=\"text-editor.default\">\n<div class=\"elementor-widget-container\">\n<p>\u5f53\u4f60\u8d2d\u4e70\u4f3d\u9a6c--\u7f9f\u4e01\u9178\u65f6\uff0c\u4f60\u8981\u5192\u5f88\u5927\u7684\u98ce\u9669\uff0c\u56e0\u4e3a\u5b83\u662f\u975e\u6cd5\u7684\uff0c\u4e0d\u53d7\u7ba1\u5236\u3002\u9ed1\u5e02\u4e0a\u51fa\u552e\u7684\u5927\u591a\u6570\u5316\u5b66\u54c1\u90fd\u672a\u7ecf\u68c0\u9a8c\uff0c\u56e0\u6b64\u4f60\u65e0\u6cd5\u786e\u5207\u77e5\u9053\u81ea\u5df1\u4e70\u7684\u662f\u4ec0\u4e48\u3002\u6b64\u5916\uff0c\u670d\u7528\u5242\u91cf\u4e5f\u975e\u5e38\u56f0\u96be\uff0c\u56e0\u4e3a\u51e0\u4e4e\u4e0d\u53ef\u80fd\u77e5\u9053\u4f60\u670d\u7528\u7684\u5242\u91cf\u662f\u8db3\u591f\u4f4e\u8fd8\u662f\u592a\u9ad8\uff0c\u800c\u4e14\u8fd8\u6709\u8fc7\u91cf\u7684\u98ce\u9669\uff0c\u8fd9\u53ef\u80fd\u975e\u5e38\u5371\u9669\uff0c\u751a\u81f3\u81f4\u547d\u3002<\/p>\n<p>\u6b64\u5916\uff0c\u4f3d\u9a6c--\u7f9f\u4e01\u9178\u7ecf\u5e38\u4e0e\u5176\u4ed6\u7269\u8d28\u6df7\u5408\uff0c\u8fd9\u589e\u52a0\u4e86\u8fc7\u91cf\u7684\u98ce\u9669\u3002\u6709\u4e9b\u4eba\u8fd8\u4f1a\u5c06\u4f3d\u9a6c--\u7f9f\u4e01\u9178\u4e0e\u9152\u7cbe\u6df7\u5408\uff0c\u8fd9\u4f1a\u5bfc\u81f4\u66f4\u4e25\u91cd\u7684\u526f\u4f5c\u7528\u3002\u6700\u540e\uff0c\u4f7f\u7528\u4f3d\u9a6c--\u7f9f\u4e01\u9178\u4f1a\u5bfc\u81f4\u8eab\u4f53\u548c\u7cbe\u795e\u4f9d\u8d56\uff0c\u7ed9\u4f7f\u7528\u8005\u5e26\u6765\u6bc1\u706d\u6027\u7684\u540e\u679c\u3002<\/p>\n<\/div>\n<\/div>\n<div class=\"elementor-element elementor-element-6ad5c93 elementor-widget elementor-widget-heading\" data-id=\"6ad5c93\" data-element_type=\"widget\" data-widget_type=\"heading.default\">\n<div class=\"elementor-widget-container\">\n<h3 class=\"elementor-heading-title elementor-size-default\"><strong>\u60a8\u8ba4\u4e3a GHB \u5982\u4f55\uff1f<\/strong><\/h3>\n<\/div>\n<\/div>\n<div class=\"elementor-element elementor-element-93bf8bb elementor-widget elementor-widget-text-editor\" data-id=\"93bf8bb\" data-element_type=\"widget\" data-widget_type=\"text-editor.default\">\n<div class=\"elementor-widget-container\">\n<p>\u8bb8\u591a\u4eba\u9009\u62e9\u5728\u7f51\u4e0a\u8d2d\u4e70\u4f3d\u9a6c--\u7f9f\u4e01\u9178\uff0c\u4f46\u901a\u5e38\u4e0d\u5efa\u8bae\u8fd9\u6837\u505a\u3002\u8fd9\u662f\u56e0\u4e3a\u8bb8\u591a\u9500\u552e\u8fd9\u79cd\u4ea7\u54c1\u7684\u7f51\u7ad9\u53ef\u80fd\u662f\u6b3a\u8bc8\u6027\u7684\uff0c\u5f88\u96be\u77e5\u9053\u6240\u9500\u552e\u7684\u7269\u8d28\u662f\u5426\u662f\u771f\u7684\u3002\u6b64\u5916\uff0c\u9500\u552e\u6b64\u7c7b\u4ea7\u54c1\u7684\u7f51\u7ad9\u6570\u91cf\u4f17\u591a\uff0c\u56e0\u6b64\u5f88\u96be\u627e\u5230\u6700\u53ef\u9760\u7684\u7f51\u7ad9\u3002<\/p>\n<p>\u6b64\u5916\uff0c\u5927\u591a\u6570\u56fd\u5bb6\u90fd\u7981\u6b62\u9500\u552e\u548c\u8d2d\u4e70\u4f3d\u9a6c--\u7f9f\u4e01\u9178\uff0c\u8d2d\u4e70\u548c\u6301\u6709\u4f3d\u9a6c--\u7f9f\u4e01\u9178\u4f1a\u53d7\u5230\u4e25\u5389\u7684\u5211\u4e8b\u5904\u7f5a\u3002\u56e0\u6b64\uff0c\u5982\u679c\u60a8\u51b3\u5b9a\u8d2d\u4e70\u4f3d\u9a6c--\u7f9f\u4e01\u9178\uff0c\u5c31\u5e94\u8be5\u5c0f\u5fc3\u8c28\u614e\uff0c\u786e\u4fdd\u8d2d\u4e70\u7684\u662f\u5b89\u5168\u7684\u6b63\u54c1\u3002<\/p>\n<\/div>\n<\/div>","protected":false},"excerpt":{"rendered":"<p><strong>\u5e72\u70e7\u4f3d\u9a6c--\u7f9f\u4e01\u9178<\/strong> (\u03b3-\u7f9f\u4e01\u9178\uff09\u662f\u4e00\u79cd\u5177\u6709\u533b\u7597\u3001\u5de5\u4e1a\u548c\u79d1\u5b66\u7528\u9014\u7684\u5316\u5408\u7269\u3002\u5b83\u901a\u5e38\u5177\u6709\u9547\u9759\u548c\u8212\u7f13\u808c\u8089\u7684\u4f5c\u7528\uff0c\u662f\u795e\u7ecf\u79d1\u5b66\u548c\u836f\u7406\u5b66\u7814\u7a76\u7684\u4e00\u4e2a\u91cd\u8981\u8bfe\u9898\u3002<\/p>\n<p><strong>GHB \u5982\u4f55\u8d77\u4f5c\u7528\uff1f<\/strong><br \/>\n<strong>\u4f3d\u9a6c--\u7f9f\u4e01\u9178<\/strong> \u901a\u8fc7\u6fc0\u6d3b\u5927\u8111\u4e2d\u7684\u4e24\u79cd\u53d7\u4f53\u6765\u53d1\u6325\u4f5c\u7528\uff1a<\/p>\n<ul>\n<li><strong>GHB \u53d7\u4f53\uff1a<\/strong> \u5f71\u54cd\u795e\u7ecf\u5143\u6d3b\u52a8\u548c\u65b0\u9648\u4ee3\u8c22\u8fc7\u7a0b\u3002<\/li>\n<li><strong>GABA-B \u53d7\u4f53\uff1a<\/strong> \u5177\u6709\u653e\u677e\u548c\u9547\u9759\u7684\u6548\u679c\u3002<\/li>\n<\/ul>\n<p>\u8fd9\u4e9b\u76f8\u4e92\u4f5c\u7528\u4f1a\u5bfc\u81f4\u795e\u7ecf\u5143\u6d3b\u52a8\u51cf\u5c11\uff0c\u4fc3\u8fdb\u6df1\u5ea6\u7761\u7720\u5e76\u4ea7\u751f\u6297\u7126\u8651\u4f5c\u7528\u3002\u5242\u91cf\u8f83\u5927\u65f6\uff0c\u4f3d\u9a6c--\u7f9f\u4e01\u9178\u4f1a\u4ea7\u751f\u5f3a\u70c8\u7684\u9547\u9759\u4f5c\u7528\u3002<\/p>\n<p><strong>\u6301\u7eed\u65f6\u95f4\u548c\u6548\u679c\uff1a<\/strong><\/p>\n<ul>\n<li><strong>\u6548\u679c\u5f00\u59cb\uff1a<\/strong> \u8fdb\u98df\u540e 10-20 \u5206\u949f\u3002<\/li>\n<li><strong>\u6548\u679c\u6301\u7eed\u65f6\u95f4\uff1a<\/strong> 1.5 \u81f3 4 \u5c0f\u65f6\uff0c\u89c6\u5242\u91cf\u800c\u5b9a\u3002<\/li>\n<li><strong>\u5de5\u4e1a\u6548\u5e94\uff1a<\/strong> \u53ef\u7acb\u5373\u7528\u4f5c\u6e05\u6d01\u5242\u6216\u5316\u5b66\u6eb6\u5242\u3002<\/li>\n<\/ul>\n<p><strong>\u914d\u65b9\u548c\u7279\u6027<\/strong><\/p>\n<ul>\n<li><strong>\u5316\u5b66\u540d\u79f0<\/strong> \u03b3-\u7f9f\u57fa\u4e01\u9178<\/li>\n<li><strong>\u5206\u5b50\u5f0f<\/strong> C4H8O3<\/li>\n<li><strong>\u5206\u5b50\u91cf<\/strong> 104.10 \u514b\/\u6469\u5c14<\/li>\n<\/ul>","protected":false},"featured_media":1627,"comment_status":"open","ping_status":"closed","template":"","meta":{"_joinchat":[]},"product_brand":[],"product_cat":[32,34,36,246],"product_tag":[281,294,297,300,288,289,299,295,293,286,285,301,284,298,290,291,303,296,282,305,292,304,287,80,75,280,283,302],"class_list":{"0":"post-624","1":"product","2":"type-product","3":"status-publish","4":"has-post-thumbnail","6":"product_cat-uncategorized","7":"product_cat-ghb","8":"product_cat-ko-drops","9":"product_cat-sex-meth","10":"product_tag-gamma-hydroxybutyrat","11":"product_tag-ghb-anwendungen","12":"product_tag-ghb-chemikalie","13":"product_tag-ghb-fuer-apotheken","14":"product_tag-ghb-fuer-forschung","15":"product_tag-ghb-fuer-industrielle-anwendungen","16":"product_tag-ghb-fuer-labore","17":"product_tag-ghb-fuer-medizinische-zwecke","18":"product_tag-ghb-lagerung","19":"product_tag-ghb-legal-kaufen","20":"product_tag-ghb-lieferant","21":"product_tag-ghb-lieferant-weltweit","22":"product_tag-ghb-preis","23":"product_tag-ghb-pulver-dosierung","24":"product_tag-ghb-pulver-eu","25":"product_tag-ghb-pulver-grosshandel","26":"product_tag-ghb-pulver-guenstig-kaufen","27":"product_tag-ghb-pulver-in-deutschland-kaufen","28":"product_tag-ghb-pulver-kaufen","29":"product_tag-ghb-pulver-reinheit","30":"product_tag-ghb-sicherheitsrichtlinien","31":"product_tag-ghb-vertrieb","32":"product_tag-ghb-zum-verkauf","33":"product_tag-ghb-pulver","34":"product_tag-ghb-pulver-online-kaufen","35":"product_tag-trocken-gekochtes-ghb","36":"product_tag-trockenes-ghb-bestellen","37":"product_tag-wo-ghb-pulver-kaufen","39":"first","40":"instock","41":"shipping-taxable","42":"purchasable","43":"product-type-variable"},"yoast_head":"<!-- This site is optimized with the Yoast SEO plugin v25.4 - https:\/\/yoast.com\/wordpress\/plugins\/seo\/ -->\n<title>Trocken Gekochtes GHB 500 Gram online -Trocken Gekochtes ghb<\/title>\n<meta name=\"description\" content=\"Wenn Sie trocken gekochtes GHB (500 Gramm) online kaufen m\u00f6chten und einen zuverl\u00e4ssigen Online-Shop suchen, sind Sie hier genau richtig. Wir bieten ausschlie\u00dflich hochwertiges trocken gekochtes GHB (500 Gramm) zu einem g\u00fcnstigen Preis an. Bestellen Sie GHB jetzt!\" \/>\n<meta name=\"robots\" content=\"index, follow, max-snippet:-1, max-image-preview:large, max-video-preview:-1\" \/>\n<link rel=\"canonical\" href=\"https:\/\/gblexpress.com\/zh\/\u4ea7\u54c1-2\/\u5e72\u71e5\u7684-\u716e\u719f\u7684-ghb-500-\u514b\/\" \/>\n<meta property=\"og:locale\" content=\"zh_CN\" \/>\n<meta property=\"og:type\" content=\"article\" \/>\n<meta property=\"og:title\" content=\"Trocken Gekochtes GHB 500 Gram online -Trocken Gekochtes ghb\" \/>\n<meta property=\"og:description\" content=\"Wenn Sie trocken gekochtes GHB (500 Gramm) online kaufen m\u00f6chten und einen zuverl\u00e4ssigen Online-Shop suchen, sind Sie hier genau richtig. Wir bieten ausschlie\u00dflich hochwertiges trocken gekochtes GHB (500 Gramm) zu einem g\u00fcnstigen Preis an. Bestellen Sie GHB jetzt!\" \/>\n<meta property=\"og:url\" content=\"https:\/\/gblexpress.com\/zh\/\u4ea7\u54c1-2\/\u5e72\u71e5\u7684-\u716e\u719f\u7684-ghb-500-\u514b\/\" \/>\n<meta property=\"og:site_name\" content=\"GBL Express\" \/>\n<meta property=\"article:modified_time\" content=\"2026-02-28T09:35:19+00:00\" \/>\n<meta property=\"og:image\" content=\"https:\/\/gblexpress.com\/wp-content\/uploads\/2023\/05\/Trocken-gekochtes-GHB.jpg\" \/>\n\t<meta property=\"og:image:width\" content=\"600\" \/>\n\t<meta property=\"og:image:height\" content=\"600\" \/>\n\t<meta property=\"og:image:type\" content=\"image\/jpeg\" \/>\n<meta name=\"twitter:card\" content=\"summary_large_image\" \/>\n<meta name=\"twitter:label1\" content=\"\u9884\u8ba1\u9605\u8bfb\u65f6\u95f4\" \/>\n\t<meta name=\"twitter:data1\" content=\"3 \u5206\" \/>\n<!-- \/ Yoast SEO plugin. -->","yoast_head_json":{"title":"\u5e72\u716e GHB 500 \u514b\u5728\u7ebf - \u5e72\u716e ghb","description":"\u5982\u679c\u60a8\u60f3\u5728\u7ebf\u8d2d\u4e70\u5e72\u716e GHB\uff08500 \u514b\uff09\u5e76\u4e14\u6b63\u5728\u5bfb\u627e\u53ef\u9760\u7684\u7f51\u4e0a\u5546\u5e97\uff0c\u90a3\u4e48\u60a8\u6765\u5bf9\u5730\u65b9\u4e86\u3002\u6211\u4eec\u53ea\u4ee5\u5b9e\u60e0\u7684\u4ef7\u683c\u63d0\u4f9b\u9ad8\u54c1\u8d28\u7684\u5e72\u716e GHB\uff08500 \u514b\uff09\u3002\u7acb\u5373\u8ba2\u8d2d GHB\uff01","robots":{"index":"index","follow":"follow","max-snippet":"max-snippet:-1","max-image-preview":"max-image-preview:large","max-video-preview":"max-video-preview:-1"},"canonical":"https:\/\/gblexpress.com\/zh\/\u4ea7\u54c1-2\/\u5e72\u71e5\u7684-\u716e\u719f\u7684-ghb-500-\u514b\/","og_locale":"zh_CN","og_type":"article","og_title":"Trocken Gekochtes GHB 500 Gram online -Trocken Gekochtes ghb","og_description":"Wenn Sie trocken gekochtes GHB (500 Gramm) online kaufen m\u00f6chten und einen zuverl\u00e4ssigen Online-Shop suchen, sind Sie hier genau richtig. Wir bieten ausschlie\u00dflich hochwertiges trocken gekochtes GHB (500 Gramm) zu einem g\u00fcnstigen Preis an. Bestellen Sie GHB jetzt!","og_url":"https:\/\/gblexpress.com\/zh\/\u4ea7\u54c1-2\/\u5e72\u71e5\u7684-\u716e\u719f\u7684-ghb-500-\u514b\/","og_site_name":"GBL Express","article_modified_time":"2026-02-28T09:35:19+00:00","og_image":[{"width":600,"height":600,"url":"https:\/\/gblexpress.com\/wp-content\/uploads\/2023\/05\/Trocken-gekochtes-GHB.jpg","type":"image\/jpeg"}],"twitter_card":"summary_large_image","twitter_misc":{"\u9884\u8ba1\u9605\u8bfb\u65f6\u95f4":"3 \u5206"},"schema":{"@context":"https:\/\/schema.org","@graph":[{"@type":"WebPage","@id":"https:\/\/gblexpress.com\/product\/trocken-gekochtes-ghb-500-gram\/","url":"https:\/\/gblexpress.com\/product\/trocken-gekochtes-ghb-500-gram\/","name":"\u5e72\u716e GHB 500 \u514b\u5728\u7ebf - \u5e72\u716e ghb","isPartOf":{"@id":"https:\/\/gblexpress.com\/#website"},"primaryImageOfPage":{"@id":"https:\/\/gblexpress.com\/product\/trocken-gekochtes-ghb-500-gram\/#primaryimage"},"image":{"@id":"https:\/\/gblexpress.com\/product\/trocken-gekochtes-ghb-500-gram\/#primaryimage"},"thumbnailUrl":"https:\/\/gblexpress.com\/wp-content\/uploads\/2023\/05\/Trocken-gekochtes-GHB.jpg","datePublished":"2023-05-31T13:26:05+00:00","dateModified":"2026-02-28T09:35:19+00:00","description":"\u5982\u679c\u60a8\u60f3\u5728\u7ebf\u8d2d\u4e70\u5e72\u716e GHB\uff08500 \u514b\uff09\u5e76\u4e14\u6b63\u5728\u5bfb\u627e\u53ef\u9760\u7684\u7f51\u4e0a\u5546\u5e97\uff0c\u90a3\u4e48\u60a8\u6765\u5bf9\u5730\u65b9\u4e86\u3002\u6211\u4eec\u53ea\u4ee5\u5b9e\u60e0\u7684\u4ef7\u683c\u63d0\u4f9b\u9ad8\u54c1\u8d28\u7684\u5e72\u716e GHB\uff08500 \u514b\uff09\u3002\u7acb\u5373\u8ba2\u8d2d GHB\uff01","breadcrumb":{"@id":"https:\/\/gblexpress.com\/product\/trocken-gekochtes-ghb-500-gram\/#breadcrumb"},"inLanguage":"zh-Hans","potentialAction":[{"@type":"ReadAction","target":["https:\/\/gblexpress.com\/product\/trocken-gekochtes-ghb-500-gram\/"]}]},{"@type":"ImageObject","inLanguage":"zh-Hans","@id":"https:\/\/gblexpress.com\/product\/trocken-gekochtes-ghb-500-gram\/#primaryimage","url":"https:\/\/gblexpress.com\/wp-content\/uploads\/2023\/05\/Trocken-gekochtes-GHB.jpg","contentUrl":"https:\/\/gblexpress.com\/wp-content\/uploads\/2023\/05\/Trocken-gekochtes-GHB.jpg","width":600,"height":600,"caption":"Trocken-gekochtes-GHB online kaufen"},{"@type":"BreadcrumbList","@id":"https:\/\/gblexpress.com\/product\/trocken-gekochtes-ghb-500-gram\/#breadcrumb","itemListElement":[{"@type":"ListItem","position":1,"name":"Home","item":"https:\/\/gblexpress.com\/"},{"@type":"ListItem","position":2,"name":"Shop","item":"https:\/\/gblexpress.com\/shop\/"},{"@type":"ListItem","position":3,"name":"Trocken gekochtes GHB 500 Gram Online Kaufen"}]},{"@type":"WebSite","@id":"https:\/\/gblexpress.com\/#website","url":"https:\/\/gblexpress.com\/","name":"GBL Express","description":"","publisher":{"@id":"https:\/\/gblexpress.com\/#organization"},"potentialAction":[{"@type":"SearchAction","target":{"@type":"EntryPoint","urlTemplate":"https:\/\/gblexpress.com\/?s={search_term_string}"},"query-input":{"@type":"PropertyValueSpecification","valueRequired":true,"valueName":"search_term_string"}}],"inLanguage":"zh-Hans"},{"@type":"Organization","@id":"https:\/\/gblexpress.com\/#organization","name":"GBL Express","url":"https:\/\/gblexpress.com\/","logo":{"@type":"ImageObject","inLanguage":"zh-Hans","@id":"https:\/\/gblexpress.com\/#\/schema\/logo\/image\/","url":"https:\/\/gblexpress.com\/wp-content\/uploads\/2023\/01\/logo.png","contentUrl":"https:\/\/gblexpress.com\/wp-content\/uploads\/2023\/01\/logo.png","width":250,"height":52,"caption":"GBL Express"},"image":{"@id":"https:\/\/gblexpress.com\/#\/schema\/logo\/image\/"}}]}},"jetpack-related-posts":[],"jetpack_sharing_enabled":true,"_links":{"self":[{"href":"https:\/\/gblexpress.com\/zh\/wp-json\/wp\/v2\/product\/624","targetHints":{"allow":["GET"]}}],"collection":[{"href":"https:\/\/gblexpress.com\/zh\/wp-json\/wp\/v2\/product"}],"about":[{"href":"https:\/\/gblexpress.com\/zh\/wp-json\/wp\/v2\/types\/product"}],"replies":[{"embeddable":true,"href":"https:\/\/gblexpress.com\/zh\/wp-json\/wp\/v2\/comments?post=624"}],"wp:featuredmedia":[{"embeddable":true,"href":"https:\/\/gblexpress.com\/zh\/wp-json\/wp\/v2\/media\/1627"}],"wp:attachment":[{"href":"https:\/\/gblexpress.com\/zh\/wp-json\/wp\/v2\/media?parent=624"}],"wp:term":[{"taxonomy":"product_brand","embeddable":true,"href":"https:\/\/gblexpress.com\/zh\/wp-json\/wp\/v2\/product_brand?post=624"},{"taxonomy":"product_cat","embeddable":true,"href":"https:\/\/gblexpress.com\/zh\/wp-json\/wp\/v2\/product_cat?post=624"},{"taxonomy":"product_tag","embeddable":true,"href":"https:\/\/gblexpress.com\/zh\/wp-json\/wp\/v2\/product_tag?post=624"}],"curies":[{"name":"wp","href":"https:\/\/api.w.org\/{rel}","templated":true}]}}